{"id":979,"date":"2022-08-03T18:16:50","date_gmt":"2022-08-03T18:16:50","guid":{"rendered":"https:\/\/jaunaideja.lt\/?post_type=product&#038;p=979"},"modified":"2025-04-17T09:57:09","modified_gmt":"2025-04-17T07:57:09","slug":"wordpress-internetiniu-svetainiu-prieziura","status":"publish","type":"product","link":"https:\/\/jaunaideja.lt\/en\/paslauga\/wordpress-website-maintenance\/","title":{"rendered":"Maintenance of WordPress websites"},"content":{"rendered":"<p>\u2705 Website maintenance \u2013 WordPress receives new updates regularly, usually several new release updates every month, which improve the security and performance of the platform. To ensure your WordPress site remains secure, <b>the site requires consistent maintenance of the core code and any plugins that may be used<\/b>\u00a0.<\/p>\n<p>\u2705 <strong>WordPress Website Maintenance, What Should You Do?<\/strong><\/p>\n<p>Maintenance of WordPress websites is essential to maintaining the security, operation and performance of the website. Here are some important steps you can take in the maintenance process:<\/p>\n<ul>\n<li>Install regular updates: Install WordPress core updates, theme and plugin updates on time. This will help keep the site secure and up and running.<\/li>\n<li>Data security: Make sure you use strong passwords, have an updated version of WordPress, and use security plugins or additional security solutions if necessary.<\/li>\n<li>Backups: Back up your website regularly. That way, in the event of an error or malicious hack, you can restore your site from a backup.<\/li>\n<li>Speed and Performance: Optimize your website for speed and performance. This can include changing the hosting service, optimizing images, managing website capacity and plugins to speed up your website.<\/li>\n<li>Security implementation: Implement additional security plugins or tools, such as data encryption, two-factor authentication, and monitoring tools, to prevent potential malicious activity.<\/li>\n<li>SEO updates: Track your website's SEO (Search Engine Optimization) status. Add new content, make sure your website pages are properly indexed and optimized for SEO standards.<\/li>\n<li>Periodic checks: Regularly check the website for errors, check the browser console for warnings or errors, make sure that all pages and links are working correctly.<\/li>\n<li>Feedback and feedback: Monitor user behavior, feedback and feedback to improve the user experience of the website.<\/li>\n<\/ul>\n<p>Maintenance is an ongoing process, and regular attention to these aspects will help your WordPress site stay secure, efficient and productive. If you are unsure about performing certain maintenance steps, you may want to consider the help of a service provider or professional to ensure that your website is in good working order.<\/p>\n<p><strong><span style=\"font-size: 16px;\">\u2705 <\/span>Regularly <a href=\"https:\/\/jaunaideja.lt\/en\/paslauga\/websites-update\/\" target=\"_blank\" rel=\"noopener\">updating an old WordPress site:<\/a><\/strong><\/p>\n<p>Websites usually run on leased servers that are maintained and whose software is constantly updated. Usually, users of \"hosting\" services do not even notice this, because these services are constantly working to \"patch\" newly discovered security holes, so that the servers can use more modern hardware and software and be faster.<\/p>\n<p>For more information on the differences, see our article:\u00a0<a title=\"LiJIA\" href=\"http:\/\/www.lijia.lt\/\" target=\"_blank\" rel=\"noopener\">LiJIA<\/a><\/p>","protected":false},"excerpt":{"rendered":"<p><span style=\"color: #008000;\">The price is indicated by the hourly rate.<\/span><\/p>\n<p><span style=\"font-size: 16px;\">\u2705 <\/span><strong>About half of all websites use WordPress<\/strong>. That's why we specialize in WordPress website hosting. We know how to make your WordPress site as fast and secure as possible. We can take care of WordPress website maintenance and repair.<\/p>\n<h5>WORKS PERFORMED:<\/h5>\n<ul>\n<li>Updating the content of the website (photos, texts, videos);<\/li>\n<li>Creation of new website pages, art points;<\/li>\n<li>Development and integration of new website modules;<\/li>\n<li>Creation and integration of design elements;<\/li>\n<li>Website security management;<\/li>\n<\/ul>\n<p><strong><span><a onclick=\"read_toggle(1301973905, 'Skaityti daugiau', 'Skaityti ma\u017eiau'); return false;\" class=\"read-link\" id=\"readlink1301973905\" style=\"readlink\" href=\"#\">Read more<\/a><\/span><\/p>\n<div class=\"read_div\" id=\"read1301973905\" style=\"display: none;\"><\/strong><\/p>\n<ul>\n<li>Constant updating of website modules and content management system;<\/li>\n<li>Creating backup copies;<\/li>\n<li>Increasing the functionality of the store;<\/li>\n<li>Adding new products, catalogs to the website;<\/li>\n<li>Data protection (installation of SSL certificate);<\/li>\n<li>Installation and connection of required plugins;<\/li>\n<\/ul>\n<p><strong><\/div>\n<p><\/strong><\/p>\n<p>\ud83d\udcb0 <strong>It is worth noting that<\/strong> if project completion time <strong>greater than 10 hours,<\/strong> paid first <strong>30% deposit<\/strong> and pay the remaining amount after completion of work.<\/p>\n<p><strong>\ud83d\udcb8 The service is exempt from VAT (21%) and an invoice is issued (upon the customer's request).<\/strong><\/p>\n<h5>FOR WORK ORDER:<\/h5>\n<p>\u2b07\ufe0f Fill out the form below <strong>\"SEND YOUR QUESTION\/PROJECT\"<\/strong> and we will contact you.<\/p>","protected":false},"featured_media":1417,"template":"","meta":{"_monsterinsights_skip_tracking":false,"_monsterinsights_sitenote_active":false,"_monsterinsights_sitenote_note":"","_monsterinsights_sitenote_category":0,"site-sidebar-layout":"default","site-content-layout":"default","ast-global-header-display":"","ast-main-header-display":"","ast-hfb-above-header-display":"","ast-hfb-below-header-display":"","ast-hfb-mobile-header-display":"","site-post-title":"","ast-breadcrumbs-content":"","ast-featured-img":"","footer-sml-layout":"","theme-transparent-header-meta":"default","adv-header-id-meta":"","stick-header-meta":"","header-above-stick-meta":"","header-main-stick-meta":"","header-below-stick-meta":""},"product_cat":[17],"product_tag":[],"aioseo_notices":[],"uagb_featured_image_src":{"full":["https:\/\/jaunaideja.lt\/wp-content\/uploads\/2022\/08\/Svetaines-prieziura.jpg",1600,1101,false],"thumbnail":["https:\/\/jaunaideja.lt\/wp-content\/uploads\/2022\/08\/Svetaines-prieziura-150x150.jpg",150,150,true],"medium":["https:\/\/jaunaideja.lt\/wp-content\/uploads\/2022\/08\/Svetaines-prieziura-300x206.jpg",300,206,true],"medium_large":["https:\/\/jaunaideja.lt\/wp-content\/uploads\/2022\/08\/Svetaines-prieziura-768x528.jpg",768,528,true],"large":["https:\/\/jaunaideja.lt\/wp-content\/uploads\/2022\/08\/Svetaines-prieziura-1024x705.jpg",1024,705,true],"1536x1536":["https:\/\/jaunaideja.lt\/wp-content\/uploads\/2022\/08\/Svetaines-prieziura-1536x1057.jpg",1536,1057,true],"2048x2048":["https:\/\/jaunaideja.lt\/wp-content\/uploads\/2022\/08\/Svetaines-prieziura.jpg",1600,1101,false],"trp-custom-language-flag":["https:\/\/jaunaideja.lt\/wp-content\/uploads\/2022\/08\/Svetaines-prieziura.jpg",18,12,false],"mailpoet_newsletter_max":["https:\/\/jaunaideja.lt\/wp-content\/uploads\/2022\/08\/Svetaines-prieziura-1320x908.jpg",1320,908,true],"woocommerce_thumbnail":["https:\/\/jaunaideja.lt\/wp-content\/uploads\/2022\/08\/Svetaines-prieziura-300x300.jpg",300,300,true],"woocommerce_single":["https:\/\/jaunaideja.lt\/wp-content\/uploads\/2022\/08\/Svetaines-prieziura-600x413.jpg",600,413,true],"woocommerce_gallery_thumbnail":["https:\/\/jaunaideja.lt\/wp-content\/uploads\/2022\/08\/Svetaines-prieziura-100x100.jpg",100,100,true],"shop_catalog":["https:\/\/jaunaideja.lt\/wp-content\/uploads\/2022\/08\/Svetaines-prieziura-300x300.jpg",300,300,true],"shop_single":["https:\/\/jaunaideja.lt\/wp-content\/uploads\/2022\/08\/Svetaines-prieziura-600x413.jpg",600,413,true],"shop_thumbnail":["https:\/\/jaunaideja.lt\/wp-content\/uploads\/2022\/08\/Svetaines-prieziura-100x100.jpg",100,100,true]},"uagb_author_info":{"display_name":"Tautvydas Zaurynas","author_link":"https:\/\/jaunaideja.lt\/en\/author\/"},"uagb_comment_info":0,"uagb_excerpt":"Kaina nurodyta valandiniu tarifu. \u2705 Ma\u017edaug pus\u0117 vis\u0173 svetaini\u0173 naudoja \u201eWordPress\u201c. \u0160tai kod\u0117l mes specializuojam\u0117s \u201eWordPress\u201c svetaini\u0173 talpinime. \u017dinome, kaip padaryti j\u016bs\u0173 \u201eWordPress\u201c svetain\u0119 kuo greitesn\u0119 ir saugesn\u0119. Galime pasir\u016bpinti WordPress svetaini\u0173 prie\u017ei\u016bra ir taisymu. ATLIEKAMI DARBAI: Svetain\u0117s turinio atnaujinimas (fotografijos, tekstai, vaizdo \u012fra\u0161ai); Nauj\u0173 svetain\u0117s puslapi\u0173, meni\u0173 punkt\u0173 k\u016brimas; Nauj\u0173 svetain\u0117s moduli\u0173 k\u016brimas ir&hellip;","_links":{"self":[{"href":"https:\/\/jaunaideja.lt\/en\/wp-json\/wp\/v2\/product\/979"}],"collection":[{"href":"https:\/\/jaunaideja.lt\/en\/wp-json\/wp\/v2\/product"}],"about":[{"href":"https:\/\/jaunaideja.lt\/en\/wp-json\/wp\/v2\/types\/product"}],"wp:featuredmedia":[{"embeddable":true,"href":"https:\/\/jaunaideja.lt\/en\/wp-json\/wp\/v2\/media\/1417"}],"wp:attachment":[{"href":"https:\/\/jaunaideja.lt\/en\/wp-json\/wp\/v2\/media?parent=979"}],"wp:term":[{"taxonomy":"product_cat","embeddable":true,"href":"https:\/\/jaunaideja.lt\/en\/wp-json\/wp\/v2\/product_cat?post=979"},{"taxonomy":"product_tag","embeddable":true,"href":"https:\/\/jaunaideja.lt\/en\/wp-json\/wp\/v2\/product_tag?post=979"}],"curies":[{"name":"wp","href":"https:\/\/api.w.org\/{rel}","templated":true}]}}