{"id":978,"date":"2022-08-03T18:04:05","date_gmt":"2022-08-03T18:04:05","guid":{"rendered":"https:\/\/jaunaideja.lt\/?post_type=product&#038;p=978"},"modified":"2025-04-17T09:57:23","modified_gmt":"2025-04-17T07:57:23","slug":"svetaines-atnaujinimas","status":"publish","type":"product","link":"https:\/\/jaunaideja.lt\/en\/paslauga\/websites-update\/","title":{"rendered":"Updating an old WordPress site"},"content":{"rendered":"<p><strong><span style=\"font-size: 16px;\">\u2705 <\/span>Regularly updating the site is safer:<\/strong><\/p>\n<p>Websites usually run on leased servers that are maintained and whose software is constantly updated. Usually, users of \"hosting\" services do not even notice this, because these services are constantly working to \"patch\" newly discovered security holes, so that the servers can use more modern hardware and software and be faster.<\/p>\n<p><strong><span style=\"font-size: 16px;\">\u2705 <\/span>More convenient management:<\/strong><\/p>\n<p>New versions of WordPress, starting with 5.0, allow you to compose the content of each page or post from a number of ready-to-use blocks. It allows you to independently create much more attractive and informative pages than before using the usual one <em>WYSIWYG<\/em> teksto redaktorius.<\/p>\n<p>Using the right design template makes it much easier to manage the content of your WordPress framework and avoid complicated plugins like the Visual Builder, as it is already included in the new WordPress dashboard.<\/p>\n<p><strong><span style=\"font-size: 16px;\">\u2705 <\/span>WordPress Speed:<\/strong><\/p>\n<p>The authors of the WordPress framework and modules are constantly adding new features and improving the software to make it run faster. This is especially true if sites are still using PHP 5.6, so it's worth upgrading to newer versions of WordPress that take advantage of PHP 7.4's optimizations and security.<\/p>\n<p><strong><span style=\"font-size: 16px;\">\u2705 <\/span>Compatibility with new WordPress modules:<\/strong><\/p>\n<p>If your site is running an older version of WordPress that is more than two years old, you will probably find that you can no longer install some new WordPress plugins on your site because they are designed for newer versions of WordPress and are simply incompatible with older versions.<\/p>\n<p>It is important to remember that after using the website update service, you must not forget to continue to maintain the website and make updates. For this, we recommend using the service: \"<a href=\"https:\/\/jaunaideja.lt\/en\/paslauga\/wordpress-website-maintenance\/\" target=\"_blank\" rel=\"noopener\">Maintenance of WordPress websites<\/a> , because ensuring your WordPress site remains secure requires consistent maintenance of the underlying code and any plugins that may be in use.<\/p>\n<p>Sometimes, after inspecting the website, we find that updating the old website is not very profitable and we recommend creating a new website.<\/p>\n<p>For more information on the differences, see our article:\u00a0<a title=\"LiJIA\" href=\"http:\/\/www.lijia.lt\/\" target=\"_blank\" rel=\"noopener\">LiJIA<\/a><\/p>","protected":false},"excerpt":{"rendered":"<p><span style=\"color: #008000;\">The price is indicated by the hourly rate.<\/span><\/p>\n<p><span style=\"font-size: 16px;\">\u2705 <\/span><strong>If you or your company has an old WordPress website<\/strong>, which hasn't been updated programmatically for several years, your site is no longer very secure. We can help you upgrade your existing WordPress site to make it faster, <strong>safer,<\/strong> easier to use and better optimized for Google and other search engines. <strong>All websites must be updated from time to time.<\/strong><\/p>\n<p><strong><span style=\"font-size: 16px;\">\u2705<\/span> We can perform:<\/strong><\/p>\n<ul>\n<li>Design changes;<\/li>\n<li>Improving data protection;<\/li>\n<li>Increase site speed;<\/li>\n<li>Create new products in your E-commerce;<\/li>\n<li>Upgrade the standard website to E-commerce;<\/li>\n<li>We can change the text;<\/li>\n<\/ul>\n<p><strong><span><a onclick=\"read_toggle(1534816941, 'Skaityti daugiau', 'Skaityti ma\u017eiau'); return false;\" class=\"read-link\" id=\"readlink1534816941\" style=\"readlink\" href=\"#\">Read more<\/a><\/span><\/p>\n<div class=\"read_div\" id=\"read1534816941\" style=\"display: none;\"><\/strong><\/p>\n<ul>\n<li>Add additional pages;<\/li>\n<li>Optimized for mobile version;<\/li>\n<li>Create email marketing;<\/li>\n<li>Create subscriptions;<\/li>\n<li>Install additional features;<\/li>\n<li>Trained to use Wordpress;<\/li>\n<\/ul>\n<p><strong><\/div>\n<p><\/strong><\/p>\n<p><strong>\u2757 We work only with WordPress websites.<\/strong><\/p>\n<p>\ud83d\udcb0\u00a0<strong>It is worth noting that<\/strong>\u00a0if project completion time\u00a0<strong>greater than 10 hours,<\/strong>\u00a0paid first\u00a0<strong>30% deposit<\/strong> ir tada pradedami darbai, baigus darbus sumoka likusi suma.<\/p>\n<p><strong>\ud83d\udcb8 The service is not subject to VAT (21%). Contracts for the provision and receipt of services and an invoice are drawn up (at the customer's request).<\/strong><\/p>\n<h5>FOR WORK ORDER:<\/h5>\n<p>\u2b07\ufe0f Fill out the form below <strong>\"SEND YOUR QUESTION\/PROJECT\"<\/strong> and we will contact you.<\/p>","protected":false},"featured_media":2977,"template":"","meta":{"_monsterinsights_skip_tracking":false,"_monsterinsights_sitenote_active":false,"_monsterinsights_sitenote_note":"","_monsterinsights_sitenote_category":0,"site-sidebar-layout":"default","site-content-layout":"default","ast-global-header-display":"","ast-main-header-display":"","ast-hfb-above-header-display":"","ast-hfb-below-header-display":"","ast-hfb-mobile-header-display":"","site-post-title":"","ast-breadcrumbs-content":"","ast-featured-img":"","footer-sml-layout":"","theme-transparent-header-meta":"default","adv-header-id-meta":"","stick-header-meta":"","header-above-stick-meta":"","header-main-stick-meta":"","header-below-stick-meta":""},"product_cat":[17],"product_tag":[],"aioseo_notices":[],"uagb_featured_image_src":{"full":["https:\/\/jaunaideja.lt\/wp-content\/uploads\/2022\/08\/atnaujinimas-svetaines-1.jpg",1400,1300,false],"thumbnail":["https:\/\/jaunaideja.lt\/wp-content\/uploads\/2022\/08\/atnaujinimas-svetaines-1-150x150.jpg",150,150,true],"medium":["https:\/\/jaunaideja.lt\/wp-content\/uploads\/2022\/08\/atnaujinimas-svetaines-1-300x279.jpg",300,279,true],"medium_large":["https:\/\/jaunaideja.lt\/wp-content\/uploads\/2022\/08\/atnaujinimas-svetaines-1-768x713.jpg",768,713,true],"large":["https:\/\/jaunaideja.lt\/wp-content\/uploads\/2022\/08\/atnaujinimas-svetaines-1-1024x951.jpg",1024,951,true],"1536x1536":["https:\/\/jaunaideja.lt\/wp-content\/uploads\/2022\/08\/atnaujinimas-svetaines-1.jpg",1400,1300,false],"2048x2048":["https:\/\/jaunaideja.lt\/wp-content\/uploads\/2022\/08\/atnaujinimas-svetaines-1.jpg",1400,1300,false],"trp-custom-language-flag":["https:\/\/jaunaideja.lt\/wp-content\/uploads\/2022\/08\/atnaujinimas-svetaines-1.jpg",13,12,false],"mailpoet_newsletter_max":["https:\/\/jaunaideja.lt\/wp-content\/uploads\/2022\/08\/atnaujinimas-svetaines-1-1320x1226.jpg",1320,1226,true],"woocommerce_thumbnail":["https:\/\/jaunaideja.lt\/wp-content\/uploads\/2022\/08\/atnaujinimas-svetaines-1-300x300.jpg",300,300,true],"woocommerce_single":["https:\/\/jaunaideja.lt\/wp-content\/uploads\/2022\/08\/atnaujinimas-svetaines-1-600x557.jpg",600,557,true],"woocommerce_gallery_thumbnail":["https:\/\/jaunaideja.lt\/wp-content\/uploads\/2022\/08\/atnaujinimas-svetaines-1-100x100.jpg",100,100,true],"shop_catalog":["https:\/\/jaunaideja.lt\/wp-content\/uploads\/2022\/08\/atnaujinimas-svetaines-1-300x300.jpg",300,300,true],"shop_single":["https:\/\/jaunaideja.lt\/wp-content\/uploads\/2022\/08\/atnaujinimas-svetaines-1-600x557.jpg",600,557,true],"shop_thumbnail":["https:\/\/jaunaideja.lt\/wp-content\/uploads\/2022\/08\/atnaujinimas-svetaines-1-100x100.jpg",100,100,true]},"uagb_author_info":{"display_name":"Tautvydas Zaurynas","author_link":"https:\/\/jaunaideja.lt\/en\/author\/"},"uagb_comment_info":0,"uagb_excerpt":"Kaina nurodyta valandiniu tarifu. \u2705 Jei j\u016bs ar J\u016bs\u0173 \u012fmon\u0117 turite sen\u0105 \u201eWordPress\u201c svetain\u0119, kuri kelet\u0105 met\u0173 nebuvo programi\u0161kai atnaujinta, j\u016bs\u0173 svetain\u0117 neb\u0117ra labai saugi. Galime pad\u0117ti jums atnaujinti esam\u0105 \u201eWordPress\u201c svetain\u0119, kad ji b\u016bt\u0173 greitesn\u0117, saugesn\u0117, lengviau naudojama ir geriau optimizuota \u201eGoogle\u201c ir kitiems paie\u0161kos sistemoms. Visos svetain\u0117s turi b\u016bti laikas nuo laiko atnaujinamos.&hellip;","_links":{"self":[{"href":"https:\/\/jaunaideja.lt\/en\/wp-json\/wp\/v2\/product\/978"}],"collection":[{"href":"https:\/\/jaunaideja.lt\/en\/wp-json\/wp\/v2\/product"}],"about":[{"href":"https:\/\/jaunaideja.lt\/en\/wp-json\/wp\/v2\/types\/product"}],"wp:featuredmedia":[{"embeddable":true,"href":"https:\/\/jaunaideja.lt\/en\/wp-json\/wp\/v2\/media\/2977"}],"wp:attachment":[{"href":"https:\/\/jaunaideja.lt\/en\/wp-json\/wp\/v2\/media?parent=978"}],"wp:term":[{"taxonomy":"product_cat","embeddable":true,"href":"https:\/\/jaunaideja.lt\/en\/wp-json\/wp\/v2\/product_cat?post=978"},{"taxonomy":"product_tag","embeddable":true,"href":"https:\/\/jaunaideja.lt\/en\/wp-json\/wp\/v2\/product_tag?post=978"}],"curies":[{"name":"wp","href":"https:\/\/api.w.org\/{rel}","templated":true}]}}