{"id":976,"date":"2022-08-03T17:29:54","date_gmt":"2022-08-03T17:29:54","guid":{"rendered":"https:\/\/jaunaideja.lt\/?post_type=product&#038;p=976"},"modified":"2025-01-13T14:21:58","modified_gmt":"2025-01-13T12:21:58","slug":"portfolio-svetaine","status":"publish","type":"product","link":"https:\/\/jaunaideja.lt\/en\/paslauga\/portfolio-website\/","title":{"rendered":"Portfolio website"},"content":{"rendered":"<p><span style=\"font-size: 16px;\"><span style=\"vertical-align: inherit;\"><span style=\"vertical-align: inherit;\">\u2705 <strong>Portfolio website <\/strong><\/span><\/span><strong><span style=\"vertical-align: inherit;\"><span style=\"vertical-align: inherit;\">veikia kaip vizitin\u0117 kortel\u0117,<\/span><\/span><\/strong><span style=\"vertical-align: inherit;\"><span style=\"vertical-align: inherit;\"> so if you are self-employed or have a small business, then<\/span><\/span><strong><span style=\"vertical-align: inherit;\"><span style=\"vertical-align: inherit;\"> a great choice at an affordable price.<\/span><\/span><\/strong><\/span><\/p>\n<p><span style=\"font-size: 16px;\"><span style=\"vertical-align: inherit;\"><span style=\"vertical-align: inherit;\">\u2705 <\/span><\/span><\/span><span style=\"vertical-align: inherit;\"><span style=\"vertical-align: inherit;\">Moving forward, more and more people and businesses are using the internet to find the information they need - it's convenient, efficient and fast. Having a website is becoming a trend and<\/span><\/span><strong><span style=\"vertical-align: inherit;\"><span style=\"vertical-align: inherit;\"> most customers even expect to find the right business or service online.<\/span><\/span><\/strong><\/p>\n<p><strong>A portfolio site and representative sites may have some differences depending on their goals and purposes:<\/strong><\/p>\n<ol>\n<li><strong>Portfolio website:<\/strong><br \/>\n\u2013 A portfolio website is typically designed to showcase and present the work and projects of a developer, designer, artist or business professional.<br \/>\n- This site is focused on allowing visitors to view and rate specific work or projects completed by an individual or company. These can be photographic works, design projects, programming examples or other creative works.<br \/>\n- Portfolio sites are often more visual, with a heavy focus on graphics and photos to better showcase the skills and style of the developer or company.<\/li>\n<li><a href=\"https:\/\/jaunaideja.lt\/en\/paslauga\/representative-website\/\" target=\"_blank\" rel=\"noopener\"><strong>Representative website:<\/strong><\/a><br \/>\n- A representative website can be of a broader nature, intended to reflect all the company's activities, services, products and corporate identity.<br \/>\n- It can include more information about the company, its history, team, customers, services and works. It can be a website with different sections, pages or sections.<br \/>\n- Often, representative websites are more tailored to business needs, with various features such as a blog, customer reviews, contacts, etc.<\/li>\n<\/ol>\n<p>The main differences between a portfolio website and a representative website:<\/p>\n<ol>\n<li><strong>Focus type: <\/strong>A portfolio website focuses on individual works or projects, while a representative website reflects the company's activities, goods or services.<\/li>\n<li><strong>Content type:<\/strong> A portfolio site's main content is showcased work, while a representative site can have various sections that present the company's activities, history, customer reviews, and other information.<\/li>\n<li><strong>Visual emphasis:<\/strong> Portfolio sites are more visual, emphasizing graphic elements and works, while representational sites can be more versatile and informative, not limited to visual content.<\/li>\n<\/ol>\n<p>Both types of websites can be very useful for their purposes, depending on what you want to showcase or achieve in the online world, whether it's your personal creative work or your company-wide activities and services.<\/p>\n<p>For more information on the differences, see our article:\u00a0<a title=\"LiJIA\" href=\"http:\/\/www.lijia.lt\/\" target=\"_blank\" rel=\"noopener\">LiJIA<\/a><\/p>","protected":false},"excerpt":{"rendered":"<p><span style=\"font-size: 16px;\"><span style=\"vertical-align: inherit;\"><span style=\"vertical-align: inherit;\">\u2705<\/span><\/span><\/span><strong><span style=\"vertical-align: inherit;\"><span style=\"vertical-align: inherit;\"> \u012e svetain\u0117s k\u016brimo kain\u0105 \u012fskai\u010diuota:<\/span><\/span><\/strong><\/p>\n<ul>\n<li><span style=\"vertical-align: inherit;\"><span style=\"vertical-align: inherit;\">2-3 puslapiai: Prad\u017eia (apie save), Portfolio (galerija), kontaktai.<\/span><\/span><\/li>\n<li><span style=\"vertical-align: inherit;\"><span style=\"vertical-align: inherit;\">Hosting on a server;<\/span><\/span><\/li>\n<li><span style=\"vertical-align: inherit;\"><span style=\"vertical-align: inherit;\">Domain registration;<\/span><\/span><\/li>\n<li><span style=\"vertical-align: inherit;\"><span style=\"vertical-align: inherit;\">Fully optimized for search engines (SEO);<\/span><\/span><\/li>\n<li><span style=\"vertical-align: inherit;\"><span style=\"vertical-align: inherit;\">Adapted for mobile devices and tablets;<\/span><\/span><\/li>\n<li><span style=\"vertical-align: inherit;\"><span style=\"vertical-align: inherit;\">Photo gallery;<\/span><\/span><\/li>\n<\/ul>\n<p><strong><span><a onclick=\"read_toggle(579909555, 'Skaityti daugiau', 'Skaityti ma\u017eiau'); return false;\" class=\"read-link\" id=\"readlink579909555\" style=\"readlink\" href=\"#\">Read more<\/a><\/span><\/p>\n<div class=\"read_div\" id=\"read579909555\" style=\"display: none;\"><\/strong><\/p>\n<ul>\n<li><span style=\"vertical-align: inherit;\"><span style=\"vertical-align: inherit;\">Request form;<\/span><\/span><\/li>\n<li><span style=\"vertical-align: inherit;\"><span style=\"vertical-align: inherit;\">SSL certificates;<\/span><\/span><\/li>\n<li><span style=\"vertical-align: inherit;\"><span style=\"vertical-align: inherit;\">Data protection;<\/span><\/span><\/li>\n<li><span style=\"vertical-align: inherit;\"><span style=\"vertical-align: inherit;\">Videos;<\/span><\/span><\/li>\n<li><span style=\"vertical-align: inherit;\"><span style=\"vertical-align: inherit;\">Youthful and modern design;<\/span><\/span><\/li>\n<li><span style=\"vertical-align: inherit;\"><span style=\"vertical-align: inherit;\">FAQ (questions - answers);<\/span><\/span><\/li>\n<li><span style=\"vertical-align: inherit;\"><span style=\"vertical-align: inherit;\">Your business information;<\/span><\/span><\/li>\n<li><span style=\"vertical-align: inherit;\"><span style=\"vertical-align: inherit;\">Training in the use of CMS Wordpress website;<\/span><\/span><\/li>\n<li><span style=\"vertical-align: inherit;\"><span style=\"vertical-align: inherit;\">3 months free website consultations;<\/span><\/span><\/li>\n<li><span style=\"vertical-align: inherit;\"><span style=\"vertical-align: inherit;\">1 year system maintenance to be available online;<\/span><\/span><\/li>\n<\/ul>\n<p><strong><\/div>\n<p><\/strong><\/p>\n<p><strong><span style=\"vertical-align: inherit;\"><span style=\"vertical-align: inherit;\">\ud83d\udccc You can upload the project description and more detailed information (Word or PDF) to the cart.<\/span><\/span><\/strong><\/p>\n<p><span style=\"vertical-align: inherit;\"><span style=\"vertical-align: inherit;\">\ud83d\udcb0 <\/span><\/span><strong><span style=\"vertical-align: inherit;\"><span style=\"vertical-align: inherit;\">Possibility to pay at the beginning, only a deposit (30%) and pay the remaining amount only after evaluating the final work.<\/span><\/span><\/strong><\/p>\n<p><span style=\"vertical-align: inherit;\"><span style=\"vertical-align: inherit;\">\ud83d\udcbb\u00a0<\/span><\/span><strong><span style=\"vertical-align: inherit;\"><span style=\"vertical-align: inherit;\">We build websites using the content management system WordPress.<\/span><\/span><\/strong><\/p>\n<p><strong><span style=\"vertical-align: inherit;\"><span style=\"vertical-align: inherit;\">\ud83d\udcb8 The service is not subject to VAT (21%). Contracts for the provision and receipt of services and an invoice are drawn up (at the customer's request).<\/span><\/span><\/strong><\/p>","protected":false},"featured_media":1421,"template":"","meta":{"_monsterinsights_skip_tracking":false,"_monsterinsights_sitenote_active":false,"_monsterinsights_sitenote_note":"","_monsterinsights_sitenote_category":0,"site-sidebar-layout":"default","site-content-layout":"default","ast-global-header-display":"","ast-main-header-display":"","ast-hfb-above-header-display":"","ast-hfb-below-header-display":"","ast-hfb-mobile-header-display":"","site-post-title":"","ast-breadcrumbs-content":"","ast-featured-img":"","footer-sml-layout":"","theme-transparent-header-meta":"default","adv-header-id-meta":"","stick-header-meta":"","header-above-stick-meta":"","header-main-stick-meta":"","header-below-stick-meta":""},"product_cat":[17],"product_tag":[39],"aioseo_notices":[],"uagb_featured_image_src":{"full":["https:\/\/jaunaideja.lt\/wp-content\/uploads\/2022\/08\/Profilio-svetaine.jpg",1200,1200,false],"thumbnail":["https:\/\/jaunaideja.lt\/wp-content\/uploads\/2022\/08\/Profilio-svetaine-150x150.jpg",150,150,true],"medium":["https:\/\/jaunaideja.lt\/wp-content\/uploads\/2022\/08\/Profilio-svetaine-300x300.jpg",300,300,true],"medium_large":["https:\/\/jaunaideja.lt\/wp-content\/uploads\/2022\/08\/Profilio-svetaine-768x768.jpg",768,768,true],"large":["https:\/\/jaunaideja.lt\/wp-content\/uploads\/2022\/08\/Profilio-svetaine-1024x1024.jpg",1024,1024,true],"1536x1536":["https:\/\/jaunaideja.lt\/wp-content\/uploads\/2022\/08\/Profilio-svetaine.jpg",1200,1200,false],"2048x2048":["https:\/\/jaunaideja.lt\/wp-content\/uploads\/2022\/08\/Profilio-svetaine.jpg",1200,1200,false],"trp-custom-language-flag":["https:\/\/jaunaideja.lt\/wp-content\/uploads\/2022\/08\/Profilio-svetaine.jpg",12,12,false],"mailpoet_newsletter_max":["https:\/\/jaunaideja.lt\/wp-content\/uploads\/2022\/08\/Profilio-svetaine.jpg",1200,1200,false],"woocommerce_thumbnail":["https:\/\/jaunaideja.lt\/wp-content\/uploads\/2022\/08\/Profilio-svetaine-300x300.jpg",300,300,true],"woocommerce_single":["https:\/\/jaunaideja.lt\/wp-content\/uploads\/2022\/08\/Profilio-svetaine-600x600.jpg",600,600,true],"woocommerce_gallery_thumbnail":["https:\/\/jaunaideja.lt\/wp-content\/uploads\/2022\/08\/Profilio-svetaine-100x100.jpg",100,100,true],"shop_catalog":["https:\/\/jaunaideja.lt\/wp-content\/uploads\/2022\/08\/Profilio-svetaine-300x300.jpg",300,300,true],"shop_single":["https:\/\/jaunaideja.lt\/wp-content\/uploads\/2022\/08\/Profilio-svetaine-600x600.jpg",600,600,true],"shop_thumbnail":["https:\/\/jaunaideja.lt\/wp-content\/uploads\/2022\/08\/Profilio-svetaine-100x100.jpg",100,100,true]},"uagb_author_info":{"display_name":"Tautvydas Zaurynas","author_link":"https:\/\/jaunaideja.lt\/en\/author\/"},"uagb_comment_info":0,"uagb_excerpt":"\u2705 \u012e svetain\u0117s k\u016brimo kain\u0105 \u012fskai\u010diuota: 2-3 puslapiai: Prad\u017eia (apie save), Portfolio (galerija), kontaktai. Patalpinimas serveryje; Domeno u\u017eregistravimas; Pilnai optimizuota paie\u0161kos sistemoms (SEO); Pritaikytos mobiliems \u012frenginiams ir plan\u0161etiniams kompiuteriams; Foto galerija; [read more] Paklausimo forma; SSL sertifikatai; Duomen\u0173 apsauga; Vaizdo \u012fra\u0161\u0173 talpinimas; Jaunatvi\u0161kas ir modernus dizainas; FAQ (klausimai \u2013 atsakymai); J\u016bs\u0173 verslo informacijos talpinimas; Apmokymas&hellip;","_links":{"self":[{"href":"https:\/\/jaunaideja.lt\/en\/wp-json\/wp\/v2\/product\/976"}],"collection":[{"href":"https:\/\/jaunaideja.lt\/en\/wp-json\/wp\/v2\/product"}],"about":[{"href":"https:\/\/jaunaideja.lt\/en\/wp-json\/wp\/v2\/types\/product"}],"wp:featuredmedia":[{"embeddable":true,"href":"https:\/\/jaunaideja.lt\/en\/wp-json\/wp\/v2\/media\/1421"}],"wp:attachment":[{"href":"https:\/\/jaunaideja.lt\/en\/wp-json\/wp\/v2\/media?parent=976"}],"wp:term":[{"taxonomy":"product_cat","embeddable":true,"href":"https:\/\/jaunaideja.lt\/en\/wp-json\/wp\/v2\/product_cat?post=976"},{"taxonomy":"product_tag","embeddable":true,"href":"https:\/\/jaunaideja.lt\/en\/wp-json\/wp\/v2\/product_tag?post=976"}],"curies":[{"name":"wp","href":"https:\/\/api.w.org\/{rel}","templated":true}]}}