{"id":975,"date":"2022-08-03T17:03:22","date_gmt":"2022-08-03T17:03:22","guid":{"rendered":"https:\/\/jaunaideja.lt\/?post_type=product&#038;p=975"},"modified":"2025-01-13T14:20:38","modified_gmt":"2025-01-13T12:20:38","slug":"el-parduotuves-kurimas","status":"publish","type":"product","link":"https:\/\/jaunaideja.lt\/en\/paslauga\/e-shops-creating\/","title":{"rendered":"Online shop"},"content":{"rendered":"<p><span style=\"font-size: 16px;\">\u2705 <\/span>Nowadays, creating an e-commerce is becoming an integral part of business management. E-commerce is the buying and selling of various goods and services over the Internet. Simply put, E-commerce is electronic business.<\/p>\n<p><span style=\"font-size: 16px;\">\u2705 <\/span>Today, the development of an online business no longer requires huge investments, so selling goods and services through online stores is becoming more and more popular. All you need to start e-commerce is a working website. Since most online stores perform the same functions: catalogs, shopping carts, payment services, etc., it is important that the online store stands out from the rest with its design. The ability to create a unique website design is an important factor in the success of your online store.<\/p>\n<p><span style=\"font-size: 16px;\">\u2705 Creating an e-shop <\/span>yra puikus b\u016bdas ne tik suma\u017einti internetin\u0117s rinkodaros i\u0161laidas, bet ir padidinti klient\u0173 skai\u010di\u0173, tapti prieinamu bet kuriam vartotojui 24 valandas per par\u0105, 7 dienas per savait\u0119, suteikti vartotojams naudingos informacijos apie j\u016bs\u0173 versl\u0105, didinti klient\u0173 lojalum\u0105 ir padidinti j\u0173 matomum\u0105 paie\u0161kos sistemose.<\/p>\n<p><span style=\"font-size: 16px;\">\u2705 You can track the number of purchases, customer visits to your E-commerce website, automatically generate e-mails. mail marketing, apply discounts, manage product quantities, print an automatically generated label, invoice, track monthly profit, link products, set a deposit.<\/span><\/p>\n<p><span style=\"font-size: 16px;\">\u2705 <\/span>Successful e-stores often stand out due to unique offers, valuable customer service, attractive design and great user experience. By combining several of these elements, you can create an email a store that will stand out from the rest and attract a circle of loyal customers.<\/p>\n<p><span style=\"font-size: 16px;\">\u2705 <\/span>The success of your e-store can be directly related to your unique value proposition, service, product range or the overall experience you create for your customers. So, try to find a unique way to stand out from the crowd and attract customers.<\/p>\n<p>If you do not need the functionality of the e-shop, you can always choose <u><a title=\"Representative website\" href=\"https:\/\/jaunaideja.lt\/en\/paslauga\/representative-website\/\">representative website<\/a><\/u>.<\/p>\n<p>You can read more information on our blog:\u00a0<u><a title=\"LiJIA\" href=\"http:\/\/www.lijia.lt\/\" target=\"_blank\" rel=\"noopener\">LiJIA<\/a><\/u><\/p>","protected":false},"excerpt":{"rendered":"<p><span style=\"font-size: 16px;\">\u2705<\/span> <strong>The price of creating an E-commerce site includes:<\/strong><\/p>\n<ul>\n<li>Hosting on a server;<\/li>\n<li>Domain registration;<\/li>\n<li>Fully optimized for search engines (SEO);<\/li>\n<li>Adapted for mobile devices and tablets;<\/li>\n<li>Photo gallery;<\/li>\n<li>Request form;<\/li>\n<li>FAQ (questions - answers);<\/li>\n<li>Shopping Cart;<\/li>\n<li>Product catalog;<\/li>\n<li>Integration of bank transfer payments<\/li>\n<\/ul>\n<p><strong><span><a onclick=\"read_toggle(37979841, 'Skaityti daugiau', 'Skaityti ma\u017eiau'); return false;\" class=\"read-link\" id=\"readlink37979841\" style=\"readlink\" href=\"#\">Read more<\/a><\/span><\/p>\n<div class=\"read_div\" id=\"read37979841\" style=\"display: none;\"><\/strong><\/p>\n<ul>\n<li>PayPal, bank transfers, Gpay, credit card payment options;<\/li>\n<li>Preki\u0173 filtras;<\/li>\n<li>Email integration<\/li>\n<li>User account login system;<\/li>\n<li>Delivery function (Parcel lockers)<\/li>\n<li>Videos;<\/li>\n<li>Email notifications about orders to the customer and the owner;<\/li>\n<li><span style=\"font-size: 16px;\">Automatically generated label;<\/span><\/li>\n<li><span style=\"font-size: 16px;\">Automatically generated invoice;<\/span><\/li>\n<li>Data protection;<\/li>\n<li>SSL certificates;<\/li>\n<li>Training in the use of CMS Wordpress website;<\/li>\n<li>Training in using the E-commerce website;<\/li>\n<li>3 months of free E-commerce website consultations;<\/li>\n<li>1 met\u0173 sistemos prie\u017ei\u016bra, kad b\u016bt\u0173 pasiekiama internete (jeigu naudojat\u0117s m\u016bs\u0173 svetain\u0117s talpinimu);<\/li>\n<\/ul>\n<p><strong><\/div>\n<p><\/strong><\/p>\n<p>\ud83d\udd3d<strong> You can find additional E. commerce website options below<\/strong><\/p>\n<p><strong>\ud83d\udccc You can upload the project description and more detailed information (Word or PDF) to the cart.<\/strong><\/p>\n<p>\ud83d\udcb0 <strong>Possibility to pay at the beginning, only a deposit (30%) and pay the remaining amount only after evaluating the final work.<\/strong><\/p>\n<p>\ud83d\udcbb <strong>We build websites using the content management system WordPress.<\/strong><\/p>\n<p><strong>\ud83d\udccd If you have a larger project, we recommend that you send an accurate description of the desired site, which we will evaluate and provide the most optimal offer.<\/strong><\/p>\n<p><strong>\ud83d\udcb8 The service is not subject to VAT (21%). Contracts for the provision and receipt of services and an invoice are drawn up (at the customer's request).<\/strong><\/p>","protected":false},"featured_media":1416,"template":"","meta":{"_monsterinsights_skip_tracking":false,"_monsterinsights_sitenote_active":false,"_monsterinsights_sitenote_note":"","_monsterinsights_sitenote_category":0,"site-sidebar-layout":"default","site-content-layout":"default","ast-global-header-display":"","ast-main-header-display":"","ast-hfb-above-header-display":"","ast-hfb-below-header-display":"","ast-hfb-mobile-header-display":"","site-post-title":"","ast-breadcrumbs-content":"","ast-featured-img":"","footer-sml-layout":"","theme-transparent-header-meta":"default","adv-header-id-meta":"","stick-header-meta":"","header-above-stick-meta":"","header-main-stick-meta":"","header-below-stick-meta":""},"product_cat":[17],"product_tag":[45],"aioseo_notices":[],"uagb_featured_image_src":{"full":["https:\/\/jaunaideja.lt\/wp-content\/uploads\/2022\/08\/E.prekyba.jpg",1250,1000,false],"thumbnail":["https:\/\/jaunaideja.lt\/wp-content\/uploads\/2022\/08\/E.prekyba-150x150.jpg",150,150,true],"medium":["https:\/\/jaunaideja.lt\/wp-content\/uploads\/2022\/08\/E.prekyba-300x240.jpg",300,240,true],"medium_large":["https:\/\/jaunaideja.lt\/wp-content\/uploads\/2022\/08\/E.prekyba-768x614.jpg",768,614,true],"large":["https:\/\/jaunaideja.lt\/wp-content\/uploads\/2022\/08\/E.prekyba-1024x819.jpg",1024,819,true],"1536x1536":["https:\/\/jaunaideja.lt\/wp-content\/uploads\/2022\/08\/E.prekyba.jpg",1250,1000,false],"2048x2048":["https:\/\/jaunaideja.lt\/wp-content\/uploads\/2022\/08\/E.prekyba.jpg",1250,1000,false],"trp-custom-language-flag":["https:\/\/jaunaideja.lt\/wp-content\/uploads\/2022\/08\/E.prekyba.jpg",15,12,false],"mailpoet_newsletter_max":["https:\/\/jaunaideja.lt\/wp-content\/uploads\/2022\/08\/E.prekyba.jpg",1250,1000,false],"woocommerce_thumbnail":["https:\/\/jaunaideja.lt\/wp-content\/uploads\/2022\/08\/E.prekyba-300x300.jpg",300,300,true],"woocommerce_single":["https:\/\/jaunaideja.lt\/wp-content\/uploads\/2022\/08\/E.prekyba-600x480.jpg",600,480,true],"woocommerce_gallery_thumbnail":["https:\/\/jaunaideja.lt\/wp-content\/uploads\/2022\/08\/E.prekyba-100x100.jpg",100,100,true],"shop_catalog":["https:\/\/jaunaideja.lt\/wp-content\/uploads\/2022\/08\/E.prekyba-300x300.jpg",300,300,true],"shop_single":["https:\/\/jaunaideja.lt\/wp-content\/uploads\/2022\/08\/E.prekyba-600x480.jpg",600,480,true],"shop_thumbnail":["https:\/\/jaunaideja.lt\/wp-content\/uploads\/2022\/08\/E.prekyba-100x100.jpg",100,100,true]},"uagb_author_info":{"display_name":"Tautvydas Zaurynas","author_link":"https:\/\/jaunaideja.lt\/en\/author\/"},"uagb_comment_info":0,"uagb_excerpt":"\u2705 \u012e E. prekybos svetain\u0117s k\u016brimo kain\u0105 \u012fskai\u010diuota: Patalpinimas serveryje; Domeno u\u017eregistravimas; Pilnai optimizuota paie\u0161kos sistema (SEO); Pritaikytos mobiliems \u012frenginiams ir plan\u0161etiniams kompiuteriams; Foto galerija; Paklausimo forma; FAQ (klausimai \u2013 atsakymai); Preki\u0173 krep\u0161elis; Preki\u0173 katalogas; Apmok\u0117jimo bankiniais pervedimais pajungimas; [read more] PayPal, bankiniai pervedimai, Gpay, kreditin\u0117mis kortel\u0117mis atsiskaitymo galimyb\u0117s; Preki\u0173 filtras; El. pa\u0161to pajungimas; Vartotojo&hellip;","_links":{"self":[{"href":"https:\/\/jaunaideja.lt\/en\/wp-json\/wp\/v2\/product\/975"}],"collection":[{"href":"https:\/\/jaunaideja.lt\/en\/wp-json\/wp\/v2\/product"}],"about":[{"href":"https:\/\/jaunaideja.lt\/en\/wp-json\/wp\/v2\/types\/product"}],"wp:featuredmedia":[{"embeddable":true,"href":"https:\/\/jaunaideja.lt\/en\/wp-json\/wp\/v2\/media\/1416"}],"wp:attachment":[{"href":"https:\/\/jaunaideja.lt\/en\/wp-json\/wp\/v2\/media?parent=975"}],"wp:term":[{"taxonomy":"product_cat","embeddable":true,"href":"https:\/\/jaunaideja.lt\/en\/wp-json\/wp\/v2\/product_cat?post=975"},{"taxonomy":"product_tag","embeddable":true,"href":"https:\/\/jaunaideja.lt\/en\/wp-json\/wp\/v2\/product_tag?post=975"}],"curies":[{"name":"wp","href":"https:\/\/api.w.org\/{rel}","templated":true}]}}