{"id":974,"date":"2022-08-03T16:21:24","date_gmt":"2022-08-03T16:21:24","guid":{"rendered":"https:\/\/jaunaideja.lt\/?post_type=product&#038;p=974"},"modified":"2025-01-13T14:18:57","modified_gmt":"2025-01-13T12:18:57","slug":"nukreipimo-puslapis","status":"publish","type":"product","link":"https:\/\/jaunaideja.lt\/en\/paslauga\/landing-page\/","title":{"rendered":"Landing page"},"content":{"rendered":"<p>\u2705<strong> A landing page consists of one long-form page,<\/strong> so customers can find the information they need quickly and easily.<\/p>\n<p>\u2705<strong> The further along, the more people and businesses use the Internet<\/strong> when looking for the information they need - it's convenient, efficient and fast. Having a website is becoming a trend and most customers even expect and are guaranteed to find the right business or service online.<\/p>\n<p>\u2705<strong> Landing pages are vital to your business<\/strong>. Whether you're a startup looking to reach their first 5,000 users or a car dealership that wants visitors to request quotes. Without landing pages, the people who visit your website won't convert into users or leads.<\/p>\n<p>\u2705<strong> A landing page acts as your business card,<\/strong> so if you are a freelancer or have a small business, then <strong>great choice at a good price.<\/strong><\/p>\n<p><strong>A representative website and a landing page are two different typologies of websites for different purposes:<\/strong><\/p>\n<ol>\n<li><strong><a href=\"https:\/\/jaunaideja.lt\/en\/paslauga\/representative-website\/\" target=\"_blank\" rel=\"noopener\"><u>Representative website<\/u><\/a>:<\/strong><br \/>\n\u2013 It is more than one page, usually consisting of several sections or pages, designed to reflect the company or organization's activities, services, products, about us, contacts, etc.<br \/>\n- A representative website is often a comprehensive online image of a business or organization. It is usually intended for a general introduction to the business, providing broad information about the company, its history, services, employees, etc.<\/li>\n<li><strong>Landing page:<\/strong><br \/>\n\u2013 This is a single page that is dedicated to a specific goal or campaign to drive visitors to a specific area of action, such as purchase, registration, subscription, etc.<br \/>\n- A landing page is often targeted, created with a specific goal - to convert a visitor into a customer or to obtain another desired action (CTA - Call To Action).<\/li>\n<\/ol>\n<p>The main differences between a representative website and a landing page:<\/p>\n<ol>\n<li><strong>Purpose:<\/strong> A representative website is designed to provide general representation and information about a company or organization, while a landing page is designed to encourage a specific action (such as a sale).<\/li>\n<li><strong>Scope:<\/strong> A representative website is usually a comprehensive online representation of a company or organization with many pages or sections, while a landing page is a single page that is often shorter and focused on a single goal.<\/li>\n<li><strong>Content and design:<\/strong> A representative website often has more information, deeper navigation and a more complex design to reflect the company's identity. The landing page is simpler, with more clearly targeted content and design to encourage a specific action.<\/li>\n<\/ol>\n<p>You can have a representative website as the main online representation of your business and create multiple landing pages to reach different target audiences or drive specific actions (such as sales, registrations, subscriptions) in separate marketing or advertising campaign contexts.<\/p>\n<p>For more information on the differences, see our article: <a title=\"LiJIA\" href=\"http:\/\/www.lijia.lt\/\" target=\"_blank\" rel=\"noopener\">LiJIA<\/a><\/p>","protected":false},"excerpt":{"rendered":"<p>\u2705\u00a0<strong>Landing page development price includes:<\/strong><\/p>\n<ul>\n<li>1 long-form page;<\/li>\n<li>Hosting on a server;<\/li>\n<li>Domain registration;<\/li>\n<li>Fully optimized for search engines (SEO);<\/li>\n<li>Adapted for mobile devices and tablets;<\/li>\n<li>Photo gallery;<\/li>\n<li>Request form;<\/li>\n<\/ul>\n<p><strong><span><a onclick=\"read_toggle(232680467, 'Skaityti daugiau', 'Skaityti ma\u017eiau'); return false;\" class=\"read-link\" id=\"readlink232680467\" style=\"readlink\" href=\"#\">Read more<\/a><\/span><\/p>\n<div class=\"read_div\" id=\"read232680467\" style=\"display: none;\"><\/strong><\/p>\n<ul>\n<li>FAQ (questions - answers)<\/li>\n<li>Youthful and modern design;<\/li>\n<li>Videos;<\/li>\n<li>Your business information;<\/li>\n<li>SSL certificates;<\/li>\n<li>Data protection;<\/li>\n<li>Training in the use of CMS Wordpress website;<\/li>\n<li>3 months free website consultations;<\/li>\n<li>1 year system maintenance to be available online;<\/li>\n<\/ul>\n<p><strong><\/div>\n<p><\/strong><\/p>\n<p><strong>\ud83d\udccc You can upload the project description and more detailed information (Word or PDF) to the cart.<\/strong><\/p>\n<p>\ud83d\udcb0 <strong>Possibility to pay at the beginning, only a deposit (30%) and pay the remaining amount only after evaluating the final work.<\/strong><\/p>\n<p>\ud83d\udcbb <strong>We build websites using the content management system WordPress.<\/strong><\/p>\n<p><strong>\ud83d\udcb8 The service is not subject to VAT (21%). Contracts for the provision and receipt of services and an invoice are drawn up (at the customer's request).<\/strong><\/p>","protected":false},"featured_media":1415,"template":"","meta":{"_monsterinsights_skip_tracking":false,"_monsterinsights_sitenote_active":false,"_monsterinsights_sitenote_note":"","_monsterinsights_sitenote_category":0,"site-sidebar-layout":"default","site-content-layout":"default","ast-global-header-display":"","ast-main-header-display":"","ast-hfb-above-header-display":"","ast-hfb-below-header-display":"","ast-hfb-mobile-header-display":"","site-post-title":"","ast-breadcrumbs-content":"","ast-featured-img":"","footer-sml-layout":"","theme-transparent-header-meta":"default","adv-header-id-meta":"","stick-header-meta":"","header-above-stick-meta":"","header-main-stick-meta":"","header-below-stick-meta":""},"product_cat":[17],"product_tag":[43,39],"aioseo_notices":[],"uagb_featured_image_src":{"full":["https:\/\/jaunaideja.lt\/wp-content\/uploads\/2022\/08\/Landing-page.jpg",1250,1000,false],"thumbnail":["https:\/\/jaunaideja.lt\/wp-content\/uploads\/2022\/08\/Landing-page-150x150.jpg",150,150,true],"medium":["https:\/\/jaunaideja.lt\/wp-content\/uploads\/2022\/08\/Landing-page-300x240.jpg",300,240,true],"medium_large":["https:\/\/jaunaideja.lt\/wp-content\/uploads\/2022\/08\/Landing-page-768x614.jpg",768,614,true],"large":["https:\/\/jaunaideja.lt\/wp-content\/uploads\/2022\/08\/Landing-page-1024x819.jpg",1024,819,true],"1536x1536":["https:\/\/jaunaideja.lt\/wp-content\/uploads\/2022\/08\/Landing-page.jpg",1250,1000,false],"2048x2048":["https:\/\/jaunaideja.lt\/wp-content\/uploads\/2022\/08\/Landing-page.jpg",1250,1000,false],"trp-custom-language-flag":["https:\/\/jaunaideja.lt\/wp-content\/uploads\/2022\/08\/Landing-page.jpg",15,12,false],"mailpoet_newsletter_max":["https:\/\/jaunaideja.lt\/wp-content\/uploads\/2022\/08\/Landing-page.jpg",1250,1000,false],"woocommerce_thumbnail":["https:\/\/jaunaideja.lt\/wp-content\/uploads\/2022\/08\/Landing-page-300x300.jpg",300,300,true],"woocommerce_single":["https:\/\/jaunaideja.lt\/wp-content\/uploads\/2022\/08\/Landing-page-600x480.jpg",600,480,true],"woocommerce_gallery_thumbnail":["https:\/\/jaunaideja.lt\/wp-content\/uploads\/2022\/08\/Landing-page-100x100.jpg",100,100,true],"shop_catalog":["https:\/\/jaunaideja.lt\/wp-content\/uploads\/2022\/08\/Landing-page-300x300.jpg",300,300,true],"shop_single":["https:\/\/jaunaideja.lt\/wp-content\/uploads\/2022\/08\/Landing-page-600x480.jpg",600,480,true],"shop_thumbnail":["https:\/\/jaunaideja.lt\/wp-content\/uploads\/2022\/08\/Landing-page-100x100.jpg",100,100,true]},"uagb_author_info":{"display_name":"Tautvydas Zaurynas","author_link":"https:\/\/jaunaideja.lt\/en\/author\/"},"uagb_comment_info":0,"uagb_excerpt":"\u2705\u00a0\u012e Nukreipiam\u0105j\u0105 svetain\u0119 (Landing page) k\u016brimo kain\u0105 \u012fskai\u010diuota: 1 ilgas puslapis; Patalpinimas serveryje; Domeno u\u017eregistravimas; Pilnai optimizuota paie\u0161kos sistema (SEO); Pritaikytos mobiliems \u012frenginiams ir plan\u0161etiniams kompiuteriams; Foto galerija; Paklausimo forma; [read more] FAQ (klausimai - atsakymai); Jaunatvi\u0161kas ir modernus dizainas; Vaizdo \u012fra\u0161\u0173 talpinimas; J\u016bs\u0173 verslo informacijos talpinimas; SSL sertifikatai; Duomen\u0173 apsauga; Apmokymas TVS Wordpress svetain\u0117s&hellip;","_links":{"self":[{"href":"https:\/\/jaunaideja.lt\/en\/wp-json\/wp\/v2\/product\/974"}],"collection":[{"href":"https:\/\/jaunaideja.lt\/en\/wp-json\/wp\/v2\/product"}],"about":[{"href":"https:\/\/jaunaideja.lt\/en\/wp-json\/wp\/v2\/types\/product"}],"wp:featuredmedia":[{"embeddable":true,"href":"https:\/\/jaunaideja.lt\/en\/wp-json\/wp\/v2\/media\/1415"}],"wp:attachment":[{"href":"https:\/\/jaunaideja.lt\/en\/wp-json\/wp\/v2\/media?parent=974"}],"wp:term":[{"taxonomy":"product_cat","embeddable":true,"href":"https:\/\/jaunaideja.lt\/en\/wp-json\/wp\/v2\/product_cat?post=974"},{"taxonomy":"product_tag","embeddable":true,"href":"https:\/\/jaunaideja.lt\/en\/wp-json\/wp\/v2\/product_tag?post=974"}],"curies":[{"name":"wp","href":"https:\/\/api.w.org\/{rel}","templated":true}]}}