{"id":972,"date":"2022-08-03T15:05:53","date_gmt":"2022-08-03T15:05:53","guid":{"rendered":"https:\/\/jaunaideja.lt\/?post_type=product&#038;p=972"},"modified":"2024-08-14T13:59:47","modified_gmt":"2024-08-14T11:59:47","slug":"nuotrauku-retusavimas","status":"publish","type":"product","link":"https:\/\/jaunaideja.lt\/en\/paslauga\/photo-retouching\/","title":{"rendered":"Photo retouching"},"content":{"rendered":"<p>\u2705 <strong>Photo Retouching -<\/strong> it's removing skin shine, minimizing pores, eliminating acne, wrinkles, dark circles under the eyes, removing shine from glasses, and maybe even removing unwanted facial hair or hairstyle imperfections.<\/p>\n<p>Read more on our business blog <a title=\"LiJIA\" href=\"http:\/\/www.lijia.lt\/\" target=\"_blank\" rel=\"noopener\">LiJIA<\/a>.<\/p>","protected":false},"excerpt":{"rendered":"<p><span style=\"color: #008000;\">The price is for one photo.<\/span><\/p>\n<p><em>(10% discount applies when ordering more than 4 photos)<\/em><\/p>\n<p>\u2705 Whether you are a beginner or an experienced entrepreneur, <strong>A professional business portrait is a great investment in your personal brand and the best advertisement for you.<\/strong> Show yourself professionally, reveal a sweet personality, smile, focus, be yourself.<\/p>\n<p>\u2705\u00a0<strong>Photo retouching is done<\/strong> <em>Adobe Lightroom<\/em> and <em>Adobe Photoshop<\/em> programs.<\/p>\n<p>\u2705\u00a0<strong>The retouching price includes:<\/strong><\/p>\n<p><strong><span><a onclick=\"read_toggle(2132268265, 'Skaityti daugiau', 'Skaityti ma\u017eiau'); return false;\" class=\"read-link\" id=\"readlink2132268265\" style=\"readlink\" href=\"#\">Read more<\/a><\/span><\/p>\n<div class=\"read_div\" id=\"read2132268265\" style=\"display: none;\"><\/strong><\/p>\n<ul>\n<li>Uploading photos in JPG format;<\/li>\n<li>Adjustment of lighting;<\/li>\n<li>Exposition;<\/li>\n<li>Color temperature setting;<\/li>\n<li>Cropping the photo, if necessary;<\/li>\n<li>It also gives the photo a branded style;<\/li>\n<li>Background arrangement;<\/li>\n<li>Correction of facial features;<\/li>\n<\/ul>\n<p><strong><\/div>\n<p><\/strong><\/p>\n<p>\ud83d\udcb0<strong> Send the photos and we will evaluate the photos and send you payment instructions.<\/strong><\/p>\n<p><strong>\ud83d\udcb8 The service is exempt from VAT (21%) and an invoice is issued (upon the customer's request).<\/strong><\/p>\n<h5>FOR WORK ORDER:<\/h5>\n<p>\ud83d\udd3d Fill out the request form below and we will contact you with the final price and time of the work.<\/p>\n<div role=\"form\" class=\"wpcf7\" id=\"wpcf7-f3114-o1\" lang=\"lt-LT\" dir=\"ltr\">\n<div class=\"screen-reader-response\">\n<p role=\"status\" aria-live=\"polite\" aria-atomic=\"true\">\n<ul><\/ul>\n<\/div>\n<form action=\"\/en\/wp-json\/wp\/v2\/product\/972#wpcf7-f3114-o1\" method=\"post\" class=\"wpcf7-form init\" novalidate=\"novalidate\" data-status=\"init\" data-trp-original-action=\"\/en\/wp-json\/wp\/v2\/product\/972#wpcf7-f3114-o1\">\n<div style=\"display: none;\">\n<input type=\"hidden\" name=\"_wpcf7\" value=\"3114\" \/><br \/>\n<input type=\"hidden\" name=\"_wpcf7_version\" value=\"5.6.2\" \/><br \/>\n<input type=\"hidden\" name=\"_wpcf7_locale\" value=\"lt_LT\" \/><br \/>\n<input type=\"hidden\" name=\"_wpcf7_unit_tag\" value=\"wpcf7-f3114-o1\" \/><br \/>\n<input type=\"hidden\" name=\"_wpcf7_container_post\" value=\"0\" \/><br \/>\n<input type=\"hidden\" name=\"_wpcf7_posted_data_hash\" value=\"\" \/><br \/>\n<input type=\"hidden\" name=\"_wpcf7cf_hidden_group_fields\" value=\"[]\" \/><br \/>\n<input type=\"hidden\" name=\"_wpcf7cf_hidden_groups\" value=\"[]\" \/><br \/>\n<input type=\"hidden\" name=\"_wpcf7cf_visible_groups\" value=\"[]\" \/><br \/>\n<input type=\"hidden\" name=\"_wpcf7cf_repeaters\" value=\"[]\" \/><br \/>\n<input type=\"hidden\" name=\"_wpcf7cf_steps\" value=\"{}\" \/><br \/>\n<input type=\"hidden\" name=\"_wpcf7cf_options\" value=\"{&quot;form_id&quot;:3114,&quot;conditions&quot;:[],&quot;settings&quot;:{&quot;animation&quot;:&quot;yes&quot;,&quot;animation_intime&quot;:200,&quot;animation_outtime&quot;:200,&quot;conditions_ui&quot;:&quot;normal&quot;,&quot;notice_dismissed&quot;:false,&quot;notice_dismissed_update-cf7-5.6.3&quot;:true}}\" \/>\n<\/div>\n<h3> <center> Photo work order request:<\/center><\/h3>\n<p><label> Your e-mail:*<br \/>\n    <span class=\"wpcf7-form-control-wrap\" data-name=\"your-email\"><input type=\"email\" name=\"your-email\" value=\"\" size=\"40\" class=\"wpcf7-form-control wpcf7-text wpcf7-email wpcf7-validates-as-required wpcf7-validates-as-email\" aria-required=\"true\" aria-invalid=\"false\" \/><\/span> <\/label><\/p>\n<p><label> Pictures:* <\/label><br \/>\n<span class=\"wpcf7-form-control-wrap\" data-name=\"Nuotrauka\"><input type=\"file\" size=\"40\" class=\"wpcf7-form-control wpcf7-drag-n-drop-file d-none\" aria-required=\"true\" aria-invalid=\"false\" multiple=\"multiple\" data-name=\"Nuotrauka\" data-type=\"jpg|jpeg|gif|png|docx|xls|pptx|eps|ai|cdr|CR2|pdf\" data-min=\"1\" data-max=\"10\" data-id=\"3114\" data-version=\"free version 1.3.6.4\" accept=\".jpg, .jpeg, .gif, .png, .docx, .xls, .pptx, .eps, .ai, .cdr, .CR2, .pdf\" \/><\/span><\/p>\n<p><label> Your message (optional):<br \/>\n    <span class=\"wpcf7-form-control-wrap\" data-name=\"your-message\"><textarea name=\"your-message\" cols=\"40\" rows=\"10\" class=\"wpcf7-form-control wpcf7-textarea\" aria-invalid=\"false\"><\/textarea><\/span> <\/label><\/p>\n<p><span class=\"wpcf7-form-control-wrap\" data-name=\"Skubus_atlikimas\"><span class=\"wpcf7-form-control wpcf7-checkbox\"><span class=\"wpcf7-list-item first last\"><label><input type=\"checkbox\" name=\"Skubus_atlikimas[]\" value=\"Skubus atlikimas (i\u0161kart gavus apmok\u0117jim\u0105) (+30% papildomai nuo bendros sumos)\" \/><span class=\"wpcf7-list-item-label\">Priority execution (immediately upon receipt of payment) (+30% extra from the total amount)<\/span><\/label><\/span><\/span><\/span><\/p>\n<h6><center> We usually set a price and respond to your inquiry within one business day. <\/center><\/p>\n<\/h6>\n<p><input type=\"submit\" value=\"Submit\" class=\"wpcf7-form-control has-spinner wpcf7-submit\" \/><\/p>\n<p style=\"display: none !important;\" class=\"akismet-fields-container\" data-prefix=\"_wpcf7_ak_\"><label>&#916;<textarea name=\"_wpcf7_ak_hp_textarea\" cols=\"45\" rows=\"8\" maxlength=\"100\"><\/textarea><\/label><input type=\"hidden\" id=\"ak_js_1\" name=\"_wpcf7_ak_js\" value=\"249\"\/><script>document.getElementById( \"ak_js_1\" ).setAttribute( \"value\", ( new Date() ).getTime() );<\/script><\/p>\n<div class=\"wpcf7-response-output\" aria-hidden=\"true\"><\/div>\n<input type=\"hidden\" name=\"trp-form-language\" value=\"en\"\/><\/form>\n<\/div>","protected":false},"featured_media":1410,"template":"","meta":{"_monsterinsights_skip_tracking":false,"_monsterinsights_sitenote_active":false,"_monsterinsights_sitenote_note":"","_monsterinsights_sitenote_category":0,"site-sidebar-layout":"default","site-content-layout":"default","ast-global-header-display":"","ast-main-header-display":"","ast-hfb-above-header-display":"","ast-hfb-below-header-display":"","ast-hfb-mobile-header-display":"","site-post-title":"","ast-breadcrumbs-content":"","ast-featured-img":"","footer-sml-layout":"","theme-transparent-header-meta":"default","adv-header-id-meta":"","stick-header-meta":"","header-above-stick-meta":"","header-main-stick-meta":"","header-below-stick-meta":""},"product_cat":[47,16,27],"product_tag":[],"aioseo_notices":[],"uagb_featured_image_src":{"full":["https:\/\/jaunaideja.lt\/wp-content\/uploads\/2022\/08\/smiley-businesswoman-with-clipboard-taking-selfie-city_23-2148767023.jpg",626,418,false],"thumbnail":["https:\/\/jaunaideja.lt\/wp-content\/uploads\/2022\/08\/smiley-businesswoman-with-clipboard-taking-selfie-city_23-2148767023-150x150.jpg",150,150,true],"medium":["https:\/\/jaunaideja.lt\/wp-content\/uploads\/2022\/08\/smiley-businesswoman-with-clipboard-taking-selfie-city_23-2148767023-300x200.jpg",300,200,true],"medium_large":["https:\/\/jaunaideja.lt\/wp-content\/uploads\/2022\/08\/smiley-businesswoman-with-clipboard-taking-selfie-city_23-2148767023.jpg",626,418,false],"large":["https:\/\/jaunaideja.lt\/wp-content\/uploads\/2022\/08\/smiley-businesswoman-with-clipboard-taking-selfie-city_23-2148767023.jpg",626,418,false],"1536x1536":["https:\/\/jaunaideja.lt\/wp-content\/uploads\/2022\/08\/smiley-businesswoman-with-clipboard-taking-selfie-city_23-2148767023.jpg",626,418,false],"2048x2048":["https:\/\/jaunaideja.lt\/wp-content\/uploads\/2022\/08\/smiley-businesswoman-with-clipboard-taking-selfie-city_23-2148767023.jpg",626,418,false],"trp-custom-language-flag":["https:\/\/jaunaideja.lt\/wp-content\/uploads\/2022\/08\/smiley-businesswoman-with-clipboard-taking-selfie-city_23-2148767023.jpg",18,12,false],"mailpoet_newsletter_max":["https:\/\/jaunaideja.lt\/wp-content\/uploads\/2022\/08\/smiley-businesswoman-with-clipboard-taking-selfie-city_23-2148767023.jpg",626,418,false],"woocommerce_thumbnail":["https:\/\/jaunaideja.lt\/wp-content\/uploads\/2022\/08\/smiley-businesswoman-with-clipboard-taking-selfie-city_23-2148767023-300x300.jpg",300,300,true],"woocommerce_single":["https:\/\/jaunaideja.lt\/wp-content\/uploads\/2022\/08\/smiley-businesswoman-with-clipboard-taking-selfie-city_23-2148767023-600x401.jpg",600,401,true],"woocommerce_gallery_thumbnail":["https:\/\/jaunaideja.lt\/wp-content\/uploads\/2022\/08\/smiley-businesswoman-with-clipboard-taking-selfie-city_23-2148767023-100x100.jpg",100,100,true],"shop_catalog":["https:\/\/jaunaideja.lt\/wp-content\/uploads\/2022\/08\/smiley-businesswoman-with-clipboard-taking-selfie-city_23-2148767023-300x300.jpg",300,300,true],"shop_single":["https:\/\/jaunaideja.lt\/wp-content\/uploads\/2022\/08\/smiley-businesswoman-with-clipboard-taking-selfie-city_23-2148767023-600x401.jpg",600,401,true],"shop_thumbnail":["https:\/\/jaunaideja.lt\/wp-content\/uploads\/2022\/08\/smiley-businesswoman-with-clipboard-taking-selfie-city_23-2148767023-100x100.jpg",100,100,true]},"uagb_author_info":{"display_name":"Tautvydas Zaurynas","author_link":"https:\/\/jaunaideja.lt\/en\/author\/"},"uagb_comment_info":0,"uagb_excerpt":"Kaina nurodyta u\u017e vien\u0105 nuotrauk\u0105. (u\u017esisakant daugiau negu 4 nuotraukas taikoma 10% nuolaida) \u2705 Nesvarbu, ar esate pradedantysis, ar patyr\u0119s verslininkas, profesionalus verslo portretas yra puiki investicija \u012f j\u016bs\u0173 asmenin\u012f prek\u0117s \u017eenkl\u0105 ir geriausia reklama jums. Parodyk save profesionaliai, atskleisk miel\u0105 asmenyb\u0119, \u0161ypsokis, susikaupk, b\u016bk savimi. \u2705\u00a0Nuotrauk\u0173 retu\u0161avimas atliekamas Adobe Lightroom ir Adobe Photoshop programomis.&hellip;","_links":{"self":[{"href":"https:\/\/jaunaideja.lt\/en\/wp-json\/wp\/v2\/product\/972"}],"collection":[{"href":"https:\/\/jaunaideja.lt\/en\/wp-json\/wp\/v2\/product"}],"about":[{"href":"https:\/\/jaunaideja.lt\/en\/wp-json\/wp\/v2\/types\/product"}],"wp:featuredmedia":[{"embeddable":true,"href":"https:\/\/jaunaideja.lt\/en\/wp-json\/wp\/v2\/media\/1410"}],"wp:attachment":[{"href":"https:\/\/jaunaideja.lt\/en\/wp-json\/wp\/v2\/media?parent=972"}],"wp:term":[{"taxonomy":"product_cat","embeddable":true,"href":"https:\/\/jaunaideja.lt\/en\/wp-json\/wp\/v2\/product_cat?post=972"},{"taxonomy":"product_tag","embeddable":true,"href":"https:\/\/jaunaideja.lt\/en\/wp-json\/wp\/v2\/product_tag?post=972"}],"curies":[{"name":"wp","href":"https:\/\/api.w.org\/{rel}","templated":true}]}}