{"id":970,"date":"2022-08-03T13:56:26","date_gmt":"2022-08-03T13:56:26","guid":{"rendered":"https:\/\/jaunaideja.lt\/?post_type=product&#038;p=970"},"modified":"2024-08-14T14:08:12","modified_gmt":"2024-08-14T12:08:12","slug":"seo-optimizacija","status":"publish","type":"product","link":"https:\/\/jaunaideja.lt\/en\/paslauga\/seo-optimization\/","title":{"rendered":"SEO optimization"},"content":{"rendered":"<p><strong>SEO optimization - why is it necessary?<\/strong><br \/>\nHundreds of thousands of posts, pages and videos of different content are posted around the world every day. It is natural that information generated in such quantities starts to compete for readers' attention. Websites, email letters etc. are usually poorly optimized or not optimized at all. Poor SEO optimization means that such businesses rarely appear on the first page of Google searches.<\/p>\n<p>Did you know that the top 5 positions generate more than 70 percent of all traffic? So it's no wonder that more and more entrepreneurs and business owners want a website that is as search engine optimized as possible. In this way, your business not only becomes more visible to potential customers, but also receives more visitors.<\/p>\n<p><strong>How does Google search work?<\/strong><br \/>\nGooglebot visits thousands of websites every day, \"reads\" their content and stores this information on Google's servers. When a visitor uses the Google search engine, Google displays the collected data in the search results. However, many people don't know that Google takes some time to index newly published text and visual content. Google search only shows indexed information.<\/p>\n<p>When visiting many websites, the Google robot takes into account more than 200 different parameters and criteria. Google evaluates whether a website is properly optimized according to the following parameters: it is assigned a position for a specific search (keyword). Correctly evaluating these parameters and optimizing your website is one of the most important tasks of an experienced SEO specialist. This will put your company ahead of the competition.<\/p>\n<p><strong>Why use SEO optimization?<\/strong><br \/>\nTo determine if your website needs SEO optimization, you only need to ask one simple question: Are your products and services being searched for online? If the answer is yes, then the website needs to be optimized. Of course, if there is no demand for a product or service in Google searches, SEO optimization probably just isn't worth it. You can always use it <a href=\"https:\/\/jaunaideja.lt\/en\/paslauga\/seo-article-writing\/\" target=\"_blank\" rel=\"noopener\">SEO article writing<\/a>, which would generate website traffic and lead customers to visit the website from the article.<\/p>\n<pre><strong><a href=\"https:\/\/www.seoreviewtools.com\/google-seo-checker\/\" target=\"_blank\" rel=\"noopener\">Free website SEO check<\/a><\/strong><\/pre>\n<p>You can read more information about social media marketing on our business blog <a title=\"LiJIA\" href=\"http:\/\/www.lijia.lt\/\" target=\"_blank\" rel=\"noopener\">LiJIA<\/a>.<\/p>","protected":false},"excerpt":{"rendered":"<p><strong>SEO optimization<\/strong>\u00a0It is a technical, analytical and creative process designed to rank your website or e-shop higher in Google search results. Thanks to SEO optimization, you can get free traffic from high positions in search results for specific keywords.<\/p>\n<p><strong>\u2705 SEO OPTIMIZATION<\/strong><br \/>\nWebsite optimization for SEO can be divided into two parts:<\/p>\n<ul>\n<li>Internal SEO optimization;<\/li>\n<li>External SEO optimization;<\/li>\n<\/ul>\n<p>Internal SEO is one of the first and most important steps to a properly optimized website. If you want to optimize your website with internal SEO, you should know two things: whether the website has been properly technically optimized for search engines and whether the content of the website meets the requirements set by Google.<\/p>\n<p>We perform technical SEO optimization, only for CMS WordPress sites.<\/p>\n<div role=\"form\" class=\"wpcf7\" id=\"wpcf7-f6030-o1\" lang=\"lt-LT\" dir=\"ltr\">\n<div class=\"screen-reader-response\">\n<p role=\"status\" aria-live=\"polite\" aria-atomic=\"true\">\n<ul><\/ul>\n<\/div>\n<form action=\"\/en\/wp-json\/wp\/v2\/product\/970#wpcf7-f6030-o1\" method=\"post\" class=\"wpcf7-form init\" novalidate=\"novalidate\" data-status=\"init\" data-trp-original-action=\"\/en\/wp-json\/wp\/v2\/product\/970#wpcf7-f6030-o1\">\n<div style=\"display: none;\">\n<input type=\"hidden\" name=\"_wpcf7\" value=\"6030\" \/><br \/>\n<input type=\"hidden\" name=\"_wpcf7_version\" value=\"5.6.2\" \/><br \/>\n<input type=\"hidden\" name=\"_wpcf7_locale\" value=\"lt_LT\" \/><br \/>\n<input type=\"hidden\" name=\"_wpcf7_unit_tag\" value=\"wpcf7-f6030-o1\" \/><br \/>\n<input type=\"hidden\" name=\"_wpcf7_container_post\" value=\"0\" \/><br \/>\n<input type=\"hidden\" name=\"_wpcf7_posted_data_hash\" value=\"\" \/><br \/>\n<input type=\"hidden\" name=\"_wpcf7cf_hidden_group_fields\" value=\"[]\" \/><br \/>\n<input type=\"hidden\" name=\"_wpcf7cf_hidden_groups\" value=\"[]\" \/><br \/>\n<input type=\"hidden\" name=\"_wpcf7cf_visible_groups\" value=\"[]\" \/><br \/>\n<input type=\"hidden\" name=\"_wpcf7cf_repeaters\" value=\"[]\" \/><br \/>\n<input type=\"hidden\" name=\"_wpcf7cf_steps\" value=\"{}\" \/><br \/>\n<input type=\"hidden\" name=\"_wpcf7cf_options\" value=\"{&quot;form_id&quot;:6030,&quot;conditions&quot;:[],&quot;settings&quot;:{&quot;animation&quot;:&quot;yes&quot;,&quot;animation_intime&quot;:200,&quot;animation_outtime&quot;:200,&quot;conditions_ui&quot;:&quot;normal&quot;,&quot;notice_dismissed&quot;:false,&quot;notice_dismissed_update-cf7-5.6.3&quot;:true}}\" \/>\n<\/div>\n<h3><center> Send us your website link and we will give you a quote for SEO services <\/center><\/h3>\n<p><label> Your e-mail:*<br \/>\n    <span class=\"wpcf7-form-control-wrap\" data-name=\"your-email\"><input type=\"email\" name=\"your-email\" value=\"\" size=\"40\" class=\"wpcf7-form-control wpcf7-text wpcf7-email wpcf7-validates-as-required wpcf7-validates-as-email\" aria-required=\"true\" aria-invalid=\"false\" \/><\/span> <\/label><\/p>\n<p><label> Website URL:* <\/label><br \/>\n<span class=\"wpcf7-form-control-wrap\" data-name=\"svetaines-url\"><input type=\"url\" name=\"svetaines-url\" value=\"\" size=\"40\" class=\"wpcf7-form-control wpcf7-text wpcf7-url wpcf7-validates-as-required wpcf7-validates-as-url\" aria-required=\"true\" aria-invalid=\"false\" \/><\/span><\/p>\n<p><label> Additional comment to the order <\/label><br \/>\n<span class=\"wpcf7-form-control-wrap\" data-name=\"komentaras\"><textarea name=\"komentaras\" cols=\"40\" rows=\"10\" class=\"wpcf7-form-control wpcf7-textarea\" aria-invalid=\"false\"><\/textarea><\/span><\/p>\n<p><label> Service execution deadline: <\/label><br \/>\n<span class=\"wpcf7-form-control-wrap\" data-name=\"Skubus_atlikimas\"><span class=\"wpcf7-form-control wpcf7-checkbox\"><span class=\"wpcf7-list-item first last\"><label><input type=\"checkbox\" name=\"Skubus_atlikimas[]\" value=\"Skubus atlikimas (i\u0161kart gavus apmok\u0117jim\u0105) (+30% papildomai nuo bendros sumos)\" \/><span class=\"wpcf7-list-item-label\">Priority execution (immediately upon receipt of payment) (+30% extra from the total amount)<\/span><\/label><\/span><\/span><\/span><\/p>\n<h6><center> We usually set a price and respond to your inquiry within one business day. <\/center><\/p>\n<\/h6>\n<p><input type=\"submit\" value=\"Submit\" class=\"wpcf7-form-control has-spinner wpcf7-submit\" \/><\/p>\n<p style=\"display: none !important;\" class=\"akismet-fields-container\" data-prefix=\"_wpcf7_ak_\"><label>&#916;<textarea name=\"_wpcf7_ak_hp_textarea\" cols=\"45\" rows=\"8\" maxlength=\"100\"><\/textarea><\/label><input type=\"hidden\" id=\"ak_js_1\" name=\"_wpcf7_ak_js\" value=\"72\"\/><script>document.getElementById( \"ak_js_1\" ).setAttribute( \"value\", ( new Date() ).getTime() );<\/script><\/p>\n<div class=\"wpcf7-response-output\" aria-hidden=\"true\"><\/div>\n<input type=\"hidden\" name=\"trp-form-language\" value=\"en\"\/><\/form>\n<\/div>","protected":false},"featured_media":3332,"template":"","meta":{"_monsterinsights_skip_tracking":false,"_monsterinsights_sitenote_active":false,"_monsterinsights_sitenote_note":"","_monsterinsights_sitenote_category":0,"site-sidebar-layout":"default","site-content-layout":"default","ast-global-header-display":"","ast-main-header-display":"","ast-hfb-above-header-display":"","ast-hfb-below-header-display":"","ast-hfb-mobile-header-display":"","site-post-title":"","ast-breadcrumbs-content":"","ast-featured-img":"","footer-sml-layout":"","theme-transparent-header-meta":"default","adv-header-id-meta":"","stick-header-meta":"","header-above-stick-meta":"","header-main-stick-meta":"","header-below-stick-meta":""},"product_cat":[17,20],"product_tag":[],"aioseo_notices":[],"uagb_featured_image_src":{"full":["https:\/\/jaunaideja.lt\/wp-content\/uploads\/2022\/08\/5228697.jpg",2000,2000,false],"thumbnail":["https:\/\/jaunaideja.lt\/wp-content\/uploads\/2022\/08\/5228697-150x150.jpg",150,150,true],"medium":["https:\/\/jaunaideja.lt\/wp-content\/uploads\/2022\/08\/5228697-300x300.jpg",300,300,true],"medium_large":["https:\/\/jaunaideja.lt\/wp-content\/uploads\/2022\/08\/5228697-768x768.jpg",768,768,true],"large":["https:\/\/jaunaideja.lt\/wp-content\/uploads\/2022\/08\/5228697-1024x1024.jpg",1024,1024,true],"1536x1536":["https:\/\/jaunaideja.lt\/wp-content\/uploads\/2022\/08\/5228697-1536x1536.jpg",1536,1536,true],"2048x2048":["https:\/\/jaunaideja.lt\/wp-content\/uploads\/2022\/08\/5228697.jpg",2000,2000,false],"trp-custom-language-flag":["https:\/\/jaunaideja.lt\/wp-content\/uploads\/2022\/08\/5228697.jpg",12,12,false],"mailpoet_newsletter_max":["https:\/\/jaunaideja.lt\/wp-content\/uploads\/2022\/08\/5228697-1320x1320.jpg",1320,1320,true],"woocommerce_thumbnail":["https:\/\/jaunaideja.lt\/wp-content\/uploads\/2022\/08\/5228697-300x300.jpg",300,300,true],"woocommerce_single":["https:\/\/jaunaideja.lt\/wp-content\/uploads\/2022\/08\/5228697-600x600.jpg",600,600,true],"woocommerce_gallery_thumbnail":["https:\/\/jaunaideja.lt\/wp-content\/uploads\/2022\/08\/5228697-100x100.jpg",100,100,true],"shop_catalog":["https:\/\/jaunaideja.lt\/wp-content\/uploads\/2022\/08\/5228697-300x300.jpg",300,300,true],"shop_single":["https:\/\/jaunaideja.lt\/wp-content\/uploads\/2022\/08\/5228697-600x600.jpg",600,600,true],"shop_thumbnail":["https:\/\/jaunaideja.lt\/wp-content\/uploads\/2022\/08\/5228697-100x100.jpg",100,100,true]},"uagb_author_info":{"display_name":"Tautvydas Zaurynas","author_link":"https:\/\/jaunaideja.lt\/en\/author\/"},"uagb_comment_info":0,"uagb_excerpt":"\u2705 SEO\u00a0optimizacija\u00a0\u2013 tai techninis, analitinis ir k\u016brybinis procesas, skirtas J\u016bs\u0173 svetainei ar el. parduotuvei reitinguoti auk\u0161\u010diau Google paie\u0161kos rezultatuose. SEO optimizavimo d\u0117ka galite gauti nemokam\u0105 sraut\u0105 i\u0161 auk\u0161t\u0173 pozicij\u0173 paie\u0161kos rezultatuose pagal konkre\u010dius raktinius \u017eod\u017eius. \u2705 SEO OPTIMIZAVIMAS Svetain\u0117s optimizavim\u0105 SEO galima suskirstyti \u012f dvi dalis: Vidinis SEO optimizavimas; I\u0161orinis SEO optimizavimas; Vidinis SEO yra&hellip;","_links":{"self":[{"href":"https:\/\/jaunaideja.lt\/en\/wp-json\/wp\/v2\/product\/970"}],"collection":[{"href":"https:\/\/jaunaideja.lt\/en\/wp-json\/wp\/v2\/product"}],"about":[{"href":"https:\/\/jaunaideja.lt\/en\/wp-json\/wp\/v2\/types\/product"}],"wp:featuredmedia":[{"embeddable":true,"href":"https:\/\/jaunaideja.lt\/en\/wp-json\/wp\/v2\/media\/3332"}],"wp:attachment":[{"href":"https:\/\/jaunaideja.lt\/en\/wp-json\/wp\/v2\/media?parent=970"}],"wp:term":[{"taxonomy":"product_cat","embeddable":true,"href":"https:\/\/jaunaideja.lt\/en\/wp-json\/wp\/v2\/product_cat?post=970"},{"taxonomy":"product_tag","embeddable":true,"href":"https:\/\/jaunaideja.lt\/en\/wp-json\/wp\/v2\/product_tag?post=970"}],"curies":[{"name":"wp","href":"https:\/\/api.w.org\/{rel}","templated":true}]}}