{"id":968,"date":"2022-08-03T12:36:29","date_gmt":"2022-08-03T12:36:29","guid":{"rendered":"https:\/\/jaunaideja.lt\/?post_type=product&#038;p=968"},"modified":"2024-08-14T14:08:32","modified_gmt":"2024-08-14T12:08:32","slug":"socialiniu-tinklu-marketingas","status":"publish","type":"product","link":"https:\/\/jaunaideja.lt\/en\/paslauga\/social-network-marketing\/","title":{"rendered":"Social network marketing"},"content":{"rendered":"<p>\u2705 Earlier <strong>investing in social media marketing<\/strong> little attention was paid to the strategy chosen and the specific goals to be achieved. It was based primarily on the principle of risk and the simple observation that what pays off best brings more benefits than the investment of money or human resources. <strong>Social media marketing has become one of the most attractive advertising opportunities<\/strong> with clearly tangible results. Every penny you invest should bring tangible benefits.<\/p>\n<p>\u2705 Currently, social networks are getting more and more attention. Although earlier television and radio were recognized as one of the most effective means of advertising, but the Internet is currently trying to become the first, because <strong>can reach millions of people in milliseconds.<\/strong> So when we talk about social media, we are mainly talking about <strong>unlimited internet capabilities.<\/strong> Here are a few <strong>Benefits of Social Media Marketing:<\/strong><\/p>\n<ul>\n<li class=\" translation-block\">Marketing in this area allows you to get to know the company, <strong>spread information<\/strong> about the services provided or the products sold;<\/li>\n<li class=\" translation-block\"><strong>The company's reputation improves,<\/strong> therefore not only advertising is important, but also the presentation of your work;<\/li>\n<li class=\" translation-block\">Media helps to <strong>increase traffic<\/strong>. Especially if you have an online store;<\/li>\n<li class=\" translation-block\">Obviously, <strong>Google search ranking is increasing<\/strong>, so again those who have websites or trading platforms are winning;<\/li>\n<li class=\" translation-block\">It also <strong>increases the loyalty of customers and society as a whole<\/strong>;<\/li>\n<\/ul>\n<p class=\" translation-block\">Of course, communication is also necessary because <strong>marketing and communication are two inseparable aspects of successful business development.<\/strong><\/p>\n<p>\u2705 Of course <strong>not all channels are equally good.<\/strong> Some are simply not worth investing in because<strong> information on a particular channel may not find the right audience<\/strong>. Again, appropriate<strong> strategy development,<\/strong> feasibility assessment and anticipation of likely end point \u2013 <strong>the best guarantee that you will get the result you expect.<\/strong><\/p>\n<p>\u2705 While some try to take the first steps themselves, others choose <strong>reliable specialists in their field.<\/strong> Either way, social media marketing is very important<strong> to communicate effectively with users.<\/strong><\/p>\n<p>You can read more information about social media marketing on our business blog <a title=\"LiJIA\" href=\"http:\/\/www.lijia.lt\/\" target=\"_blank\" rel=\"noopener\">LiJIA<\/a>.<\/p>","protected":false},"excerpt":{"rendered":"<p>\u2705 <strong>Social media marketing is an opportunity to increase your brand awareness,<\/strong> improve your reputation, indirectly increase your sales and become better known. If you are still wondering why some advertising brands are so famous and recognized in the world and others are not so famous even after hard work, <strong>social networking is the answer.<\/strong><\/p>\n<p>\u2705<strong> The analysis price includes:<\/strong><\/p>\n<p><strong><span><a onclick=\"read_toggle(993596243, 'Skaityti daugiau', 'Skaityti ma\u017eiau'); return false;\" class=\"read-link\" id=\"readlink993596243\" style=\"readlink\" href=\"#\">Read more<\/a><\/span><\/p>\n<div class=\"read_div\" id=\"read993596243\" style=\"display: none;\"><\/strong><\/p>\n<ul>\n<li>Your individual analysis of each social network (YouTube, Facebook, Instagram, Tik Tok, LinkedIn);<\/li>\n<li>Tips to help your social networks look more professional.<\/li>\n<li>Identifying social networks suitable for your business;<\/li>\n<li>Your customer's profile on the social network;<\/li>\n<li>Paid advertising settings for business;<\/li>\n<li>Social media trends worth trying;<\/li>\n<li>Social media plan to increase awareness and sales;<\/li>\n<li>The most suitable advertising method for your business;<\/li>\n<li>Determination of advertising prices, taking into account the budget specified by you;<\/li>\n<li>Analysis prepared in PDF and Word format;<\/li>\n<\/ul>\n<p><strong><\/div>\n<p><\/strong><\/p>\n<p><strong>\ud83d\udcb8 The service is exempt from VAT (21%) and an invoice is issued (upon the customer's request).<\/strong><\/p>","protected":false},"featured_media":1419,"template":"","meta":{"_monsterinsights_skip_tracking":false,"_monsterinsights_sitenote_active":false,"_monsterinsights_sitenote_note":"","_monsterinsights_sitenote_category":0,"site-sidebar-layout":"default","site-content-layout":"default","ast-global-header-display":"","ast-main-header-display":"","ast-hfb-above-header-display":"","ast-hfb-below-header-display":"","ast-hfb-mobile-header-display":"","site-post-title":"","ast-breadcrumbs-content":"","ast-featured-img":"","footer-sml-layout":"","theme-transparent-header-meta":"default","adv-header-id-meta":"","stick-header-meta":"","header-above-stick-meta":"","header-main-stick-meta":"","header-below-stick-meta":""},"product_cat":[47,20],"product_tag":[],"aioseo_notices":[],"uagb_featured_image_src":{"full":["https:\/\/jaunaideja.lt\/wp-content\/uploads\/2022\/08\/high-angle-view-social-media-plan-working-workplace-1-scaled.jpg",2560,2048,false],"thumbnail":["https:\/\/jaunaideja.lt\/wp-content\/uploads\/2022\/08\/high-angle-view-social-media-plan-working-workplace-1-150x150.jpg",150,150,true],"medium":["https:\/\/jaunaideja.lt\/wp-content\/uploads\/2022\/08\/high-angle-view-social-media-plan-working-workplace-1-300x240.jpg",300,240,true],"medium_large":["https:\/\/jaunaideja.lt\/wp-content\/uploads\/2022\/08\/high-angle-view-social-media-plan-working-workplace-1-768x614.jpg",768,614,true],"large":["https:\/\/jaunaideja.lt\/wp-content\/uploads\/2022\/08\/high-angle-view-social-media-plan-working-workplace-1-1024x819.jpg",1024,819,true],"1536x1536":["https:\/\/jaunaideja.lt\/wp-content\/uploads\/2022\/08\/high-angle-view-social-media-plan-working-workplace-1-1536x1229.jpg",1536,1229,true],"2048x2048":["https:\/\/jaunaideja.lt\/wp-content\/uploads\/2022\/08\/high-angle-view-social-media-plan-working-workplace-1-2048x1638.jpg",2048,1638,true],"trp-custom-language-flag":["https:\/\/jaunaideja.lt\/wp-content\/uploads\/2022\/08\/high-angle-view-social-media-plan-working-workplace-1-scaled.jpg",15,12,false],"mailpoet_newsletter_max":["https:\/\/jaunaideja.lt\/wp-content\/uploads\/2022\/08\/high-angle-view-social-media-plan-working-workplace-1-1320x1056.jpg",1320,1056,true],"woocommerce_thumbnail":["https:\/\/jaunaideja.lt\/wp-content\/uploads\/2022\/08\/high-angle-view-social-media-plan-working-workplace-1-scaled-300x300.jpg",300,300,true],"woocommerce_single":["https:\/\/jaunaideja.lt\/wp-content\/uploads\/2022\/08\/high-angle-view-social-media-plan-working-workplace-1-scaled-600x480.jpg",600,480,true],"woocommerce_gallery_thumbnail":["https:\/\/jaunaideja.lt\/wp-content\/uploads\/2022\/08\/high-angle-view-social-media-plan-working-workplace-1-scaled-100x100.jpg",100,100,true],"shop_catalog":["https:\/\/jaunaideja.lt\/wp-content\/uploads\/2022\/08\/high-angle-view-social-media-plan-working-workplace-1-scaled-300x300.jpg",300,300,true],"shop_single":["https:\/\/jaunaideja.lt\/wp-content\/uploads\/2022\/08\/high-angle-view-social-media-plan-working-workplace-1-scaled-600x480.jpg",600,480,true],"shop_thumbnail":["https:\/\/jaunaideja.lt\/wp-content\/uploads\/2022\/08\/high-angle-view-social-media-plan-working-workplace-1-scaled-100x100.jpg",100,100,true]},"uagb_author_info":{"display_name":"Tautvydas Zaurynas","author_link":"https:\/\/jaunaideja.lt\/en\/author\/"},"uagb_comment_info":0,"uagb_excerpt":"\u2705 Socialini\u0173 tinkl\u0173 marketingas yra galimyb\u0117 padidinti savo prek\u0117s \u017eenklo \u017einomum\u0105, gerinti savo reputacij\u0105, netiesiogiai padidinti pardavimus ir tapti labiau \u017einomu. Jei vis dar svarstote, kod\u0117l kai kurie reklamos prek\u0117s \u017eenklai yra tokie \u017einomi ir pripa\u017einti pasaulyje, o kiti n\u0117ra tokie \u017einomi net ir po sunkaus darbo, socialiniai tinklai yra atsakymas. \u2705 \u012e analiz\u0117s kain\u0105&hellip;","_links":{"self":[{"href":"https:\/\/jaunaideja.lt\/en\/wp-json\/wp\/v2\/product\/968"}],"collection":[{"href":"https:\/\/jaunaideja.lt\/en\/wp-json\/wp\/v2\/product"}],"about":[{"href":"https:\/\/jaunaideja.lt\/en\/wp-json\/wp\/v2\/types\/product"}],"wp:featuredmedia":[{"embeddable":true,"href":"https:\/\/jaunaideja.lt\/en\/wp-json\/wp\/v2\/media\/1419"}],"wp:attachment":[{"href":"https:\/\/jaunaideja.lt\/en\/wp-json\/wp\/v2\/media?parent=968"}],"wp:term":[{"taxonomy":"product_cat","embeddable":true,"href":"https:\/\/jaunaideja.lt\/en\/wp-json\/wp\/v2\/product_cat?post=968"},{"taxonomy":"product_tag","embeddable":true,"href":"https:\/\/jaunaideja.lt\/en\/wp-json\/wp\/v2\/product_tag?post=968"}],"curies":[{"name":"wp","href":"https:\/\/api.w.org\/{rel}","templated":true}]}}