{"id":967,"date":"2022-08-03T11:58:15","date_gmt":"2022-08-03T11:58:15","guid":{"rendered":"https:\/\/jaunaideja.lt\/?post_type=product&#038;p=967"},"modified":"2025-01-28T17:00:42","modified_gmt":"2025-01-28T15:00:42","slug":"2d-animacija-istoriju","status":"publish","type":"product","link":"https:\/\/jaunaideja.lt\/en\/paslauga\/2d-animation-story\/","title":{"rendered":"Creating animated social media stories"},"content":{"rendered":"<p>\u2705<strong> 2D animation - ads in this format<\/strong> can be created to reach audiences, generate leads, drive app installs, video views, and conversions.<\/p>\n<p>\u2705 <strong>Both Instagram and Facebook<\/strong> stories is a full-screen format where users share moments of their day through photos and videos. This information disappears after 24 hours, but the user can permanently save the thickness in his account at the most important moments.<\/p>\n<p>Creating animated social media stories is a great way to grab attention and engage your audience. Here are some tips for creating quality animated stories:<\/p>\n<ol>\n<li><strong>Choose the right platform:<\/strong> Different social networks have their own specific format requirements. Before you start building, familiarize yourself with the size and shape requirements of each platform.<\/li>\n<li><strong>Creativity and originality:<\/strong> Be creative and create interesting, engaging content that stands out from the crowd.<\/li>\n<li><strong>Brevity:<\/strong> Animations in social media stories should be short and dynamic. Stick to short video snippets that are the right length for specific social networks.<\/li>\n<li><strong>Clarity and simplicity:<\/strong> Choose a clear topic and convey the idea simply. It is important that the audience can easily understand what you want to convey to them.<\/li>\n<li><strong>Interactivity:<\/strong> Use interactive elements such as polls, questions, polls, or links to encourage audience interaction and action.<\/li>\n<li><strong>Using music and sound effects:<\/strong> You can add background music, sound effects or even voiceovers to add more dynamics and emotion to the story.<\/li>\n<li><strong>Narrative flow:<\/strong> Create a story with a clear beginning, middle, and end flow. This will help your audience understand the structure of your message.<\/li>\n<li><strong>Testing and review:<\/strong> Before submitting your text, proofread and make sure everything reads smoothly and is of good quality.<\/li>\n<\/ol>\n<p>2D animation can be a fun and effective way to draw attention to your product, service or simply important messages. It is important to create content that is engaging and tailored to a specific audience.<\/p>\n<p>Read more on our business blog <a title=\"LiJIA\" href=\"http:\/\/www.lijia.lt\/\" target=\"_blank\" rel=\"noopener\">LiJIA<\/a>.<\/p>","protected":false},"excerpt":{"rendered":"<p>\u2705<strong>\u00a0The price of the work includes:<\/strong><\/p>\n<ul>\n<li>A 10-15 second video is adapted for social network thicknesses;<\/li>\n<li>Ad size 1080px width x 1920 height (9:16), adapted for mobile devices;<\/li>\n<li>3 corrections;<\/li>\n<li>High quality video;<\/li>\n<li>Analysis of needs - stylistics, desired result and market of the area.<\/li>\n<li>User and competitor analysis;<\/li>\n<li>Graphic designer and marketing specialist consultations.<\/li>\n<li>Your chosen text;<\/li>\n<\/ul>\n<p>\ud83d\udca1\u00a0<strong>Don't have an idea?<\/strong> No problem, in the order form below, provide the text and additional necessary information and taking into account your information <strong>we will come up with an idea and perform the service.<\/strong><\/p>\n<p><strong>\ud83d\udcb8 The service is exempt from VAT (21%) and an invoice is issued (upon the customer's request).<\/strong><\/p>\n<p>\u270d\ufe0f Please pay attention to grammar and punctuation errors when specifying the text, as we are not responsible for this! Possibility to correct errors in the order before the start of work.<\/p>","protected":false},"featured_media":1420,"template":"","meta":{"_monsterinsights_skip_tracking":false,"_monsterinsights_sitenote_active":false,"_monsterinsights_sitenote_note":"","_monsterinsights_sitenote_category":0,"site-sidebar-layout":"default","site-content-layout":"default","ast-global-header-display":"","ast-main-header-display":"","ast-hfb-above-header-display":"","ast-hfb-below-header-display":"","ast-hfb-mobile-header-display":"","site-post-title":"","ast-breadcrumbs-content":"","ast-featured-img":"","footer-sml-layout":"","theme-transparent-header-meta":"default","adv-header-id-meta":"","stick-header-meta":"","header-above-stick-meta":"","header-main-stick-meta":"","header-below-stick-meta":""},"product_cat":[47,16,27,34,32],"product_tag":[42,40,38,41],"aioseo_notices":[],"uagb_featured_image_src":{"full":["https:\/\/jaunaideja.lt\/wp-content\/uploads\/2022\/08\/Socialiniai-irasai2.jpg",2000,2000,false],"thumbnail":["https:\/\/jaunaideja.lt\/wp-content\/uploads\/2022\/08\/Socialiniai-irasai2-150x150.jpg",150,150,true],"medium":["https:\/\/jaunaideja.lt\/wp-content\/uploads\/2022\/08\/Socialiniai-irasai2-300x300.jpg",300,300,true],"medium_large":["https:\/\/jaunaideja.lt\/wp-content\/uploads\/2022\/08\/Socialiniai-irasai2-768x768.jpg",768,768,true],"large":["https:\/\/jaunaideja.lt\/wp-content\/uploads\/2022\/08\/Socialiniai-irasai2-1024x1024.jpg",1024,1024,true],"1536x1536":["https:\/\/jaunaideja.lt\/wp-content\/uploads\/2022\/08\/Socialiniai-irasai2-1536x1536.jpg",1536,1536,true],"2048x2048":["https:\/\/jaunaideja.lt\/wp-content\/uploads\/2022\/08\/Socialiniai-irasai2.jpg",2000,2000,false],"trp-custom-language-flag":["https:\/\/jaunaideja.lt\/wp-content\/uploads\/2022\/08\/Socialiniai-irasai2.jpg",12,12,false],"mailpoet_newsletter_max":["https:\/\/jaunaideja.lt\/wp-content\/uploads\/2022\/08\/Socialiniai-irasai2-1320x1320.jpg",1320,1320,true],"woocommerce_thumbnail":["https:\/\/jaunaideja.lt\/wp-content\/uploads\/2022\/08\/Socialiniai-irasai2-300x300.jpg",300,300,true],"woocommerce_single":["https:\/\/jaunaideja.lt\/wp-content\/uploads\/2022\/08\/Socialiniai-irasai2-600x600.jpg",600,600,true],"woocommerce_gallery_thumbnail":["https:\/\/jaunaideja.lt\/wp-content\/uploads\/2022\/08\/Socialiniai-irasai2-100x100.jpg",100,100,true],"shop_catalog":["https:\/\/jaunaideja.lt\/wp-content\/uploads\/2022\/08\/Socialiniai-irasai2-300x300.jpg",300,300,true],"shop_single":["https:\/\/jaunaideja.lt\/wp-content\/uploads\/2022\/08\/Socialiniai-irasai2-600x600.jpg",600,600,true],"shop_thumbnail":["https:\/\/jaunaideja.lt\/wp-content\/uploads\/2022\/08\/Socialiniai-irasai2-100x100.jpg",100,100,true]},"uagb_author_info":{"display_name":"Tautvydas Zaurynas","author_link":"https:\/\/jaunaideja.lt\/en\/author\/"},"uagb_comment_info":0,"uagb_excerpt":"\u2705\u00a0\u012e montavimo kain\u0105 \u012fskai\u010diuota: 10-15 sekund\u017ei\u0173 vaizdo \u012fra\u0161as pritaikytas socialini\u0173 tinkl\u0173 storiams; Reklamos dydis 1080px plo\u010dio x 1920 auk\u0161\u010dio (9:16), pritaikytas mobiliems \u012frenginiams; 3 korekcijos; Auk\u0161tos kokyb\u0117s vaizdo \u012fra\u0161as; Poreiki\u0173 analizavimas \u2013 stilistika, siekiamas rezultatas ir srities rinka. Vartotoj\u0173 ir konkurent\u0173 analizavimas; Grafikos dizainerio ir marketingo specialisto konsultacijos. J\u016bs\u0173 pasirinktas tekstas; \ud83d\udca1\u00a0Neturite id\u0117jos? Ne problema,&hellip;","_links":{"self":[{"href":"https:\/\/jaunaideja.lt\/en\/wp-json\/wp\/v2\/product\/967"}],"collection":[{"href":"https:\/\/jaunaideja.lt\/en\/wp-json\/wp\/v2\/product"}],"about":[{"href":"https:\/\/jaunaideja.lt\/en\/wp-json\/wp\/v2\/types\/product"}],"wp:featuredmedia":[{"embeddable":true,"href":"https:\/\/jaunaideja.lt\/en\/wp-json\/wp\/v2\/media\/1420"}],"wp:attachment":[{"href":"https:\/\/jaunaideja.lt\/en\/wp-json\/wp\/v2\/media?parent=967"}],"wp:term":[{"taxonomy":"product_cat","embeddable":true,"href":"https:\/\/jaunaideja.lt\/en\/wp-json\/wp\/v2\/product_cat?post=967"},{"taxonomy":"product_tag","embeddable":true,"href":"https:\/\/jaunaideja.lt\/en\/wp-json\/wp\/v2\/product_tag?post=967"}],"curies":[{"name":"wp","href":"https:\/\/api.w.org\/{rel}","templated":true}]}}