{"id":965,"date":"2022-08-03T09:57:52","date_gmt":"2022-08-03T09:57:52","guid":{"rendered":"https:\/\/jaunaideja.lt\/?post_type=product&#038;p=965"},"modified":"2024-08-14T14:09:00","modified_gmt":"2024-08-14T12:09:00","slug":"2d-animacija-reklama","status":"publish","type":"product","link":"https:\/\/jaunaideja.lt\/en\/paslauga\/2d-animation-advertising\/","title":{"rendered":"Creation of 2D animated advertisements"},"content":{"rendered":"<p>\u2705<strong> Looking for ways to uniquely capture the attention of your customers?<\/strong> 2D animation - will allow you to be unique, increase website traffic and sales.<strong> 2D animation<\/strong> - is a video format that allows you to present your services or products in an extremely attractive, fun, colorful and lively way.<strong> You catch the user's eye and keep their attention!<\/strong><\/p>\n<p>\u2705 Infographics in the form of animation<strong> easy to adapt to different brands.<\/strong> Regardless of what kind of services you provide or sell products, we can present this type to you in an understandable and interesting way. An infographic is a collection of charts, numbers, pictures and text. This will make the topic easier to understand and encourage user engagement. <strong>Such animation helps to attract and keep the viewer's attention until the end.<\/strong><\/p>\n<p>\u2705 <strong>Did you know<\/strong> that colors can motivate a consumer to take action such as buying, visiting your website or remembering your brand for a long time? <strong>Color animation<\/strong> - one of the best ways to present your company, business, services or products in an interesting way. Information is presented in a unique and fun way, and most importantly, <strong>helps to remember and encourage the consumer to buy.<\/strong><\/p>\n<p>Creating quality 2D animated ads can be an effective way to attract attention and spread your message. Here are some steps to create a 2D animated ad:<\/p>\n<ol>\n<li><strong>Define goals:<\/strong> Determine what message or message you want to convey in your ad. It can be the presentation of products or services, a certain promotion or a special offer.<\/li>\n<li><strong>Creative ideas and script:<\/strong> Generate creative ideas and develop a script to define the content of the advertisement to be attractive and informative.<\/li>\n<li><strong>Creative design:<\/strong> Choose styles and design elements that reflect the identity of your product or service.<\/li>\n<li><strong>Soundtrack:<\/strong> Do not forget to add a soundtrack, which can be music, voice recording or sound effects. A soundtrack can add more emotion and dynamics to an ad.<\/li>\n<\/ol>\n<p>The key is to get creative with your message and create content that is engaging, informative and memorable. It can help draw attention to your product, service or brand.<\/p>\n<p>Read more on our business blog <a title=\"LiJIA\" href=\"http:\/\/www.lijia.lt\/\" target=\"_blank\" rel=\"noopener\">LiJIA<\/a>.<\/p>","protected":false},"excerpt":{"rendered":"<p>\u2705 <strong>The animation price includes:<\/strong><\/p>\n<ul>\n<li>Analysis of needs - stylistics, the desired result and the market of the area;<\/li>\n<li>High quality video;<\/li>\n<li>Plan;<\/li>\n<li>Musical background;<\/li>\n<li>Professional English dubbing;<\/li>\n<li>Adding a logo;<\/li>\n<li>Your desired text;<\/li>\n<li>Graphic designer, multimedia and marketing specialist consultations;<\/li>\n<\/ul>\n<p>\u2705\u00a0<strong>Additional options:<\/strong><\/p>\n<p><strong><span><a onclick=\"read_toggle(877453641, 'Skaityti daugiau', 'Skaityti ma\u017eiau'); return false;\" class=\"read-link\" id=\"readlink877453641\" style=\"readlink\" href=\"#\">Read more<\/a><\/span><\/p>\n<div class=\"read_div\" id=\"read877453641\" style=\"display: none;\"><\/strong><\/p>\n<ul>\n<li>Subtitles in Lithuanian or English;<\/li>\n<li>Script writing;<\/li>\n<li>Professional Lithuanian dubbing (finding a dubbing company), paid only after seeing the final version of the video without dubbing (bank transfer directly to the dubbing company);<\/li>\n<\/ul>\n<p><strong><\/div>\n<p><\/strong><\/p>\n<p><strong>Professional Lithuanian dubbing (finding a dubbing company), paid only after seeing the final version of the video without dubbing (bank transfer directly to the dubbing company);<\/strong><\/p>\n<p>\ud83d\udca1\u00a0<strong>Don't have an idea?<\/strong> No problem, in the order form below, provide the text and additional necessary information and taking into account your information <strong>we will come up with an idea and perform the service.<br \/>\n<\/strong><\/p>\n<p><strong>\ud83d\udcb8 The service is exempt from VAT (21%) and an invoice is issued (upon the customer's request).<\/strong><\/p>","protected":false},"featured_media":1432,"template":"","meta":{"_monsterinsights_skip_tracking":false,"_monsterinsights_sitenote_active":false,"_monsterinsights_sitenote_note":"","_monsterinsights_sitenote_category":0,"site-sidebar-layout":"default","site-content-layout":"default","ast-global-header-display":"","ast-main-header-display":"","ast-hfb-above-header-display":"","ast-hfb-below-header-display":"","ast-hfb-mobile-header-display":"","site-post-title":"","ast-breadcrumbs-content":"","ast-featured-img":"","footer-sml-layout":"","theme-transparent-header-meta":"default","adv-header-id-meta":"","stick-header-meta":"","header-above-stick-meta":"","header-main-stick-meta":"","header-below-stick-meta":""},"product_cat":[47,16,27,34,32],"product_tag":[45,44],"aioseo_notices":[],"uagb_featured_image_src":{"full":["https:\/\/jaunaideja.lt\/wp-content\/uploads\/2022\/08\/2D-vaizdo-irasas-e1661202816162.jpg",1800,1097,false],"thumbnail":["https:\/\/jaunaideja.lt\/wp-content\/uploads\/2022\/08\/2D-vaizdo-irasas-e1661202816162-150x150.jpg",150,150,true],"medium":["https:\/\/jaunaideja.lt\/wp-content\/uploads\/2022\/08\/2D-vaizdo-irasas-e1661202816162-300x183.jpg",300,183,true],"medium_large":["https:\/\/jaunaideja.lt\/wp-content\/uploads\/2022\/08\/2D-vaizdo-irasas-e1661202816162-768x468.jpg",768,468,true],"large":["https:\/\/jaunaideja.lt\/wp-content\/uploads\/2022\/08\/2D-vaizdo-irasas-e1661202816162-1024x624.jpg",1024,624,true],"1536x1536":["https:\/\/jaunaideja.lt\/wp-content\/uploads\/2022\/08\/2D-vaizdo-irasas-e1661202816162-1536x936.jpg",1536,936,true],"2048x2048":["https:\/\/jaunaideja.lt\/wp-content\/uploads\/2022\/08\/2D-vaizdo-irasas-e1661202816162.jpg",1800,1097,false],"trp-custom-language-flag":["https:\/\/jaunaideja.lt\/wp-content\/uploads\/2022\/08\/2D-vaizdo-irasas-e1661202816162.jpg",18,12,false],"mailpoet_newsletter_max":["https:\/\/jaunaideja.lt\/wp-content\/uploads\/2022\/08\/2D-vaizdo-irasas-e1661202816162-1320x804.jpg",1320,804,true],"woocommerce_thumbnail":["https:\/\/jaunaideja.lt\/wp-content\/uploads\/2022\/08\/2D-vaizdo-irasas-e1661202816162-300x300.jpg",300,300,true],"woocommerce_single":["https:\/\/jaunaideja.lt\/wp-content\/uploads\/2022\/08\/2D-vaizdo-irasas-e1661202816162-600x366.jpg",600,366,true],"woocommerce_gallery_thumbnail":["https:\/\/jaunaideja.lt\/wp-content\/uploads\/2022\/08\/2D-vaizdo-irasas-e1661202816162-100x100.jpg",100,100,true],"shop_catalog":["https:\/\/jaunaideja.lt\/wp-content\/uploads\/2022\/08\/2D-vaizdo-irasas-e1661202816162-300x300.jpg",300,300,true],"shop_single":["https:\/\/jaunaideja.lt\/wp-content\/uploads\/2022\/08\/2D-vaizdo-irasas-e1661202816162-600x366.jpg",600,366,true],"shop_thumbnail":["https:\/\/jaunaideja.lt\/wp-content\/uploads\/2022\/08\/2D-vaizdo-irasas-e1661202816162-100x100.jpg",100,100,true]},"uagb_author_info":{"display_name":"Tautvydas Zaurynas","author_link":"https:\/\/jaunaideja.lt\/en\/author\/"},"uagb_comment_info":0,"uagb_excerpt":"\u2705 \u012e animacijos kain\u0105 \u012fskai\u010diuota: Poreiki\u0173 analizavimas \u2013 stilistika, siekiamas rezultatas ir srities rinka; Auk\u0161tos kokyb\u0117s vaizdo \u012fra\u0161as; Kadruot\u0117; Muzikinis fonas; Profesionalus angli\u0161kas \u012fgarsinimas; Logotipo prid\u0117jimas; J\u016bs\u0173 norimas tekstas; Grafikos dizainerio, multimedijos ir marketingo specialisto konsultacijos; \u2705\u00a0Papildomos galimyb\u0117s: [read more] Subtitrai lietuvi\u0173 arba angl\u0173 kalba; Scenarijaus ra\u0161ymas; Profesionalus lietuvi\u0161kas \u012fgarsinimas (surandama \u012fmon\u0117 kuri \u012fgarsina), sumokama&hellip;","_links":{"self":[{"href":"https:\/\/jaunaideja.lt\/en\/wp-json\/wp\/v2\/product\/965"}],"collection":[{"href":"https:\/\/jaunaideja.lt\/en\/wp-json\/wp\/v2\/product"}],"about":[{"href":"https:\/\/jaunaideja.lt\/en\/wp-json\/wp\/v2\/types\/product"}],"wp:featuredmedia":[{"embeddable":true,"href":"https:\/\/jaunaideja.lt\/en\/wp-json\/wp\/v2\/media\/1432"}],"wp:attachment":[{"href":"https:\/\/jaunaideja.lt\/en\/wp-json\/wp\/v2\/media?parent=965"}],"wp:term":[{"taxonomy":"product_cat","embeddable":true,"href":"https:\/\/jaunaideja.lt\/en\/wp-json\/wp\/v2\/product_cat?post=965"},{"taxonomy":"product_tag","embeddable":true,"href":"https:\/\/jaunaideja.lt\/en\/wp-json\/wp\/v2\/product_tag?post=965"}],"curies":[{"name":"wp","href":"https:\/\/api.w.org\/{rel}","templated":true}]}}