{"id":964,"date":"2022-08-02T22:17:50","date_gmt":"2022-08-02T20:17:50","guid":{"rendered":"https:\/\/jaunaideja.lt\/?post_type=product&#038;p=964"},"modified":"2024-08-14T14:09:17","modified_gmt":"2024-08-14T12:09:17","slug":"video-montavimas-pradzios","status":"publish","type":"product","link":"https:\/\/jaunaideja.lt\/en\/paslauga\/video-installation-beginning\/","title":{"rendered":"Creating intro and outro videos"},"content":{"rendered":"<p>\u2705 <strong>Video editing<\/strong> - allows you to recognize your brand instantly <strong>stand out from the competition.<\/strong><\/p>\n<p>\u2705 <strong>The main reason the intro is important is to retain new viewers.<\/strong> If you're looking to grow your channel, you're naturally trying to attract new viewers, so with an intro, you'll quickly show what the video is about, so new viewers will want to keep watching.<\/p>\n<p>\u2705 After adding the beginning to the video, it<strong> will become more attractive and professional.<\/strong><\/p>\n<p>\u2705 <strong>Maintaining human attention for 7 seconds<\/strong>, so finding your new audience is becoming more and more difficult. Just one mistake in those 7 seconds and you'll lose the viewer.<\/p>\n<p>\u2705 Global data traffic is heavily focused on video and predicts that <strong>from 2022 about 82%<\/strong> of global data traffic will consist of videos.<\/p>\n<p>Opening and closing videos are an important part of the creative process, helping to draw attention to your content at the beginning and end. Here are some tips for creating quality opening and closing videos:<\/p>\n<p><strong>Start of the video (video montage):<\/strong><\/p>\n<ol>\n<li><strong>Creative Introduction:<\/strong> Create an engaging and interesting opening introduction that activates the audience's attention. It can be a short but interesting moment or a creative introduction.<\/li>\n<li><strong>Delivery:<\/strong> Introduce your product, service or content. This can be a short presentation that highlights the most important details of the information.<\/li>\n<li><strong>Creativity:<\/strong> Be creative and original to attract attention. Use different visual techniques or interesting elements to make the beginning memorable.<\/li>\n<\/ol>\n<p><strong>End of video (video montage):<\/strong><\/p>\n<ol>\n<li><strong>Call-to-action moment:<\/strong> Encourage the viewer to take action, such as subscribing, sharing, leaving a review, or taking the next step.<\/li>\n<li><strong>Creative outlet:<\/strong> Create a memorable exit that leaves a good impression and makes your audience remember your content.<\/li>\n<li><strong>Last message:<\/strong> A final message or verbatim thought that you want the audience to remember.<\/li>\n<li><strong>Links and contact details:<\/strong> If appropriate, include links to other related content or your contact details.<\/li>\n<\/ol>\n<p>It is necessary to adapt to the context of the content and the audience you are communicating with in order to create an engaging and effective opening and closing video. The key is to create interesting, informative and memorable content that will attract and retain the attention of your audience.<\/p>\n<p>Read more on our business blog <a title=\"LiJIA\" href=\"http:\/\/www.lijia.lt\/\" target=\"_blank\" rel=\"noopener\">LiJIA<\/a>.<\/p>","protected":false},"excerpt":{"rendered":"<p>\u2705\u00a0<strong>The price of the work includes:<\/strong><\/p>\n<ul>\n<li>Analysis of needs - stylistics, the desired result and the market of the area;<\/li>\n<li>Video in high quality;<\/li>\n<li>Soundtrack;<\/li>\n<li>Special effects;<\/li>\n<li>2D and 3D video integration;<\/li>\n<li>Speed up or slow down the video;<\/li>\n<li>Moving text with image;<\/li>\n<\/ul>\n<p>\ud83d\udce2 <strong>The service is suitable if you want to add a moving logo of your business with contact information at the end\/beginning of the video.<\/strong><\/p>\n<p>\ud83d\udccc <strong>You can pin your business logo file (PNG, JPG, EPS, AI) to the cart. For the background video, we will email you instructions on how to share the video\/s.<\/strong><\/p>\n<p><strong>\ud83d\udcb8 The service is exempt from VAT (21%) and an invoice is issued (upon the customer's request).<\/strong><\/p>\n<p>\u270d\ufe0f Please pay attention to grammar and punctuation errors when specifying the text, as we are not responsible for this! Possibility to correct errors in the order before the start of work.<\/p>","protected":false},"featured_media":1423,"template":"","meta":{"_monsterinsights_skip_tracking":false,"_monsterinsights_sitenote_active":false,"_monsterinsights_sitenote_note":"","_monsterinsights_sitenote_category":0,"site-sidebar-layout":"default","site-content-layout":"default","ast-global-header-display":"","ast-main-header-display":"","ast-hfb-above-header-display":"","ast-hfb-below-header-display":"","ast-hfb-mobile-header-display":"","site-post-title":"","ast-breadcrumbs-content":"","ast-featured-img":"","footer-sml-layout":"","theme-transparent-header-meta":"default","adv-header-id-meta":"","stick-header-meta":"","header-above-stick-meta":"","header-main-stick-meta":"","header-below-stick-meta":""},"product_cat":[16,27,34],"product_tag":[],"aioseo_notices":[],"uagb_featured_image_src":{"full":["https:\/\/jaunaideja.lt\/wp-content\/uploads\/2022\/08\/Vaizdo-irasas-e1661165723445.jpg",2100,1900,false],"thumbnail":["https:\/\/jaunaideja.lt\/wp-content\/uploads\/2022\/08\/Vaizdo-irasas-e1661165723445-150x150.jpg",150,150,true],"medium":["https:\/\/jaunaideja.lt\/wp-content\/uploads\/2022\/08\/Vaizdo-irasas-e1661165723445-300x271.jpg",300,271,true],"medium_large":["https:\/\/jaunaideja.lt\/wp-content\/uploads\/2022\/08\/Vaizdo-irasas-e1661165723445-768x695.jpg",768,695,true],"large":["https:\/\/jaunaideja.lt\/wp-content\/uploads\/2022\/08\/Vaizdo-irasas-e1661165723445-1024x926.jpg",1024,926,true],"1536x1536":["https:\/\/jaunaideja.lt\/wp-content\/uploads\/2022\/08\/Vaizdo-irasas-e1661165723445-1536x1390.jpg",1536,1390,true],"2048x2048":["https:\/\/jaunaideja.lt\/wp-content\/uploads\/2022\/08\/Vaizdo-irasas-e1661165723445-2048x1853.jpg",2048,1853,true],"trp-custom-language-flag":["https:\/\/jaunaideja.lt\/wp-content\/uploads\/2022\/08\/Vaizdo-irasas-e1661165723445.jpg",13,12,false],"mailpoet_newsletter_max":["https:\/\/jaunaideja.lt\/wp-content\/uploads\/2022\/08\/Vaizdo-irasas-e1661165723445-1320x1194.jpg",1320,1194,true],"woocommerce_thumbnail":["https:\/\/jaunaideja.lt\/wp-content\/uploads\/2022\/08\/Vaizdo-irasas-e1661165723445-300x300.jpg",300,300,true],"woocommerce_single":["https:\/\/jaunaideja.lt\/wp-content\/uploads\/2022\/08\/Vaizdo-irasas-e1661165723445-600x543.jpg",600,543,true],"woocommerce_gallery_thumbnail":["https:\/\/jaunaideja.lt\/wp-content\/uploads\/2022\/08\/Vaizdo-irasas-e1661165723445-100x100.jpg",100,100,true],"shop_catalog":["https:\/\/jaunaideja.lt\/wp-content\/uploads\/2022\/08\/Vaizdo-irasas-e1661165723445-300x300.jpg",300,300,true],"shop_single":["https:\/\/jaunaideja.lt\/wp-content\/uploads\/2022\/08\/Vaizdo-irasas-e1661165723445-600x543.jpg",600,543,true],"shop_thumbnail":["https:\/\/jaunaideja.lt\/wp-content\/uploads\/2022\/08\/Vaizdo-irasas-e1661165723445-100x100.jpg",100,100,true]},"uagb_author_info":{"display_name":"Tautvydas Zaurynas","author_link":"https:\/\/jaunaideja.lt\/en\/author\/"},"uagb_comment_info":0,"uagb_excerpt":"\u2705\u00a0\u012e montavimo kain\u0105 \u012fskai\u010diuota: Poreiki\u0173 analizavimas \u2013 stilistika, siekiamas rezultatas ir srities rinka; Vaizdo \u012fra\u0161as auk\u0161tos kokyb\u0117s; Garso takelis; Specialieji efektai; 2D ir 3D vaizdo \u012fra\u0161ai integracija; Vaizdo \u012fra\u0161o greitinimas arba l\u0117tinimas; Judantis tekstas su vaizdu; \ud83d\udce2 Paslauga tinkama norit vaizdo \u012fra\u0161o gale\/prad\u017eioje prid\u0117ti judant\u012f savo verslo logotip\u0105 su kontaktine informacija. \ud83d\udccc Savo verslo logotipo&hellip;","_links":{"self":[{"href":"https:\/\/jaunaideja.lt\/en\/wp-json\/wp\/v2\/product\/964"}],"collection":[{"href":"https:\/\/jaunaideja.lt\/en\/wp-json\/wp\/v2\/product"}],"about":[{"href":"https:\/\/jaunaideja.lt\/en\/wp-json\/wp\/v2\/types\/product"}],"wp:featuredmedia":[{"embeddable":true,"href":"https:\/\/jaunaideja.lt\/en\/wp-json\/wp\/v2\/media\/1423"}],"wp:attachment":[{"href":"https:\/\/jaunaideja.lt\/en\/wp-json\/wp\/v2\/media?parent=964"}],"wp:term":[{"taxonomy":"product_cat","embeddable":true,"href":"https:\/\/jaunaideja.lt\/en\/wp-json\/wp\/v2\/product_cat?post=964"},{"taxonomy":"product_tag","embeddable":true,"href":"https:\/\/jaunaideja.lt\/en\/wp-json\/wp\/v2\/product_tag?post=964"}],"curies":[{"name":"wp","href":"https:\/\/api.w.org\/{rel}","templated":true}]}}