{"id":963,"date":"2022-08-02T21:49:49","date_gmt":"2022-08-02T19:49:49","guid":{"rendered":"https:\/\/jaunaideja.lt\/?post_type=product&#038;p=963"},"modified":"2024-08-14T14:09:36","modified_gmt":"2024-08-14T12:09:36","slug":"video-montavimas","status":"publish","type":"product","link":"https:\/\/jaunaideja.lt\/en\/paslauga\/video-editing\/","title":{"rendered":"Video editing"},"content":{"rendered":"<p>\u2705<strong> Video editing - we do video editing of any complexity,<\/strong> subtitles in Lithuanian and other languages, video montage and editing from multiple cameras, green screen processing, creation of slow-motion effects and animation, and color correction.<\/p>\n<p>\u2705 <strong>You can send video<\/strong> online to the installer via e-mail or <a href=\"https:\/\/wetransfer.com\/\">WeTransfer.com<\/a>. Later, after installing the material, we will send it back the same as we received it.<\/p>\n<p><strong>\u2705 We actually edit all kinds of videos!<\/strong><br \/>\n<strong>Here are some examples of messages that typically need to be mounted:<\/strong><\/p>\n<ul>\n<li>Videos from YouTube vloggers (bloggers);<\/li>\n<li>Interviews, press conferences, seminars;<\/li>\n<li>Video reviews of goods and services;<\/li>\n<li>Trainings, conferences, courses;<\/li>\n<li>Centenaries, birthdays, events;<\/li>\n<li>Music videos;<\/li>\n<li>Sports competition;<\/li>\n<li>Documentary and promotional videos;<\/li>\n<li>Amateur videos (recorded by amateurs);<\/li>\n<li>TV shows;<\/li>\n<li>Video CV (Life Story)<\/li>\n<li>Advertisements;<\/li>\n<li>Video subtitling in other languages;<\/li>\n<\/ul>\n<p>Video editing (video editing) is an important step in the process, during which various video fragments are combined to create a single video material. Here are some steps to effectively edit your video:<\/p>\n<p>Gathering materials: Start gathering all the necessary video and audio materials that you want to use in the recording. It can be filmed video clips, photos, audio recordings, music or text.<\/p>\n<p>Concept and Planning* Create a plan for how you want to lay out your footage. Anticipate the order in which different parts of the video will be presented, and what music or soundtrack will be included.<\/p>\n<p>Final checks: Review the video you created, make sure everything works as it should and that there are no errors or inaccuracies.<\/p>\n<p>Video editing can be a creative process, but it requires careful planning and working with various editing tools. It is important to choose the right program, focus on the concept and try to create content that reflects your goals and ideas.<\/p>\n<p>Read more on our business blog <a title=\"LiJIA\" href=\"http:\/\/www.lijia.lt\/\" target=\"_blank\" rel=\"noopener\">LiJIA<\/a>.<\/p>","protected":false},"excerpt":{"rendered":"<p>\u2705<strong>\u00a0Installation options:<\/strong><\/p>\n<ul>\n<li>Color correction;<\/li>\n<li>2D animation integration;<\/li>\n<li>4K Video quality editing;<\/li>\n<li>Stabilization;<\/li>\n<li>Photo quality improvement;<\/li>\n<li>Subtitles in Lithuanian, English;<\/li>\n<li>Start of 3D video;<\/li>\n<li>Various effects;<\/li>\n<li>Vertical and horizontal video;<\/li>\n<li>Speed up or slow down the video;<\/li>\n<li>Moving text with image;<\/li>\n<li>Spec. effects: explosions, smoke, gunshots, etc. (with sounds);<\/li>\n<li>The beginning and end of the video;<\/li>\n<\/ul>\n<p><strong>\ud83d\udccc After ordering, we will send instructions to your e-mail on how to send\/upload video material to us.<\/strong><\/p>\n<p><strong>\ud83c\udfa5 You are creating long content<\/strong>\u00a0on YouTube and want to show the trailer\/s of the most interesting places on social networks? Fill out the form below (\"Send your question\/project\") with a description<strong>\u00a0the length of the video, the number of desired trailers and the running time,<\/strong>\u00a0and we will provide the final price. We respond within one working day.<\/p>\n<p><strong>\ud83d\udcb8 The service is exempt from VAT (21%) and an invoice is issued (upon the customer's request).<\/strong><\/p>\n<p>\u270d\ufe0f Please pay attention to grammar and punctuation errors when specifying the text, as we are not responsible for this! Possibility to correct errors in the order before the start of work.<\/p>","protected":false},"featured_media":1424,"template":"","meta":{"_monsterinsights_skip_tracking":false,"_monsterinsights_sitenote_active":false,"_monsterinsights_sitenote_note":"","_monsterinsights_sitenote_category":0,"site-sidebar-layout":"default","site-content-layout":"default","ast-global-header-display":"","ast-main-header-display":"","ast-hfb-above-header-display":"","ast-hfb-below-header-display":"","ast-hfb-mobile-header-display":"","site-post-title":"","ast-breadcrumbs-content":"","ast-featured-img":"","footer-sml-layout":"","theme-transparent-header-meta":"default","adv-header-id-meta":"","stick-header-meta":"","header-above-stick-meta":"","header-main-stick-meta":"","header-below-stick-meta":""},"product_cat":[47,16,27,34],"product_tag":[],"aioseo_notices":[],"uagb_featured_image_src":{"full":["https:\/\/jaunaideja.lt\/wp-content\/uploads\/2022\/08\/Vaizdo-irasu-montavimas.jpg",1140,1140,false],"thumbnail":["https:\/\/jaunaideja.lt\/wp-content\/uploads\/2022\/08\/Vaizdo-irasu-montavimas-150x150.jpg",150,150,true],"medium":["https:\/\/jaunaideja.lt\/wp-content\/uploads\/2022\/08\/Vaizdo-irasu-montavimas-300x300.jpg",300,300,true],"medium_large":["https:\/\/jaunaideja.lt\/wp-content\/uploads\/2022\/08\/Vaizdo-irasu-montavimas-768x768.jpg",768,768,true],"large":["https:\/\/jaunaideja.lt\/wp-content\/uploads\/2022\/08\/Vaizdo-irasu-montavimas-1024x1024.jpg",1024,1024,true],"1536x1536":["https:\/\/jaunaideja.lt\/wp-content\/uploads\/2022\/08\/Vaizdo-irasu-montavimas.jpg",1140,1140,false],"2048x2048":["https:\/\/jaunaideja.lt\/wp-content\/uploads\/2022\/08\/Vaizdo-irasu-montavimas.jpg",1140,1140,false],"trp-custom-language-flag":["https:\/\/jaunaideja.lt\/wp-content\/uploads\/2022\/08\/Vaizdo-irasu-montavimas.jpg",12,12,false],"mailpoet_newsletter_max":["https:\/\/jaunaideja.lt\/wp-content\/uploads\/2022\/08\/Vaizdo-irasu-montavimas.jpg",1140,1140,false],"woocommerce_thumbnail":["https:\/\/jaunaideja.lt\/wp-content\/uploads\/2022\/08\/Vaizdo-irasu-montavimas-300x300.jpg",300,300,true],"woocommerce_single":["https:\/\/jaunaideja.lt\/wp-content\/uploads\/2022\/08\/Vaizdo-irasu-montavimas-600x600.jpg",600,600,true],"woocommerce_gallery_thumbnail":["https:\/\/jaunaideja.lt\/wp-content\/uploads\/2022\/08\/Vaizdo-irasu-montavimas-100x100.jpg",100,100,true],"shop_catalog":["https:\/\/jaunaideja.lt\/wp-content\/uploads\/2022\/08\/Vaizdo-irasu-montavimas-300x300.jpg",300,300,true],"shop_single":["https:\/\/jaunaideja.lt\/wp-content\/uploads\/2022\/08\/Vaizdo-irasu-montavimas-600x600.jpg",600,600,true],"shop_thumbnail":["https:\/\/jaunaideja.lt\/wp-content\/uploads\/2022\/08\/Vaizdo-irasu-montavimas-100x100.jpg",100,100,true]},"uagb_author_info":{"display_name":"Tautvydas Zaurynas","author_link":"https:\/\/jaunaideja.lt\/en\/author\/"},"uagb_comment_info":0,"uagb_excerpt":"\u2705\u00a0Montavimo galimyb\u0117s: Spalv\u0173 korekcija; Dvimat\u0117 animacijos integravimas; 4K Vaizdo \u012fra\u0161o kokyb\u0117s montavimas; Stabilizavimas; Nuotraukos kokyb\u0117s gerinimas; Subtitrai lietuvi\u0173, angl\u0173 kalbomis; 3D vaizdo \u012fra\u0161o prad\u017eia; \u012evair\u016bs efektai; Vertikalus ir horizontalus vaizdo \u012fra\u0161as; Vaizdo \u012fra\u0161o greitinimas arba l\u0117tinimas; Judantis tekstas su vaizdu; Spec. efektai: sprogimai, d\u016bmai, \u0161\u016bviai ir kt. (su garsais); Vaizdo \u012fra\u0161o prad\u017eia ir pabaiga; \ud83d\udccc&hellip;","_links":{"self":[{"href":"https:\/\/jaunaideja.lt\/en\/wp-json\/wp\/v2\/product\/963"}],"collection":[{"href":"https:\/\/jaunaideja.lt\/en\/wp-json\/wp\/v2\/product"}],"about":[{"href":"https:\/\/jaunaideja.lt\/en\/wp-json\/wp\/v2\/types\/product"}],"wp:featuredmedia":[{"embeddable":true,"href":"https:\/\/jaunaideja.lt\/en\/wp-json\/wp\/v2\/media\/1424"}],"wp:attachment":[{"href":"https:\/\/jaunaideja.lt\/en\/wp-json\/wp\/v2\/media?parent=963"}],"wp:term":[{"taxonomy":"product_cat","embeddable":true,"href":"https:\/\/jaunaideja.lt\/en\/wp-json\/wp\/v2\/product_cat?post=963"},{"taxonomy":"product_tag","embeddable":true,"href":"https:\/\/jaunaideja.lt\/en\/wp-json\/wp\/v2\/product_tag?post=963"}],"curies":[{"name":"wp","href":"https:\/\/api.w.org\/{rel}","templated":true}]}}