{"id":944,"date":"2022-08-01T21:08:32","date_gmt":"2022-08-01T21:08:32","guid":{"rendered":"https:\/\/jaunaideja.lt\/?post_type=product&#038;p=944"},"modified":"2024-09-10T16:47:26","modified_gmt":"2024-09-10T14:47:26","slug":"3d-animacija","status":"publish","type":"product","link":"https:\/\/jaunaideja.lt\/en\/paslauga\/3d-animation\/","title":{"rendered":"3D animation"},"content":{"rendered":"<p>\u2705<strong> 3d animation - <\/strong>it is video and photo production based on the principle of technology <strong>surpasses traditional filming<\/strong> and photography opportunities. Interactive images <strong>used for advertising<\/strong> for employee training, customer education and new product development.<\/p>\n<p>\u2705 3D video is smart and <strong>detailed presentation of your product.<\/strong> The service or product is attractively presented and functional features and advantages are shown.<\/p>\n<p>\u2705 <strong>3D product video animation is an eye-catching, informative and easy-to-understand material that can be used to:<\/strong><\/p>\n<ul>\n<li class=\" translation-block\">For <strong>Interactive stands<\/strong> at trade fairs or shopping centers;<\/li>\n<li class=\" translation-block\">Increase the <strong>visibility of the product on the Internet - in social networks,<\/strong> video platforms, on the website;<\/li>\n<li class=\" translation-block\">Training of sales and service<strong> employees;<\/strong><\/li>\n<li><strong>In product presentations;<\/strong><\/li>\n<li class=\" translation-block\"><strong>Introducing<\/strong> the product or service to the customer with a 360 view;<\/li>\n<\/ul>\n<p>Product 3D animation can be a very attractive and effective form of product presentation. Here are some steps to create a 3D animation for a product launch:<\/p>\n<ol>\n<li><strong>Set goals:<\/strong> Consider what goals you want to achieve when creating a 3D animation. It can be a visual presentation of the product, a demonstration of its features, or any other information you want to convey.<\/li>\n<li><strong>Concept and script<\/strong>: Generate a concept and script how you want the product to be animated. Include key steps to convey the benefits or features of the product.<\/li>\n<li><strong>Animation scenes and video stream:<\/strong> Create animation scenes and define how your product will move and demonstrate different functions or features. Plan every move and shot.<\/li>\n<li><strong>Soundtrack:<\/strong> It is important to remember that the choice of sound also means a lot. Choose sound effects, background music or even the sound of the product itself if it makes sense.<\/li>\n<\/ol>\n<p>Sukurti kokybi\u0161k\u0105 <a title=\"3D vizualizacija\" href=\"https:\/\/jaunaideja.lt\/en\/paslauga\/3d-animation\/\">3D vizualizacij\u0105<\/a> reikalauja daug darbo ir detali\u0173 d\u0117mesio, ta\u010diau tai gali b\u016bti labai veiksminga priemon\u0117 demonstruoti produkt\u0105 klientams. Svarbiausia &#8211; kruop\u0161\u010diai sukurti ai\u0161k\u0173 ir traukiant\u012f turin\u012f, kuris pademonstruoja j\u016bs\u0173 produkto privalumus ir savybes.<\/p>\n<p>You can read and find more useful information on our business blog <a title=\"LiJIA\" href=\"http:\/\/www.lijia.lt\/\" target=\"_blank\" rel=\"noopener\">LiJIA<\/a> (Lithuanian Junior Idea Association).<\/p>","protected":false},"excerpt":{"rendered":"<p>\u2705 <strong>There is no uniform price standard for a 3D video project, just as the objects they represent differ. The price of 3D visualization and animation is determined by the following factors:<\/strong><\/p>\n<ul>\n<li>Video duration;<\/li>\n<li>Complexity (models, special effects, etc.);<\/li>\n<li>Quality (image resolution, sound, etc.);<\/li>\n<\/ul>\n<p>\u2705 <strong>The animation price includes:<\/strong><\/p>\n<ul>\n<li>3D visualization of the product;<\/li>\n<li>Visualization of the environment;<\/li>\n<li>Analysis of needs - stylistics, the desired result and the market of the area;<\/li>\n<li>User and competitor analysis;<\/li>\n<li>Multimedia and marketing specialist consultations;<\/li>\n<\/ul>\n<p>\u2705 <strong>We always try to consider your project and budget,<\/strong> therefore, we will offer the best option taking into account the purpose of the project (informational, advertising, new product presentation), the required time for animation and the realism of the quality textures.<\/p>\n<p><strong>\ud83d\udcb8 The service is exempt from VAT (21%) and an invoice is issued (upon the customer's request).<\/strong><\/p>\n<p>\u2b07\ufe0f <strong>Therefore, it is recommended to fill out the request form below and we will inform you.<\/strong><\/p>\n<p>\u2b07\ufe0f <strong>You can find the approximate production prices for the 3D animation of the product in the description below.<\/strong><\/p>\n<div role=\"form\" class=\"wpcf7\" id=\"wpcf7-f3113-o1\" lang=\"lt-LT\" dir=\"ltr\">\n<div class=\"screen-reader-response\">\n<p role=\"status\" aria-live=\"polite\" aria-atomic=\"true\">\n<ul><\/ul>\n<\/div>\n<form action=\"\/en\/wp-json\/wp\/v2\/product\/944#wpcf7-f3113-o1\" method=\"post\" class=\"wpcf7-form init\" novalidate=\"novalidate\" data-status=\"init\" data-trp-original-action=\"\/en\/wp-json\/wp\/v2\/product\/944#wpcf7-f3113-o1\">\n<div style=\"display: none;\">\n<input type=\"hidden\" name=\"_wpcf7\" value=\"3113\" \/><br \/>\n<input type=\"hidden\" name=\"_wpcf7_version\" value=\"5.6.2\" \/><br \/>\n<input type=\"hidden\" name=\"_wpcf7_locale\" value=\"lt_LT\" \/><br \/>\n<input type=\"hidden\" name=\"_wpcf7_unit_tag\" value=\"wpcf7-f3113-o1\" \/><br \/>\n<input type=\"hidden\" name=\"_wpcf7_container_post\" value=\"0\" \/><br \/>\n<input type=\"hidden\" name=\"_wpcf7_posted_data_hash\" value=\"\" \/><br \/>\n<input type=\"hidden\" name=\"_wpcf7cf_hidden_group_fields\" value=\"[]\" \/><br \/>\n<input type=\"hidden\" name=\"_wpcf7cf_hidden_groups\" value=\"[]\" \/><br \/>\n<input type=\"hidden\" name=\"_wpcf7cf_visible_groups\" value=\"[]\" \/><br \/>\n<input type=\"hidden\" name=\"_wpcf7cf_repeaters\" value=\"[]\" \/><br \/>\n<input type=\"hidden\" name=\"_wpcf7cf_steps\" value=\"{}\" \/><br \/>\n<input type=\"hidden\" name=\"_wpcf7cf_options\" value=\"{&quot;form_id&quot;:3113,&quot;conditions&quot;:[],&quot;settings&quot;:{&quot;animation&quot;:&quot;yes&quot;,&quot;animation_intime&quot;:200,&quot;animation_outtime&quot;:200,&quot;conditions_ui&quot;:&quot;normal&quot;,&quot;notice_dismissed&quot;:false,&quot;notice_dismissed_update-cf7-5.6.3&quot;:true}}\" \/>\n<\/div>\n<h3><center> Request form for 3D animation service: <\/center><\/h3>\n<p><label> Email: *<br \/>\n    <span class=\"wpcf7-form-control-wrap\" data-name=\"your-email\"><input type=\"email\" name=\"your-email\" value=\"\" size=\"40\" class=\"wpcf7-form-control wpcf7-text wpcf7-email wpcf7-validates-as-required wpcf7-validates-as-email\" aria-required=\"true\" aria-invalid=\"false\" \/><\/span> <\/label><\/p>\n<p><label> Photos from the side, front, back and top: <\/label><br \/>\n<span class=\"wpcf7-form-control-wrap\" data-name=\"Nuotrauka\"><input type=\"file\" size=\"40\" class=\"wpcf7-form-control wpcf7-drag-n-drop-file d-none\" aria-invalid=\"false\" multiple=\"multiple\" data-name=\"Nuotrauka\" data-type=\"jpg|jpeg|gif|png|docx|xls|pptx|eps|ai|cdr\" data-min=\"1\" data-max=\"6\" data-id=\"3113\" data-version=\"free version 1.3.6.4\" accept=\".jpg, .jpeg, .gif, .png, .docx, .xls, .pptx, .eps, .ai, .cdr\" \/><\/span><\/p>\n<p><label> Product description: <\/label><br \/>\n<span class=\"wpcf7-form-control-wrap\" data-name=\"Produktoapraymas\"><textarea name=\"Produktoapraymas\" cols=\"40\" rows=\"10\" class=\"wpcf7-form-control wpcf7-textarea\" aria-invalid=\"false\"><\/textarea><\/span><\/p>\n<p><label> Purpose of the animation: <\/label><br \/>\n<span class=\"wpcf7-form-control-wrap\" data-name=\"Animacijostikslas\"><span class=\"wpcf7-form-control wpcf7-radio\"><span class=\"wpcf7-list-item first\"><label><input type=\"radio\" name=\"Animacijostikslas\" value=\"Reklaminis\" checked=\"checked\" \/><span class=\"wpcf7-list-item-label\">Advertising<\/span><\/label><\/span><span class=\"wpcf7-list-item\"><label><input type=\"radio\" name=\"Animacijostikslas\" value=\"Informacinis\" \/><span class=\"wpcf7-list-item-label\">Informative<\/span><\/label><\/span><span class=\"wpcf7-list-item last\"><label><input type=\"radio\" name=\"Animacijostikslas\" value=\"Pristatomasis\" \/><span class=\"wpcf7-list-item-label\">Introducing<\/span><\/label><\/span><\/span><\/span><\/p>\n<p><label> Animation idea: <\/label><br \/>\n<span class=\"wpcf7-form-control-wrap\" data-name=\"Animacijosidjanebtina\"><input type=\"text\" name=\"Animacijosidjanebtina\" value=\"\" size=\"40\" class=\"wpcf7-form-control wpcf7-text\" aria-invalid=\"false\" \/><\/span><\/p>\n<p><label> A budget is allocated, we will try to offer the most suitable option for your budget (optional): <\/label><br \/>\n<span class=\"wpcf7-form-control-wrap\" data-name=\"biudzetas\"><input type=\"number\" name=\"biudzetas\" value=\"\" class=\"wpcf7-form-control wpcf7-number wpcf7-validates-as-number\" aria-invalid=\"false\" \/><\/span><\/p>\n<p><label> Your additional comment to the request (optional):<br \/>\n    <span class=\"wpcf7-form-control-wrap\" data-name=\"your-message\"><textarea name=\"your-message\" cols=\"40\" rows=\"10\" class=\"wpcf7-form-control wpcf7-textarea\" aria-invalid=\"false\"><\/textarea><\/span> <\/label><\/p>\n<p><span class=\"wpcf7-form-control-wrap\" data-name=\"Skubus_atlikimas\"><span class=\"wpcf7-form-control wpcf7-checkbox\"><span class=\"wpcf7-list-item first last\"><label><input type=\"checkbox\" name=\"Skubus_atlikimas[]\" value=\"Skubus atlikimas (i\u0161kart gavus apmok\u0117jim\u0105) (+30% papildomai nuo bendros sumos)\" \/><span class=\"wpcf7-list-item-label\">Priority execution (immediately upon receipt of payment) (+30% extra from the total amount)<\/span><\/label><\/span><\/span><\/span><\/p>\n<h6><center> We usually set a price and respond to your inquiry within one business day.<\/center> <\/p>\n<\/h6>\n<p><input type=\"submit\" value=\"Submit\" class=\"wpcf7-form-control has-spinner wpcf7-submit\" \/><\/p>\n<p style=\"display: none !important;\" class=\"akismet-fields-container\" data-prefix=\"_wpcf7_ak_\"><label>&#916;<textarea name=\"_wpcf7_ak_hp_textarea\" cols=\"45\" rows=\"8\" maxlength=\"100\"><\/textarea><\/label><input type=\"hidden\" id=\"ak_js_1\" name=\"_wpcf7_ak_js\" value=\"48\"\/><script>document.getElementById( \"ak_js_1\" ).setAttribute( \"value\", ( new Date() ).getTime() );<\/script><\/p>\n<div class=\"wpcf7-response-output\" aria-hidden=\"true\"><\/div>\n<input type=\"hidden\" name=\"trp-form-language\" value=\"en\"\/><\/form>\n<\/div>","protected":false},"featured_media":1411,"template":"","meta":{"_monsterinsights_skip_tracking":false,"_monsterinsights_sitenote_active":false,"_monsterinsights_sitenote_note":"","_monsterinsights_sitenote_category":0,"site-sidebar-layout":"default","site-content-layout":"default","ast-global-header-display":"","ast-main-header-display":"","ast-hfb-above-header-display":"","ast-hfb-below-header-display":"","ast-hfb-mobile-header-display":"","site-post-title":"","ast-breadcrumbs-content":"","ast-featured-img":"","footer-sml-layout":"","theme-transparent-header-meta":"default","adv-header-id-meta":"","stick-header-meta":"","header-above-stick-meta":"","header-main-stick-meta":"","header-below-stick-meta":""},"product_cat":[47,16,27,34,31],"product_tag":[],"aioseo_notices":[],"uagb_featured_image_src":{"full":["https:\/\/jaunaideja.lt\/wp-content\/uploads\/2022\/08\/3D-vaizdo-irasas-e1661081014888.jpg",2100,1900,false],"thumbnail":["https:\/\/jaunaideja.lt\/wp-content\/uploads\/2022\/08\/3D-vaizdo-irasas-e1661081014888-150x150.jpg",150,150,true],"medium":["https:\/\/jaunaideja.lt\/wp-content\/uploads\/2022\/08\/3D-vaizdo-irasas-e1661081014888-300x271.jpg",300,271,true],"medium_large":["https:\/\/jaunaideja.lt\/wp-content\/uploads\/2022\/08\/3D-vaizdo-irasas-e1661081014888-768x695.jpg",768,695,true],"large":["https:\/\/jaunaideja.lt\/wp-content\/uploads\/2022\/08\/3D-vaizdo-irasas-e1661081014888-1024x926.jpg",1024,926,true],"1536x1536":["https:\/\/jaunaideja.lt\/wp-content\/uploads\/2022\/08\/3D-vaizdo-irasas-e1661081014888-1536x1390.jpg",1536,1390,true],"2048x2048":["https:\/\/jaunaideja.lt\/wp-content\/uploads\/2022\/08\/3D-vaizdo-irasas-e1661081014888-2048x1853.jpg",2048,1853,true],"trp-custom-language-flag":["https:\/\/jaunaideja.lt\/wp-content\/uploads\/2022\/08\/3D-vaizdo-irasas-e1661081014888.jpg",13,12,false],"mailpoet_newsletter_max":["https:\/\/jaunaideja.lt\/wp-content\/uploads\/2022\/08\/3D-vaizdo-irasas-e1661081014888-1320x1194.jpg",1320,1194,true],"woocommerce_thumbnail":["https:\/\/jaunaideja.lt\/wp-content\/uploads\/2022\/08\/3D-vaizdo-irasas-e1661081014888-300x300.jpg",300,300,true],"woocommerce_single":["https:\/\/jaunaideja.lt\/wp-content\/uploads\/2022\/08\/3D-vaizdo-irasas-e1661081014888-600x543.jpg",600,543,true],"woocommerce_gallery_thumbnail":["https:\/\/jaunaideja.lt\/wp-content\/uploads\/2022\/08\/3D-vaizdo-irasas-e1661081014888-100x100.jpg",100,100,true],"shop_catalog":["https:\/\/jaunaideja.lt\/wp-content\/uploads\/2022\/08\/3D-vaizdo-irasas-e1661081014888-300x300.jpg",300,300,true],"shop_single":["https:\/\/jaunaideja.lt\/wp-content\/uploads\/2022\/08\/3D-vaizdo-irasas-e1661081014888-600x543.jpg",600,543,true],"shop_thumbnail":["https:\/\/jaunaideja.lt\/wp-content\/uploads\/2022\/08\/3D-vaizdo-irasas-e1661081014888-100x100.jpg",100,100,true]},"uagb_author_info":{"display_name":"Tautvydas Zaurynas","author_link":"https:\/\/jaunaideja.lt\/en\/author\/"},"uagb_comment_info":0,"uagb_excerpt":"\u2705 N\u0117ra vienodo 3D vaizdo projekto kainos standarto, kaip ir skiriasi j\u0173 reprezentuojami objektai. 3D vizualizacijos ir animacijos kain\u0105 lemia \u0161ie veiksniai: Vaizdo \u012fra\u0161o trukm\u0117; Sud\u0117tingumas (modeliai, specialieji efektai ir kt.); Kokyb\u0117 (vaizdo rai\u0161ka, garsas ir kt.); \u2705 \u012e animacijos kain\u0105 \u012fskai\u010diuota: Produkto 3D vizualizacija; Aplinkos vizualizacija; Poreiki\u0173 analizavimas \u2013 stilistika, siekiamas rezultatas ir srities&hellip;","_links":{"self":[{"href":"https:\/\/jaunaideja.lt\/en\/wp-json\/wp\/v2\/product\/944"}],"collection":[{"href":"https:\/\/jaunaideja.lt\/en\/wp-json\/wp\/v2\/product"}],"about":[{"href":"https:\/\/jaunaideja.lt\/en\/wp-json\/wp\/v2\/types\/product"}],"wp:featuredmedia":[{"embeddable":true,"href":"https:\/\/jaunaideja.lt\/en\/wp-json\/wp\/v2\/media\/1411"}],"wp:attachment":[{"href":"https:\/\/jaunaideja.lt\/en\/wp-json\/wp\/v2\/media?parent=944"}],"wp:term":[{"taxonomy":"product_cat","embeddable":true,"href":"https:\/\/jaunaideja.lt\/en\/wp-json\/wp\/v2\/product_cat?post=944"},{"taxonomy":"product_tag","embeddable":true,"href":"https:\/\/jaunaideja.lt\/en\/wp-json\/wp\/v2\/product_tag?post=944"}],"curies":[{"name":"wp","href":"https:\/\/api.w.org\/{rel}","templated":true}]}}