{"id":943,"date":"2022-08-01T20:56:14","date_gmt":"2022-08-01T18:56:14","guid":{"rendered":"https:\/\/jaunaideja.lt\/?post_type=product&#038;p=943"},"modified":"2025-08-25T14:59:04","modified_gmt":"2025-08-25T12:59:04","slug":"renginiu-skelbimu-maketavimas","status":"publish","type":"product","link":"https:\/\/jaunaideja.lt\/en\/paslauga\/event-advertisement-layout\/","title":{"rendered":"Event announcement layout for social networks + A4 sheet"},"content":{"rendered":"<p>\u2705 <strong>Ad layout, it is a graphically prepared layout that attracts more attention,<\/strong> therefore, it is more likely that your post will attract more interest.<\/p>\n<p>\u2705 <strong>The opinion about the event is mainly formed by the program of the event.<\/strong> It is very important that it is written in the correct language, clearly, comprehensibly, concisely and accurately. The program contains data about the event, the agenda and information about the organizers.<\/p>\n<p>The layout of event ads is an important part of drawing attention to specific event information and engaging your audience. Here are some tips for creating an effective event ad layout:<\/p>\n<ol>\n<li><strong>Clear and highlighted information:<\/strong> Communicate basic information \u2013 event name, date, location, time and all other relevant details. Be clear and direct.<\/li>\n<li><strong>Adaptation to the audience:<\/strong> Choose a design and style that matches the theme and audience of the event. For example, witty and bright designs can suit a festive or recreational event, while formal and sophisticated styles can be used for business meetings.<\/li>\n<li><strong>Key information highlighted:<\/strong> Make important information such as date, place and time highly visible and clearly understood.<\/li>\n<li><strong>Visuals and graphics:<\/strong> Use photos or illustrations that reflect the theme of the event or attract attention. Well-chosen visuals can help your ad stand out.<\/li>\n<li><strong>Pay attention to the style and format:<\/strong> Choose the right size and format for your ad based on where your ad will appear, whether it's web pages, social media, print or other public spaces.<\/li>\n<li><strong>Inviting action:<\/strong> Include a clear call-to-action element that encourages people to take action \u2013 this could be a link to your website, contact information or a way to sign up.<\/li>\n<\/ol>\n<p>The layout of event ads should be clear, attractive and informative. It can help you attract an audience and successfully communicate your event information. It is also important to adapt to the nature of the event and the audience, so that the ad is attractive and interesting to potential participants.<\/p>\n<p>You can read and find more useful information on our business blog <a title=\"LiJIA\" href=\"http:\/\/www.lijia.lt\/\" target=\"_blank\" rel=\"noopener\">LiJIA<\/a> (Lithuanian Junior Idea Association).<\/p>","protected":false},"excerpt":{"rendered":"<p>\u2705<strong>\u00a0The layout price includes:<\/strong><\/p>\n<ul>\n<li>Analysis of needs - stylistics, the desired result and the market of the area;<\/li>\n<li>User and competitor analysis;<\/li>\n<li>3 corrections after submitting the design;<\/li>\n<li>Graphic designer and marketing specialist consultations;<\/li>\n<li>Paruo\u0161imo darbai A4 lapui;<\/li>\n<\/ul>\n<p><strong>\ud83d\udca1 Don't have an idea?<\/strong> No problem, in the order form below, provide the text and additional necessary information and taking into account your information<strong> we will come up with an idea and perform the service.<\/strong><\/p>\n<p><strong>\ud83d\udcb8 The service is exempt from VAT (21%) and an invoice is issued (upon the customer's request).<\/strong><\/p>\n<p>\u270d\ufe0f Please pay attention to grammar and punctuation errors when specifying the text, as we are not responsible for this! Possibility to correct errors in the order before the start of work.<\/p>","protected":false},"featured_media":1400,"template":"","meta":{"_monsterinsights_skip_tracking":false,"_monsterinsights_sitenote_active":false,"_monsterinsights_sitenote_note":"","_monsterinsights_sitenote_category":0,"site-sidebar-layout":"default","site-content-layout":"default","ast-global-header-display":"","ast-main-header-display":"","ast-hfb-above-header-display":"","ast-hfb-below-header-display":"","ast-hfb-mobile-header-display":"","site-post-title":"","ast-breadcrumbs-content":"","ast-featured-img":"","footer-sml-layout":"","theme-transparent-header-meta":"default","adv-header-id-meta":"","stick-header-meta":"","header-above-stick-meta":"","header-main-stick-meta":"","header-below-stick-meta":""},"product_cat":[47,16,26,27],"product_tag":[],"aioseo_notices":[],"uagb_featured_image_src":{"full":["https:\/\/jaunaideja.lt\/wp-content\/uploads\/2022\/08\/Renginio-plakatas-scaled.jpg",2560,2252,false],"thumbnail":["https:\/\/jaunaideja.lt\/wp-content\/uploads\/2022\/08\/Renginio-plakatas-150x150.jpg",150,150,true],"medium":["https:\/\/jaunaideja.lt\/wp-content\/uploads\/2022\/08\/Renginio-plakatas-300x264.jpg",300,264,true],"medium_large":["https:\/\/jaunaideja.lt\/wp-content\/uploads\/2022\/08\/Renginio-plakatas-768x676.jpg",768,676,true],"large":["https:\/\/jaunaideja.lt\/wp-content\/uploads\/2022\/08\/Renginio-plakatas-1024x901.jpg",1024,901,true],"1536x1536":["https:\/\/jaunaideja.lt\/wp-content\/uploads\/2022\/08\/Renginio-plakatas-1536x1351.jpg",1536,1351,true],"2048x2048":["https:\/\/jaunaideja.lt\/wp-content\/uploads\/2022\/08\/Renginio-plakatas-2048x1802.jpg",2048,1802,true],"trp-custom-language-flag":["https:\/\/jaunaideja.lt\/wp-content\/uploads\/2022\/08\/Renginio-plakatas-scaled.jpg",14,12,false],"mailpoet_newsletter_max":["https:\/\/jaunaideja.lt\/wp-content\/uploads\/2022\/08\/Renginio-plakatas-1320x1161.jpg",1320,1161,true],"woocommerce_thumbnail":["https:\/\/jaunaideja.lt\/wp-content\/uploads\/2022\/08\/Renginio-plakatas-scaled-300x300.jpg",300,300,true],"woocommerce_single":["https:\/\/jaunaideja.lt\/wp-content\/uploads\/2022\/08\/Renginio-plakatas-scaled-600x528.jpg",600,528,true],"woocommerce_gallery_thumbnail":["https:\/\/jaunaideja.lt\/wp-content\/uploads\/2022\/08\/Renginio-plakatas-scaled-100x100.jpg",100,100,true],"shop_catalog":["https:\/\/jaunaideja.lt\/wp-content\/uploads\/2022\/08\/Renginio-plakatas-scaled-300x300.jpg",300,300,true],"shop_single":["https:\/\/jaunaideja.lt\/wp-content\/uploads\/2022\/08\/Renginio-plakatas-scaled-600x528.jpg",600,528,true],"shop_thumbnail":["https:\/\/jaunaideja.lt\/wp-content\/uploads\/2022\/08\/Renginio-plakatas-scaled-100x100.jpg",100,100,true]},"uagb_author_info":{"display_name":"Tautvydas Zaurynas","author_link":"https:\/\/jaunaideja.lt\/en\/author\/"},"uagb_comment_info":0,"uagb_excerpt":"\u2705\u00a0\u012e maketavimo kain\u0105 \u012fskai\u010diuota: Poreiki\u0173 analizavimas \u2013 stilistika, siekiamas rezultatas ir srities rinka; Vartotoj\u0173 ir konkurent\u0173 analizavimas; 3 korekcijos po pateikimo dizaino; Grafikos dizainerio ir marketingo specialisto konsultacijos; Paruo\u0161imo darbai A4 lapui; \ud83d\udca1 Neturite id\u0117jos? Ne problema, apa\u010dioje esan\u010dioje u\u017esakymo formoje pateikite tekst\u0105 ir papildom\u0105 reikiam\u0105 informacija ir atsi\u017evelgdami \u012f J\u016bs\u0173 informacij\u0105 sugalvosime id\u0117ja ir&hellip;","_links":{"self":[{"href":"https:\/\/jaunaideja.lt\/en\/wp-json\/wp\/v2\/product\/943"}],"collection":[{"href":"https:\/\/jaunaideja.lt\/en\/wp-json\/wp\/v2\/product"}],"about":[{"href":"https:\/\/jaunaideja.lt\/en\/wp-json\/wp\/v2\/types\/product"}],"wp:featuredmedia":[{"embeddable":true,"href":"https:\/\/jaunaideja.lt\/en\/wp-json\/wp\/v2\/media\/1400"}],"wp:attachment":[{"href":"https:\/\/jaunaideja.lt\/en\/wp-json\/wp\/v2\/media?parent=943"}],"wp:term":[{"taxonomy":"product_cat","embeddable":true,"href":"https:\/\/jaunaideja.lt\/en\/wp-json\/wp\/v2\/product_cat?post=943"},{"taxonomy":"product_tag","embeddable":true,"href":"https:\/\/jaunaideja.lt\/en\/wp-json\/wp\/v2\/product_tag?post=943"}],"curies":[{"name":"wp","href":"https:\/\/api.w.org\/{rel}","templated":true}]}}