{"id":938,"date":"2022-08-01T20:28:28","date_gmt":"2022-08-01T20:28:28","guid":{"rendered":"https:\/\/jaunaideja.lt\/?post_type=product&#038;p=938"},"modified":"2024-08-14T14:10:40","modified_gmt":"2024-08-14T12:10:40","slug":"socialinio-iraso-maketas","status":"publish","type":"product","link":"https:\/\/jaunaideja.lt\/en\/paslauga\/social-post-mockup\/","title":{"rendered":"Social media post layout"},"content":{"rendered":"<p>\u2705 <strong>Everyone agrees that the layout and content of a social post must be valuable, relevant and of high quality. <\/strong>But anyone can get lost in measuring quality. Judging content is often very subjective - pretty or ugly, like it or not.<\/p>\n<p>\u2705 <strong>To start with, the posts you create should be relevant to your brand's target audience.<\/strong> That's why all content development must start with design - understanding what is interesting, appealing and engaging for the target audience. And once that's clear, we can pay attention to other details too.<\/p>\n<ul>\n<li><strong>Photos used on social media should be eye-catching.<\/strong> They must be clear and distinct. This does not mean that professional photo shoots are necessary. Such photos can be taken on a mobile phone at home and with a little editing.<\/li>\n<li>Regardless of the length of the text, it is important to write short paragraphs and short sentences.<strong> Many users use social networks on mobile devices.<\/strong> And long paragraphs or long sentences are awkward to read on the phone.<\/li>\n<li>If you use layouts when communicating, <strong>you should use coordinating colours to make sure the font is legible,<\/strong> and the spacing of upper and lower case letters and lines makes the text easier to read.<\/li>\n<li><strong>Protected areas' requirements for social media layouts change frequently, so you should rely on professionals.<\/strong><\/li>\n<li>In social media, image and text travel together. <strong>The photo or layout is the first thing that catches the user's attention.<\/strong><\/li>\n<\/ul>\n<p>Designing an effective social post layout is important for attracting attention and communicating important points to your audience. Here are some tips for creating an attractive social media post layout:<\/p>\n<ol>\n<li><strong>Suitable format and size:<\/strong> Consider different social media formats and size requirements (eg Instagram, Facebook, Twitter). Choose the right image or photo size to make your content look good.<\/li>\n<li><strong>A clear message:<\/strong> Be brief and convey the most important information or message very clearly and specifically. Try to use short sentences or even one word if it's effective.<\/li>\n<li><strong>Main information:<\/strong> Include key information such as the date of the event, a link, quotes or a short message that reflects the purpose of the post.<\/li>\n<li><strong>Logo and branding:<\/strong> Make sure your company logo or brand is visible and recognizable if appropriate for the content of the post. We can also provide a service: <a title=\"Brandbook creation\" href=\"https:\/\/jaunaideja.lt\/en\/paslauga\/brandbook-creation\/\" target=\"_blank\" rel=\"noopener\">Brandbook creation<\/a><\/li>\n<li><strong>Call-to-action element:<\/strong> Include a call-to-action button, link, or tagline that prompts your audience to take action, such as \u201cClick here,\u201d \u201cUpdated,\u201d etc.<\/li>\n<\/ol>\n<p>It is important to adapt to the specifics of each social network platform and the audience you are trying to reach. A creative and clear layout of a social post can engage the audience more and achieve good results.<\/p>\n<p>You can read more information on our blog:\u00a0<a title=\"LiJIA\" href=\"http:\/\/www.lijia.lt\/\" target=\"_blank\" rel=\"noopener\">LiJIA<\/a><\/p>","protected":false},"excerpt":{"rendered":"<p>\u2705\u00a0<strong>The layout price includes:<\/strong><\/p>\n<ul>\n<li>Analysis of needs - stylistics, the desired result and the market of the area;<\/li>\n<li>User and competitor analysis;<\/li>\n<li>Exclusive, unique and modern design;<\/li>\n<li>Post-submission design corrections;<\/li>\n<li>Graphic designer and marketing specialist consultations;<\/li>\n<\/ul>\n<p><strong>\ud83d\udca1 Don't have an idea?<\/strong> No problem, in the order form below, provide the text and additional necessary information and taking into account your information<strong> we will come up with an idea and perform the service.<\/strong><\/p>\n<p><strong>\ud83d\udcb8 The service is exempt from VAT (21%) and an invoice is issued (upon the customer's request).<\/strong><\/p>\n<p>\u270d\ufe0f Please pay attention to grammar and punctuation errors when specifying the text, as we are not responsible for this! Possibility to correct errors in the order before the start of work.<\/p>","protected":false},"featured_media":1234,"template":"","meta":{"_monsterinsights_skip_tracking":false,"_monsterinsights_sitenote_active":false,"_monsterinsights_sitenote_note":"","_monsterinsights_sitenote_category":0,"site-sidebar-layout":"default","site-content-layout":"default","ast-global-header-display":"","ast-main-header-display":"","ast-hfb-above-header-display":"","ast-hfb-below-header-display":"","ast-hfb-mobile-header-display":"","site-post-title":"","ast-breadcrumbs-content":"","ast-featured-img":"","footer-sml-layout":"","theme-transparent-header-meta":"default","adv-header-id-meta":"","stick-header-meta":"","header-above-stick-meta":"","header-main-stick-meta":"","header-below-stick-meta":""},"product_cat":[47,16,27],"product_tag":[45,43,44],"aioseo_notices":[],"uagb_featured_image_src":{"full":["https:\/\/jaunaideja.lt\/wp-content\/uploads\/2022\/08\/255-scaled.jpg",2560,2252,false],"thumbnail":["https:\/\/jaunaideja.lt\/wp-content\/uploads\/2022\/08\/255-150x150.jpg",150,150,true],"medium":["https:\/\/jaunaideja.lt\/wp-content\/uploads\/2022\/08\/255-300x264.jpg",300,264,true],"medium_large":["https:\/\/jaunaideja.lt\/wp-content\/uploads\/2022\/08\/255-768x676.jpg",768,676,true],"large":["https:\/\/jaunaideja.lt\/wp-content\/uploads\/2022\/08\/255-1024x901.jpg",1024,901,true],"1536x1536":["https:\/\/jaunaideja.lt\/wp-content\/uploads\/2022\/08\/255-1536x1351.jpg",1536,1351,true],"2048x2048":["https:\/\/jaunaideja.lt\/wp-content\/uploads\/2022\/08\/255-2048x1802.jpg",2048,1802,true],"trp-custom-language-flag":["https:\/\/jaunaideja.lt\/wp-content\/uploads\/2022\/08\/255-scaled.jpg",14,12,false],"mailpoet_newsletter_max":["https:\/\/jaunaideja.lt\/wp-content\/uploads\/2022\/08\/255-1320x1161.jpg",1320,1161,true],"woocommerce_thumbnail":["https:\/\/jaunaideja.lt\/wp-content\/uploads\/2022\/08\/255-scaled-300x300.jpg",300,300,true],"woocommerce_single":["https:\/\/jaunaideja.lt\/wp-content\/uploads\/2022\/08\/255-scaled-600x528.jpg",600,528,true],"woocommerce_gallery_thumbnail":["https:\/\/jaunaideja.lt\/wp-content\/uploads\/2022\/08\/255-scaled-100x100.jpg",100,100,true],"shop_catalog":["https:\/\/jaunaideja.lt\/wp-content\/uploads\/2022\/08\/255-scaled-300x300.jpg",300,300,true],"shop_single":["https:\/\/jaunaideja.lt\/wp-content\/uploads\/2022\/08\/255-scaled-600x528.jpg",600,528,true],"shop_thumbnail":["https:\/\/jaunaideja.lt\/wp-content\/uploads\/2022\/08\/255-scaled-100x100.jpg",100,100,true]},"uagb_author_info":{"display_name":"Tautvydas Zaurynas","author_link":"https:\/\/jaunaideja.lt\/en\/author\/"},"uagb_comment_info":0,"uagb_excerpt":"\u2705\u00a0\u012e maketavimo kain\u0105 \u012fskai\u010diuota: Poreiki\u0173 analizavimas \u2013 stilistika, siekiamas rezultatas ir srities rinka; Vartotoj\u0173 ir konkurent\u0173 analizavimas; I\u0161skirtinis, unikalus ir \u0161iuolaiki\u0161kas dizainas; Korekcijos po pateikimo dizaino; Grafikos dizainerio ir marketingo specialisto konsultacijos; \ud83d\udca1 Neturite id\u0117jos? Ne problema, apa\u010dioje esan\u010dioje u\u017esakymo formoje pateikite tekst\u0105 ir papildom\u0105 reikiam\u0105 informacija ir atsi\u017evelgdami \u012f J\u016bs\u0173 informacij\u0105 sugalvosime id\u0117ja ir&hellip;","_links":{"self":[{"href":"https:\/\/jaunaideja.lt\/en\/wp-json\/wp\/v2\/product\/938"}],"collection":[{"href":"https:\/\/jaunaideja.lt\/en\/wp-json\/wp\/v2\/product"}],"about":[{"href":"https:\/\/jaunaideja.lt\/en\/wp-json\/wp\/v2\/types\/product"}],"wp:featuredmedia":[{"embeddable":true,"href":"https:\/\/jaunaideja.lt\/en\/wp-json\/wp\/v2\/media\/1234"}],"wp:attachment":[{"href":"https:\/\/jaunaideja.lt\/en\/wp-json\/wp\/v2\/media?parent=938"}],"wp:term":[{"taxonomy":"product_cat","embeddable":true,"href":"https:\/\/jaunaideja.lt\/en\/wp-json\/wp\/v2\/product_cat?post=938"},{"taxonomy":"product_tag","embeddable":true,"href":"https:\/\/jaunaideja.lt\/en\/wp-json\/wp\/v2\/product_tag?post=938"}],"curies":[{"name":"wp","href":"https:\/\/api.w.org\/{rel}","templated":true}]}}