{"id":937,"date":"2022-07-31T14:19:47","date_gmt":"2022-07-31T14:19:47","guid":{"rendered":"https:\/\/jaunaideja.lt\/?post_type=product&#038;p=937"},"modified":"2024-09-21T11:52:00","modified_gmt":"2024-09-21T09:52:00","slug":"logotipo-perpiesimas-korekcijos","status":"publish","type":"product","link":"https:\/\/jaunaideja.lt\/en\/paslauga\/logo-redrawing-corrections\/","title":{"rendered":"Logo redrawing \/ corrections"},"content":{"rendered":"<p><strong>You have a found logo, but you don't know if you need a logo redrawing?<\/strong><\/p>\n<p>\u2705<strong> You must understand that vector logo format is essential for your business. If you only have the default logo, you will have trouble printing it.<\/strong> Yes, there are exceptions where a vector logo format is not required. For example, you've just managed a Facebook page that needs a logo. In this case, you only need one logo size that you'll never need to change, so that's understandable. However, there is always a good chance that the logo will need to be used in other media, but with only a stock logo, you won't be able to scale it up. Still <strong>you can zoom in and out of vector logos without losing quality,<\/strong> use them however you want <strong>in print, web, etc.<\/strong><\/p>\n<p>\u2705 You can tell if a file is in vector format by looking at the edges of the image -<strong> the edges of a vector image will always remain intact, no matter how many times you zoom in on it<\/strong>. Text is one of the most popular vector files. Whatever <strong>however much you enlarge the text, its quality will remain the same.<\/strong><\/p>\n<p>Logo redesigns or corrections can have many benefits for a business or brand if done carefully and wisely. Some of the advantages that you will get by using the logo redrawing service:<\/p>\n<ul>\n<li><strong>Modernization and renewal:<\/strong> Time passes and design trends change, so an updated logo can help your business or brand look modern and attract a new audience.<\/li>\n<li><strong>Identity:<\/strong> If a logo is adapted to new or improved design principles, it can strengthen your business or brand identity. Well-executed corrections can emphasize the uniqueness of a company and differentiate it from competitors.<\/li>\n<li><strong>More options to use:<\/strong> An improved or modernized logo can provide more options for its use, including versions in different formats and resolutions, which is important for marketing and advertising campaigns.<\/li>\n<li><strong>Printing:<\/strong> The updated logo can improve the print quality. This can be important when printing on different materials or large sizes, where design flaws can occur.<\/li>\n<li><strong>Adapting to new markets:<\/strong> Logo adjustments can help adapt it to new markets or internationalize it to be more understandable and acceptable in each geographic area.<\/li>\n<li><strong>Responding to business changes:<\/strong> If your business is going through changes, such as expanding into new areas or services, logo adjustments can help you reflect these changes and support business growth.<\/li>\n<li><strong>Ability to adapt to the times:<\/strong> In the business world, it is necessary to be flexible and adapt to changing circumstances. Logo tweaks can be one way to demonstrate your business's adaptability to new trends.<\/li>\n<\/ul>\n<p>However, it is important to remember that corrections or redrawing of the logo must be done responsibly in order to preserve the originality, uniqueness and most important features of the logo.<\/p>\n<p>You can read more information on our blog:\u00a0<a title=\"LiJIA\" href=\"http:\/\/www.lijia.lt\/\" target=\"_blank\" rel=\"noopener\"><u>LiJIA<\/u><\/a><\/p>","protected":false},"excerpt":{"rendered":"<p>\u2705<strong>\u00a0The price of redraw\/correction includes:<\/strong><\/p>\n<ul>\n<li>Analysis of needs - stylistics, the desired result and the market of the area;<\/li>\n<li>Logo corrections;<\/li>\n<li>The logo is prepared and delivered in all necessary formats (AI, EPS, JPG, PNG, PDF);<\/li>\n<li>Graphic designer and marketing specialist consultations;<\/li>\n<li>Preparation for the press;<\/li>\n<\/ul>\n<p><strong>\ud83d\udcb8 The service is exempt from VAT (21%) and an invoice is issued (upon the customer's request).<\/strong><\/p>\n<h5><strong>FOR WORK ORDER:<\/strong><\/h5>\n<p>\ud83d\udd3d Fill out the form below:<\/p>\n<div role=\"form\" class=\"wpcf7\" id=\"wpcf7-f3247-o1\" lang=\"lt-LT\" dir=\"ltr\">\n<div class=\"screen-reader-response\">\n<p role=\"status\" aria-live=\"polite\" aria-atomic=\"true\">\n<ul><\/ul>\n<\/div>\n<form action=\"\/en\/wp-json\/wp\/v2\/product\/937#wpcf7-f3247-o1\" method=\"post\" class=\"wpcf7-form init\" enctype=\"multipart\/form-data\" novalidate=\"novalidate\" data-status=\"init\" data-trp-original-action=\"\/en\/wp-json\/wp\/v2\/product\/937#wpcf7-f3247-o1\">\n<div style=\"display: none;\">\n<input type=\"hidden\" name=\"_wpcf7\" value=\"3247\" \/><br \/>\n<input type=\"hidden\" name=\"_wpcf7_version\" value=\"5.6.2\" \/><br \/>\n<input type=\"hidden\" name=\"_wpcf7_locale\" value=\"lt_LT\" \/><br \/>\n<input type=\"hidden\" name=\"_wpcf7_unit_tag\" value=\"wpcf7-f3247-o1\" \/><br \/>\n<input type=\"hidden\" name=\"_wpcf7_container_post\" value=\"0\" \/><br \/>\n<input type=\"hidden\" name=\"_wpcf7_posted_data_hash\" value=\"\" \/><br \/>\n<input type=\"hidden\" name=\"_wpcf7cf_hidden_group_fields\" value=\"[]\" \/><br \/>\n<input type=\"hidden\" name=\"_wpcf7cf_hidden_groups\" value=\"[]\" \/><br \/>\n<input type=\"hidden\" name=\"_wpcf7cf_visible_groups\" value=\"[]\" \/><br \/>\n<input type=\"hidden\" name=\"_wpcf7cf_repeaters\" value=\"[]\" \/><br \/>\n<input type=\"hidden\" name=\"_wpcf7cf_steps\" value=\"{}\" \/><br \/>\n<input type=\"hidden\" name=\"_wpcf7cf_options\" value=\"{&quot;form_id&quot;:3247,&quot;conditions&quot;:[],&quot;settings&quot;:{&quot;animation&quot;:&quot;yes&quot;,&quot;animation_intime&quot;:200,&quot;animation_outtime&quot;:200,&quot;conditions_ui&quot;:&quot;normal&quot;,&quot;notice_dismissed&quot;:false,&quot;notice_dismissed_update-cf7-5.6.3&quot;:true}}\" \/>\n<\/div>\n<h3><center> Send your logo, we will evaluate it and give you a price: <\/center><\/h3>\n<p><label> Your e-mail:*<br \/>\n    <span class=\"wpcf7-form-control-wrap\" data-name=\"your-email\"><input type=\"email\" name=\"your-email\" value=\"\" size=\"40\" class=\"wpcf7-form-control wpcf7-text wpcf7-email wpcf7-validates-as-required wpcf7-validates-as-email\" aria-required=\"true\" aria-invalid=\"false\" \/><\/span> <\/label><\/p>\n<p><label> Logo:* <\/label><br \/>\n<span class=\"wpcf7-form-control-wrap\" data-name=\"logotipas\"><input type=\"file\" name=\"logotipas\" size=\"40\" class=\"wpcf7-form-control wpcf7-file wpcf7-validates-as-required\" accept=\".jpg,.jpeg,.gif,.png,.docx,.xls,.pptx,.eps,.ai,.cdr,.pdf\" aria-required=\"true\" aria-invalid=\"false\" \/><\/span><\/p>\n<p><label> What corrections should be made: <\/label><br \/>\n<span class=\"wpcf7-form-control-wrap\" data-name=\"korekcijos\"><textarea name=\"korekcijos\" cols=\"40\" rows=\"10\" class=\"wpcf7-form-control wpcf7-textarea\" aria-invalid=\"false\" placeholder=\"An empty cell means no corrections are required\"><\/textarea><\/span><\/p>\n<p><label> Additional options: <\/label><br \/>\n<span class=\"wpcf7-form-control-wrap\" data-name=\"galimybes\"><span class=\"wpcf7-form-control wpcf7-checkbox\"><span class=\"wpcf7-list-item first\"><label><input type=\"checkbox\" name=\"galimybes[]\" value=\"Logotipo perdarymas \u012f balt\u0105 ir juod\u0105 spalvas (+5,00 \u20ac)\" \/><span class=\"wpcf7-list-item-label\">Redoing the logo in white and black colors (+5,00 \u20ac)<\/span><\/label><\/span><span class=\"wpcf7-list-item last\"><label><input type=\"checkbox\" name=\"galimybes[]\" value=\"Vizualinio identiteto knyga (+5,00 \u20ac)\" \/><span class=\"wpcf7-list-item-label\">Visual identity book (+\u20ac5.00)<\/span><\/label><\/span><\/span><\/span><\/p>\n<p><label> Service execution deadline: <\/label><br \/>\n<span class=\"wpcf7-form-control-wrap\" data-name=\"Skubus_atlikimas\"><span class=\"wpcf7-form-control wpcf7-checkbox\"><span class=\"wpcf7-list-item first last\"><label><input type=\"checkbox\" name=\"Skubus_atlikimas[]\" value=\"Skubus atlikimas (i\u0161kart gavus apmok\u0117jim\u0105) (+30% papildomai nuo bendros sumos)\" \/><span class=\"wpcf7-list-item-label\">Priority execution (immediately upon receipt of payment) (+30% extra from the total amount)<\/span><\/label><\/span><\/span><\/span><\/p>\n<h6><center> We usually set a price and respond to your inquiry within one business day. <\/center><\/p>\n<\/h6>\n<p><input type=\"submit\" value=\"Submit\" class=\"wpcf7-form-control has-spinner wpcf7-submit\" \/><\/p>\n<p style=\"display: none !important;\" class=\"akismet-fields-container\" data-prefix=\"_wpcf7_ak_\"><label>&#916;<textarea name=\"_wpcf7_ak_hp_textarea\" cols=\"45\" rows=\"8\" maxlength=\"100\"><\/textarea><\/label><input type=\"hidden\" id=\"ak_js_1\" name=\"_wpcf7_ak_js\" value=\"0\"\/><script>document.getElementById( \"ak_js_1\" ).setAttribute( \"value\", ( new Date() ).getTime() );<\/script><\/p>\n<div class=\"wpcf7-response-output\" aria-hidden=\"true\"><\/div>\n<input type=\"hidden\" name=\"trp-form-language\" value=\"en\"\/><\/form>\n<\/div>","protected":false},"featured_media":1221,"template":"","meta":{"_monsterinsights_skip_tracking":false,"_monsterinsights_sitenote_active":false,"_monsterinsights_sitenote_note":"","_monsterinsights_sitenote_category":0,"site-sidebar-layout":"default","site-content-layout":"default","ast-global-header-display":"","ast-main-header-display":"","ast-hfb-above-header-display":"","ast-hfb-below-header-display":"","ast-hfb-mobile-header-display":"","site-post-title":"","ast-breadcrumbs-content":"","ast-featured-img":"","footer-sml-layout":"","theme-transparent-header-meta":"default","adv-header-id-meta":"","stick-header-meta":"","header-above-stick-meta":"","header-main-stick-meta":"","header-below-stick-meta":""},"product_cat":[35],"product_tag":[],"aioseo_notices":[],"uagb_featured_image_src":{"full":["https:\/\/jaunaideja.lt\/wp-content\/uploads\/2022\/07\/ezgif.com-gif-maker-1-2-e1660648712583.jpg",1024,942,false],"thumbnail":["https:\/\/jaunaideja.lt\/wp-content\/uploads\/2022\/07\/ezgif.com-gif-maker-1-2-e1660648712583-150x150.jpg",150,150,true],"medium":["https:\/\/jaunaideja.lt\/wp-content\/uploads\/2022\/07\/ezgif.com-gif-maker-1-2-e1660648712583-300x276.jpg",300,276,true],"medium_large":["https:\/\/jaunaideja.lt\/wp-content\/uploads\/2022\/07\/ezgif.com-gif-maker-1-2-e1660648712583-768x707.jpg",768,707,true],"large":["https:\/\/jaunaideja.lt\/wp-content\/uploads\/2022\/07\/ezgif.com-gif-maker-1-2-1024x1024.jpg",1024,1024,true],"1536x1536":["https:\/\/jaunaideja.lt\/wp-content\/uploads\/2022\/07\/ezgif.com-gif-maker-1-2-e1660648712583.jpg",1024,942,false],"2048x2048":["https:\/\/jaunaideja.lt\/wp-content\/uploads\/2022\/07\/ezgif.com-gif-maker-1-2-e1660648712583.jpg",1024,942,false],"trp-custom-language-flag":["https:\/\/jaunaideja.lt\/wp-content\/uploads\/2022\/07\/ezgif.com-gif-maker-1-2-e1660648712583.jpg",13,12,false],"mailpoet_newsletter_max":["https:\/\/jaunaideja.lt\/wp-content\/uploads\/2022\/07\/ezgif.com-gif-maker-1-2-e1660648712583.jpg",1024,942,false],"woocommerce_thumbnail":["https:\/\/jaunaideja.lt\/wp-content\/uploads\/2022\/07\/ezgif.com-gif-maker-1-2-e1660648712583-300x300.jpg",300,300,true],"woocommerce_single":["https:\/\/jaunaideja.lt\/wp-content\/uploads\/2022\/07\/ezgif.com-gif-maker-1-2-e1660648712583-600x552.jpg",600,552,true],"woocommerce_gallery_thumbnail":["https:\/\/jaunaideja.lt\/wp-content\/uploads\/2022\/07\/ezgif.com-gif-maker-1-2-e1660648712583-100x100.jpg",100,100,true],"shop_catalog":["https:\/\/jaunaideja.lt\/wp-content\/uploads\/2022\/07\/ezgif.com-gif-maker-1-2-e1660648712583-300x300.jpg",300,300,true],"shop_single":["https:\/\/jaunaideja.lt\/wp-content\/uploads\/2022\/07\/ezgif.com-gif-maker-1-2-e1660648712583-600x552.jpg",600,552,true],"shop_thumbnail":["https:\/\/jaunaideja.lt\/wp-content\/uploads\/2022\/07\/ezgif.com-gif-maker-1-2-e1660648712583-100x100.jpg",100,100,true]},"uagb_author_info":{"display_name":"Tautvydas Zaurynas","author_link":"https:\/\/jaunaideja.lt\/en\/author\/"},"uagb_comment_info":0,"uagb_excerpt":"\u2705\u00a0\u012e perpie\u0161imo\/koregavimo kain\u0105 \u012fskai\u010diuota: Poreiki\u0173 analizavimas \u2013 stilistika, siekiamas rezultatas ir srities rinka; Logotipo korekcijos; Logotipas suruo\u0161iama ir atiduodama visais reikalingais formatais (AI, EPS, JPG, PNG, PDF); Grafikos dizainerio ir marketingo specialisto konsultacijos; Paruo\u0161imo darbai spaudai; \ud83d\udcb8 Paslaugai netaikomas PVM (21 proc.) mokestis ir i\u0161ra\u0161oma s\u0105skaita fakt\u016bra (pareikalavus klientui). D\u0116L DARBO U\u017dSAKYMO: \ud83d\udd3d U\u017epildykite apa\u010dioje&hellip;","_links":{"self":[{"href":"https:\/\/jaunaideja.lt\/en\/wp-json\/wp\/v2\/product\/937"}],"collection":[{"href":"https:\/\/jaunaideja.lt\/en\/wp-json\/wp\/v2\/product"}],"about":[{"href":"https:\/\/jaunaideja.lt\/en\/wp-json\/wp\/v2\/types\/product"}],"wp:featuredmedia":[{"embeddable":true,"href":"https:\/\/jaunaideja.lt\/en\/wp-json\/wp\/v2\/media\/1221"}],"wp:attachment":[{"href":"https:\/\/jaunaideja.lt\/en\/wp-json\/wp\/v2\/media?parent=937"}],"wp:term":[{"taxonomy":"product_cat","embeddable":true,"href":"https:\/\/jaunaideja.lt\/en\/wp-json\/wp\/v2\/product_cat?post=937"},{"taxonomy":"product_tag","embeddable":true,"href":"https:\/\/jaunaideja.lt\/en\/wp-json\/wp\/v2\/product_tag?post=937"}],"curies":[{"name":"wp","href":"https:\/\/api.w.org\/{rel}","templated":true}]}}