{"id":936,"date":"2022-07-31T13:13:49","date_gmt":"2022-07-31T13:13:49","guid":{"rendered":"https:\/\/jaunaideja.lt\/?post_type=product&#038;p=936"},"modified":"2024-08-14T14:11:10","modified_gmt":"2024-08-14T12:11:10","slug":"lauko-reklamos-maketavimas","status":"publish","type":"product","link":"https:\/\/jaunaideja.lt\/en\/paslauga\/outdoor-advertising-layout\/","title":{"rendered":"Outdoor advertisement layout"},"content":{"rendered":"<div>\u2705 <strong>Layout of outdoor advertising not only spreads information,<\/strong> but also diversify the environment, give life and originality to local residents and guests. Advertising experts say that outdoor advertising should not be forgotten when promoting a brand name or image. Well designed outdoor <strong>an average of 60% notices the advertisement within 2-4 weeks<\/strong> people passing or passing by.<\/div>\n<div><\/div>\n<div>\n<p>Lauko reklamos maketavimas yra efektyvus b\u016bdas pasiekti didel\u012f auditorijos skai\u010di\u0173 ir pritraukti d\u0117mes\u012f \u012f j\u016bs\u0173 produkt\u0105, paslaug\u0105 ar rengin\u012f. \u0160tai keletas patarim\u0173, kaip sukurti efektyv\u0173 lauko reklamos maket\u0105:<\/p>\n<ol>\n<li><strong>Plan a clear message: <\/strong>Advertising must be understood within seconds. Identify the key message or benefit you want to convey and convey it clearly and concisely.<\/li>\n<li><strong>The information must be read from a distance: <\/strong>Choose a large, clear and easy-to-read font that can be seen from a distance. The font size should be large enough so that the message can be read even from a distance.<\/li>\n<li><strong>Provide only essential information:<\/strong> Outdoor advertising layout should be simple, with short and clear information. Avoid overly complicated sentences or too many details.<\/li>\n<li><strong>Consider the environment:<\/strong> If outdoor advertising is going to be placed in a certain environment (city street, nature, etc.), it is important that it fits in with the surrounding landscape and is easily noticeable.<\/li>\n<li><strong>Add contact information:<\/strong> If applicable, add contact information or ways to get in touch (phone, website, QR code, etc.).<\/li>\n<li><strong>Choose the right location:<\/strong> Consider the location where the ad will be placed. A properly chosen location can greatly increase the effectiveness of advertising.<\/li>\n<\/ol>\n<p>Remember that the layout of outdoor advertising must be adapted to the environment in which it will be presented and attract attention in a short time. A carefully designed layout can help you reach your desired audience and successfully convey your message.<\/p>\n<p>You can read more information on our blog:\u00a0<a title=\"LiJIA\" href=\"http:\/\/www.lijia.lt\/\" target=\"_blank\" rel=\"noopener\">LiJIA<\/a><\/p>\n<\/div>","protected":false},"excerpt":{"rendered":"<p>\u2705\u00a0<strong>The layout price includes:<\/strong><\/p>\n<ul>\n<li>Analysis of needs - stylistics, the desired result and the market of the area;<\/li>\n<li>User and competitor analysis;<\/li>\n<li>Exclusive, unique and modern design;<\/li>\n<li>Professional and modern approach to outdoor advertising;<\/li>\n<li>Post-submission design corrections;<\/li>\n<li>Graphic designer and marketing specialist consultations;<\/li>\n<li>Preparation for the press;<\/li>\n<\/ul>\n<p><strong>\ud83d\udca1 Don't have an idea? <\/strong>No problem, in the order form below, provide the text and additional necessary information and taking into account your information<strong> we will come up with an idea and perform the service.<\/strong><\/p>\n<p><strong>\ud83d\udcb8 The service is exempt from VAT (21%) and an invoice is issued (upon the customer's request).<\/strong><\/p>\n<p>\u270d\ufe0f Please pay attention to grammar and punctuation errors when specifying the text, as we are not responsible for this! Possibility to correct errors in the order before the start of work.<\/p>","protected":false},"featured_media":1214,"template":"","meta":{"_monsterinsights_skip_tracking":false,"_monsterinsights_sitenote_active":false,"_monsterinsights_sitenote_note":"","_monsterinsights_sitenote_category":0,"site-sidebar-layout":"default","site-content-layout":"default","ast-global-header-display":"","ast-main-header-display":"","ast-hfb-above-header-display":"","ast-hfb-below-header-display":"","ast-hfb-mobile-header-display":"","site-post-title":"","ast-breadcrumbs-content":"","ast-featured-img":"","footer-sml-layout":"","theme-transparent-header-meta":"default","adv-header-id-meta":"","stick-header-meta":"","header-above-stick-meta":"","header-main-stick-meta":"","header-below-stick-meta":""},"product_cat":[16,26],"product_tag":[],"aioseo_notices":[],"uagb_featured_image_src":{"full":["https:\/\/jaunaideja.lt\/wp-content\/uploads\/2022\/07\/Stendas-lauke-kvepalai.jpg",1750,1313,false],"thumbnail":["https:\/\/jaunaideja.lt\/wp-content\/uploads\/2022\/07\/Stendas-lauke-kvepalai-150x150.jpg",150,150,true],"medium":["https:\/\/jaunaideja.lt\/wp-content\/uploads\/2022\/07\/Stendas-lauke-kvepalai-300x225.jpg",300,225,true],"medium_large":["https:\/\/jaunaideja.lt\/wp-content\/uploads\/2022\/07\/Stendas-lauke-kvepalai-768x576.jpg",768,576,true],"large":["https:\/\/jaunaideja.lt\/wp-content\/uploads\/2022\/07\/Stendas-lauke-kvepalai-1024x768.jpg",1024,768,true],"1536x1536":["https:\/\/jaunaideja.lt\/wp-content\/uploads\/2022\/07\/Stendas-lauke-kvepalai-1536x1152.jpg",1536,1152,true],"2048x2048":["https:\/\/jaunaideja.lt\/wp-content\/uploads\/2022\/07\/Stendas-lauke-kvepalai.jpg",1750,1313,false],"trp-custom-language-flag":["https:\/\/jaunaideja.lt\/wp-content\/uploads\/2022\/07\/Stendas-lauke-kvepalai.jpg",16,12,false],"mailpoet_newsletter_max":["https:\/\/jaunaideja.lt\/wp-content\/uploads\/2022\/07\/Stendas-lauke-kvepalai-1320x990.jpg",1320,990,true],"woocommerce_thumbnail":["https:\/\/jaunaideja.lt\/wp-content\/uploads\/2022\/07\/Stendas-lauke-kvepalai-300x300.jpg",300,300,true],"woocommerce_single":["https:\/\/jaunaideja.lt\/wp-content\/uploads\/2022\/07\/Stendas-lauke-kvepalai-600x450.jpg",600,450,true],"woocommerce_gallery_thumbnail":["https:\/\/jaunaideja.lt\/wp-content\/uploads\/2022\/07\/Stendas-lauke-kvepalai-100x100.jpg",100,100,true],"shop_catalog":["https:\/\/jaunaideja.lt\/wp-content\/uploads\/2022\/07\/Stendas-lauke-kvepalai-300x300.jpg",300,300,true],"shop_single":["https:\/\/jaunaideja.lt\/wp-content\/uploads\/2022\/07\/Stendas-lauke-kvepalai-600x450.jpg",600,450,true],"shop_thumbnail":["https:\/\/jaunaideja.lt\/wp-content\/uploads\/2022\/07\/Stendas-lauke-kvepalai-100x100.jpg",100,100,true]},"uagb_author_info":{"display_name":"Tautvydas Zaurynas","author_link":"https:\/\/jaunaideja.lt\/en\/author\/"},"uagb_comment_info":0,"uagb_excerpt":"\u2705\u00a0\u012e maketavimo kain\u0105 \u012fskai\u010diuota: Poreiki\u0173 analizavimas \u2013 stilistika, siekiamas rezultatas ir srities rinka; Vartotoj\u0173 ir konkurent\u0173 analizavimas; I\u0161skirtinis, unikalus ir \u0161iuolaiki\u0161kas dizainas; Profesional\u0173 ir \u0161iuolaiki\u0161k\u0105 po\u017ei\u016br\u012f \u012f lauko reklam\u0105; Korekcijos po pateikimo dizaino; Grafikos dizainerio ir marketingo specialisto konsultacijas; Paruo\u0161imo darbai spaudai; \ud83d\udca1 Neturite id\u0117jos? Ne problema, apa\u010dioje esan\u010dioje u\u017esakymo formoje pateikite tekst\u0105 ir papildom\u0105&hellip;","_links":{"self":[{"href":"https:\/\/jaunaideja.lt\/en\/wp-json\/wp\/v2\/product\/936"}],"collection":[{"href":"https:\/\/jaunaideja.lt\/en\/wp-json\/wp\/v2\/product"}],"about":[{"href":"https:\/\/jaunaideja.lt\/en\/wp-json\/wp\/v2\/types\/product"}],"wp:featuredmedia":[{"embeddable":true,"href":"https:\/\/jaunaideja.lt\/en\/wp-json\/wp\/v2\/media\/1214"}],"wp:attachment":[{"href":"https:\/\/jaunaideja.lt\/en\/wp-json\/wp\/v2\/media?parent=936"}],"wp:term":[{"taxonomy":"product_cat","embeddable":true,"href":"https:\/\/jaunaideja.lt\/en\/wp-json\/wp\/v2\/product_cat?post=936"},{"taxonomy":"product_tag","embeddable":true,"href":"https:\/\/jaunaideja.lt\/en\/wp-json\/wp\/v2\/product_tag?post=936"}],"curies":[{"name":"wp","href":"https:\/\/api.w.org\/{rel}","templated":true}]}}