{"id":933,"date":"2022-07-31T11:58:44","date_gmt":"2022-07-31T11:58:44","guid":{"rendered":"https:\/\/jaunaideja.lt\/?post_type=product&#038;p=933"},"modified":"2024-08-14T14:11:39","modified_gmt":"2024-08-14T12:11:39","slug":"reklaminiai-skydeliai","status":"publish","type":"product","link":"https:\/\/jaunaideja.lt\/en\/paslauga\/banners\/","title":{"rendered":"Banner layout + animation (HTML 5)"},"content":{"rendered":"<p>\u2705 <strong>Banners <\/strong>are intended to attract <strong>targeted visitors<\/strong> audience to your website. Static and dynamic (moving) banners are available. Panels are produced according to the parameters set by the site where they will be displayed. Banners are designed so that <strong>would interest potential customers<\/strong>, and would help <strong>to sell<\/strong> Your goods or services.<\/p>\n<p>\u2705 You can use banners <strong>on your website or on the websites of other businesses,<\/strong> which you can easily place under the text, in the art bar or in the footer. This way you can introduce the client to <strong>nuolaidomis<\/strong> On your website, new products or services. You can easily redirect the visitor to the desired page.<\/p>\n<p>Banners are an important part of an advertising campaign as they can help attract attention and convey a message to potential customers or passers-by. Here are some tips for creating an effective banner layout:<\/p>\n<ol>\n<li>Clear message: The advertising message should be simple and clear. Formulate a short and compelling message that is immediately understood. By using short sentences or even one word, aim to convey the most important information.<\/li>\n<li>Hierarchy of information: The most important information should be emphasized and arranged in such a way that it can be seen from a distance. Structure your information hierarchically, with the most important information given more attention than the less important.<\/li>\n<li>Environmental compatibility: Consider the location where the banner will be placed. The design and size of the panel should be adapted to the environment to make it easier to notice.<\/li>\n<li>Brandbook: Make sure the banner matches the branding and style of your product or service. Include a logo or other branding elements to make your business recognizable. Provides service and <a title=\"Brandbook creation\" href=\"https:\/\/jaunaideja.lt\/en\/paslauga\/brandbook-creation\/\" target=\"_blank\" rel=\"noopener\"><u>Brandbook creation<\/u><\/a>.<\/li>\n<\/ol>\n<p>Before placing a billboard in a public location, it is important to conduct testing and carefully review the layout to ensure its suitability and effectiveness for advertising. A properly designed and created banner can greatly increase your awareness and attract new customers.<\/p>\n<p>You can read more information on our blog:\u00a0<a title=\"LiJIA\" href=\"http:\/\/www.lijia.lt\/\" target=\"_blank\" rel=\"noopener\"><u>LiJIA<\/u><\/a><\/p>","protected":false},"excerpt":{"rendered":"<p>\u2705\u00a0<strong>The layout price includes:<\/strong><\/p>\n<ul>\n<li>Analysis of needs - stylistics, the desired result and the market of the area;<\/li>\n<li>User and competitor analysis;<\/li>\n<li>Post-submission design corrections;<\/li>\n<li>Graphic designer and marketing specialist consultations;<\/li>\n<li>Preparation for the press;<\/li>\n<\/ul>\n<p>\ud83d\udca1\u00a0<strong>Don't have an idea?<\/strong> No problem, in the order form below, provide the text and additional necessary information and taking into account your information <strong>we will come up with an idea and perform the service.<\/strong><\/p>\n<p><strong>\ud83d\udcb8 The service is exempt from VAT (21%) and an invoice is issued (upon the customer's request).<\/strong><\/p>\n<p>\u270d\ufe0f Please pay attention to grammar and punctuation errors when specifying the text, as we are not responsible for this! Possibility to correct errors in the order before the start of work.<\/p>","protected":false},"featured_media":2979,"template":"","meta":{"_monsterinsights_skip_tracking":false,"_monsterinsights_sitenote_active":false,"_monsterinsights_sitenote_note":"","_monsterinsights_sitenote_category":0,"site-sidebar-layout":"default","site-content-layout":"default","ast-global-header-display":"","ast-main-header-display":"","ast-hfb-above-header-display":"","ast-hfb-below-header-display":"","ast-hfb-mobile-header-display":"","site-post-title":"","ast-breadcrumbs-content":"","ast-featured-img":"","footer-sml-layout":"","theme-transparent-header-meta":"default","adv-header-id-meta":"","stick-header-meta":"","header-above-stick-meta":"","header-main-stick-meta":"","header-below-stick-meta":""},"product_cat":[16,27,32],"product_tag":[42,40,38],"aioseo_notices":[],"uagb_featured_image_src":{"full":["https:\/\/jaunaideja.lt\/wp-content\/uploads\/2022\/07\/reklamjuoste-1-e1662582865668.jpg",2450,2039,false],"thumbnail":["https:\/\/jaunaideja.lt\/wp-content\/uploads\/2022\/07\/reklamjuoste-1-e1662582865668-150x150.jpg",150,150,true],"medium":["https:\/\/jaunaideja.lt\/wp-content\/uploads\/2022\/07\/reklamjuoste-1-e1662582865668-300x250.jpg",300,250,true],"medium_large":["https:\/\/jaunaideja.lt\/wp-content\/uploads\/2022\/07\/reklamjuoste-1-e1662582865668-768x639.jpg",768,639,true],"large":["https:\/\/jaunaideja.lt\/wp-content\/uploads\/2022\/07\/reklamjuoste-1-e1662582865668-1024x852.jpg",1024,852,true],"1536x1536":["https:\/\/jaunaideja.lt\/wp-content\/uploads\/2022\/07\/reklamjuoste-1-e1662582865668-1536x1278.jpg",1536,1278,true],"2048x2048":["https:\/\/jaunaideja.lt\/wp-content\/uploads\/2022\/07\/reklamjuoste-1-e1662582865668-2048x1704.jpg",2048,1704,true],"trp-custom-language-flag":["https:\/\/jaunaideja.lt\/wp-content\/uploads\/2022\/07\/reklamjuoste-1-e1662582865668.jpg",14,12,false],"mailpoet_newsletter_max":["https:\/\/jaunaideja.lt\/wp-content\/uploads\/2022\/07\/reklamjuoste-1-e1662582865668-1320x1099.jpg",1320,1099,true],"woocommerce_thumbnail":["https:\/\/jaunaideja.lt\/wp-content\/uploads\/2022\/07\/reklamjuoste-1-e1662582865668-300x300.jpg",300,300,true],"woocommerce_single":["https:\/\/jaunaideja.lt\/wp-content\/uploads\/2022\/07\/reklamjuoste-1-e1662582865668-600x499.jpg",600,499,true],"woocommerce_gallery_thumbnail":["https:\/\/jaunaideja.lt\/wp-content\/uploads\/2022\/07\/reklamjuoste-1-e1662582865668-100x100.jpg",100,100,true],"shop_catalog":["https:\/\/jaunaideja.lt\/wp-content\/uploads\/2022\/07\/reklamjuoste-1-e1662582865668-300x300.jpg",300,300,true],"shop_single":["https:\/\/jaunaideja.lt\/wp-content\/uploads\/2022\/07\/reklamjuoste-1-e1662582865668-600x499.jpg",600,499,true],"shop_thumbnail":["https:\/\/jaunaideja.lt\/wp-content\/uploads\/2022\/07\/reklamjuoste-1-e1662582865668-100x100.jpg",100,100,true]},"uagb_author_info":{"display_name":"Tautvydas Zaurynas","author_link":"https:\/\/jaunaideja.lt\/en\/author\/"},"uagb_comment_info":0,"uagb_excerpt":"\u2705\u00a0\u012e maketavimo kain\u0105 \u012fskai\u010diuota: Poreiki\u0173 analizavimas \u2013 stilistika, siekiamas rezultatas ir srities rinka; Vartotoj\u0173 ir konkurent\u0173 analizavimas; Korekcijos po pateikimo dizaino; Grafikos dizainerio ir marketingo specialisto konsultacijos; Paruo\u0161imo darbai spaudai; \ud83d\udca1\u00a0Neturite id\u0117jos? Ne problema, apa\u010dioje esan\u010dioje u\u017esakymo formoje pateikite tekst\u0105 ir papildom\u0105 reikiam\u0105 informacija ir atsi\u017evelgdami \u012f J\u016bs\u0173 informacij\u0105 sugalvosime id\u0117ja ir atliksime paslaug\u0105. \ud83d\udcb8&hellip;","_links":{"self":[{"href":"https:\/\/jaunaideja.lt\/en\/wp-json\/wp\/v2\/product\/933"}],"collection":[{"href":"https:\/\/jaunaideja.lt\/en\/wp-json\/wp\/v2\/product"}],"about":[{"href":"https:\/\/jaunaideja.lt\/en\/wp-json\/wp\/v2\/types\/product"}],"wp:featuredmedia":[{"embeddable":true,"href":"https:\/\/jaunaideja.lt\/en\/wp-json\/wp\/v2\/media\/2979"}],"wp:attachment":[{"href":"https:\/\/jaunaideja.lt\/en\/wp-json\/wp\/v2\/media?parent=933"}],"wp:term":[{"taxonomy":"product_cat","embeddable":true,"href":"https:\/\/jaunaideja.lt\/en\/wp-json\/wp\/v2\/product_cat?post=933"},{"taxonomy":"product_tag","embeddable":true,"href":"https:\/\/jaunaideja.lt\/en\/wp-json\/wp\/v2\/product_tag?post=933"}],"curies":[{"name":"wp","href":"https:\/\/api.w.org\/{rel}","templated":true}]}}