{"id":931,"date":"2022-07-30T10:39:45","date_gmt":"2022-07-30T10:39:45","guid":{"rendered":"https:\/\/jaunaideja.lt\/?post_type=product&#038;p=931"},"modified":"2024-08-14T14:11:54","modified_gmt":"2024-08-14T12:11:54","slug":"diplomo-maketavimas","status":"publish","type":"product","link":"https:\/\/jaunaideja.lt\/en\/paslauga\/diploma-layout\/","title":{"rendered":"Certificate and diploma layout"},"content":{"rendered":"<p>\u2705 What the digital world has not yet made standard and<strong> it did not become more important than in print.<\/strong> You are planning an event, an award, a company party and <strong>do you want to reward or surprise your guests?<\/strong> Layout of a diploma or a word of thanks, a way to please, surprise and maybe even make guests laugh. A certificate of completion can be just as important as a diploma if you need to mark certain achievements of a company or activity.<\/p>\n<p>\u2705 <strong>What is the attitude and the image.<\/strong> Not necessarily a lot of different information, it is important to know how to present it. <strong>When evaluating work<\/strong> there is nothing better than a diploma, certificate or simply a thank you for your achievements.<\/p>\n<p>Diploma layout is important because the diploma has benefits for both personal and professional life. Here are some of the key benefits of diplomas:<\/p>\n<ol>\n<li><strong>Academic recognition and validation of skills:<\/strong> A diploma is an official certificate that you have completed a particular training program or course. It confirms your acquired knowledge and skills.<\/li>\n<li><strong>Career opportunities<\/strong>: Most employers and various professional fields require or value diplomas. A diploma can be a decisive factor in the employment process and can help you compete in the labor market.<\/li>\n<li><strong>Career growth and higher salary opportunities:<\/strong> Having proof that you're looking to expand your knowledge in a particular area often opens up more opportunities for a higher position, higher salary, or career advancement.<\/li>\n<li><strong>Personal increase in satisfaction and self-confidence:<\/strong> After completing your studies and receiving a diploma, you experience the satisfaction of having achieved a goal and increase your confidence in yourself and your knowledge.<\/li>\n<li><strong>Further education or specialization:<\/strong> A diploma can be a prerequisite for further studies.<\/li>\n<li><strong>Greater opportunities to achieve personal goals:<\/strong> A degree can enable you to achieve personal goals such as greater self-expression, intellectual challenge and all-round personal growth.<\/li>\n<\/ol>\n<p>A degree not only validates your performance, but can provide a number of benefits in both your personal and professional life, helping you to expand your opportunities and achieve your career goals.<\/p>\n<p>You can read more information on our blog: <a title=\"LiJIA\" href=\"http:\/\/www.lijia.lt\/\" target=\"_blank\" rel=\"noopener\">LiJIA<\/a><\/p>","protected":false},"excerpt":{"rendered":"<p>\u2705\u00a0<strong>The layout price includes:<\/strong><\/p>\n<ul>\n<li>Analysis of needs - stylistics, the desired result and the market of the area;<\/li>\n<li>User and competitor analysis;<\/li>\n<li>3 corrections after submitting the design;<\/li>\n<li>Graphic designer and marketing specialist consultations;<\/li>\n<li>Preparation for the press;<\/li>\n<li>PDF interactive, where you can change the name and surname and send electronically;<\/li>\n<\/ul>\n<p>\u2705 <strong>We can also offer a printing company for an additional price (\u20ac4.99), the price includes:<\/strong><\/p>\n<p><strong><span><a onclick=\"read_toggle(568535646, 'Skaityti daugiau', 'Skaityti ma\u017eiau'); return false;\" class=\"read-link\" id=\"readlink568535646\" style=\"readlink\" href=\"#\">Read more<\/a><\/span><\/p>\n<div class=\"read_div\" id=\"read568535646\" style=\"display: none;\"><\/strong><\/p>\n<ul>\n<li>Setting the printing method most likely to achieve the desired goal;<\/li>\n<li>Finding a printing company, combining price and quality taking into account your product (whole basket);<\/li>\n<li>E-mail preparation of a letter, which you should only forward to the selected printing company, which will issue you an invoice for the services;<\/li>\n<\/ul>\n<p><strong>\u2b07\ufe0f You can find approximate poster printing prices in the description below.<\/strong><\/p>\n<p><strong><\/div>\n<p><\/strong><\/p>\n<p>\ud83d\udca1\u00a0<strong>Don't have an idea?<\/strong> No problem, in the order form below, provide the text and additional necessary information and taking into account your information <strong>we will come up with an idea and perform the service.<br \/>\n<\/strong><\/p>\n<p><strong>\ud83d\udcb8 The layout service is exempt from VAT (21%) and invoices are issued (upon the customer's request).<\/strong><\/p>\n<p>\u270d\ufe0f Please pay attention to grammar and punctuation errors when specifying the text, as we are not responsible for this! Possibility to correct errors in the order before the start of work.<\/p>","protected":false},"featured_media":1209,"template":"","meta":{"_monsterinsights_skip_tracking":false,"_monsterinsights_sitenote_active":false,"_monsterinsights_sitenote_note":"","_monsterinsights_sitenote_category":0,"site-sidebar-layout":"default","site-content-layout":"default","ast-global-header-display":"","ast-main-header-display":"","ast-hfb-above-header-display":"","ast-hfb-below-header-display":"","ast-hfb-mobile-header-display":"","site-post-title":"","ast-breadcrumbs-content":"","ast-featured-img":"","footer-sml-layout":"","theme-transparent-header-meta":"default","adv-header-id-meta":"","stick-header-meta":"","header-above-stick-meta":"","header-main-stick-meta":"","header-below-stick-meta":""},"product_cat":[16,26],"product_tag":[],"aioseo_notices":[],"uagb_featured_image_src":{"full":["https:\/\/jaunaideja.lt\/wp-content\/uploads\/2022\/07\/Diplomas-remelyje-e1661165868548.jpg",1436,1003,false],"thumbnail":["https:\/\/jaunaideja.lt\/wp-content\/uploads\/2022\/07\/Diplomas-remelyje-e1661165868548-150x150.jpg",150,150,true],"medium":["https:\/\/jaunaideja.lt\/wp-content\/uploads\/2022\/07\/Diplomas-remelyje-e1661165868548-300x210.jpg",300,210,true],"medium_large":["https:\/\/jaunaideja.lt\/wp-content\/uploads\/2022\/07\/Diplomas-remelyje-e1661165868548-768x536.jpg",768,536,true],"large":["https:\/\/jaunaideja.lt\/wp-content\/uploads\/2022\/07\/Diplomas-remelyje-e1661165868548-1024x715.jpg",1024,715,true],"1536x1536":["https:\/\/jaunaideja.lt\/wp-content\/uploads\/2022\/07\/Diplomas-remelyje-e1661165868548.jpg",1436,1003,false],"2048x2048":["https:\/\/jaunaideja.lt\/wp-content\/uploads\/2022\/07\/Diplomas-remelyje-e1661165868548.jpg",1436,1003,false],"trp-custom-language-flag":["https:\/\/jaunaideja.lt\/wp-content\/uploads\/2022\/07\/Diplomas-remelyje-e1661165868548.jpg",18,12,false],"mailpoet_newsletter_max":["https:\/\/jaunaideja.lt\/wp-content\/uploads\/2022\/07\/Diplomas-remelyje-e1661165868548-1320x922.jpg",1320,922,true],"woocommerce_thumbnail":["https:\/\/jaunaideja.lt\/wp-content\/uploads\/2022\/07\/Diplomas-remelyje-e1661165868548-300x300.jpg",300,300,true],"woocommerce_single":["https:\/\/jaunaideja.lt\/wp-content\/uploads\/2022\/07\/Diplomas-remelyje-e1661165868548-600x419.jpg",600,419,true],"woocommerce_gallery_thumbnail":["https:\/\/jaunaideja.lt\/wp-content\/uploads\/2022\/07\/Diplomas-remelyje-e1661165868548-100x100.jpg",100,100,true],"shop_catalog":["https:\/\/jaunaideja.lt\/wp-content\/uploads\/2022\/07\/Diplomas-remelyje-e1661165868548-300x300.jpg",300,300,true],"shop_single":["https:\/\/jaunaideja.lt\/wp-content\/uploads\/2022\/07\/Diplomas-remelyje-e1661165868548-600x419.jpg",600,419,true],"shop_thumbnail":["https:\/\/jaunaideja.lt\/wp-content\/uploads\/2022\/07\/Diplomas-remelyje-e1661165868548-100x100.jpg",100,100,true]},"uagb_author_info":{"display_name":"Tautvydas Zaurynas","author_link":"https:\/\/jaunaideja.lt\/en\/author\/"},"uagb_comment_info":0,"uagb_excerpt":"\u2705\u00a0\u012e maketavimo kain\u0105 \u012fskai\u010diuota: Poreiki\u0173 analizavimas \u2013 stilistika, siekiamas rezultatas ir srities rinka; Vartotoj\u0173 ir konkurent\u0173 analizavimas; 3 korekcijos po pateikimo dizaino; Grafikos dizainerio ir marketingo specialisto konsultacijos; Paruo\u0161imo darbai spaudai; PDF interaktyvus, kuriame gal\u0117site keisti vard\u0105 ir pavard\u0119 ir i\u0161si\u0173sti elektroniniu b\u016bdu; \u2705 Taip pat galime u\u017e papildom\u0105 kain\u0105 (4,99 \u20ac) pasi\u016blyti spausdinimo \u012fmon\u0119,&hellip;","_links":{"self":[{"href":"https:\/\/jaunaideja.lt\/en\/wp-json\/wp\/v2\/product\/931"}],"collection":[{"href":"https:\/\/jaunaideja.lt\/en\/wp-json\/wp\/v2\/product"}],"about":[{"href":"https:\/\/jaunaideja.lt\/en\/wp-json\/wp\/v2\/types\/product"}],"wp:featuredmedia":[{"embeddable":true,"href":"https:\/\/jaunaideja.lt\/en\/wp-json\/wp\/v2\/media\/1209"}],"wp:attachment":[{"href":"https:\/\/jaunaideja.lt\/en\/wp-json\/wp\/v2\/media?parent=931"}],"wp:term":[{"taxonomy":"product_cat","embeddable":true,"href":"https:\/\/jaunaideja.lt\/en\/wp-json\/wp\/v2\/product_cat?post=931"},{"taxonomy":"product_tag","embeddable":true,"href":"https:\/\/jaunaideja.lt\/en\/wp-json\/wp\/v2\/product_tag?post=931"}],"curies":[{"name":"wp","href":"https:\/\/api.w.org\/{rel}","templated":true}]}}