{"id":924,"date":"2022-07-29T14:54:43","date_gmt":"2022-07-29T14:54:43","guid":{"rendered":"https:\/\/jaunaideja.lt\/?post_type=product&#038;p=924"},"modified":"2024-08-14T14:12:08","modified_gmt":"2024-08-14T12:12:08","slug":"dovanu-kuponu-maketavimas","status":"publish","type":"product","link":"https:\/\/jaunaideja.lt\/en\/paslauga\/gift-coupon-layout\/","title":{"rendered":"Gift voucher layout"},"content":{"rendered":"<p>\u2705 <strong>Gift voucher layout<\/strong> - a great solution <strong>increase sales<\/strong> and expand the group of regular customers.<\/p>\n<p>\u2705 <strong>New impressions or the fulfillment of the most secret desires<\/strong> - only a small part of what popular gift vouchers offer. A romantic dinner for a couple, a coupon for a relaxing massage, or maybe a gift coupon that allows you to purchase in your store for a specific amount? Whichever option you choose, you can be sure that gift certificates will give women and men the freedom to choose and make their dreams come true. This idea will appeal to everyone who appreciates practical and modern solutions. <strong>Forget the gifts that are gathering dust on the shelves <\/strong>\u2013 thanks to coupons, giftees can enjoy exclusive entertainment or choose exactly what they need!<\/p>\n<p>Gift voucher layouts are an important element of your sales strategy that can help you attract new customers, encourage existing customers to buy more, and increase sales for your business. Here are some tips for creating effective gift card mockups:<\/p>\n<ol>\n<li><strong>Clear and attractive design:<\/strong> Coupon design should be eye-catching and easy to understand. Using bright color combinations, attractive font and interesting visual elements can attract more attention.<\/li>\n<li><strong>Activate customers using codes:<\/strong> Provide unique codes that allow customers to receive discounts or special offers. For example, \"Sign up and get 10% off with code 'SALE10'.\"<\/li>\n<li><strong>Limited time and conditions of the promotion:<\/strong> Emphasize the limited time the discount or promotion is valid to encourage customers to use the coupon sooner. Also specify the terms and conditions, such as the minimum amount of goods to take advantage of the discount.<\/li>\n<li><strong>Delivery through different channels:<\/strong> Distribute coupon offers on various social media platforms, email in emails, on your website or even in physical stores.<\/li>\n<li><strong>Personalized offers:<\/strong> If you have information about a customer's purchase history or interests, try to offer a coupon that is tailored to the specific customer's interests. This can increase the likelihood that the customer will take advantage of the offer.<\/li>\n<li><strong>Create seasonal or themed coupon campaigns:<\/strong> Customize coupon offers based on time of year or special events (such as Christmas, birthday, summer vacation) or product groups.<\/li>\n<\/ol>\n<p>Note that the layout of gift certificates should be aligned with your overall business strategy and goals. It's also important to track results and analyze which channels are working best for your business to further improve your coupon campaigns.<\/p>\n<p>Looking for a gift for a business person? We have an offer for you <a href=\"https:\/\/jaunaideja.lt\/en\/gift-coupons\/\" target=\"_blank\" rel=\"noopener\"><u>gift cards<\/u><\/a> for business people.<\/p>","protected":false},"excerpt":{"rendered":"<p>\u2705\u00a0<strong>The layout price includes:<\/strong><\/p>\n<ul>\n<li>Analysis of needs - stylistics, the desired result and the market of the area;<\/li>\n<li>User and competitor analysis;<\/li>\n<li>3 corrections after submitting the design;<\/li>\n<li>Graphic designer and marketing specialist consultations;<\/li>\n<li>Preparation for the press;<\/li>\n<\/ul>\n<p>\u2705 <strong>We can also offer a printing company for an additional price (\u20ac4.99), the price includes:<\/strong><\/p>\n<p><strong><span><a onclick=\"read_toggle(399504505, 'Skaityti daugiau', 'Skaityti ma\u017eiau'); return false;\" class=\"read-link\" id=\"readlink399504505\" style=\"readlink\" href=\"#\">Read more<\/a><\/span><\/p>\n<div class=\"read_div\" id=\"read399504505\" style=\"display: none;\"><\/strong><\/p>\n<ul>\n<li>Setting the printing method most likely to achieve the desired goal;<\/li>\n<li>Finding a printing company, combining price and quality taking into account your product (whole basket);<\/li>\n<li>E-mail preparation of a letter, which you should only forward to the selected printing company, which will issue you an invoice for the services;<\/li>\n<\/ul>\n<p><strong>\u2b07\ufe0f You can find approximate prices for printing gift vouchers in the description below.<\/strong><\/p>\n<p><strong><\/div>\n<p><\/strong><\/p>\n<p>\ud83d\udca1\u00a0<strong>Don't have an idea?<\/strong> No problem, in the order form below, provide the text and additional necessary information and taking into account your information\u00a0<strong>we will come up with an idea and perform the service.<br \/>\n<\/strong><\/p>\n<p><strong>\ud83d\udcb8 The layout service is exempt from VAT (21%) and invoices are issued (upon the customer's request).<\/strong><\/p>\n<p>\u270d\ufe0f Please pay attention to grammar and punctuation errors when specifying the text, as we are not responsible for this! Possibility to correct errors in the order before the start of work.<\/p>","protected":false},"featured_media":1202,"template":"","meta":{"_monsterinsights_skip_tracking":false,"_monsterinsights_sitenote_active":false,"_monsterinsights_sitenote_note":"","_monsterinsights_sitenote_category":0,"site-sidebar-layout":"default","site-content-layout":"default","ast-global-header-display":"","ast-main-header-display":"","ast-hfb-above-header-display":"","ast-hfb-below-header-display":"","ast-hfb-mobile-header-display":"","site-post-title":"","ast-breadcrumbs-content":"","ast-featured-img":"","footer-sml-layout":"","theme-transparent-header-meta":"default","adv-header-id-meta":"","stick-header-meta":"","header-above-stick-meta":"","header-main-stick-meta":"","header-below-stick-meta":""},"product_cat":[16,26],"product_tag":[40,36],"aioseo_notices":[],"uagb_featured_image_src":{"full":["https:\/\/jaunaideja.lt\/wp-content\/uploads\/2022\/07\/dovanu-kuponas-pirma-puse-vizualizacija-variantas.jpg",1185,790,false],"thumbnail":["https:\/\/jaunaideja.lt\/wp-content\/uploads\/2022\/07\/dovanu-kuponas-pirma-puse-vizualizacija-variantas-150x150.jpg",150,150,true],"medium":["https:\/\/jaunaideja.lt\/wp-content\/uploads\/2022\/07\/dovanu-kuponas-pirma-puse-vizualizacija-variantas-300x200.jpg",300,200,true],"medium_large":["https:\/\/jaunaideja.lt\/wp-content\/uploads\/2022\/07\/dovanu-kuponas-pirma-puse-vizualizacija-variantas-768x512.jpg",768,512,true],"large":["https:\/\/jaunaideja.lt\/wp-content\/uploads\/2022\/07\/dovanu-kuponas-pirma-puse-vizualizacija-variantas-1024x683.jpg",1024,683,true],"1536x1536":["https:\/\/jaunaideja.lt\/wp-content\/uploads\/2022\/07\/dovanu-kuponas-pirma-puse-vizualizacija-variantas.jpg",1185,790,false],"2048x2048":["https:\/\/jaunaideja.lt\/wp-content\/uploads\/2022\/07\/dovanu-kuponas-pirma-puse-vizualizacija-variantas.jpg",1185,790,false],"trp-custom-language-flag":["https:\/\/jaunaideja.lt\/wp-content\/uploads\/2022\/07\/dovanu-kuponas-pirma-puse-vizualizacija-variantas.jpg",18,12,false],"mailpoet_newsletter_max":["https:\/\/jaunaideja.lt\/wp-content\/uploads\/2022\/07\/dovanu-kuponas-pirma-puse-vizualizacija-variantas.jpg",1185,790,false],"woocommerce_thumbnail":["https:\/\/jaunaideja.lt\/wp-content\/uploads\/2022\/07\/dovanu-kuponas-pirma-puse-vizualizacija-variantas-300x300.jpg",300,300,true],"woocommerce_single":["https:\/\/jaunaideja.lt\/wp-content\/uploads\/2022\/07\/dovanu-kuponas-pirma-puse-vizualizacija-variantas-600x400.jpg",600,400,true],"woocommerce_gallery_thumbnail":["https:\/\/jaunaideja.lt\/wp-content\/uploads\/2022\/07\/dovanu-kuponas-pirma-puse-vizualizacija-variantas-100x100.jpg",100,100,true],"shop_catalog":["https:\/\/jaunaideja.lt\/wp-content\/uploads\/2022\/07\/dovanu-kuponas-pirma-puse-vizualizacija-variantas-300x300.jpg",300,300,true],"shop_single":["https:\/\/jaunaideja.lt\/wp-content\/uploads\/2022\/07\/dovanu-kuponas-pirma-puse-vizualizacija-variantas-600x400.jpg",600,400,true],"shop_thumbnail":["https:\/\/jaunaideja.lt\/wp-content\/uploads\/2022\/07\/dovanu-kuponas-pirma-puse-vizualizacija-variantas-100x100.jpg",100,100,true]},"uagb_author_info":{"display_name":"Tautvydas Zaurynas","author_link":"https:\/\/jaunaideja.lt\/en\/author\/"},"uagb_comment_info":0,"uagb_excerpt":"\u2705\u00a0\u012e maketavimo kain\u0105 \u012fskai\u010diuota: Poreiki\u0173 analizavimas \u2013 stilistika, siekiamas rezultatas ir srities rinka; Vartotojo ir konkurent\u0173 analizavimas; 3 korekcijos po pateikimo dizaino; Grafikos dizainerio ir marketingo specialisto konsultacijos; Paruo\u0161imo darbai spaudai; \u2705 Taip pat galime u\u017e papildom\u0105 kain\u0105 (4,99 \u20ac) pasi\u016blyti spausdinimo \u012fmon\u0119, \u012f kain\u0105 \u012fskai\u010diuota: [read more] Spausdinimo b\u016bdo nustatymas labiausiai leisiantis pasiekti norim\u0105&hellip;","_links":{"self":[{"href":"https:\/\/jaunaideja.lt\/en\/wp-json\/wp\/v2\/product\/924"}],"collection":[{"href":"https:\/\/jaunaideja.lt\/en\/wp-json\/wp\/v2\/product"}],"about":[{"href":"https:\/\/jaunaideja.lt\/en\/wp-json\/wp\/v2\/types\/product"}],"wp:featuredmedia":[{"embeddable":true,"href":"https:\/\/jaunaideja.lt\/en\/wp-json\/wp\/v2\/media\/1202"}],"wp:attachment":[{"href":"https:\/\/jaunaideja.lt\/en\/wp-json\/wp\/v2\/media?parent=924"}],"wp:term":[{"taxonomy":"product_cat","embeddable":true,"href":"https:\/\/jaunaideja.lt\/en\/wp-json\/wp\/v2\/product_cat?post=924"},{"taxonomy":"product_tag","embeddable":true,"href":"https:\/\/jaunaideja.lt\/en\/wp-json\/wp\/v2\/product_tag?post=924"}],"curies":[{"name":"wp","href":"https:\/\/api.w.org\/{rel}","templated":true}]}}