{"id":8946,"date":"2025-09-23T16:20:46","date_gmt":"2025-09-23T14:20:46","guid":{"rendered":"https:\/\/jaunaideja.lt\/?post_type=product&#038;p=8946"},"modified":"2025-09-29T11:09:28","modified_gmt":"2025-09-29T09:09:28","slug":"wordpress-kursai","status":"publish","type":"product","link":"https:\/\/jaunaideja.lt\/en\/paslauga\/wordpress-courses\/","title":{"rendered":"WordPress courses"},"content":{"rendered":"<p>In today's digital era, a website has become one of the most important tools for both business and personal projects. Whether you want to present your services, sell products, or simply create content, a professionally designed and optimized website is the key to online visibility. That's why <a title=\"What are WordPress websites and benefits\" href=\"https:\/\/jaunaideja.lt\/en\/what-is-wordpress-websites-and-benefits\/\">WordPress<\/a> and <a title=\"What is SEO and why is it important for a website\" href=\"https:\/\/jaunaideja.lt\/en\/what-is-seo-and-why-it-is-important-for-a-website\/\">SEO<\/a> The courses provide invaluable knowledge that helps not only create an attractive website, but also ensure that it is found by exactly the people for whom it is relevant.<\/p>\n<h3 data-start=\"190\" data-end=\"245\"><strong data-start=\"194\" data-end=\"245\">1. Short plan in general (for representative sites) \u2013 5 p.m.: 340 euros;<\/strong><\/h3>\n<ul>\n<li data-start=\"246\" data-end=\"396\">\n<p data-start=\"248\" data-end=\"282\"><strong data-start=\"248\" data-end=\"280\">WordPress short plan (for representative websites): 10 hours (theory 5 hours + practice 5 hours): 200 euros.<\/strong><\/p>\n<ol data-start=\"285\" data-end=\"396\">\n<li data-start=\"430\" data-end=\"457\">\n<p data-start=\"432\" data-end=\"457\">Website hosting and domain;<\/p>\n<\/li>\n<li data-start=\"430\" data-end=\"457\">\n<p data-start=\"432\" data-end=\"457\">WordPress installation, themes, plugins;<\/p>\n<\/li>\n<li data-start=\"430\" data-end=\"457\">\n<p data-start=\"432\" data-end=\"457\"><span style=\"font-size: 16px;\">Using Elementor;<\/span><\/p>\n<\/li>\n<li data-start=\"430\" data-end=\"457\">\n<p data-start=\"432\" data-end=\"457\">Contact forms;<\/p>\n<\/li>\n<li data-start=\"430\" data-end=\"457\">\n<p data-start=\"432\" data-end=\"457\">Security and legal pages and backup websites.<\/p>\n<\/li>\n<\/ol>\n<\/li>\n<\/ul>\n<ul>\n<li data-start=\"397\" data-end=\"581\">\n<p data-start=\"399\" data-end=\"427\"><strong data-start=\"399\" data-end=\"425\">SEO Short Plan (for representative websites): 7 hours (Theory: 5 hours + Practice: 2 hours): 140 euros<\/strong><\/p>\n<ol data-start=\"430\" data-end=\"581\">\n<li data-start=\"430\" data-end=\"457\">\n<p data-start=\"432\" data-end=\"457\">Keyword search;<\/p>\n<\/li>\n<li data-start=\"430\" data-end=\"457\">\n<p data-start=\"432\" data-end=\"457\">Introduction to SEO;<\/p>\n<\/li>\n<li data-start=\"430\" data-end=\"457\">\n<p data-start=\"432\" data-end=\"457\">Internal SEO: Setting up on the website (titles, meta, text);<\/p>\n<\/li>\n<li data-start=\"535\" data-end=\"581\">\n<p data-start=\"537\" data-end=\"581\">Google Analytics Basics.<\/p>\n<\/li>\n<li>Google Search Console basics.<\/li>\n<\/ol>\n<\/li>\n<\/ul>\n<hr data-start=\"583\" data-end=\"586\" \/>\n<h3 data-start=\"190\" data-end=\"245\"><strong data-start=\"194\" data-end=\"245\">2. Medium plan (for e-stores) \u2013 25 hours: 500 euros;<\/strong><\/h3>\n<ul>\n<li data-start=\"246\" data-end=\"396\">\n<p data-start=\"248\" data-end=\"282\"><strong data-start=\"248\" data-end=\"280\">WordPress Medium Plan (for e-commerce): 16 hours (8 hours theory + 8 hours practice): 320 euros<\/strong><\/p>\n<ol data-start=\"285\" data-end=\"396\">\n<li data-start=\"430\" data-end=\"457\">\n<p data-start=\"432\" data-end=\"457\">Website hosting and domain;<\/p>\n<\/li>\n<li data-start=\"430\" data-end=\"457\">\n<p data-start=\"432\" data-end=\"457\">WordPress installation, themes, plugins;<\/p>\n<\/li>\n<li data-start=\"430\" data-end=\"457\">\n<p data-start=\"432\" data-end=\"457\"><span style=\"font-size: 16px;\">Using Elementor;<\/span><\/p>\n<\/li>\n<li data-start=\"430\" data-end=\"457\">\n<p data-start=\"432\" data-end=\"457\">Contact forms;<\/p>\n<\/li>\n<li data-start=\"430\" data-end=\"457\">\n<p data-start=\"432\" data-end=\"457\">Security and legal pages and backup websites;<\/p>\n<\/li>\n<li data-start=\"430\" data-end=\"457\">\n<p data-start=\"432\" data-end=\"457\">Settings for e-shops (Woocommerce);<\/p>\n<\/li>\n<li data-start=\"430\" data-end=\"457\">\n<p data-start=\"432\" data-end=\"457\">Product placement\/loading;<\/p>\n<\/li>\n<li data-start=\"430\" data-end=\"457\">Delivery and payment methods.<\/li>\n<\/ol>\n<\/li>\n<\/ul>\n<ul>\n<li data-start=\"397\" data-end=\"581\">\n<p data-start=\"399\" data-end=\"427\"><strong data-start=\"399\" data-end=\"425\">SEO Medium Plan (for e-commerce): 9 hours (Theory: 6 hours + Practice: 3 hours): 180 euros;<\/strong><\/p>\n<ol data-start=\"430\" data-end=\"581\">\n<li data-start=\"430\" data-end=\"457\">\n<p data-start=\"432\" data-end=\"457\">Keyword search;<\/p>\n<\/li>\n<li data-start=\"430\" data-end=\"457\">\n<p data-start=\"432\" data-end=\"457\">Introduction to SEO;<\/p>\n<\/li>\n<li data-start=\"430\" data-end=\"457\">\n<p data-start=\"432\" data-end=\"457\">Internal SEO: Setting up on the website (titles, meta, text);<\/p>\n<\/li>\n<li data-start=\"430\" data-end=\"457\">\n<p data-start=\"432\" data-end=\"457\">Technical SEO;<\/p>\n<\/li>\n<li data-start=\"535\" data-end=\"581\">\n<p data-start=\"537\" data-end=\"581\">Google Analytics Basics.<\/p>\n<\/li>\n<li>Google Search Console basics.<\/li>\n<\/ol>\n<\/li>\n<\/ul>\n<hr data-start=\"583\" data-end=\"586\" \/>\n<h3 data-start=\"190\" data-end=\"245\"><strong data-start=\"194\" data-end=\"245\">3. Long-term plan (for e-commerce + SEO) \u2013 36 hours: 720 euros;<\/strong><\/h3>\n<ul>\n<li data-start=\"246\" data-end=\"396\">\n<p data-start=\"248\" data-end=\"282\"><strong data-start=\"248\" data-end=\"280\">WordPress long-term plan (for e-commerce stores): 20 hours (10 hours of theory + 10 hours of practice): 400 euros.<\/strong><\/p>\n<ol data-start=\"285\" data-end=\"396\">\n<li data-start=\"430\" data-end=\"457\">\n<p data-start=\"432\" data-end=\"457\">Website hosting and domain;<\/p>\n<\/li>\n<li data-start=\"430\" data-end=\"457\">\n<p data-start=\"432\" data-end=\"457\">WordPress installation, themes, plugins;<\/p>\n<\/li>\n<li data-start=\"430\" data-end=\"457\">\n<p data-start=\"432\" data-end=\"457\"><span style=\"font-size: 16px;\">Using Elementor;<\/span><\/p>\n<\/li>\n<li data-start=\"430\" data-end=\"457\">\n<p data-start=\"432\" data-end=\"457\">Contact forms;<\/p>\n<\/li>\n<li data-start=\"430\" data-end=\"457\">\n<p data-start=\"432\" data-end=\"457\">Security and legal pages and backup websites;<\/p>\n<\/li>\n<li data-start=\"430\" data-end=\"457\">\n<p data-start=\"432\" data-end=\"457\">Settings for e-shops (Woocommerce);<\/p>\n<\/li>\n<li data-start=\"430\" data-end=\"457\">\n<p data-start=\"432\" data-end=\"457\">Product placement\/loading;<\/p>\n<\/li>\n<li data-start=\"430\" data-end=\"457\">\n<p data-start=\"432\" data-end=\"457\">Delivery and payment methods.<\/p>\n<\/li>\n<li data-start=\"430\" data-end=\"457\">\n<p data-start=\"432\" data-end=\"457\">Filters, automatic invoices, variations and other additional e-store functionality;<\/p>\n<\/li>\n<li data-start=\"430\" data-end=\"457\">Translation of a website into another language;<\/li>\n<\/ol>\n<\/li>\n<\/ul>\n<ul>\n<li data-start=\"397\" data-end=\"581\">\n<p data-start=\"399\" data-end=\"427\"><strong data-start=\"399\" data-end=\"425\">SEO long-term plan (for e-commerce stores): 16 hours (Theory: 10 hours + Practice: 6 hours): 320 euros.<\/strong><\/p>\n<ol data-start=\"430\" data-end=\"581\">\n<li data-start=\"430\" data-end=\"457\">\n<p data-start=\"432\" data-end=\"457\">Keyword search;<\/p>\n<\/li>\n<li data-start=\"430\" data-end=\"457\">\n<p data-start=\"432\" data-end=\"457\">Introduction to SEO;<\/p>\n<\/li>\n<li data-start=\"430\" data-end=\"457\">\n<p data-start=\"432\" data-end=\"457\">Internal SEO: Setting up on the website (titles, meta, text);<\/p>\n<\/li>\n<li data-start=\"430\" data-end=\"457\">\n<p data-start=\"432\" data-end=\"457\">Technical SEO;<\/p>\n<\/li>\n<li data-start=\"430\" data-end=\"457\">\n<p data-start=\"432\" data-end=\"457\">Speed \u200b\u200boptimization;<\/p>\n<\/li>\n<li data-start=\"430\" data-end=\"457\">\n<p data-start=\"432\" data-end=\"457\">External SEO;<\/p>\n<\/li>\n<li data-start=\"430\" data-end=\"457\">\n<p data-start=\"432\" data-end=\"457\">Content optimization SEO;<\/p>\n<\/li>\n<li data-start=\"535\" data-end=\"581\">\n<p data-start=\"537\" data-end=\"581\">Google Analytics Basics.<\/p>\n<\/li>\n<li data-start=\"535\" data-end=\"581\">\n<p data-start=\"537\" data-end=\"581\">Google Search Console basics.<\/p>\n<\/li>\n<li>Google Tag Manager basics.<\/li>\n<\/ol>\n<\/li>\n<\/ul>","protected":false},"excerpt":{"rendered":"<p><span style=\"color: #008000;\">The price is for a short course.<\/span><\/p>\n<p>\ud83d\udcda <strong>Wordpress courses are conducted individually for each person<\/strong> (or maybe a company\/institution) because yes<span style=\"font-size: 16px;\"> It focuses on the specific problems or concerns of each individual or company about using the platform. Also, this method allows training to be tailored to different levels of users, from beginners to experienced users or business owners.<\/span><\/p>\n<p>\ud83d\udcda The teacher has a bachelor's degree in informatics and a master's degree in marketing.<\/p>\n<p>\ud83d\udccc Experience working with Wordpress websites: +5 years.<\/p>\n<p>\u2705 Implemented +100 Wordpress projects.<\/p>\n<p>\ud83d\udcbb The meeting will be held remotely via the Google Meet platform (minimum meeting time 1 hour).<\/p>\n<p>\ud83d\udcc5 Individual time for remote meetings is arranged.<\/p>\n<p>\ud83d\udccc During the studies, half of the time is devoted to the theoretical part, and the other half to the practical part. Therefore, after the studies, you will gain both theoretical and practical knowledge.<\/p>\n<p>\ud83d\udcbb An internship website is also created for each student of the course, where the student can do their internship. After studying, you will be able to use the internship website for another 3 months or move it to your own website hosting (we will show you how to do this) and use it as a portfolio.<\/p>\n<p>\ud83d\udcda The courses are suitable for those who want to learn how to create websites, but also how to administer, improve and edit them.<\/p>\n<p>\ud83d\udc68\u200d\ud83c\udfeb A certificate is sent upon completion of the course.<\/p>\n<p>\u2757 The training is in Lithuanian languag only.<\/p>\n<p>\ud83d\udcda If you want not courses, but only individual training, according to the agreed duration, then choose <strong><a title=\"WordPress training\" href=\"https:\/\/jaunaideja.lt\/en\/paslauga\/wordpress-training\/\">WordPress training<\/a>.<\/strong><\/p>\n<p>\ud83d\udcda Courses are divided into three levels: Short, medium and long. More information about the courses below.<\/p>\n<div role=\"form\" class=\"wpcf7\" id=\"wpcf7-f8948-o1\" lang=\"lt-LT\" dir=\"ltr\">\n<div class=\"screen-reader-response\">\n<p role=\"status\" aria-live=\"polite\" aria-atomic=\"true\">\n<ul><\/ul>\n<\/div>\n<form action=\"\/en\/wp-json\/wp\/v2\/product\/8946#wpcf7-f8948-o1\" method=\"post\" class=\"wpcf7-form init\" novalidate=\"novalidate\" data-status=\"init\" data-trp-original-action=\"\/en\/wp-json\/wp\/v2\/product\/8946#wpcf7-f8948-o1\">\n<div style=\"display: none;\">\n<input type=\"hidden\" name=\"_wpcf7\" value=\"8948\" \/><br \/>\n<input type=\"hidden\" name=\"_wpcf7_version\" value=\"5.6.2\" \/><br \/>\n<input type=\"hidden\" name=\"_wpcf7_locale\" value=\"lt_LT\" \/><br \/>\n<input type=\"hidden\" name=\"_wpcf7_unit_tag\" value=\"wpcf7-f8948-o1\" \/><br \/>\n<input type=\"hidden\" name=\"_wpcf7_container_post\" value=\"0\" \/><br \/>\n<input type=\"hidden\" name=\"_wpcf7_posted_data_hash\" value=\"\" \/><br \/>\n<input type=\"hidden\" name=\"_wpcf7cf_hidden_group_fields\" value=\"[]\" \/><br \/>\n<input type=\"hidden\" name=\"_wpcf7cf_hidden_groups\" value=\"[]\" \/><br \/>\n<input type=\"hidden\" name=\"_wpcf7cf_visible_groups\" value=\"[]\" \/><br \/>\n<input type=\"hidden\" name=\"_wpcf7cf_repeaters\" value=\"[]\" \/><br \/>\n<input type=\"hidden\" name=\"_wpcf7cf_steps\" value=\"{}\" \/><br \/>\n<input type=\"hidden\" name=\"_wpcf7cf_options\" value=\"{&quot;form_id&quot;:8948,&quot;conditions&quot;:[],&quot;settings&quot;:{&quot;animation&quot;:&quot;yes&quot;,&quot;animation_intime&quot;:200,&quot;animation_outtime&quot;:200,&quot;conditions_ui&quot;:&quot;normal&quot;,&quot;notice_dismissed&quot;:false,&quot;notice_dismissed_update-cf7-5.6.3&quot;:true}}\" \/>\n<\/div>\n<div id=\"formos\">\n<h3><center> Service inquiry form:<\/div>\n<p><\/center><br \/>\n<\/h3>\n<p><label> Email: *<br \/>\n    <span class=\"wpcf7-form-control-wrap\" data-name=\"your-email\"><input type=\"email\" name=\"your-email\" value=\"\" size=\"40\" class=\"wpcf7-form-control wpcf7-text wpcf7-email wpcf7-validates-as-required wpcf7-validates-as-email\" aria-required=\"true\" aria-invalid=\"false\" \/><\/span> <\/label><\/p>\n<p><label> WordPress course <\/label><br \/>\n<span class=\"wpcf7-form-control-wrap\" data-name=\"wordpress\"><select name=\"wordpress\" class=\"wpcf7-form-control wpcf7-select\" aria-invalid=\"false\"><option value=\"WordPress trumpasis: 10 val. (teorija 5 val. + praktika 5 val.): 200 \u20ac\">WordPress short: 10 hours (theory 5 hours + practice 5 hours): 200\u20ac<\/option><option value=\"WordPress vidutinis: 16 val. (teorija 8 val. + praktika 8 val.): 320 \u20ac\">WordPress average: 16 hours (theory 8 hours + practice 8 hours): 320\u20ac<\/option><option value=\"WordPress ilgasis: 20 val. (teorija 10 val. + praktika 10 val.): 400 \u20ac\">WordPress long: 20 hours (theory 10 hours + practice 10 hours): 400\u20ac<\/option><option value=\"\u2013\">\u2013<\/option><\/select><\/span><\/p>\n<p><label> SEO course <\/label><br \/>\n<span class=\"wpcf7-form-control-wrap\" data-name=\"seo\"><select name=\"seo\" class=\"wpcf7-form-control wpcf7-select\" aria-invalid=\"false\"><option value=\"SEO trumpasis: 7 val. (Teorija: 5 val. + Praktika: 2 val.): 140 \u20ac\">SEO short: 7 hours (Theory: 5 hours + Practice: 2 hours): \u20ac140<\/option><option value=\"SEO trumpasis: 9 val. (Teorija: 6 val. + Praktika: 3 val.): 180 \u20ac;\">SEO short: 9 hours (Theory: 6 hours + Practice: 3 hours): \u20ac180;<\/option><option value=\"SEO ilgasis: 16 val. (Teorija: 10 val. + Praktika: 6 val.): 320\u20ac\">SEO long: 16 hours (Theory: 10 hours + Practice: 6 hours): \u20ac320<\/option><option value=\"\u2013\">\u2013<\/option><\/select><\/span><\/p>\n<p><label> Date and time when the courses would be suitable (Mon-Fri 09:00-18:00, Sat 10:00-15:00) <\/label><br \/>\n<span class=\"wpcf7-form-control-wrap\" data-name=\"data\"><input type=\"text\" name=\"data\" value=\"\" size=\"40\" class=\"wpcf7-form-control wpcf7-text\" aria-invalid=\"false\" \/><\/span><\/p>\n<p><label> Desired course start date <\/label><br \/>\n<span class=\"wpcf7-form-control-wrap\" data-name=\"pradzia\"><input type=\"text\" name=\"pradzia\" value=\"\" size=\"40\" class=\"wpcf7-form-control wpcf7-text\" aria-invalid=\"false\" \/><\/span><\/p>\n<p><label> Website link (if you have one) <\/label><br \/>\n<span class=\"wpcf7-form-control-wrap\" data-name=\"nuoroda\"><input type=\"url\" name=\"nuoroda\" value=\"\" size=\"40\" class=\"wpcf7-form-control wpcf7-text wpcf7-url wpcf7-validates-as-url\" aria-invalid=\"false\" \/><\/span><\/p>\n<p><span class=\"wpcf7-form-control-wrap\" data-name=\"Skubus_atlikimas\"><span class=\"wpcf7-form-control wpcf7-checkbox\"><span class=\"wpcf7-list-item first last\"><label><input type=\"checkbox\" name=\"Skubus_atlikimas[]\" value=\"Skubi pamoka (+30% papildomai nuo bendros sumos)\" \/><span class=\"wpcf7-list-item-label\">Urgent lesson (+30% extra from the total amount)<\/span><\/label><\/span><\/span><\/span><\/p>\n<h6><center> We usually review your request and respond to it within one business day. <\/center><\/p>\n<\/h6>\n<p><input type=\"submit\" value=\"Submit\" class=\"wpcf7-form-control has-spinner wpcf7-submit\" \/><\/p>\n<p style=\"display: none !important;\" class=\"akismet-fields-container\" data-prefix=\"_wpcf7_ak_\"><label>&#916;<textarea name=\"_wpcf7_ak_hp_textarea\" cols=\"45\" rows=\"8\" maxlength=\"100\"><\/textarea><\/label><input type=\"hidden\" id=\"ak_js_1\" name=\"_wpcf7_ak_js\" value=\"179\"\/><script>document.getElementById( \"ak_js_1\" ).setAttribute( \"value\", ( new Date() ).getTime() );<\/script><\/p>\n<div class=\"wpcf7-response-output\" aria-hidden=\"true\"><\/div>\n<input type=\"hidden\" name=\"trp-form-language\" value=\"en\"\/><\/form>\n<\/div>","protected":false},"featured_media":8947,"template":"","meta":{"_monsterinsights_skip_tracking":false,"_monsterinsights_sitenote_active":false,"_monsterinsights_sitenote_note":"","_monsterinsights_sitenote_category":0,"site-sidebar-layout":"default","site-content-layout":"default","ast-global-header-display":"","ast-main-header-display":"","ast-hfb-above-header-display":"","ast-hfb-below-header-display":"","ast-hfb-mobile-header-display":"","site-post-title":"","ast-breadcrumbs-content":"","ast-featured-img":"","footer-sml-layout":"","theme-transparent-header-meta":"default","adv-header-id-meta":"","stick-header-meta":"","header-above-stick-meta":"","header-main-stick-meta":"","header-below-stick-meta":""},"product_cat":[471],"product_tag":[],"aioseo_notices":[],"uagb_featured_image_src":{"full":["https:\/\/jaunaideja.lt\/wp-content\/uploads\/2025\/09\/ChatGPT-Image-2025-09-25-15_53_07-1.png",1024,1024,false],"thumbnail":["https:\/\/jaunaideja.lt\/wp-content\/uploads\/2025\/09\/ChatGPT-Image-2025-09-25-15_53_07-1-150x150.png",150,150,true],"medium":["https:\/\/jaunaideja.lt\/wp-content\/uploads\/2025\/09\/ChatGPT-Image-2025-09-25-15_53_07-1-300x300.png",300,300,true],"medium_large":["https:\/\/jaunaideja.lt\/wp-content\/uploads\/2025\/09\/ChatGPT-Image-2025-09-25-15_53_07-1-768x768.png",768,768,true],"large":["https:\/\/jaunaideja.lt\/wp-content\/uploads\/2025\/09\/ChatGPT-Image-2025-09-25-15_53_07-1-1024x1024.png",1024,1024,true],"1536x1536":["https:\/\/jaunaideja.lt\/wp-content\/uploads\/2025\/09\/ChatGPT-Image-2025-09-25-15_53_07-1.png",1024,1024,false],"2048x2048":["https:\/\/jaunaideja.lt\/wp-content\/uploads\/2025\/09\/ChatGPT-Image-2025-09-25-15_53_07-1.png",1024,1024,false],"trp-custom-language-flag":["https:\/\/jaunaideja.lt\/wp-content\/uploads\/2025\/09\/ChatGPT-Image-2025-09-25-15_53_07-1-12x12.png",12,12,true],"mailpoet_newsletter_max":["https:\/\/jaunaideja.lt\/wp-content\/uploads\/2025\/09\/ChatGPT-Image-2025-09-25-15_53_07-1.png",1024,1024,false],"woocommerce_thumbnail":["https:\/\/jaunaideja.lt\/wp-content\/uploads\/2025\/09\/ChatGPT-Image-2025-09-25-15_53_07-1-300x300.png",300,300,true],"woocommerce_single":["https:\/\/jaunaideja.lt\/wp-content\/uploads\/2025\/09\/ChatGPT-Image-2025-09-25-15_53_07-1-600x600.png",600,600,true],"woocommerce_gallery_thumbnail":["https:\/\/jaunaideja.lt\/wp-content\/uploads\/2025\/09\/ChatGPT-Image-2025-09-25-15_53_07-1-100x100.png",100,100,true],"shop_catalog":["https:\/\/jaunaideja.lt\/wp-content\/uploads\/2025\/09\/ChatGPT-Image-2025-09-25-15_53_07-1-300x300.png",300,300,true],"shop_single":["https:\/\/jaunaideja.lt\/wp-content\/uploads\/2025\/09\/ChatGPT-Image-2025-09-25-15_53_07-1-600x600.png",600,600,true],"shop_thumbnail":["https:\/\/jaunaideja.lt\/wp-content\/uploads\/2025\/09\/ChatGPT-Image-2025-09-25-15_53_07-1-100x100.png",100,100,true]},"uagb_author_info":{"display_name":"Tautvydas Zaurynas","author_link":"https:\/\/jaunaideja.lt\/en\/author\/"},"uagb_comment_info":0,"uagb_excerpt":"Kaina nurodyta u\u017e trump\u0105j\u012f kurs\u0105. \ud83d\udcda Wordpress kursai atliekami individualiai kiekvienam (arba gali \u012fmon\u0117 \/ \u012fstaiga), nes taip orientuojamasi \u012f konkre\u010dias kiekvieno asmens arba \u012fmon\u0117s problemas ar r\u016bpimus klausimus apie platformos naudojim\u0105. Taip pat, tokiu metodu mokymai gali b\u016bti pritaikyti skirtingiems vartotoj\u0173 lygiams, nuo pradedan\u010di\u0173j\u0173 iki patyrusi\u0173 vartotoj\u0173 ar verslo savinink\u0173. \ud83d\udcda D\u0117stytojas turi informatikos&hellip;","_links":{"self":[{"href":"https:\/\/jaunaideja.lt\/en\/wp-json\/wp\/v2\/product\/8946"}],"collection":[{"href":"https:\/\/jaunaideja.lt\/en\/wp-json\/wp\/v2\/product"}],"about":[{"href":"https:\/\/jaunaideja.lt\/en\/wp-json\/wp\/v2\/types\/product"}],"wp:featuredmedia":[{"embeddable":true,"href":"https:\/\/jaunaideja.lt\/en\/wp-json\/wp\/v2\/media\/8947"}],"wp:attachment":[{"href":"https:\/\/jaunaideja.lt\/en\/wp-json\/wp\/v2\/media?parent=8946"}],"wp:term":[{"taxonomy":"product_cat","embeddable":true,"href":"https:\/\/jaunaideja.lt\/en\/wp-json\/wp\/v2\/product_cat?post=8946"},{"taxonomy":"product_tag","embeddable":true,"href":"https:\/\/jaunaideja.lt\/en\/wp-json\/wp\/v2\/product_tag?post=8946"}],"curies":[{"name":"wp","href":"https:\/\/api.w.org\/{rel}","templated":true}]}}