{"id":81,"date":"2019-01-23T12:21:23","date_gmt":"2019-01-23T12:21:23","guid":{"rendered":"http:\/\/jaunaideja.lt\/?product=mini-astrophytum"},"modified":"2025-05-20T12:51:12","modified_gmt":"2025-05-20T10:51:12","slug":"logotipo-kurimas","status":"publish","type":"product","link":"https:\/\/jaunaideja.lt\/en\/paslauga\/creating-a-logo\/","title":{"rendered":"Creating a logo"},"content":{"rendered":"<p><span style=\"vertical-align: inherit;\">\u2705<strong> Creating a logo<\/strong><\/span><strong>\u00a0is the face of any business<\/strong>. It is used everywhere - in advertising, social networks, packaging, online stores and other types of communication. <strong>A logo is often the most memorable visual element of a brand.<\/strong><\/p>\n<p><span style=\"vertical-align: inherit;\">\u2705<\/span> It is very important to pay attention to this, because the right logo, chosen and designed correctly, is the first thing a potential customer sees <strong>can create an impression of confidence and professionalism,<\/strong> o prastai sukurtas logotipas i\u0161 karto sukelia blogas asociacijas. Tod\u0117l logotipo k\u016brimas reikalauja ne tik k\u016brybi\u0161kumo, bet ir atsakomyb\u0117s.<\/p>\n<p><span style=\"vertical-align: inherit;\">\u2705<\/span>\u00a0<strong>The entire visual identity book is available in PDF format:<\/strong><\/p>\n<p><span style=\"vertical-align: inherit;\">\u00a0 \u00a0 \u00a0 \u00a0<strong> \u00a0The visual identity consists of:<\/strong><\/span><\/p>\n<ul>\n<li style=\"list-style-type: none;\">\n<ul>\n<li style=\"list-style-type: none;\">\n<ul>\n<li><span style=\"vertical-align: inherit;\"><span style=\"vertical-align: inherit;\">The structure of the logo, its safety zones, color solutions, <\/span><\/span><span style=\"vertical-align: inherit;\"><span style=\"vertical-align: inherit;\">use and unauthorized use;<\/span><\/span><\/li>\n<li><span style=\"vertical-align: inherit;\"><span style=\"vertical-align: inherit;\">Use of a graphic element;<\/span><\/span><\/li>\n<li><span style=\"vertical-align: inherit;\"><span style=\"vertical-align: inherit;\">Adaptation of communication font;<\/span><\/span><\/li>\n<\/ul>\n<\/li>\n<\/ul>\n<\/li>\n<\/ul>\n<p>A logo is the calling card of your company or brand. It is important because it reflects your identity and helps your customers recognise you. Here are some steps to create an effective logo:<\/p>\n<p>Define your corporate identity: before you start designing your logo, define your corporate or brand identity, including your values, mission, goals and the nature of your business.<\/p>\n<p>Research the competition: see what other logos of similar businesses look like. This will help you understand how to stand out from the crowd and create a unique logo.<\/p>\n<p>Make a list of important elements: Think about what elements should be in your logo. This could be text, symbols, colours or unique shapes.<\/p>\n<p>Keep it simple: Good logos are simple, easily recognisable and memorable. Try to keep the logo design simple yet unique.<\/p>\n<p>Consider the colour scheme you choose: colours play a big role in the design of your logo. Choose colours that reflect your corporate identity and communicate the right emotion or message.<\/p>\n<p>Remember that designing a logo is a creative process. If you feel uncomfortable with your own design skills, you can rely on the help of professional designers. The most important thing is to create a logo that reflects your company's identity and sets it apart from the rest.<\/p>\n<p>Read more on our business blog:\u00a0<a title=\"LiJIA\" href=\"https:\/\/jaunaideja.lt\/en\/lijia\/\" target=\"_blank\" rel=\"noopener\"><u>LiJIA<\/u><\/a><\/p>\n\n<\/p>\n<blockquote class=\"wp-embedded-content\" data-secret=\"r8d7jvjuez\"><p><a href=\"https:\/\/jaunaideja.lt\/en\/logo-types\/\">Different types of logos &#8211; which one is best for your business?<\/a><\/p><\/blockquote>\n<p><iframe class=\"wp-embedded-content\" sandbox=\"allow-scripts\" security=\"restricted\" style=\"position: absolute; clip: rect(1px, 1px, 1px, 1px);\" title=\"&#8220;\u012evairi\u0173 tip\u0173 logotipai \u2013 kuris geriausiai tinka J\u016bs\u0173 verslui?&#8221; &#8212; Jauna id\u0117ja\" src=\"https:\/\/jaunaideja.lt\/en\/logo-types\/embed\/#?secret=2pGVnKjaIv#?secret=r8d7jvjuez\" data-secret=\"r8d7jvjuez\" width=\"500\" height=\"282\" frameborder=\"0\" marginwidth=\"0\" marginheight=\"0\" scrolling=\"no\"><\/iframe><\/p>\n<blockquote class=\"wp-embedded-content\" data-secret=\"aH375xfB55\"><p><a href=\"https:\/\/jaunaideja.lt\/en\/color-choice-for-business-with-meaning\/\">Choosing a colour for business with meaning<\/a><\/p><\/blockquote>\n<p><iframe class=\"wp-embedded-content\" sandbox=\"allow-scripts\" security=\"restricted\" style=\"position: absolute; clip: rect(1px, 1px, 1px, 1px);\" title=\"&#8220;Spalvos pasirinkimas verslui su reik\u0161me&#8221; &#8212; Jauna id\u0117ja\" src=\"https:\/\/jaunaideja.lt\/en\/color-choice-for-business-with-meaning\/embed\/#?secret=HJe2sKjkCd#?secret=aH375xfB55\" data-secret=\"aH375xfB55\" width=\"500\" height=\"282\" frameborder=\"0\" marginwidth=\"0\" marginheight=\"0\" scrolling=\"no\"><\/iframe><\/p>\n<p>","protected":false},"excerpt":{"rendered":"<p><span style=\"vertical-align: inherit;\"><span style=\"vertical-align: inherit;\">\u2705 <strong>Logo design service includes:<\/strong><\/span><\/span><\/p>\n<ul>\n<li style=\"list-style-type: none;\">\n<ul>\n<li><span style=\"vertical-align: inherit;\"><span style=\"vertical-align: inherit;\">Analysis of needs - stylistics, the desired result and the market of the area;<\/span><\/span><\/li>\n<li>User and competitor analysis;<\/li>\n<li><span style=\"vertical-align: inherit;\"><span style=\"vertical-align: inherit;\">Corrections of the selected option;<\/span><\/span><\/li>\n<li><span style=\"vertical-align: inherit;\"><span style=\"vertical-align: inherit;\">After approval of the final logo, it is prepared and delivered in all required formats (AI, EPS, JPG, PNG, PDF);<\/span><\/span><\/li>\n<li>Graphic designer and marketing specialist consultations;<\/li>\n<\/ul>\n<\/li>\n<\/ul>\n<p><strong>\ud83d\udcb8 The layout service is exempt from VAT (21%) and invoices are issued (upon the customer's request).<\/strong><\/p>","protected":false},"featured_media":1212,"template":"","meta":{"_monsterinsights_skip_tracking":false,"_monsterinsights_sitenote_active":false,"_monsterinsights_sitenote_note":"","_monsterinsights_sitenote_category":0,"site-sidebar-layout":"default","site-content-layout":"default","ast-global-header-display":"","ast-main-header-display":"","ast-hfb-above-header-display":"","ast-hfb-below-header-display":"","ast-hfb-mobile-header-display":"","site-post-title":"","ast-breadcrumbs-content":"","ast-featured-img":"","footer-sml-layout":"","theme-transparent-header-meta":"default","adv-header-id-meta":"","stick-header-meta":"","header-above-stick-meta":"","header-main-stick-meta":"","header-below-stick-meta":""},"product_cat":[16,35],"product_tag":[45,43,44],"aioseo_notices":[],"uagb_featured_image_src":{"full":["https:\/\/jaunaideja.lt\/wp-content\/uploads\/2019\/01\/logotipas-ant-sienos.jpg",1600,1067,false],"thumbnail":["https:\/\/jaunaideja.lt\/wp-content\/uploads\/2019\/01\/logotipas-ant-sienos-150x150.jpg",150,150,true],"medium":["https:\/\/jaunaideja.lt\/wp-content\/uploads\/2019\/01\/logotipas-ant-sienos-300x200.jpg",300,200,true],"medium_large":["https:\/\/jaunaideja.lt\/wp-content\/uploads\/2019\/01\/logotipas-ant-sienos-768x512.jpg",768,512,true],"large":["https:\/\/jaunaideja.lt\/wp-content\/uploads\/2019\/01\/logotipas-ant-sienos-1024x683.jpg",1024,683,true],"1536x1536":["https:\/\/jaunaideja.lt\/wp-content\/uploads\/2019\/01\/logotipas-ant-sienos-1536x1024.jpg",1536,1024,true],"2048x2048":["https:\/\/jaunaideja.lt\/wp-content\/uploads\/2019\/01\/logotipas-ant-sienos.jpg",1600,1067,false],"trp-custom-language-flag":["https:\/\/jaunaideja.lt\/wp-content\/uploads\/2019\/01\/logotipas-ant-sienos.jpg",18,12,false],"mailpoet_newsletter_max":["https:\/\/jaunaideja.lt\/wp-content\/uploads\/2019\/01\/logotipas-ant-sienos-1320x880.jpg",1320,880,true],"woocommerce_thumbnail":["https:\/\/jaunaideja.lt\/wp-content\/uploads\/2019\/01\/logotipas-ant-sienos-300x300.jpg",300,300,true],"woocommerce_single":["https:\/\/jaunaideja.lt\/wp-content\/uploads\/2019\/01\/logotipas-ant-sienos-600x400.jpg",600,400,true],"woocommerce_gallery_thumbnail":["https:\/\/jaunaideja.lt\/wp-content\/uploads\/2019\/01\/logotipas-ant-sienos-100x100.jpg",100,100,true],"shop_catalog":["https:\/\/jaunaideja.lt\/wp-content\/uploads\/2019\/01\/logotipas-ant-sienos-300x300.jpg",300,300,true],"shop_single":["https:\/\/jaunaideja.lt\/wp-content\/uploads\/2019\/01\/logotipas-ant-sienos-600x400.jpg",600,400,true],"shop_thumbnail":["https:\/\/jaunaideja.lt\/wp-content\/uploads\/2019\/01\/logotipas-ant-sienos-100x100.jpg",100,100,true]},"uagb_author_info":{"display_name":"Tautvydas Zaurynas","author_link":"https:\/\/jaunaideja.lt\/en\/author\/"},"uagb_comment_info":0,"uagb_excerpt":"\u2705 \u012e logotipo k\u016brimo paslaug\u0105 \u012fskai\u010diuota: Poreiki\u0173 analizavimas - stilistika, siekiamas rezultatas ir srities rinka; Vartotoj\u0173 ir konkurent\u0173 analizavimas; Pasirinkto varianto korekcijos; Patvirtinus galutin\u012f logotip\u0105, suruo\u0161iama ir atiduodama visais reikalingais formatais (AI, EPS, JPG, PNG, PDF); Grafikos dizainerio ir marketingo specialisto konsultacijos; \ud83d\udcb8 Maketavimo paslaugai netaikomas PVM (21 proc.) mokestis ir i\u0161ra\u0161omos s\u0105skaitos fakt\u016bros (pareikalavus&hellip;","_links":{"self":[{"href":"https:\/\/jaunaideja.lt\/en\/wp-json\/wp\/v2\/product\/81"}],"collection":[{"href":"https:\/\/jaunaideja.lt\/en\/wp-json\/wp\/v2\/product"}],"about":[{"href":"https:\/\/jaunaideja.lt\/en\/wp-json\/wp\/v2\/types\/product"}],"wp:featuredmedia":[{"embeddable":true,"href":"https:\/\/jaunaideja.lt\/en\/wp-json\/wp\/v2\/media\/1212"}],"wp:attachment":[{"href":"https:\/\/jaunaideja.lt\/en\/wp-json\/wp\/v2\/media?parent=81"}],"wp:term":[{"taxonomy":"product_cat","embeddable":true,"href":"https:\/\/jaunaideja.lt\/en\/wp-json\/wp\/v2\/product_cat?post=81"},{"taxonomy":"product_tag","embeddable":true,"href":"https:\/\/jaunaideja.lt\/en\/wp-json\/wp\/v2\/product_tag?post=81"}],"curies":[{"name":"wp","href":"https:\/\/api.w.org\/{rel}","templated":true}]}}