{"id":80,"date":"2019-01-23T12:20:04","date_gmt":"2019-01-23T12:20:04","guid":{"rendered":"http:\/\/jaunaideja.lt\/?product=star-cactus"},"modified":"2024-08-14T14:13:48","modified_gmt":"2024-08-14T12:13:48","slug":"animacijos-kurimas-logotipui","status":"publish","type":"product","link":"https:\/\/jaunaideja.lt\/en\/paslauga\/animation-creation-for-logo\/","title":{"rendered":"Creating an animation for a logo"},"content":{"rendered":"<div id=\"dslc-module-3a8e74c1048\" class=\"dslc-module-front dslc-module-DSLC_Text_Simple dslc-in-viewport-check dslc-in-viewport-anim-none dslc-col dslc-12-col dslc-last-col dslc-module-handle-like-regular dslc-in-viewport\" data-module-id=\"3a8e74c1048\" data-module=\"DSLC_Text_Simple\" data-dslc-module-size=\"12\" data-dslc-anim=\"none\" data-dslc-anim-delay=\"\" data-dslc-anim-duration=\"650\" data-dslc-anim-easing=\"ease\" data-dslc-preset=\"none\">\n<div class=\"dslc-text-module-content\">\n<p>\u2705<strong> The main purpose of the logo<\/strong> - increase brand awareness. Creating an animation for a logo will allow you to create <strong>a more memorable image<\/strong> for your client. In many cases, logos are static images that allow the customer to establish a strong connection with your brand. However, with the right use of animation, all <strong>Your brand comes alive with movement, sound and colour.<\/strong><\/p>\n<p>\u2705 <strong>A logo is one of the most important parts of a brand.<\/strong> It makes you recognizable and is the first thing people see when they come across your brand. This is also one <strong>the biggest business faces<\/strong>, when it comes to marketing, whether it's your website, social media profiles, company memos, official documents, product packaging or other business-related items.<\/p>\n<p><span style=\"vertical-align: inherit;\">\u2705<strong> Creating a logo<\/strong><\/span><strong>\u00a0is the face of any business<\/strong>. It is used everywhere - in advertising, social networks, packaging, online stores and other types of communication. <strong>Creating an animation for a logo<\/strong> <strong>is the most memorable visual element of a brand.<\/strong><\/p>\n<p>\u2705<strong> You probably know,<\/strong> that video should be part of your marketing strategy. But did you know that you can enrich your ads with an animated version of your logo? <span style=\"font-size: 16px;\">With professionally animated logo video <strong>you can reveal your logo idea quickly and easily.<\/strong><\/span><\/p>\n<\/div>\n<\/div>\n<div id=\"dslc-module-b26a3a36d5e\" class=\"dslc-module-front dslc-module-DSLC_Text_Simple dslc-in-viewport-check dslc-in-viewport-anim-none dslc-col dslc-6-col dslc-module-handle-like-regular dslc-in-viewport\" data-module-id=\"b26a3a36d5e\" data-module=\"DSLC_Text_Simple\" data-dslc-module-size=\"6\" data-dslc-anim=\"none\" data-dslc-anim-delay=\"\" data-dslc-anim-duration=\"650\" data-dslc-anim-easing=\"ease\" data-dslc-preset=\"none\">\n<div class=\"dslc-text-module-content\">\n<p>\u2705 <strong>An animated logo will create a stronger emotional connection with your target audience.<\/strong> With animated images, colours and sounds, the animated logo instantly conveys<strong> Your brand image.<\/strong> In addition, it is more likely to be <strong>keep the viewer's attention longer.<\/strong> With the amount of content we consume every day, attracting and retaining the attention of the target audience is not easy. But with an animated logo, this problem is much less of an issue, and it really <strong>helps you stand out from your competitors.<\/strong><\/p>\n<p>\u2705 Remember that logo design is a creative process. The key is to create a logo that reflects your company's identity and sets you apart from the rest.<\/p>\n<p>Read more on our business blog <a title=\"LiJIA\" href=\"http:\/\/www.lijia.lt\/\" target=\"_blank\" rel=\"noopener\">LiJIA<\/a>:<\/p>\n<blockquote class=\"wp-embedded-content\" data-secret=\"mVkSohtSV1\"><p><a href=\"https:\/\/jaunaideja.lt\/en\/logo-types\/\">Different types of logos - which one is best for your business?<\/a><\/p><\/blockquote>\n<p><iframe class=\"wp-embedded-content\" sandbox=\"allow-scripts\" security=\"restricted\" style=\"position: absolute; clip: rect(1px, 1px, 1px, 1px);\" title=\"&quot;Different types of logos - which is best for your business?&quot; - Growing idea\" src=\"https:\/\/jaunaideja.lt\/logotipai-tipai\/embed\/#?secret=WbTgnEaXCL#?secret=mVkSohtSV1\" data-secret=\"mVkSohtSV1\" width=\"500\" height=\"282\" frameborder=\"0\" marginwidth=\"0\" marginheight=\"0\" scrolling=\"no\"><\/iframe><\/p>\n<p>[\/trp_language]<\/p>\n<\/div>\n<\/div>","protected":false},"excerpt":{"rendered":"<p>\u2705<strong> Animation price includes:<\/strong><\/p>\n<ul>\n<li>Analysis of needs - stylistics, the desired result and the market of the area;<\/li>\n<li>User and competitor analysis;<\/li>\n<li>Post-submission design corrections;<\/li>\n<li>Animation in the form of video;<\/li>\n<li>5-10 second video clip;<\/li>\n<li>Animation adapted for social network posts;<\/li>\n<li>Adapt animation to a web page (JSON file);<\/li>\n<li>Graphic designer\/multimedia\/marketing specialist consultations;<\/li>\n<\/ul>\n<p><strong>\ud83d\udccc You can pin the logo photo to the cart (PNG, JPG, EPS, CDR).<\/strong><\/p>\n<p><strong>\ud83d\udce2 Don't have a logo yet? <\/strong>No problem, we will also create a logo (when filling out the order form, you will have the option to choose logo production as well).<\/p>\n<p><strong>\ud83d\udcb8  VAT (21%) tax is not applicable to the layout service (it is applicable to the printing service) and invoices are issued (upon the customer's request).<\/strong><\/p>","protected":false},"featured_media":1413,"template":"","meta":{"_monsterinsights_skip_tracking":false,"_monsterinsights_sitenote_active":false,"_monsterinsights_sitenote_note":"","_monsterinsights_sitenote_category":0,"site-sidebar-layout":"default","site-content-layout":"default","ast-global-header-display":"","ast-main-header-display":"","ast-hfb-above-header-display":"","ast-hfb-below-header-display":"","ast-hfb-mobile-header-display":"","site-post-title":"","ast-breadcrumbs-content":"","ast-featured-img":"","footer-sml-layout":"","theme-transparent-header-meta":"default","adv-header-id-meta":"","stick-header-meta":"","header-above-stick-meta":"","header-main-stick-meta":"","header-below-stick-meta":""},"product_cat":[47,16,27,34,32,35],"product_tag":[42,40,38,41],"aioseo_notices":[],"uagb_featured_image_src":{"full":["https:\/\/jaunaideja.lt\/wp-content\/uploads\/2019\/01\/Logotipo-animacija-e1661084174845.jpg",2100,1900,false],"thumbnail":["https:\/\/jaunaideja.lt\/wp-content\/uploads\/2019\/01\/Logotipo-animacija-e1661084174845-150x150.jpg",150,150,true],"medium":["https:\/\/jaunaideja.lt\/wp-content\/uploads\/2019\/01\/Logotipo-animacija-e1661084174845-300x271.jpg",300,271,true],"medium_large":["https:\/\/jaunaideja.lt\/wp-content\/uploads\/2019\/01\/Logotipo-animacija-e1661084174845-768x695.jpg",768,695,true],"large":["https:\/\/jaunaideja.lt\/wp-content\/uploads\/2019\/01\/Logotipo-animacija-e1661084174845-1024x926.jpg",1024,926,true],"1536x1536":["https:\/\/jaunaideja.lt\/wp-content\/uploads\/2019\/01\/Logotipo-animacija-e1661084174845-1536x1390.jpg",1536,1390,true],"2048x2048":["https:\/\/jaunaideja.lt\/wp-content\/uploads\/2019\/01\/Logotipo-animacija-e1661084174845-2048x1853.jpg",2048,1853,true],"trp-custom-language-flag":["https:\/\/jaunaideja.lt\/wp-content\/uploads\/2019\/01\/Logotipo-animacija-e1661084174845.jpg",13,12,false],"mailpoet_newsletter_max":["https:\/\/jaunaideja.lt\/wp-content\/uploads\/2019\/01\/Logotipo-animacija-e1661084174845-1320x1194.jpg",1320,1194,true],"woocommerce_thumbnail":["https:\/\/jaunaideja.lt\/wp-content\/uploads\/2019\/01\/Logotipo-animacija-e1661084174845-300x300.jpg",300,300,true],"woocommerce_single":["https:\/\/jaunaideja.lt\/wp-content\/uploads\/2019\/01\/Logotipo-animacija-e1661084174845-600x543.jpg",600,543,true],"woocommerce_gallery_thumbnail":["https:\/\/jaunaideja.lt\/wp-content\/uploads\/2019\/01\/Logotipo-animacija-e1661084174845-100x100.jpg",100,100,true],"shop_catalog":["https:\/\/jaunaideja.lt\/wp-content\/uploads\/2019\/01\/Logotipo-animacija-e1661084174845-300x300.jpg",300,300,true],"shop_single":["https:\/\/jaunaideja.lt\/wp-content\/uploads\/2019\/01\/Logotipo-animacija-e1661084174845-600x543.jpg",600,543,true],"shop_thumbnail":["https:\/\/jaunaideja.lt\/wp-content\/uploads\/2019\/01\/Logotipo-animacija-e1661084174845-100x100.jpg",100,100,true]},"uagb_author_info":{"display_name":"Tautvydas Zaurynas","author_link":"https:\/\/jaunaideja.lt\/en\/author\/"},"uagb_comment_info":0,"uagb_excerpt":"\u2705 \u012e animavimo kain\u0105 \u012fskai\u010diuota: Poreiki\u0173 analizavimas \u2013 stilistika, siekiamas rezultatas ir srities rinka; Vartotojo ir konkurent\u0173 analizavimas; Korekcijos po pateikimo dizaino; Animacija vaizdo \u012fra\u0161o pavidalu; 5-10 sekund\u017ei\u0173 vaizdo klipas; Animacija pritaikyta socialini\u0173 tinkl\u0173 \u012fra\u0161ams; Animacija pritaikyti internetiniams puslapiui (JSON failas); Grafikos dizainerio\/multimedijos\/marketingo specialisto konsultacijos; \ud83d\udccc Logotipo nuotrauk\u0105 gal\u0117site prisegti krep\u0161elyje (PNG, JPG, EPS, CDR).&hellip;","_links":{"self":[{"href":"https:\/\/jaunaideja.lt\/en\/wp-json\/wp\/v2\/product\/80"}],"collection":[{"href":"https:\/\/jaunaideja.lt\/en\/wp-json\/wp\/v2\/product"}],"about":[{"href":"https:\/\/jaunaideja.lt\/en\/wp-json\/wp\/v2\/types\/product"}],"wp:featuredmedia":[{"embeddable":true,"href":"https:\/\/jaunaideja.lt\/en\/wp-json\/wp\/v2\/media\/1413"}],"wp:attachment":[{"href":"https:\/\/jaunaideja.lt\/en\/wp-json\/wp\/v2\/media?parent=80"}],"wp:term":[{"taxonomy":"product_cat","embeddable":true,"href":"https:\/\/jaunaideja.lt\/en\/wp-json\/wp\/v2\/product_cat?post=80"},{"taxonomy":"product_tag","embeddable":true,"href":"https:\/\/jaunaideja.lt\/en\/wp-json\/wp\/v2\/product_tag?post=80"}],"curies":[{"name":"wp","href":"https:\/\/api.w.org\/{rel}","templated":true}]}}