{"id":78,"date":"2019-01-23T11:22:40","date_gmt":"2019-01-23T11:22:40","guid":{"rendered":"http:\/\/jaunaideja.lt\/?product=ball-cactus"},"modified":"2024-08-14T14:14:09","modified_gmt":"2024-08-14T12:14:09","slug":"vizitiniu-korteliu-maketavimas","status":"publish","type":"product","link":"https:\/\/jaunaideja.lt\/en\/paslauga\/business-card-layout\/","title":{"rendered":"Business card layout"},"content":{"rendered":"<p>\u2705 Business card layout is one of the ways to advertise your business by presenting concise and specific information that is most relevant to a potential or existing customer: company address, phone number, e-mail. e-mail address, website address, etc. all the necessary information that will be useful to contact company representatives for more detailed information.<\/p>\n<p>\u2705 Nowadays it is very important to think about what message a business card should convey. When a visitor picks up a business card, a certain opinion is formed, so it can be said that the business card is a reflection of the company. A business card with an attractive appearance, high-quality design that attracts the attention of the customer.<\/p>\n<p>Business card layout is an important business tool that first introduces you and your business to a potential client or partner. The right business card layouts are important to make a good first impression. Here are some tips on how to create an effective business card layout:<\/p>\n<ol>\n<li><strong>Provide key information:<\/strong> The business card should contain essential information such as your name, job title, business name, contact details (phone, email, website) and company logo.<\/li>\n<li><strong>Visual elements and graphics:<\/strong> You can add additional visual elements or opt for a minimal but meaningful design to maintain professionalism.<\/li>\n<li><strong>Emphasis on logo and product or service:<\/strong> Ensure that the company logo and the main services or products are clearly visible and distinct.<\/li>\n<li><strong>Proper layout and dimensions:<\/strong> Business cards are usually of standard dimensions (about 85 x 55 mm). Be creative with the layout, but make sure you can store it comfortably or put it in a card tray.<\/li>\n<li><strong>High-quality printing material:<\/strong> Choose high-quality paper and printing techniques to give your business card a professional look and long-lasting condition.<\/li>\n<li><strong>Additional information:<\/strong> If needed, you can add a QR code that links to your website or other useful information.<\/li>\n<\/ol>\n<p>Remember that a business card is the image of your business, so it is important that it reflects your professionalism and uniqueness. Be creative, but at the same time conservative, to leave the best impression on potential clients or partners.<\/p>\n<p>You can read more information on our blog: <a title=\"LiJIA\" href=\"http:\/\/www.lijia.lt\/\">LiJIA<\/a><\/p>","protected":false},"excerpt":{"rendered":"<p>\u2705<strong>\u00a0The layout price includes:<\/strong><\/p>\n<ul>\n<li>Analysis of needs - stylistics, the desired result and the market of the area;<\/li>\n<li>User and competitor analysis;<\/li>\n<li>3 corrections after submitted design;<\/li>\n<li>Graphic designer and marketing specialist consultations;<\/li>\n<li>Preparation for the press;<\/li>\n<\/ul>\n<p>\u2705 <strong>We can also offer a printing company for an additional price (\u20ac4.99), the price includes:<\/strong><\/p>\n<p><strong><span><a onclick=\"read_toggle(1137268076, 'Skaityti daugiau', 'Skaityti ma\u017eiau'); return false;\" class=\"read-link\" id=\"readlink1137268076\" style=\"readlink\" href=\"#\">Read more<\/a><\/span><\/p>\n<div class=\"read_div\" id=\"read1137268076\" style=\"display: none;\"><\/strong><\/p>\n<ul>\n<li>Setting the printing method most likely to achieve the desired goal;<\/li>\n<li>Finding a printing company, combining price and quality taking into account your product (whole basket);<\/li>\n<li>E-mail preparation of a letter, which you should only forward to the selected printing company, which will issue you an invoice for the services;<\/li>\n<\/ul>\n<p><strong>\ud83d\udcb3 After approval of the layout, you should make a bank transfer directly to the printing company.<\/strong><\/p>\n<p><strong>\u2b07\ufe0f You can find the approximate prices of business card printing companies in the description below.<\/strong><\/p>\n<p><strong><\/div>\n<p><\/strong><\/p>\n<p>\ud83d\udca1 <strong>Don't have an idea?<\/strong> No problem, in the order form below, provide the text and additional necessary information and taking into account your information <strong>we will come up with an idea and perform the service.<br \/>\n<\/strong><\/p>\n<p><strong>\ud83d\udcb8 The layout service is exempt from VAT (21%) and invoices are issued (upon the customer's request).<\/strong><\/p>\n<p>\u270d\ufe0f Please pay attention to grammar and punctuation errors when specifying the text, as we are not responsible for this! Possibility to correct errors in the order before the start of work.<\/p>","protected":false},"featured_media":3512,"template":"","meta":{"_monsterinsights_skip_tracking":false,"_monsterinsights_sitenote_active":false,"_monsterinsights_sitenote_note":"","_monsterinsights_sitenote_category":0,"site-sidebar-layout":"default","site-content-layout":"default","ast-global-header-display":"","ast-main-header-display":"","ast-hfb-above-header-display":"","ast-hfb-below-header-display":"","ast-hfb-mobile-header-display":"","site-post-title":"","ast-breadcrumbs-content":"","ast-featured-img":"","footer-sml-layout":"","theme-transparent-header-meta":"default","adv-header-id-meta":"","stick-header-meta":"","header-above-stick-meta":"","header-main-stick-meta":"","header-below-stick-meta":""},"product_cat":[16,26],"product_tag":[43,40,36],"aioseo_notices":[],"uagb_featured_image_src":{"full":["https:\/\/jaunaideja.lt\/wp-content\/uploads\/2019\/01\/VIzitines-kor-maketas-2-1.jpg",1250,1000,false],"thumbnail":["https:\/\/jaunaideja.lt\/wp-content\/uploads\/2019\/01\/VIzitines-kor-maketas-2-1-150x150.jpg",150,150,true],"medium":["https:\/\/jaunaideja.lt\/wp-content\/uploads\/2019\/01\/VIzitines-kor-maketas-2-1-300x240.jpg",300,240,true],"medium_large":["https:\/\/jaunaideja.lt\/wp-content\/uploads\/2019\/01\/VIzitines-kor-maketas-2-1-768x614.jpg",768,614,true],"large":["https:\/\/jaunaideja.lt\/wp-content\/uploads\/2019\/01\/VIzitines-kor-maketas-2-1-1024x819.jpg",1024,819,true],"1536x1536":["https:\/\/jaunaideja.lt\/wp-content\/uploads\/2019\/01\/VIzitines-kor-maketas-2-1.jpg",1250,1000,false],"2048x2048":["https:\/\/jaunaideja.lt\/wp-content\/uploads\/2019\/01\/VIzitines-kor-maketas-2-1.jpg",1250,1000,false],"trp-custom-language-flag":["https:\/\/jaunaideja.lt\/wp-content\/uploads\/2019\/01\/VIzitines-kor-maketas-2-1.jpg",15,12,false],"mailpoet_newsletter_max":["https:\/\/jaunaideja.lt\/wp-content\/uploads\/2019\/01\/VIzitines-kor-maketas-2-1.jpg",1250,1000,false],"woocommerce_thumbnail":["https:\/\/jaunaideja.lt\/wp-content\/uploads\/2019\/01\/VIzitines-kor-maketas-2-1-300x300.jpg",300,300,true],"woocommerce_single":["https:\/\/jaunaideja.lt\/wp-content\/uploads\/2019\/01\/VIzitines-kor-maketas-2-1-600x480.jpg",600,480,true],"woocommerce_gallery_thumbnail":["https:\/\/jaunaideja.lt\/wp-content\/uploads\/2019\/01\/VIzitines-kor-maketas-2-1-100x100.jpg",100,100,true],"shop_catalog":["https:\/\/jaunaideja.lt\/wp-content\/uploads\/2019\/01\/VIzitines-kor-maketas-2-1-300x300.jpg",300,300,true],"shop_single":["https:\/\/jaunaideja.lt\/wp-content\/uploads\/2019\/01\/VIzitines-kor-maketas-2-1-600x480.jpg",600,480,true],"shop_thumbnail":["https:\/\/jaunaideja.lt\/wp-content\/uploads\/2019\/01\/VIzitines-kor-maketas-2-1-100x100.jpg",100,100,true]},"uagb_author_info":{"display_name":"Tautvydas Zaurynas","author_link":"https:\/\/jaunaideja.lt\/en\/author\/"},"uagb_comment_info":0,"uagb_excerpt":"\u2705\u00a0\u012e maketavimo kain\u0105 \u012fskai\u010diuota: Poreiki\u0173 analizavimas \u2013 stilistika, siekiamas rezultatas ir srities rinka; Vartotoj\u0173 ir konkurent\u0173 analizavimas; 3 korekcijos po pateikto dizaino; Grafikos dizainerio ir marketingo specialisto konsultacijos; Paruo\u0161imo darbai spaudai; \u2705 Taip pat galime u\u017e papildom\u0105 kain\u0105 (4,99 \u20ac) pasi\u016blyti spausdinimo \u012fmon\u0119, \u012f kain\u0105 \u012fskai\u010diuota: [read more] Spausdinimo b\u016bdo nustatymas labiausiai leisiantis pasiekti norim\u0105&hellip;","_links":{"self":[{"href":"https:\/\/jaunaideja.lt\/en\/wp-json\/wp\/v2\/product\/78"}],"collection":[{"href":"https:\/\/jaunaideja.lt\/en\/wp-json\/wp\/v2\/product"}],"about":[{"href":"https:\/\/jaunaideja.lt\/en\/wp-json\/wp\/v2\/types\/product"}],"wp:featuredmedia":[{"embeddable":true,"href":"https:\/\/jaunaideja.lt\/en\/wp-json\/wp\/v2\/media\/3512"}],"wp:attachment":[{"href":"https:\/\/jaunaideja.lt\/en\/wp-json\/wp\/v2\/media?parent=78"}],"wp:term":[{"taxonomy":"product_cat","embeddable":true,"href":"https:\/\/jaunaideja.lt\/en\/wp-json\/wp\/v2\/product_cat?post=78"},{"taxonomy":"product_tag","embeddable":true,"href":"https:\/\/jaunaideja.lt\/en\/wp-json\/wp\/v2\/product_tag?post=78"}],"curies":[{"name":"wp","href":"https:\/\/api.w.org\/{rel}","templated":true}]}}