{"id":77,"date":"2019-01-23T10:58:30","date_gmt":"2019-01-23T08:58:30","guid":{"rendered":"http:\/\/jaunaideja.lt\/?product=cleistocactus"},"modified":"2024-08-14T14:14:36","modified_gmt":"2024-08-14T12:14:36","slug":"kvietimu-maketavimas","status":"publish","type":"product","link":"https:\/\/jaunaideja.lt\/en\/paslauga\/invitation-layout\/","title":{"rendered":"Invitation layout"},"content":{"rendered":"<p>\u2705<strong> Invitation layout is the highlight of your celebration.<\/strong> Thanks to the unique design, create the atmosphere of a christening, birthday or centenary from the first impression - the invitation. <strong>Invitation selection<\/strong> - it's not just work, it's a pleasant and warm indelible memory that comes back when you look at it. <strong>Memories are priceless. Just like your unique holiday.<\/strong><\/p>\n<p>Invitation layout is important to create an attractive and informative invitation creation process that matches the importance and style of the event or occasion. Here are some tips to create an effective and attractive invitation layout:<\/p>\n<ol>\n<li><strong>Provide important information:<\/strong> The invitation must include the most important facts such as the name of the event, date, time, place and special requirements (eg special instructions for participants).<\/li>\n<li><strong>Clear and structured text:<\/strong> The text should be easy to understand and arranged hierarchically. The most important information (name, date, time) should be highlighted and placed clearly.<\/li>\n<li><strong>Add visuals:<\/strong> Inspire your invitation with photos, graphics or illustrations that reflect the nature or theme of the event. It can be a photo of the location, the logo of the event, or relevant symbols.<\/li>\n<li><strong>Invitation format:<\/strong> Choose the appropriate invitation format based on how you plan to send or distribute it. It can be an electronic invitation by e-mail. by mail, on social networks, a printed invitation on paper or in another form.<\/li>\n<li><strong>Creativity and originality:<\/strong> Be creative and original to make the invitation memorable. You can use unconventional formats or unexpected design elements, texts to attract attention.<\/li>\n<li><strong>Delivery and distribution:<\/strong> Pay attention to the delivery of the invitation. It must be sent or distributed in time so that participants have sufficient information about the event and can prepare properly.<\/li>\n<li><strong>Invitation press:<\/strong> If you will be printing invitations, choose high-quality papers and printing techniques to make the invitation look professional and luxurious.<\/li>\n<\/ol>\n<p>Remember that the invitation must convey essential information, be relevant to the theme of the event and be unique to attract attention and encourage people to come to the event or occasion.<\/p>\n<p>You can read more information on our blog: <a title=\"LiJIA\" href=\"http:\/\/www.lijia.lt\/\" target=\"_blank\" rel=\"noopener\">LiJIA<\/a><\/p>","protected":false},"excerpt":{"rendered":"<p>\u2705\u00a0<strong>The layout price includes:<\/strong><\/p>\n<ul>\n<li>Analysis of needs - stylistics, the desired result and the market of the area;<\/li>\n<li>User and competitor analysis;<\/li>\n<li>3 corrections after submitting the design;<\/li>\n<li>Graphic designer and marketing specialist consultations;<\/li>\n<li>Preparation for the press;<\/li>\n<\/ul>\n<p>\u2705 <strong>We can also offer a printing company for an additional price (\u20ac4.99), the price includes:<\/strong><\/p>\n<p><strong><span><a onclick=\"read_toggle(1354657299, 'Skaityti daugiau', 'Skaityti ma\u017eiau'); return false;\" class=\"read-link\" id=\"readlink1354657299\" style=\"readlink\" href=\"#\">Read more<\/a><\/span><\/p>\n<div class=\"read_div\" id=\"read1354657299\" style=\"display: none;\"><\/strong><\/p>\n<ul>\n<li>Setting the printing method most likely to achieve the desired goal;<\/li>\n<li>Finding a printing company, combining price and quality taking into account your product (whole basket);<\/li>\n<li>E-mail preparation of a letter, which you should only forward to the selected printing company, which will issue you an invoice for the services;<\/li>\n<\/ul>\n<p><strong>\ud83d\udcb3 You should pay the invoice directly to the printing company.<\/strong><\/p>\n<p><strong>\u2b07\ufe0f Approximate invitation printing prices can be found in the description below.<\/strong><\/p>\n<p><strong><\/div>\n<p><\/strong><\/p>\n<p>\ud83d\udca1\u00a0<strong>Don't have an idea?<\/strong> No problem, in the order form below, provide the text and additional necessary information and taking into account your information <strong>we will come up with an idea and perform the service.<br \/>\n<\/strong><\/p>\n<p><strong>\ud83d\udcb8 The layout service is exempt from VAT (21%) and invoices are issued (upon the customer's request).<\/strong><\/p>\n<p>\u270d\ufe0f Please pay attention to grammar and punctuation errors when specifying the text, as we are not responsible for this! Possibility to correct errors in the order before the start of work.<\/p>","protected":false},"featured_media":1187,"template":"","meta":{"_monsterinsights_skip_tracking":false,"_monsterinsights_sitenote_active":false,"_monsterinsights_sitenote_note":"","_monsterinsights_sitenote_category":0,"site-sidebar-layout":"default","site-content-layout":"default","ast-global-header-display":"","ast-main-header-display":"","ast-hfb-above-header-display":"","ast-hfb-below-header-display":"","ast-hfb-mobile-header-display":"","site-post-title":"","ast-breadcrumbs-content":"","ast-featured-img":"","footer-sml-layout":"","theme-transparent-header-meta":"default","adv-header-id-meta":"","stick-header-meta":"","header-above-stick-meta":"","header-main-stick-meta":"","header-below-stick-meta":""},"product_cat":[16,26],"product_tag":[40,36],"aioseo_notices":[],"uagb_featured_image_src":{"full":["https:\/\/jaunaideja.lt\/wp-content\/uploads\/2019\/01\/vizualas1.jpg",1580,1053,false],"thumbnail":["https:\/\/jaunaideja.lt\/wp-content\/uploads\/2019\/01\/vizualas1-150x150.jpg",150,150,true],"medium":["https:\/\/jaunaideja.lt\/wp-content\/uploads\/2019\/01\/vizualas1-300x200.jpg",300,200,true],"medium_large":["https:\/\/jaunaideja.lt\/wp-content\/uploads\/2019\/01\/vizualas1-768x512.jpg",768,512,true],"large":["https:\/\/jaunaideja.lt\/wp-content\/uploads\/2019\/01\/vizualas1-1024x682.jpg",1024,682,true],"1536x1536":["https:\/\/jaunaideja.lt\/wp-content\/uploads\/2019\/01\/vizualas1-1536x1024.jpg",1536,1024,true],"2048x2048":["https:\/\/jaunaideja.lt\/wp-content\/uploads\/2019\/01\/vizualas1.jpg",1580,1053,false],"trp-custom-language-flag":["https:\/\/jaunaideja.lt\/wp-content\/uploads\/2019\/01\/vizualas1.jpg",18,12,false],"mailpoet_newsletter_max":["https:\/\/jaunaideja.lt\/wp-content\/uploads\/2019\/01\/vizualas1-1320x880.jpg",1320,880,true],"woocommerce_thumbnail":["https:\/\/jaunaideja.lt\/wp-content\/uploads\/2019\/01\/vizualas1-300x300.jpg",300,300,true],"woocommerce_single":["https:\/\/jaunaideja.lt\/wp-content\/uploads\/2019\/01\/vizualas1-600x400.jpg",600,400,true],"woocommerce_gallery_thumbnail":["https:\/\/jaunaideja.lt\/wp-content\/uploads\/2019\/01\/vizualas1-100x100.jpg",100,100,true],"shop_catalog":["https:\/\/jaunaideja.lt\/wp-content\/uploads\/2019\/01\/vizualas1-300x300.jpg",300,300,true],"shop_single":["https:\/\/jaunaideja.lt\/wp-content\/uploads\/2019\/01\/vizualas1-600x400.jpg",600,400,true],"shop_thumbnail":["https:\/\/jaunaideja.lt\/wp-content\/uploads\/2019\/01\/vizualas1-100x100.jpg",100,100,true]},"uagb_author_info":{"display_name":"Tautvydas Zaurynas","author_link":"https:\/\/jaunaideja.lt\/en\/author\/"},"uagb_comment_info":0,"uagb_excerpt":"\u2705\u00a0\u012e maketavimo kain\u0105 \u012fskai\u010diuota: Poreiki\u0173 analizavimas \u2013 stilistika, siekiamas rezultatas ir srities rinka; Vartotoj\u0173 ir konkurent\u0173 analizavimas; 3 korekcijos po pateikimo dizaino; Grafikos dizainerio ir marketingo specialisto konsultacijos; Paruo\u0161imo darbai spaudai; \u2705 Taip pat galime u\u017e papildom\u0105 kain\u0105 (4,99 \u20ac) pasi\u016blyti spausdinimo \u012fmon\u0119, \u012f kain\u0105 \u012fskai\u010diuota: [read more] Spausdinimo b\u016bdo nustatymas labiausiai leisiantis pasiekti norim\u0105&hellip;","_links":{"self":[{"href":"https:\/\/jaunaideja.lt\/en\/wp-json\/wp\/v2\/product\/77"}],"collection":[{"href":"https:\/\/jaunaideja.lt\/en\/wp-json\/wp\/v2\/product"}],"about":[{"href":"https:\/\/jaunaideja.lt\/en\/wp-json\/wp\/v2\/types\/product"}],"wp:featuredmedia":[{"embeddable":true,"href":"https:\/\/jaunaideja.lt\/en\/wp-json\/wp\/v2\/media\/1187"}],"wp:attachment":[{"href":"https:\/\/jaunaideja.lt\/en\/wp-json\/wp\/v2\/media?parent=77"}],"wp:term":[{"taxonomy":"product_cat","embeddable":true,"href":"https:\/\/jaunaideja.lt\/en\/wp-json\/wp\/v2\/product_cat?post=77"},{"taxonomy":"product_tag","embeddable":true,"href":"https:\/\/jaunaideja.lt\/en\/wp-json\/wp\/v2\/product_tag?post=77"}],"curies":[{"name":"wp","href":"https:\/\/api.w.org\/{rel}","templated":true}]}}