{"id":75,"date":"2019-01-23T10:48:06","date_gmt":"2019-01-23T08:48:06","guid":{"rendered":"http:\/\/jaunaideja.lt\/?product=old-lady-cactus"},"modified":"2024-08-14T14:14:55","modified_gmt":"2024-08-14T12:14:55","slug":"lankstinuko-maketavimas","status":"publish","type":"product","link":"https:\/\/jaunaideja.lt\/en\/paslauga\/leaflet-layout\/","title":{"rendered":"Leaflet layout"},"content":{"rendered":"<p>\u2705 Leaflet layout is one of the most popular direct advertising formats in Lithuania. The name itself suggests that it is a folded print. The advantage of the brochure is that it contains a lot of advertising information that can be useful to your customers.<\/p>\n<p>\u2705 Leaflet layout - such popularity today is determined by the unlimited possibilities of their style (design, shape, format, color combinations) and their wider use. Not only companies, but also private individuals are increasingly using it for their needs, so the demand for leaflets is constantly growing. These small format prints are an extremely practical communication tool, usually used as promotional or event software.<\/p>\n<p>\u2705 Advertising is an integral part of society and almost every company or service provider cares about it and invests in it. One of the ways of advertising activities can be leaflets. First of all, it is a very effective and relatively inexpensive way, especially compared to other types of advertising. Second, this approach allows you to target your customer audience because it can be distributed exactly where business-oriented customers congregate. And most importantly, information about you reaches people instantly. When they receive the leaflet, they at least look at what it says so they don't have to guess whether the customer actually read it.<\/p>\n<p>\u2705 Events are a place of mass gathering of people. Most of the time, the people who came to see them are already familiar with the program, so the leaflets distributed during the event must be accurate and provide only the most important information. Convenience is also important, and the small size of the flyer makes it an optimal choice. Usually, the duration of the event and the participants are described here. However, even when used as event software, flyers can be a great promotional tool. After all, people who come to the event will definitely look for the program, so your advertisement will not go unnoticed.<\/p>\n<p>You can read more information on our blog: <a title=\"LiJIA\" href=\"https:\/\/jaunaideja.lt\/en\/lijia\/\" target=\"_blank\" rel=\"noopener\">LiJIA<\/a> - Lithuanian Junior Idea Association<\/p>","protected":false},"excerpt":{"rendered":"<p>\u2705\u00a0<strong>The layout price includes:<\/strong><\/p>\n<ul>\n<li>Analysis of needs - stylistics, the desired result and the market of the area;<\/li>\n<li>User and competitor analysis;<\/li>\n<li>Post-submission design corrections;<\/li>\n<li>Graphic designer and marketing specialist consultations;<\/li>\n<li>Preparation for the press;<\/li>\n<\/ul>\n<p>\u2705 <strong>We can also offer a printing company for an additional price (\u20ac4.99), the price includes:<\/strong><\/p>\n<p><strong><span><a onclick=\"read_toggle(841459984, 'Skaityti daugiau', 'Skaityti ma\u017eiau'); return false;\" class=\"read-link\" id=\"readlink841459984\" style=\"readlink\" href=\"#\">Read more<\/a><\/span><\/p>\n<div class=\"read_div\" id=\"read841459984\" style=\"display: none;\"><\/strong><\/p>\n<ul>\n<li>Setting the printing method most likely to achieve the desired goal;<\/li>\n<li>Finding a printing company, combining price and quality taking into account your product (whole basket);<\/li>\n<li>E-mail preparation of a letter, which you should only forward to the selected printing company, which will issue you an invoice for the services;<\/li>\n<\/ul>\n<p><strong>\u2b07\ufe0f You can find the approximate prices for printing the brochure in the description below.<\/strong><\/p>\n<p><strong><\/div>\n<p><\/strong><\/p>\n<p>\ud83d\udca1\u00a0<strong>Don't have an idea?<\/strong> No problem, in the order form below, provide the text and additional necessary information and taking into account your information <strong>we will come up with an idea and create a product.<\/strong><\/p>\n<p><strong>\ud83d\udccc  You can pin the text and photos of the brochure to the cart (Word, PDF, PNG, JPG or all with the help of the ZIP file format).<\/strong><\/p>\n<p><strong>\ud83d\udcb8 The layout service is exempt from VAT (21%) and invoices are issued (upon the customer's request).<\/strong><\/p>\n<p>\u270d\ufe0f Please pay attention to grammar and punctuation errors when specifying the text, as we are not responsible for this! Possibility to correct errors in the order before the start of work.<\/p>","protected":false},"featured_media":1183,"template":"","meta":{"_monsterinsights_skip_tracking":false,"_monsterinsights_sitenote_active":false,"_monsterinsights_sitenote_note":"","_monsterinsights_sitenote_category":0,"site-sidebar-layout":"default","site-content-layout":"default","ast-global-header-display":"","ast-main-header-display":"","ast-hfb-above-header-display":"","ast-hfb-below-header-display":"","ast-hfb-mobile-header-display":"","site-post-title":"","ast-breadcrumbs-content":"","ast-featured-img":"","footer-sml-layout":"","theme-transparent-header-meta":"default","adv-header-id-meta":"","stick-header-meta":"","header-above-stick-meta":"","header-main-stick-meta":"","header-below-stick-meta":""},"product_cat":[16,26],"product_tag":[40,36],"aioseo_notices":[],"uagb_featured_image_src":{"full":["https:\/\/jaunaideja.lt\/wp-content\/uploads\/2019\/01\/lankstinukas-2.jpg",1368,912,false],"thumbnail":["https:\/\/jaunaideja.lt\/wp-content\/uploads\/2019\/01\/lankstinukas-2-150x150.jpg",150,150,true],"medium":["https:\/\/jaunaideja.lt\/wp-content\/uploads\/2019\/01\/lankstinukas-2-300x200.jpg",300,200,true],"medium_large":["https:\/\/jaunaideja.lt\/wp-content\/uploads\/2019\/01\/lankstinukas-2-768x512.jpg",768,512,true],"large":["https:\/\/jaunaideja.lt\/wp-content\/uploads\/2019\/01\/lankstinukas-2-1024x683.jpg",1024,683,true],"1536x1536":["https:\/\/jaunaideja.lt\/wp-content\/uploads\/2019\/01\/lankstinukas-2.jpg",1368,912,false],"2048x2048":["https:\/\/jaunaideja.lt\/wp-content\/uploads\/2019\/01\/lankstinukas-2.jpg",1368,912,false],"trp-custom-language-flag":["https:\/\/jaunaideja.lt\/wp-content\/uploads\/2019\/01\/lankstinukas-2.jpg",18,12,false],"mailpoet_newsletter_max":["https:\/\/jaunaideja.lt\/wp-content\/uploads\/2019\/01\/lankstinukas-2-1320x880.jpg",1320,880,true],"woocommerce_thumbnail":["https:\/\/jaunaideja.lt\/wp-content\/uploads\/2019\/01\/lankstinukas-2-300x300.jpg",300,300,true],"woocommerce_single":["https:\/\/jaunaideja.lt\/wp-content\/uploads\/2019\/01\/lankstinukas-2-600x400.jpg",600,400,true],"woocommerce_gallery_thumbnail":["https:\/\/jaunaideja.lt\/wp-content\/uploads\/2019\/01\/lankstinukas-2-100x100.jpg",100,100,true],"shop_catalog":["https:\/\/jaunaideja.lt\/wp-content\/uploads\/2019\/01\/lankstinukas-2-300x300.jpg",300,300,true],"shop_single":["https:\/\/jaunaideja.lt\/wp-content\/uploads\/2019\/01\/lankstinukas-2-600x400.jpg",600,400,true],"shop_thumbnail":["https:\/\/jaunaideja.lt\/wp-content\/uploads\/2019\/01\/lankstinukas-2-100x100.jpg",100,100,true]},"uagb_author_info":{"display_name":"Tautvydas Zaurynas","author_link":"https:\/\/jaunaideja.lt\/en\/author\/"},"uagb_comment_info":0,"uagb_excerpt":"\u2705\u00a0\u012e maketavimo kain\u0105 \u012fskai\u010diuota: Poreiki\u0173 analizavimas \u2013 stilistika, siekiamas rezultatas ir srities rinka; Vartotojo ir konkurent\u0173 analizavimas; Korekcijos po pateikimo dizaino; Grafikos dizainerio ir marketingo specialisto konsultacijos; Paruo\u0161imo darbai spaudai; \u2705 Taip pat galime u\u017e papildom\u0105 kain\u0105 (4,99 \u20ac) pasi\u016blyti spausdinimo \u012fmon\u0119, \u012f kain\u0105 \u012fskai\u010diuota: [read more] Spausdinimo b\u016bdo nustatymas labiausiai leisiantis pasiekti norim\u0105 tiksl\u0105;&hellip;","_links":{"self":[{"href":"https:\/\/jaunaideja.lt\/en\/wp-json\/wp\/v2\/product\/75"}],"collection":[{"href":"https:\/\/jaunaideja.lt\/en\/wp-json\/wp\/v2\/product"}],"about":[{"href":"https:\/\/jaunaideja.lt\/en\/wp-json\/wp\/v2\/types\/product"}],"wp:featuredmedia":[{"embeddable":true,"href":"https:\/\/jaunaideja.lt\/en\/wp-json\/wp\/v2\/media\/1183"}],"wp:attachment":[{"href":"https:\/\/jaunaideja.lt\/en\/wp-json\/wp\/v2\/media?parent=75"}],"wp:term":[{"taxonomy":"product_cat","embeddable":true,"href":"https:\/\/jaunaideja.lt\/en\/wp-json\/wp\/v2\/product_cat?post=75"},{"taxonomy":"product_tag","embeddable":true,"href":"https:\/\/jaunaideja.lt\/en\/wp-json\/wp\/v2\/product_tag?post=75"}],"curies":[{"name":"wp","href":"https:\/\/api.w.org\/{rel}","templated":true}]}}