{"id":6821,"date":"2023-11-28T21:03:43","date_gmt":"2023-11-28T19:03:43","guid":{"rendered":"https:\/\/jaunaideja.lt\/?post_type=product&#038;p=6821"},"modified":"2024-08-14T13:37:24","modified_gmt":"2024-08-14T11:37:24","slug":"brandbook-kurimas","status":"publish","type":"product","link":"https:\/\/jaunaideja.lt\/en\/paslauga\/brandbook-creation\/","title":{"rendered":"Brandbook creation"},"content":{"rendered":"<p>Creating a brandbook (otherwise known as a brand style guide) is a document that describes and specifies the brand's identity, rules, guidelines and standards of use. This document is the result of a development process that defines how your business should be used and recognized in various contexts.<\/p>\n<p>The main elements of creating a brandbook and information that can be included in this document:<\/p>\n<ol>\n<li><a href=\"https:\/\/jaunaideja.lt\/en\/paslauga\/creating-a-logo\/\" target=\"_blank\" rel=\"noopener\"><strong>Creating a logo:<\/strong><\/a> The logo is created suitable for printing companies (AI, ESP, PDF, JPG, PNG files).<\/li>\n<li><strong>Rules for using the logo:<\/strong> Guidelines are given on how the brand logo should be used, in which environment, in what colors or variations, in order to maintain integrity and recognizability.<\/li>\n<li><strong>Color palette:<\/strong> The system of used colors, their names and codes (CMYK, RGB, HEX) is described, and the rules for how and when these colors should be used are indicated.<\/li>\n<li><strong>Fonts and typography:<\/strong> The fonts used, their sizes, styles and typography recommendations are indicated to maintain the integrity of the text and the corresponding brand style.<\/li>\n<li><strong>Elements of corporate style: <\/strong>All the style design layout options you need, from business cards to ballpoint pens.<\/li>\n<li><strong>Design guidelines:<\/strong> Describes the specific design rules for how a company's visual material should be created in elements such as promotional posters, slides, web pages, etc.<\/li>\n<li><strong>Communication guidelines:<\/strong> The tone, style, communication rules and use of language are specified so that all communication messages correspond to the brand identity.<\/li>\n<li><strong>Additional information:<\/strong> Other information may be included, for example, about the brand's history, image, guidelines for the use of photographs, etc.<\/li>\n<\/ol>\n<p>Creating a brandbook allows you to determine the guidelines and rules that an organization or company uses to ensure the unity, uniqueness and recognition of the brand in all its activities. It is an important tool that creates and maintains the quality and value of the brand in the market and in the minds of consumers. This document also helps to ensure that everyone who works with the brand - from designers to marketing specialists - adheres to the same standards.<\/p>\n<p>Read more on our business blog <a title=\"LiJIA\" href=\"http:\/\/www.lijia.lt\/\" target=\"_blank\" rel=\"noopener\">LiJIA<\/a>.<\/p>\n\n<\/p>\n<blockquote class=\"wp-embedded-content\" data-secret=\"SfRnY5Ot3H\"><p><a href=\"https:\/\/jaunaideja.lt\/en\/brandbook-what-is-and-what-it-consists-of\/\">Brandbook: What it is and what constitutes it<\/a><\/p><\/blockquote>\n<p><iframe class=\"wp-embedded-content\" sandbox=\"allow-scripts\" security=\"restricted\" style=\"position: absolute; clip: rect(1px, 1px, 1px, 1px);\" title=\"&#8220;Firminis stilius: Kas yra Brandbook ir kas j\u012f sudaro&#8221; &#8212; Jauna id\u0117ja\" src=\"https:\/\/jaunaideja.lt\/en\/brandbook-what-is-and-what-it-consists-of\/embed\/#?secret=W6PQ5KQlaW#?secret=SfRnY5Ot3H\" data-secret=\"SfRnY5Ot3H\" width=\"500\" height=\"282\" frameborder=\"0\" marginwidth=\"0\" marginheight=\"0\" scrolling=\"no\"><\/iframe><\/p>\n<p>","protected":false},"excerpt":{"rendered":"<p><strong>\u2705 Layout price includes:<\/strong><\/p>\n<ul>\n<li>Redrawing the logo and turning it into a vector (suitable for printing);<\/li>\n<li>Color palette;<\/li>\n<li>Fonts and typography.<\/li>\n<\/ul>\n<p><strong>\u2705 Additional services:<\/strong><\/p>\n<ul>\n<li>Logo design;<\/li>\n<li>Use of logo, sizes, colors;<\/li>\n<li>Corporate style elements;<\/li>\n<li>Slogan thinking;<\/li>\n<li>Public communication.<\/li>\n<\/ul>\n<p><strong>\ud83d\udcbb If you want to order website design (UX\/UI), you can do that<em> <a href=\"https:\/\/jaunaideja.lt\/en\/paslauga\/websites-design-creation\/\" target=\"_blank\" rel=\"noopener\">here<\/a><\/em><\/strong><\/p>\n<p><strong>\ud83d\udccc You can upload the project description and more detailed information (Word or PDF) to the cart.<\/strong><\/p>\n<p><strong>\ud83d\udcb8 The service is exempt from VAT (21%) and an invoice is issued (upon the customer's request).<\/strong><\/p>\n<p><strong>\ud83d\udcb0 <\/strong><strong>Possibility to pay at the beginning, only a deposit (30%) and pay the remaining amount only after evaluating the final work.<\/strong><\/p>","protected":false},"featured_media":6978,"template":"","meta":{"_monsterinsights_skip_tracking":false,"_monsterinsights_sitenote_active":false,"_monsterinsights_sitenote_note":"","_monsterinsights_sitenote_category":0,"site-sidebar-layout":"default","site-content-layout":"default","ast-global-header-display":"","ast-main-header-display":"","ast-hfb-above-header-display":"","ast-hfb-below-header-display":"","ast-hfb-mobile-header-display":"","site-post-title":"","ast-breadcrumbs-content":"","ast-featured-img":"","footer-sml-layout":"","theme-transparent-header-meta":"default","adv-header-id-meta":"","stick-header-meta":"","header-above-stick-meta":"","header-main-stick-meta":"","header-below-stick-meta":""},"product_cat":[16,26,27,35,15],"product_tag":[],"aioseo_notices":[],"uagb_featured_image_src":{"full":["https:\/\/jaunaideja.lt\/wp-content\/uploads\/2023\/11\/brand_guidelines_book_album_mockup-scaled.jpg",2560,1707,false],"thumbnail":["https:\/\/jaunaideja.lt\/wp-content\/uploads\/2023\/11\/brand_guidelines_book_album_mockup-150x150.jpg",150,150,true],"medium":["https:\/\/jaunaideja.lt\/wp-content\/uploads\/2023\/11\/brand_guidelines_book_album_mockup-300x200.jpg",300,200,true],"medium_large":["https:\/\/jaunaideja.lt\/wp-content\/uploads\/2023\/11\/brand_guidelines_book_album_mockup-768x512.jpg",768,512,true],"large":["https:\/\/jaunaideja.lt\/wp-content\/uploads\/2023\/11\/brand_guidelines_book_album_mockup-1024x683.jpg",1024,683,true],"1536x1536":["https:\/\/jaunaideja.lt\/wp-content\/uploads\/2023\/11\/brand_guidelines_book_album_mockup-1536x1024.jpg",1536,1024,true],"2048x2048":["https:\/\/jaunaideja.lt\/wp-content\/uploads\/2023\/11\/brand_guidelines_book_album_mockup-2048x1365.jpg",2048,1365,true],"trp-custom-language-flag":["https:\/\/jaunaideja.lt\/wp-content\/uploads\/2023\/11\/brand_guidelines_book_album_mockup-18x12.jpg",18,12,true],"mailpoet_newsletter_max":["https:\/\/jaunaideja.lt\/wp-content\/uploads\/2023\/11\/brand_guidelines_book_album_mockup-1320x880.jpg",1320,880,true],"woocommerce_thumbnail":["https:\/\/jaunaideja.lt\/wp-content\/uploads\/2023\/11\/brand_guidelines_book_album_mockup-300x300.jpg",300,300,true],"woocommerce_single":["https:\/\/jaunaideja.lt\/wp-content\/uploads\/2023\/11\/brand_guidelines_book_album_mockup-600x400.jpg",600,400,true],"woocommerce_gallery_thumbnail":["https:\/\/jaunaideja.lt\/wp-content\/uploads\/2023\/11\/brand_guidelines_book_album_mockup-100x100.jpg",100,100,true],"shop_catalog":["https:\/\/jaunaideja.lt\/wp-content\/uploads\/2023\/11\/brand_guidelines_book_album_mockup-300x300.jpg",300,300,true],"shop_single":["https:\/\/jaunaideja.lt\/wp-content\/uploads\/2023\/11\/brand_guidelines_book_album_mockup-600x400.jpg",600,400,true],"shop_thumbnail":["https:\/\/jaunaideja.lt\/wp-content\/uploads\/2023\/11\/brand_guidelines_book_album_mockup-100x100.jpg",100,100,true]},"uagb_author_info":{"display_name":"Tautvydas Zaurynas","author_link":"https:\/\/jaunaideja.lt\/en\/author\/"},"uagb_comment_info":0,"uagb_excerpt":"\u2705\u00a0\u012e maketavimo kain\u0105 \u012fskai\u010diuota: Logotipo perpie\u0161imas ir pavertimas vektoriniu (tinkamu spausdinimui); Spalv\u0173 palet\u0117; \u0160riftai ir tipografija. \u2705 Papildomos paslaugos: Logotipo k\u016brimas; Logotipo naudojimas, dyd\u017eiai, spalvos; Firminio stiliaus elementai; \u0160\u016bkio galvojimas; Vie\u0161oji komunikacija. \ud83d\udcbb Jeigu norima u\u017esisakyti ir svetain\u0117s dizain\u0105 (UX\/UI), tai galite padaryti \u010dia \ud83d\udccc Projekto apra\u0161ym\u0105 ir detalesn\u0119 informacija (Word ar PDF) gal\u0117site \u012fkelti&hellip;","_links":{"self":[{"href":"https:\/\/jaunaideja.lt\/en\/wp-json\/wp\/v2\/product\/6821"}],"collection":[{"href":"https:\/\/jaunaideja.lt\/en\/wp-json\/wp\/v2\/product"}],"about":[{"href":"https:\/\/jaunaideja.lt\/en\/wp-json\/wp\/v2\/types\/product"}],"wp:featuredmedia":[{"embeddable":true,"href":"https:\/\/jaunaideja.lt\/en\/wp-json\/wp\/v2\/media\/6978"}],"wp:attachment":[{"href":"https:\/\/jaunaideja.lt\/en\/wp-json\/wp\/v2\/media?parent=6821"}],"wp:term":[{"taxonomy":"product_cat","embeddable":true,"href":"https:\/\/jaunaideja.lt\/en\/wp-json\/wp\/v2\/product_cat?post=6821"},{"taxonomy":"product_tag","embeddable":true,"href":"https:\/\/jaunaideja.lt\/en\/wp-json\/wp\/v2\/product_tag?post=6821"}],"curies":[{"name":"wp","href":"https:\/\/api.w.org\/{rel}","templated":true}]}}