{"id":6815,"date":"2023-11-28T15:30:24","date_gmt":"2023-11-28T13:30:24","guid":{"rendered":"https:\/\/jaunaideja.lt\/?post_type=product&#038;p=6815"},"modified":"2025-04-17T09:58:35","modified_gmt":"2025-04-17T07:58:35","slug":"seo-mokymai","status":"publish","type":"product","link":"https:\/\/jaunaideja.lt\/en\/paslauga\/seo-training\/","title":{"rendered":"SEO training"},"content":{"rendered":"<p>SEO training is about learning how to optimize websites to be more visible on search engines like Google, Bing, and others. After the training you will learn:<\/p>\n<ol>\n<li><strong>SEO Basics:<\/strong> You will learn how search engines such as Google work, how website rankings are determined, and what are the main factors that influence website positions.<\/li>\n<li><strong>How to choose the right content strategy:<\/strong> Well-optimized websites usually have quality and meaningful content that meets the needs of their audience.<\/li>\n<li><strong>Optimize your website:<\/strong> This includes technical SEO (such as fast page loading, mobile-friendliness, URL structure optimization), SEO-optimized headlines, use of search keywords, etc.<\/li>\n<li><strong>Track your search results:<\/strong> Using SEO tools, monitor website traffic, keywords that generate traffic, and other indicators.<\/li>\n<li><strong>You will distinguish between internal and external SEO: <\/strong>You will understand how to take advantage of internal and external SEO.<\/li>\n<li><strong>You will know SEO tools: <\/strong>\u00a0You will also learn about SEO tools such as Google Analytics, Google Search Console, SEMrush and others.<\/li>\n<li><strong>And a lot of other information.<\/strong><\/li>\n<\/ol>\n<p>Main <a href=\"https:\/\/jaunaideja.lt\/en\/paslauga\/seo-article-writing\/\" target=\"_blank\" rel=\"noopener\">SEO<\/a> items include:<\/p>\n<ul>\n<li><strong>Keyword optimization:<\/strong> This includes using the right keywords in website content, headings, meta descriptions and other page elements to match users' search queries.<\/li>\n<li><strong>Technical SEO:<\/strong> This includes the technical side of the website, such as speed, mobile friendliness, URL structure, sitemaps, page indexing, etc.<\/li>\n<li><strong>Link building:<\/strong> It is important to have quality links from other websites, as they help to improve the authority and position of the website in search engines.<\/li>\n<li><strong>Quality and meaningful content:<\/strong> Keywords should be included naturally in content that is useful and informative to the audience.<\/li>\n<li><strong>Optimized user experience (UX) design:<\/strong> A website should be easy to use, with a beautiful design, fast loading time and easy navigation to improve the user experience.<\/li>\n<li><strong>Analysis and monitoring: <\/strong>Using various tools (eg Google Analytics, Google Search Console) it is important to monitor and analyze website traffic, traffic, keywords and other important indicators.<\/li>\n<\/ul>\n<p>It's also worth noting that SEO training is an ever-changing field as search algorithms are constantly evolving. Therefore, we try to constantly follow the latest developments and improve our knowledge and skills in this field.<\/p>\n<p>Read more on our business blog <a title=\"LiJIA\" href=\"http:\/\/www.lijia.lt\/\" target=\"_blank\" rel=\"noopener\">LiJIA<\/a>.<\/p>","protected":false},"excerpt":{"rendered":"<p><span style=\"color: #008000;\">The price is indicated by the hourly rate.<\/span><\/p>\n<p>\ud83d\udcda The training is done individually for everyone (no groups), because it focuses on each person's specific problems or concerns about the use of SEO. Also, with this method, training can be adapted to different levels of users, from beginners to experienced users or business owners<\/p>\n<p>\ud83d\udcbbWe recommend this training for Wordpress website owners who want to learn the basics of SEO.<\/p>\n<p>\ud83d\udcda The teacher has a bachelor's degree in informatics and a master's degree in marketing.<\/p>\n<p>\ud83d\udcbb The meeting will be held remotely via the Google Meet platform.<\/p>\n<p>\ud83d\udcc5 An individual time for a remote meeting is agreed upon.<\/p>\n<p>\ud83d\udd50 Training time is contractual.<\/p>\n<p>\ud83d\udcb3 At the end of each month, you will receive an invoice with the total training time of that month, which you will have to pay within 10 working days. Until the invoice for the previous month is paid, further training cannot take place.<\/p>\n<p>\u2757 The training is in Lithuanian languag only.<\/p>\n<div role=\"form\" class=\"wpcf7\" id=\"wpcf7-f6819-o1\" lang=\"lt-LT\" dir=\"ltr\">\n<div class=\"screen-reader-response\">\n<p role=\"status\" aria-live=\"polite\" aria-atomic=\"true\">\n<ul><\/ul>\n<\/div>\n<form action=\"\/en\/wp-json\/wp\/v2\/product\/6815#wpcf7-f6819-o1\" method=\"post\" class=\"wpcf7-form init\" novalidate=\"novalidate\" data-status=\"init\" data-trp-original-action=\"\/en\/wp-json\/wp\/v2\/product\/6815#wpcf7-f6819-o1\">\n<div style=\"display: none;\">\n<input type=\"hidden\" name=\"_wpcf7\" value=\"6819\" \/><br \/>\n<input type=\"hidden\" name=\"_wpcf7_version\" value=\"5.6.2\" \/><br \/>\n<input type=\"hidden\" name=\"_wpcf7_locale\" value=\"lt_LT\" \/><br \/>\n<input type=\"hidden\" name=\"_wpcf7_unit_tag\" value=\"wpcf7-f6819-o1\" \/><br \/>\n<input type=\"hidden\" name=\"_wpcf7_container_post\" value=\"0\" \/><br \/>\n<input type=\"hidden\" name=\"_wpcf7_posted_data_hash\" value=\"\" \/><br \/>\n<input type=\"hidden\" name=\"_wpcf7cf_hidden_group_fields\" value=\"[]\" \/><br \/>\n<input type=\"hidden\" name=\"_wpcf7cf_hidden_groups\" value=\"[]\" \/><br \/>\n<input type=\"hidden\" name=\"_wpcf7cf_visible_groups\" value=\"[]\" \/><br \/>\n<input type=\"hidden\" name=\"_wpcf7cf_repeaters\" value=\"[]\" \/><br \/>\n<input type=\"hidden\" name=\"_wpcf7cf_steps\" value=\"{}\" \/><br \/>\n<input type=\"hidden\" name=\"_wpcf7cf_options\" value=\"{&quot;form_id&quot;:6819,&quot;conditions&quot;:[],&quot;settings&quot;:{&quot;animation&quot;:&quot;yes&quot;,&quot;animation_intime&quot;:200,&quot;animation_outtime&quot;:200,&quot;conditions_ui&quot;:&quot;normal&quot;,&quot;notice_dismissed&quot;:false,&quot;notice_dismissed_update-cf7-5.6.3&quot;:true}}\" \/>\n<\/div>\n<div id=\"formos\">\n<h3><center> Service inquiry form:<\/div>\n<p><\/center><br \/>\n<\/h3>\n<p><label> Email: *<br \/>\n    <span class=\"wpcf7-form-control-wrap\" data-name=\"your-email\"><input type=\"email\" name=\"your-email\" value=\"\" size=\"40\" class=\"wpcf7-form-control wpcf7-text wpcf7-email wpcf7-validates-as-required wpcf7-validates-as-email\" aria-required=\"true\" aria-invalid=\"false\" \/><\/span> <\/label><\/p>\n<p><label> Your level in SEO <\/label><br \/>\n<span class=\"wpcf7-form-control-wrap\" data-name=\"lygis\"><select name=\"lygis\" class=\"wpcf7-form-control wpcf7-select\" aria-invalid=\"false\"><option value=\"Pradedantysis\">Beginner<\/option><option value=\"Vidutinio\">Medium<\/option><option value=\"Pa\u017eeng\u0119s\">Advanced<\/option><\/select><\/span><\/p>\n<p><label> What you want to know: <\/label><br \/>\n<span class=\"wpcf7-form-control-wrap\" data-name=\"Tikimasi\"><input type=\"text\" name=\"Tikimasi\" value=\"\" size=\"40\" class=\"wpcf7-form-control wpcf7-text\" aria-invalid=\"false\" \/><\/span><\/p>\n<p><label> Date and time (Mon-Fri 09:00-18:00, Sat 10:00-15:00) <\/label><br \/>\n<span class=\"wpcf7-form-control-wrap\" data-name=\"data\"><input type=\"text\" name=\"data\" value=\"\" size=\"40\" class=\"wpcf7-form-control wpcf7-text\" aria-invalid=\"false\" \/><\/span><\/p>\n<p><span class=\"wpcf7-form-control-wrap\" data-name=\"Skubus_atlikimas\"><span class=\"wpcf7-form-control wpcf7-checkbox\"><span class=\"wpcf7-list-item first last\"><label><input type=\"checkbox\" name=\"Skubus_atlikimas[]\" value=\"Skubi pamoka (+30% papildomai nuo bendros sumos)\" \/><span class=\"wpcf7-list-item-label\">Urgent lesson (+30% extra from the total amount)<\/span><\/label><\/span><\/span><\/span><\/p>\n<h6><center> We usually review your request and respond to it within one business day. <\/center><\/p>\n<\/h6>\n<p><input type=\"submit\" value=\"Submit\" class=\"wpcf7-form-control has-spinner wpcf7-submit\" \/><\/p>\n<p style=\"display: none !important;\" class=\"akismet-fields-container\" data-prefix=\"_wpcf7_ak_\"><label>&#916;<textarea name=\"_wpcf7_ak_hp_textarea\" cols=\"45\" rows=\"8\" maxlength=\"100\"><\/textarea><\/label><input type=\"hidden\" id=\"ak_js_1\" name=\"_wpcf7_ak_js\" value=\"200\"\/><script>document.getElementById( \"ak_js_1\" ).setAttribute( \"value\", ( new Date() ).getTime() );<\/script><\/p>\n<div class=\"wpcf7-response-output\" aria-hidden=\"true\"><\/div>\n<input type=\"hidden\" name=\"trp-form-language\" value=\"en\"\/><\/form>\n<\/div>","protected":false},"featured_media":6818,"template":"","meta":{"_monsterinsights_skip_tracking":false,"_monsterinsights_sitenote_active":false,"_monsterinsights_sitenote_note":"","_monsterinsights_sitenote_category":0,"site-sidebar-layout":"default","site-content-layout":"default","ast-global-header-display":"","ast-main-header-display":"","ast-hfb-above-header-display":"","ast-hfb-below-header-display":"","ast-hfb-mobile-header-display":"","site-post-title":"","ast-breadcrumbs-content":"","ast-featured-img":"","footer-sml-layout":"","theme-transparent-header-meta":"default","adv-header-id-meta":"","stick-header-meta":"","header-above-stick-meta":"","header-main-stick-meta":"","header-below-stick-meta":""},"product_cat":[471],"product_tag":[],"aioseo_notices":[],"uagb_featured_image_src":{"full":["https:\/\/jaunaideja.lt\/wp-content\/uploads\/2023\/11\/2778963.jpg",2000,2000,false],"thumbnail":["https:\/\/jaunaideja.lt\/wp-content\/uploads\/2023\/11\/2778963-150x150.jpg",150,150,true],"medium":["https:\/\/jaunaideja.lt\/wp-content\/uploads\/2023\/11\/2778963-300x300.jpg",300,300,true],"medium_large":["https:\/\/jaunaideja.lt\/wp-content\/uploads\/2023\/11\/2778963-768x768.jpg",768,768,true],"large":["https:\/\/jaunaideja.lt\/wp-content\/uploads\/2023\/11\/2778963-1024x1024.jpg",1024,1024,true],"1536x1536":["https:\/\/jaunaideja.lt\/wp-content\/uploads\/2023\/11\/2778963-1536x1536.jpg",1536,1536,true],"2048x2048":["https:\/\/jaunaideja.lt\/wp-content\/uploads\/2023\/11\/2778963.jpg",2000,2000,false],"trp-custom-language-flag":["https:\/\/jaunaideja.lt\/wp-content\/uploads\/2023\/11\/2778963-12x12.jpg",12,12,true],"mailpoet_newsletter_max":["https:\/\/jaunaideja.lt\/wp-content\/uploads\/2023\/11\/2778963-1320x1320.jpg",1320,1320,true],"woocommerce_thumbnail":["https:\/\/jaunaideja.lt\/wp-content\/uploads\/2023\/11\/2778963-300x300.jpg",300,300,true],"woocommerce_single":["https:\/\/jaunaideja.lt\/wp-content\/uploads\/2023\/11\/2778963-600x600.jpg",600,600,true],"woocommerce_gallery_thumbnail":["https:\/\/jaunaideja.lt\/wp-content\/uploads\/2023\/11\/2778963-100x100.jpg",100,100,true],"shop_catalog":["https:\/\/jaunaideja.lt\/wp-content\/uploads\/2023\/11\/2778963-300x300.jpg",300,300,true],"shop_single":["https:\/\/jaunaideja.lt\/wp-content\/uploads\/2023\/11\/2778963-600x600.jpg",600,600,true],"shop_thumbnail":["https:\/\/jaunaideja.lt\/wp-content\/uploads\/2023\/11\/2778963-100x100.jpg",100,100,true]},"uagb_author_info":{"display_name":"Tautvydas Zaurynas","author_link":"https:\/\/jaunaideja.lt\/en\/author\/"},"uagb_comment_info":0,"uagb_excerpt":"Kaina nurodyta valandiniu tarifu. \ud83d\udcda Mokymai atliekami individualiai kiekvienam (joki\u0173 grupi\u0173), nes taip orientuojamasi \u012f konkre\u010dias kiekvieno problemas ar r\u016bpimus klausimus apie SEO naudojim\u0105. Taip pat, tokiu metodu mokymai gali b\u016bti pritaikyti skirtingiems vartotoj\u0173 lygiams, nuo pradedan\u010di\u0173j\u0173 iki patyrusi\u0173 vartotoj\u0173 ar verslo savinink\u0173 \ud83d\udcbbMokymus rekomenduojame Wordpress svetaini\u0173 tur\u0117tojams, kurie nori susipa\u017einti su SEO pagrindais. \ud83d\udcda&hellip;","_links":{"self":[{"href":"https:\/\/jaunaideja.lt\/en\/wp-json\/wp\/v2\/product\/6815"}],"collection":[{"href":"https:\/\/jaunaideja.lt\/en\/wp-json\/wp\/v2\/product"}],"about":[{"href":"https:\/\/jaunaideja.lt\/en\/wp-json\/wp\/v2\/types\/product"}],"wp:featuredmedia":[{"embeddable":true,"href":"https:\/\/jaunaideja.lt\/en\/wp-json\/wp\/v2\/media\/6818"}],"wp:attachment":[{"href":"https:\/\/jaunaideja.lt\/en\/wp-json\/wp\/v2\/media?parent=6815"}],"wp:term":[{"taxonomy":"product_cat","embeddable":true,"href":"https:\/\/jaunaideja.lt\/en\/wp-json\/wp\/v2\/product_cat?post=6815"},{"taxonomy":"product_tag","embeddable":true,"href":"https:\/\/jaunaideja.lt\/en\/wp-json\/wp\/v2\/product_tag?post=6815"}],"curies":[{"name":"wp","href":"https:\/\/api.w.org\/{rel}","templated":true}]}}