{"id":6810,"date":"2023-11-24T11:10:38","date_gmt":"2023-11-24T09:10:38","guid":{"rendered":"https:\/\/jaunaideja.lt\/?post_type=product&#038;p=6810"},"modified":"2025-04-17T09:56:38","modified_gmt":"2025-04-17T07:56:38","slug":"skaitmeninio-marketingo-mokymai","status":"publish","type":"product","link":"https:\/\/jaunaideja.lt\/en\/paslauga\/digital-marketing-training\/","title":{"rendered":"Digital marketing training"},"content":{"rendered":"<p>Digital marketing training covers various activities and strategies for online advertising, sales and marketing. This is an area of wide possibilities, in which digital channels are used - web pages, social networks, e-mail. mail, channels that include mobile devices - to reach consumers, create an image of a product or service and increase sales.<\/p>\n<p><strong>Digital marketing training, during which you will learn what is:<\/strong><\/p>\n<ul>\n<li><a href=\"https:\/\/jaunaideja.lt\/en\/paslauga\/turinio-kurimas\/\" target=\"_blank\" rel=\"noopener\">Content marketing:<\/a> K\u016brybinis turinio k\u016brimas ir skleidimas siekiant pritraukti, \u012fsitraukti ir i\u0161laikyti auditorijos d\u0117mes\u012f.<\/li>\n<li>SEO (Search Engine Optimization): A way to improve a website's visibility in search engines to make it easier to find and access.<\/li>\n<li><a href=\"https:\/\/jaunaideja.lt\/en\/paslauga\/social-network-marketing\/\">Social media marketing:<\/a> Reklamos ir komunikacijos kanal\u0173 k\u016brimas ir naudojimas socialiniuose tinkluose.<\/li>\n<li>E-mail marketing: E-mail using email for customer engagement and information dissemination.<\/li>\n<li>Advertising Campaigns (PPC): A paid advertising model where you pay for each click on an ad.<\/li>\n<li>Marketing Analytics: Collection, analysis and interpretation of data to better understand campaign effectiveness and consumer behavior.<\/li>\n<\/ul>\n<p><strong>Digital marketing training where you will learn how it helps:<\/strong><\/p>\n<ul>\n<li>For sales growth: Digital marketing is often aimed at increasing sales of goods or services.<\/li>\n<li>Increasing audience engagement: Creative content and social media strategies that aim to engage with audiences and build loyalty.<\/li>\n<li>Prek\u0117s ar paslaugos pozicionavimui: Skaitmenin\u0117 reklama gali pad\u0117ti sukurti arba sustiprinti prek\u0117s ar paslaugos \u012fvaizd\u012f rinkoje.<\/li>\n<li>To optimize conversions: Digital marketing tools also help to optimize conversions \u2013 i.e. converting visitors into customers or taking customer actions.<\/li>\n<\/ul>\n<p><strong>Digital marketing training, where you will learn about the tools for a year:<\/strong><\/p>\n<ul>\n<li>Online analytics tools: Google Analytics, Meta pixel, Google Search Console, etc. to track, analyze and understand online user behavior.<\/li>\n<li>Social media platforms: Facebook, Instagram, Twitter, LinkedIn, TikTok, etc. that allow you to create and distribute content and advertisements.<\/li>\n<li>E-mai distributors: Tools e-mail for email marketing such as MailChimp, Omnisend, etc.<\/li>\n<\/ul>\n<p><strong>And many other things you will learn during digital marketing training.<\/strong><\/p>\n<p>Digital marketing is constantly evolving, taking into account new technologies and consumer behavior. It is an essential marketing strategy for many companies seeking to reach a larger circle of consumers and achieve higher sales results.<\/p>\n<p>Read more on our business blog <a title=\"LiJIA\" href=\"http:\/\/www.lijia.lt\/\" target=\"_blank\" rel=\"noopener\">LiJIA<\/a>.<\/p>","protected":false},"excerpt":{"rendered":"<p>\ud83d\udcda Training is done individually for everyone (no groups), because yes<span style=\"font-size: 16px;\"> focuses on each person's specific problems or concerns about using the platform. Also, with this method, training can be adapted to different levels of users, from beginners to experienced users or business owners.<\/span><\/p>\n<p>\ud83d\udcda The teacher has a bachelor's degree in informatics and a master's degree in marketing.<\/p>\n<p>\ud83d\udcbb The meeting will be held remotely via the Google Meet platform.<\/p>\n<p>\ud83d\udcc5 An individual time for a remote meeting is agreed upon.<\/p>\n<p>\ud83d\udcb3 At the end of each month, you will receive an invoice with the total training time of that month, which you will have to pay within 10 working days. Until the invoice for the previous month is paid, further training cannot take place.<\/p>\n<p>\u2757 The training is in Lithuanian languag only.<\/p>\n<div role=\"form\" class=\"wpcf7\" id=\"wpcf7-f8675-o1\" lang=\"lt-LT\" dir=\"ltr\">\n<div class=\"screen-reader-response\">\n<p role=\"status\" aria-live=\"polite\" aria-atomic=\"true\">\n<ul><\/ul>\n<\/div>\n<form action=\"\/en\/wp-json\/wp\/v2\/product\/6810#wpcf7-f8675-o1\" method=\"post\" class=\"wpcf7-form init\" novalidate=\"novalidate\" data-status=\"init\" data-trp-original-action=\"\/en\/wp-json\/wp\/v2\/product\/6810#wpcf7-f8675-o1\">\n<div style=\"display: none;\">\n<input type=\"hidden\" name=\"_wpcf7\" value=\"8675\" \/><br \/>\n<input type=\"hidden\" name=\"_wpcf7_version\" value=\"5.6.2\" \/><br \/>\n<input type=\"hidden\" name=\"_wpcf7_locale\" value=\"lt_LT\" \/><br \/>\n<input type=\"hidden\" name=\"_wpcf7_unit_tag\" value=\"wpcf7-f8675-o1\" \/><br \/>\n<input type=\"hidden\" name=\"_wpcf7_container_post\" value=\"0\" \/><br \/>\n<input type=\"hidden\" name=\"_wpcf7_posted_data_hash\" value=\"\" \/><br \/>\n<input type=\"hidden\" name=\"_wpcf7cf_hidden_group_fields\" value=\"[]\" \/><br \/>\n<input type=\"hidden\" name=\"_wpcf7cf_hidden_groups\" value=\"[]\" \/><br \/>\n<input type=\"hidden\" name=\"_wpcf7cf_visible_groups\" value=\"[]\" \/><br \/>\n<input type=\"hidden\" name=\"_wpcf7cf_repeaters\" value=\"[]\" \/><br \/>\n<input type=\"hidden\" name=\"_wpcf7cf_steps\" value=\"{}\" \/><br \/>\n<input type=\"hidden\" name=\"_wpcf7cf_options\" value=\"{&quot;form_id&quot;:8675,&quot;conditions&quot;:[],&quot;settings&quot;:{&quot;animation&quot;:&quot;yes&quot;,&quot;animation_intime&quot;:200,&quot;animation_outtime&quot;:200,&quot;conditions_ui&quot;:&quot;normal&quot;,&quot;notice_dismissed&quot;:false,&quot;notice_dismissed_update-cf7-5.6.3&quot;:true}}\" \/>\n<\/div>\n<div id=\"formos\">\n<h3><center> Service inquiry form:<\/div>\n<p><\/center><br \/>\n<\/h3>\n<p><label> Email: *<br \/>\n    <span class=\"wpcf7-form-control-wrap\" data-name=\"your-email\"><input type=\"email\" name=\"your-email\" value=\"\" size=\"40\" class=\"wpcf7-form-control wpcf7-text wpcf7-email wpcf7-validates-as-required wpcf7-validates-as-email\" aria-required=\"true\" aria-invalid=\"false\" \/><\/span> <\/label><\/p>\n<p><label> J\u016bs\u0173 \u017einios apie skaitmenin\u012f marketing\u0105? <\/label><br \/>\n<span class=\"wpcf7-form-control-wrap\" data-name=\"lygis\"><select name=\"lygis\" class=\"wpcf7-form-control wpcf7-select\" aria-invalid=\"false\"><option value=\"Pradedantysis\">Beginner<\/option><option value=\"Vidutinio\">Medium<\/option><option value=\"Pa\u017eeng\u0119s\">Advanced<\/option><\/select><\/span><\/p>\n<p><label> What you want to know: <\/label><br \/>\n<span class=\"wpcf7-form-control-wrap\" data-name=\"Tikimasi\"><input type=\"text\" name=\"Tikimasi\" value=\"\" size=\"40\" class=\"wpcf7-form-control wpcf7-text\" aria-invalid=\"false\" \/><\/span><\/p>\n<p><label> Date and time (Mon-Fri 09:00-18:00, Sat 10:00-15:00) <\/label><br \/>\n<span class=\"wpcf7-form-control-wrap\" data-name=\"data\"><input type=\"text\" name=\"data\" value=\"\" size=\"40\" class=\"wpcf7-form-control wpcf7-text\" aria-invalid=\"false\" \/><\/span><\/p>\n<p><span class=\"wpcf7-form-control-wrap\" data-name=\"Skubus_atlikimas\"><span class=\"wpcf7-form-control wpcf7-checkbox\"><span class=\"wpcf7-list-item first last\"><label><input type=\"checkbox\" name=\"Skubus_atlikimas[]\" value=\"Skubi pamoka (+30% papildomai nuo bendros sumos)\" \/><span class=\"wpcf7-list-item-label\">Urgent lesson (+30% extra from the total amount)<\/span><\/label><\/span><\/span><\/span><\/p>\n<h6><center> We usually review your request and respond to it within one business day. <\/center><\/p>\n<\/h6>\n<p><input type=\"submit\" value=\"Submit\" class=\"wpcf7-form-control has-spinner wpcf7-submit\" \/><\/p>\n<p style=\"display: none !important;\" class=\"akismet-fields-container\" data-prefix=\"_wpcf7_ak_\"><label>&#916;<textarea name=\"_wpcf7_ak_hp_textarea\" cols=\"45\" rows=\"8\" maxlength=\"100\"><\/textarea><\/label><input type=\"hidden\" id=\"ak_js_1\" name=\"_wpcf7_ak_js\" value=\"33\"\/><script>document.getElementById( \"ak_js_1\" ).setAttribute( \"value\", ( new Date() ).getTime() );<\/script><\/p>\n<div class=\"wpcf7-response-output\" aria-hidden=\"true\"><\/div>\n<input type=\"hidden\" name=\"trp-form-language\" value=\"en\"\/><\/form>\n<\/div>","protected":false},"featured_media":6811,"template":"","meta":{"_monsterinsights_skip_tracking":false,"_monsterinsights_sitenote_active":false,"_monsterinsights_sitenote_note":"","_monsterinsights_sitenote_category":0,"site-sidebar-layout":"default","site-content-layout":"default","ast-global-header-display":"","ast-main-header-display":"","ast-hfb-above-header-display":"","ast-hfb-below-header-display":"","ast-hfb-mobile-header-display":"","site-post-title":"","ast-breadcrumbs-content":"","ast-featured-img":"","footer-sml-layout":"","theme-transparent-header-meta":"default","adv-header-id-meta":"","stick-header-meta":"","header-above-stick-meta":"","header-main-stick-meta":"","header-below-stick-meta":""},"product_cat":[471],"product_tag":[],"aioseo_notices":[],"uagb_featured_image_src":{"full":["https:\/\/jaunaideja.lt\/wp-content\/uploads\/2023\/11\/3432671.jpg",2000,2000,false],"thumbnail":["https:\/\/jaunaideja.lt\/wp-content\/uploads\/2023\/11\/3432671-150x150.jpg",150,150,true],"medium":["https:\/\/jaunaideja.lt\/wp-content\/uploads\/2023\/11\/3432671-300x300.jpg",300,300,true],"medium_large":["https:\/\/jaunaideja.lt\/wp-content\/uploads\/2023\/11\/3432671-768x768.jpg",768,768,true],"large":["https:\/\/jaunaideja.lt\/wp-content\/uploads\/2023\/11\/3432671-1024x1024.jpg",1024,1024,true],"1536x1536":["https:\/\/jaunaideja.lt\/wp-content\/uploads\/2023\/11\/3432671-1536x1536.jpg",1536,1536,true],"2048x2048":["https:\/\/jaunaideja.lt\/wp-content\/uploads\/2023\/11\/3432671.jpg",2000,2000,false],"trp-custom-language-flag":["https:\/\/jaunaideja.lt\/wp-content\/uploads\/2023\/11\/3432671-12x12.jpg",12,12,true],"mailpoet_newsletter_max":["https:\/\/jaunaideja.lt\/wp-content\/uploads\/2023\/11\/3432671-1320x1320.jpg",1320,1320,true],"woocommerce_thumbnail":["https:\/\/jaunaideja.lt\/wp-content\/uploads\/2023\/11\/3432671-300x300.jpg",300,300,true],"woocommerce_single":["https:\/\/jaunaideja.lt\/wp-content\/uploads\/2023\/11\/3432671-600x600.jpg",600,600,true],"woocommerce_gallery_thumbnail":["https:\/\/jaunaideja.lt\/wp-content\/uploads\/2023\/11\/3432671-100x100.jpg",100,100,true],"shop_catalog":["https:\/\/jaunaideja.lt\/wp-content\/uploads\/2023\/11\/3432671-300x300.jpg",300,300,true],"shop_single":["https:\/\/jaunaideja.lt\/wp-content\/uploads\/2023\/11\/3432671-600x600.jpg",600,600,true],"shop_thumbnail":["https:\/\/jaunaideja.lt\/wp-content\/uploads\/2023\/11\/3432671-100x100.jpg",100,100,true]},"uagb_author_info":{"display_name":"Tautvydas Zaurynas","author_link":"https:\/\/jaunaideja.lt\/en\/author\/"},"uagb_comment_info":0,"uagb_excerpt":"\ud83d\udcda Mokymai atliekami individualiai kiekvienam (joki\u0173 grupi\u0173), nes taip orientuojamasi \u012f konkre\u010dias kiekvieno problemas ar r\u016bpimus klausimus apie platformos naudojim\u0105. Taip pat, tokiu metodu mokymai gali b\u016bti pritaikyti skirtingiems vartotoj\u0173 lygiams, nuo pradedan\u010di\u0173j\u0173 iki patyrusi\u0173 vartotoj\u0173 ar verslo savinink\u0173. \ud83d\udcda D\u0117stytojas turi informatikos bakalauro ir marketingo magistro i\u0161silavinimus. \ud83d\udcbb Susitikimas vykst\u0105 nuotoliniu b\u016bdu per \u201eGoogle&hellip;","_links":{"self":[{"href":"https:\/\/jaunaideja.lt\/en\/wp-json\/wp\/v2\/product\/6810"}],"collection":[{"href":"https:\/\/jaunaideja.lt\/en\/wp-json\/wp\/v2\/product"}],"about":[{"href":"https:\/\/jaunaideja.lt\/en\/wp-json\/wp\/v2\/types\/product"}],"wp:featuredmedia":[{"embeddable":true,"href":"https:\/\/jaunaideja.lt\/en\/wp-json\/wp\/v2\/media\/6811"}],"wp:attachment":[{"href":"https:\/\/jaunaideja.lt\/en\/wp-json\/wp\/v2\/media?parent=6810"}],"wp:term":[{"taxonomy":"product_cat","embeddable":true,"href":"https:\/\/jaunaideja.lt\/en\/wp-json\/wp\/v2\/product_cat?post=6810"},{"taxonomy":"product_tag","embeddable":true,"href":"https:\/\/jaunaideja.lt\/en\/wp-json\/wp\/v2\/product_tag?post=6810"}],"curies":[{"name":"wp","href":"https:\/\/api.w.org\/{rel}","templated":true}]}}