{"id":6804,"date":"2023-11-23T20:14:28","date_gmt":"2023-11-23T18:14:28","guid":{"rendered":"https:\/\/jaunaideja.lt\/?post_type=product&#038;p=6804"},"modified":"2025-05-05T08:45:50","modified_gmt":"2025-05-05T06:45:50","slug":"wordpress-mokymai","status":"publish","type":"product","link":"https:\/\/jaunaideja.lt\/en\/paslauga\/wordpress-training\/","title":{"rendered":"WordPress training"},"content":{"rendered":"<p><span style=\"font-size: 16px;\">WordPress training is aimed at both beginners and advanced users who want to learn how to create, edit and manage their own websites or e-mails. stores on this platform. WordPress is a popular website development platform used by millions of people around the world.\u00a0<\/span><\/p>\n<p>With WordPress training, you can acquire a variety of skills and knowledge depending on the level of training, topics and issues you face. Here are some things you can learn:<\/p>\n<p><strong>WordPress Tutorials for Beginners:<\/strong><\/p>\n<ul>\n<li>Domain and website hosting: Learn what domain and website hosting are<\/li>\n<li><a href=\"https:\/\/jaunaideja.lt\/en\/creating-a-website\/\" target=\"_blank\" rel=\"noopener\">Website development<\/a>: Kaip sukurti tinklalap\u012f nuo nulio.<\/li>\n<li>Website Management: An Introduction to Creating, Adding, and Editing Content.<\/li>\n<li>Choosing Themes: How to choose and apply the right design.<\/li>\n<li>Installing and updating plugins: An overview of how to install and use and update various plugins.<\/li>\n<li>Produktai: Kaip \u012f El. parduotuv\u0119 susikelti produktus.<\/li>\n<\/ul>\n<p><strong>Intermediate WordPress Training:<\/strong><\/p>\n<ul>\n<li>Site Extension: How to customize a site for different purposes (for example, creative works, e-commerce, etc.).<\/li>\n<li>SEO: Understanding how to improve a website's search engine optimization.<\/li>\n<li>Article writing: How to write an article accurately and post it according to SEO requirements<\/li>\n<li>Data management: Management, editing and management in the database.<\/li>\n<li>Website maintenance: How to keep your website up to date and secure for regular users.<\/li>\n<li>Connection of analytical tools: Google analytics, Google Search Console and Facebook (Meta) Pixel.<\/li>\n<\/ul>\n<p><strong>Advanced WordPress training:<\/strong><\/p>\n<ul>\n<li>Programming: An introduction to HTML, CSS, PHP, and JavaScript for greater flexibility and extensibility.<\/li>\n<li>Website speed optimization: Introductory understanding of website speed plugins, their features and usage.<\/li>\n<li>Website hosting plans: Comprehensive explanation of website hosting plans, dedicated servers, etc.<\/li>\n<\/ul>\n<p><strong>WordPress training for business:<\/strong><\/p>\n<ul>\n<li><a href=\"https:\/\/jaunaideja.lt\/en\/paslauga\/e-shops-creating\/\" target=\"_blank\" rel=\"noopener\">El. Parduotuv\u0117s k\u016brimas:<\/a> Kaip sukurti ir valdyti el. parduotuv\u0119 naudojant WordPress.<\/li>\n<li><a href=\"https:\/\/jaunaideja.lt\/en\/paslauga\/seo-training\/\" target=\"_blank\" rel=\"noopener\">SEO strategijos<\/a>: Strateginio turinio k\u016brimas, kad patobulint\u0173 svetain\u0117s matomum\u0105 paie\u0161kos sistemose.<\/li>\n<li>Analysis and measurement: Understanding how to measure website performance and adjust strategy based on statistics.<\/li>\n<li>Marketing tools: How to integrate various e-mails marketing tools to your WordPress site.<\/li>\n<\/ul>\n<p>These are just a few of the main topics that can be learned with WordPress training. The content of the training may vary depending on your needs.<\/p>\n<p>Read more on our business blog <a title=\"LiJIA\" href=\"http:\/\/www.lijia.lt\/\" target=\"_blank\" rel=\"noopener\">LiJIA<\/a>.<\/p>\n<blockquote class=\"wp-embedded-content\" data-secret=\"x81Pn4ePMS\"><p><a href=\"https:\/\/jaunaideja.lt\/en\/free-website-optimization-tools\/\">Free website optimization tools<\/a><\/p><\/blockquote>\n<p><iframe class=\"wp-embedded-content\" sandbox=\"allow-scripts\" security=\"restricted\" style=\"position: absolute; clip: rect(1px, 1px, 1px, 1px);\" title=\"\u201eNemokami svetaini\u0173 optimizavimo \u012frankiai\u201c &#8212; Jauna id\u0117ja\" src=\"https:\/\/jaunaideja.lt\/nemokami-internetiniu-svetainiu-optimizavimo-irankiai\/embed\/#?secret=fbqTSTDMo4#?secret=x81Pn4ePMS\" data-secret=\"x81Pn4ePMS\" width=\"500\" height=\"282\" frameborder=\"0\" marginwidth=\"0\" marginheight=\"0\" scrolling=\"no\"><\/iframe><\/p>\n<blockquote class=\"wp-embedded-content\" data-secret=\"hxfmY7sJHE\"><p><a href=\"https:\/\/jaunaideja.lt\/en\/internet-sites-marketing\/\">Website marketing<\/a><\/p><\/blockquote>\n<p><iframe class=\"wp-embedded-content\" sandbox=\"allow-scripts\" security=\"restricted\" style=\"position: absolute; clip: rect(1px, 1px, 1px, 1px);\" title=\"&quot;Website marketing&quot; \u2014 Growing idea\" src=\"https:\/\/jaunaideja.lt\/interneto-svetaines-marketingas\/embed\/#?secret=wBcE6Hl9ya#?secret=hxfmY7sJHE\" data-secret=\"hxfmY7sJHE\" width=\"500\" height=\"282\" frameborder=\"0\" marginwidth=\"0\" marginheight=\"0\" scrolling=\"no\"><\/iframe><\/p>","protected":false},"excerpt":{"rendered":"<p><span style=\"color: #008000;\">The price is indicated by the hourly rate.<\/span><\/p>\n<p>\ud83d\udcda Training is done individually for everyone (no groups), because yes<span style=\"font-size: 16px;\"> focuses on each person's specific problems or concerns about using the platform. Also, with this method, training can be adapted to different levels of users, from beginners to experienced users or business owners.<\/span><\/p>\n<p>\ud83d\udcda The teacher has a bachelor's degree in informatics and a master's degree in marketing.<\/p>\n<p>\ud83d\udccc Experience working with Wordpress websites: +5 years.<\/p>\n<p>\u2705 Implemented +100 Wordpress projects.<\/p>\n<p>\ud83d\udcbb The meeting will be held remotely via the Google Meet platform (minimum meeting time 1 hour). Or live in Kaunas (minimum meeting time 3 hours).<\/p>\n<p>\ud83d\udcc5 Appointment of an individual time for a remote meeting.<\/p>\n<p>\ud83d\udd50 Training time is calculated when we start and end the remote meeting.<\/p>\n<p>\ud83d\udcb3 At the end of each month, you will receive an invoice with the total training time of that month, which you will have to pay within 10 working days. Until the invoice for the previous month is paid, further training cannot take place.<\/p>\n<p>\u2757 The training is in Lithuanian languag only.<\/p>\n<div role=\"form\" class=\"wpcf7\" id=\"wpcf7-f6813-o1\" lang=\"lt-LT\" dir=\"ltr\">\n<div class=\"screen-reader-response\">\n<p role=\"status\" aria-live=\"polite\" aria-atomic=\"true\">\n<ul><\/ul>\n<\/div>\n<form action=\"\/en\/wp-json\/wp\/v2\/product\/6804#wpcf7-f6813-o1\" method=\"post\" class=\"wpcf7-form init\" novalidate=\"novalidate\" data-status=\"init\" data-trp-original-action=\"\/en\/wp-json\/wp\/v2\/product\/6804#wpcf7-f6813-o1\">\n<div style=\"display: none;\">\n<input type=\"hidden\" name=\"_wpcf7\" value=\"6813\" \/><br \/>\n<input type=\"hidden\" name=\"_wpcf7_version\" value=\"5.6.2\" \/><br \/>\n<input type=\"hidden\" name=\"_wpcf7_locale\" value=\"lt_LT\" \/><br \/>\n<input type=\"hidden\" name=\"_wpcf7_unit_tag\" value=\"wpcf7-f6813-o1\" \/><br \/>\n<input type=\"hidden\" name=\"_wpcf7_container_post\" value=\"0\" \/><br \/>\n<input type=\"hidden\" name=\"_wpcf7_posted_data_hash\" value=\"\" \/><br \/>\n<input type=\"hidden\" name=\"_wpcf7cf_hidden_group_fields\" value=\"[]\" \/><br \/>\n<input type=\"hidden\" name=\"_wpcf7cf_hidden_groups\" value=\"[]\" \/><br \/>\n<input type=\"hidden\" name=\"_wpcf7cf_visible_groups\" value=\"[]\" \/><br \/>\n<input type=\"hidden\" name=\"_wpcf7cf_repeaters\" value=\"[]\" \/><br \/>\n<input type=\"hidden\" name=\"_wpcf7cf_steps\" value=\"{}\" \/><br \/>\n<input type=\"hidden\" name=\"_wpcf7cf_options\" value=\"{&quot;form_id&quot;:6813,&quot;conditions&quot;:[],&quot;settings&quot;:{&quot;animation&quot;:&quot;yes&quot;,&quot;animation_intime&quot;:200,&quot;animation_outtime&quot;:200,&quot;conditions_ui&quot;:&quot;normal&quot;,&quot;notice_dismissed&quot;:false,&quot;notice_dismissed_update-cf7-5.6.3&quot;:true}}\" \/>\n<\/div>\n<div id=\"formos\">\n<h3><center> Service inquiry form:<\/div>\n<p><\/center><br \/>\n<\/h3>\n<p><label> Email: *<br \/>\n    <span class=\"wpcf7-form-control-wrap\" data-name=\"your-email\"><input type=\"email\" name=\"your-email\" value=\"\" size=\"40\" class=\"wpcf7-form-control wpcf7-text wpcf7-email wpcf7-validates-as-required wpcf7-validates-as-email\" aria-required=\"true\" aria-invalid=\"false\" \/><\/span> <\/label><\/p>\n<p><label> Your level of CMS WordPress <\/label><br \/>\n<span class=\"wpcf7-form-control-wrap\" data-name=\"lygis\"><select name=\"lygis\" class=\"wpcf7-form-control wpcf7-select\" aria-invalid=\"false\"><option value=\"Pradedantysis\">Beginner<\/option><option value=\"Vidutinio\">Medium<\/option><option value=\"Pa\u017eeng\u0119s\">Advanced<\/option><\/select><\/span><\/p>\n<p><label> What you want to know: <\/label><br \/>\n<span class=\"wpcf7-form-control-wrap\" data-name=\"Tikimasi\"><input type=\"text\" name=\"Tikimasi\" value=\"\" size=\"40\" class=\"wpcf7-form-control wpcf7-text\" aria-invalid=\"false\" \/><\/span><\/p>\n<p><label> Date and time (Mon-Fri 09:00-18:00, Sat 10:00-15:00) <\/label><br \/>\n<span class=\"wpcf7-form-control-wrap\" data-name=\"data\"><input type=\"text\" name=\"data\" value=\"\" size=\"40\" class=\"wpcf7-form-control wpcf7-text\" aria-invalid=\"false\" \/><\/span><\/p>\n<p><label> Place of training: <\/label><br \/>\n<span class=\"wpcf7-form-control-wrap\" data-name=\"vieta\"><select name=\"vieta\" class=\"wpcf7-form-control wpcf7-select\" aria-invalid=\"false\"><option value=\"Nuotolinis\">Remote<\/option><option value=\"Gyvai, Kaune (3 val. ma\u017eiausiai)\">By meeting in person, in Kaunas (minimum 3 hours)<\/option><\/select><\/span><\/p>\n<p><label> Website link (if you have one) <\/label><br \/>\n<span class=\"wpcf7-form-control-wrap\" data-name=\"nuoroda\"><input type=\"url\" name=\"nuoroda\" value=\"\" size=\"40\" class=\"wpcf7-form-control wpcf7-text wpcf7-url wpcf7-validates-as-url\" aria-invalid=\"false\" \/><\/span><\/p>\n<p><span class=\"wpcf7-form-control-wrap\" data-name=\"Skubus_atlikimas\"><span class=\"wpcf7-form-control wpcf7-checkbox\"><span class=\"wpcf7-list-item first last\"><label><input type=\"checkbox\" name=\"Skubus_atlikimas[]\" value=\"Skubi pamoka (+30% papildomai nuo bendros sumos)\" \/><span class=\"wpcf7-list-item-label\">Urgent lesson (+30% extra from the total amount)<\/span><\/label><\/span><\/span><\/span><\/p>\n<h6><center> We usually review your request and respond to it within one business day. <\/center><\/p>\n<\/h6>\n<p><input type=\"submit\" value=\"Submit\" class=\"wpcf7-form-control has-spinner wpcf7-submit\" \/><\/p>\n<p style=\"display: none !important;\" class=\"akismet-fields-container\" data-prefix=\"_wpcf7_ak_\"><label>&#916;<textarea name=\"_wpcf7_ak_hp_textarea\" cols=\"45\" rows=\"8\" maxlength=\"100\"><\/textarea><\/label><input type=\"hidden\" id=\"ak_js_1\" name=\"_wpcf7_ak_js\" value=\"4\"\/><script>document.getElementById( \"ak_js_1\" ).setAttribute( \"value\", ( new Date() ).getTime() );<\/script><\/p>\n<div class=\"wpcf7-response-output\" aria-hidden=\"true\"><\/div>\n<input type=\"hidden\" name=\"trp-form-language\" value=\"en\"\/><\/form>\n<\/div>","protected":false},"featured_media":6808,"template":"","meta":{"_monsterinsights_skip_tracking":false,"_monsterinsights_sitenote_active":false,"_monsterinsights_sitenote_note":"","_monsterinsights_sitenote_category":0,"site-sidebar-layout":"default","site-content-layout":"default","ast-global-header-display":"","ast-main-header-display":"","ast-hfb-above-header-display":"","ast-hfb-below-header-display":"","ast-hfb-mobile-header-display":"","site-post-title":"","ast-breadcrumbs-content":"","ast-featured-img":"","footer-sml-layout":"","theme-transparent-header-meta":"default","adv-header-id-meta":"","stick-header-meta":"","header-above-stick-meta":"","header-main-stick-meta":"","header-below-stick-meta":""},"product_cat":[471],"product_tag":[],"aioseo_notices":[],"uagb_featured_image_src":{"full":["https:\/\/jaunaideja.lt\/wp-content\/uploads\/2023\/11\/Wordpress-1-1-e1700763867989.png",449,449,false],"thumbnail":["https:\/\/jaunaideja.lt\/wp-content\/uploads\/2023\/11\/Wordpress-1-1-e1700763867989-150x150.png",150,150,true],"medium":["https:\/\/jaunaideja.lt\/wp-content\/uploads\/2023\/11\/Wordpress-1-1-e1700763867989-300x300.png",300,300,true],"medium_large":["https:\/\/jaunaideja.lt\/wp-content\/uploads\/2023\/11\/Wordpress-1-1-768x404.png",768,404,true],"large":["https:\/\/jaunaideja.lt\/wp-content\/uploads\/2023\/11\/Wordpress-1-1-1024x538.png",1024,538,true],"1536x1536":["https:\/\/jaunaideja.lt\/wp-content\/uploads\/2023\/11\/Wordpress-1-1-e1700763867989.png",449,449,false],"2048x2048":["https:\/\/jaunaideja.lt\/wp-content\/uploads\/2023\/11\/Wordpress-1-1-e1700763867989.png",449,449,false],"trp-custom-language-flag":["https:\/\/jaunaideja.lt\/wp-content\/uploads\/2023\/11\/Wordpress-1-1-e1700763867989-12x12.png",12,12,true],"mailpoet_newsletter_max":["https:\/\/jaunaideja.lt\/wp-content\/uploads\/2023\/11\/Wordpress-1-1-e1700763867989.png",449,449,false],"woocommerce_thumbnail":["https:\/\/jaunaideja.lt\/wp-content\/uploads\/2023\/11\/Wordpress-1-1-e1700763867989-300x300.png",300,300,true],"woocommerce_single":["https:\/\/jaunaideja.lt\/wp-content\/uploads\/2023\/11\/Wordpress-1-1-e1700763867989.png",449,449,false],"woocommerce_gallery_thumbnail":["https:\/\/jaunaideja.lt\/wp-content\/uploads\/2023\/11\/Wordpress-1-1-e1700763867989-100x100.png",100,100,true],"shop_catalog":["https:\/\/jaunaideja.lt\/wp-content\/uploads\/2023\/11\/Wordpress-1-1-e1700763867989-300x300.png",300,300,true],"shop_single":["https:\/\/jaunaideja.lt\/wp-content\/uploads\/2023\/11\/Wordpress-1-1-e1700763867989.png",449,449,false],"shop_thumbnail":["https:\/\/jaunaideja.lt\/wp-content\/uploads\/2023\/11\/Wordpress-1-1-e1700763867989-100x100.png",100,100,true]},"uagb_author_info":{"display_name":"Tautvydas Zaurynas","author_link":"https:\/\/jaunaideja.lt\/en\/author\/"},"uagb_comment_info":0,"uagb_excerpt":"Kaina nurodyta valandiniu tarifu. \ud83d\udcda Mokymai atliekami individualiai kiekvienam (joki\u0173 grupi\u0173), nes taip orientuojamasi \u012f konkre\u010dias kiekvieno problemas ar r\u016bpimus klausimus apie platformos naudojim\u0105. Taip pat, tokiu metodu mokymai gali b\u016bti pritaikyti skirtingiems vartotoj\u0173 lygiams, nuo pradedan\u010di\u0173j\u0173 iki patyrusi\u0173 vartotoj\u0173 ar verslo savinink\u0173. \ud83d\udcda D\u0117stytojas turi informatikos bakalauro ir marketingo magistro i\u0161silavinimus. \ud83d\udccc Patirtis dirbant&hellip;","_links":{"self":[{"href":"https:\/\/jaunaideja.lt\/en\/wp-json\/wp\/v2\/product\/6804"}],"collection":[{"href":"https:\/\/jaunaideja.lt\/en\/wp-json\/wp\/v2\/product"}],"about":[{"href":"https:\/\/jaunaideja.lt\/en\/wp-json\/wp\/v2\/types\/product"}],"wp:featuredmedia":[{"embeddable":true,"href":"https:\/\/jaunaideja.lt\/en\/wp-json\/wp\/v2\/media\/6808"}],"wp:attachment":[{"href":"https:\/\/jaunaideja.lt\/en\/wp-json\/wp\/v2\/media?parent=6804"}],"wp:term":[{"taxonomy":"product_cat","embeddable":true,"href":"https:\/\/jaunaideja.lt\/en\/wp-json\/wp\/v2\/product_cat?post=6804"},{"taxonomy":"product_tag","embeddable":true,"href":"https:\/\/jaunaideja.lt\/en\/wp-json\/wp\/v2\/product_tag?post=6804"}],"curies":[{"name":"wp","href":"https:\/\/api.w.org\/{rel}","templated":true}]}}