{"id":6039,"date":"2023-07-04T14:02:03","date_gmt":"2023-07-04T14:02:03","guid":{"rendered":"https:\/\/jaunaideja.lt\/?post_type=product&#038;p=6039"},"modified":"2025-04-17T09:56:52","modified_gmt":"2025-04-17T07:56:52","slug":"seo-straipsniu-rasymas","status":"publish","type":"product","link":"https:\/\/jaunaideja.lt\/en\/paslauga\/seo-article-writing\/","title":{"rendered":"SEO article writing"},"content":{"rendered":"<p>SEO article writing is a process that involves presenting information, opinions or ideas in a structured and readable format. A good article should be clear, informative, well-supported and easy for the reader to understand. Here are some important steps to follow when writing an article:<\/p>\n<ol>\n<li><strong>Choosing a theme:<\/strong> We will select topics that are relevant, interesting, educational and related to your business. Topics will be relevant to your readership and will meet your SEO goals.<\/li>\n<li><strong>Research and information gathering:<\/strong> Before we write an article, we will research the topic, find reliable sources, and gather information and data to support your article. This may include books, journals, online sources.<\/li>\n<li><strong>Planning the structure of the article:<\/strong> We will create an article structure that will help you organize your thoughts and present information to the reader. This can include an introduction, main topic sections, examples or arguments, and a conclusion. We also do not forget about readability, using punctuation marks, pictures or graphic elements to make the article easier to digest.<\/li>\n<li><strong>Editing and corrections:<\/strong> After writing the article, we allocate enough time for you to edit and review it. Review the article from the reader's perspective and make sure it's clear, high-quality, and interesting.<\/li>\n<li><strong>Publication or Submission to Distributors:<\/strong> We will publish the final version of the article on your blog. If you wish, you can also submit the article to other distributors or offer it to the press.<\/li>\n<\/ol>\n<p>It's important to remember that good SEO article writing is about constantly improving and adapting to the needs of your audience.<\/p>\n<p><a href=\"https:\/\/jaunaideja.lt\/en\/paslauga\/seo-optimization\/\" target=\"_blank\" rel=\"noopener\"><strong>SEO optimization<\/strong>\u00a0<\/a>- this is a technical, analytical and creative process for your website or e-mail. to rank the store higher in Google search results. Thanks to SEO optimization, you can get free traffic from high positions in search results for specific keywords. When visiting many websites, the Google robot takes into account more than 200 different parameters and criteria. Google evaluates whether a website is properly optimized according to the following parameters: it is assigned a position for a specific search (keyword).<\/p>\n<p>Read more on our business blog <a title=\"LiJIA\" href=\"https:\/\/jaunaideja.lt\/en\/lijia\/\" target=\"_blank\" rel=\"noopener\">LiJIA<\/a>.<\/p>","protected":false},"excerpt":{"rendered":"<p>SEO article writing is the process of creating structured information to inform or inspire readers. This includes choosing a topic, researching, planning a structure, writing, editing and publishing. The goal is to provide clear, interesting and quality content.<\/p>\n<p>\u2705 The price includes:<\/p>\n<ul>\n<li>800-1000 words;<\/li>\n<li>Google keywords;<\/li>\n<li>Finding a relevant topic;<\/li>\n<li>Drawing up a plan;<\/li>\n<li>SEO optimization for the article<\/li>\n<li>editing and use of images;<\/li>\n<li>Getting to know the client and understanding what information he lacks;<\/li>\n<li>Integration into a WordPress website.<\/li>\n<\/ul>\n<div role=\"form\" class=\"wpcf7\" id=\"wpcf7-f6044-o1\" lang=\"lt-LT\" dir=\"ltr\">\n<div class=\"screen-reader-response\">\n<p role=\"status\" aria-live=\"polite\" aria-atomic=\"true\">\n<ul><\/ul>\n<\/div>\n<form action=\"\/en\/wp-json\/wp\/v2\/product\/6039#wpcf7-f6044-o1\" method=\"post\" class=\"wpcf7-form init\" novalidate=\"novalidate\" data-status=\"init\" data-trp-original-action=\"\/en\/wp-json\/wp\/v2\/product\/6039#wpcf7-f6044-o1\">\n<div style=\"display: none;\">\n<input type=\"hidden\" name=\"_wpcf7\" value=\"6044\" \/><br \/>\n<input type=\"hidden\" name=\"_wpcf7_version\" value=\"5.6.2\" \/><br \/>\n<input type=\"hidden\" name=\"_wpcf7_locale\" value=\"lt_LT\" \/><br \/>\n<input type=\"hidden\" name=\"_wpcf7_unit_tag\" value=\"wpcf7-f6044-o1\" \/><br \/>\n<input type=\"hidden\" name=\"_wpcf7_container_post\" value=\"0\" \/><br \/>\n<input type=\"hidden\" name=\"_wpcf7_posted_data_hash\" value=\"\" \/><br \/>\n<input type=\"hidden\" name=\"_wpcf7cf_hidden_group_fields\" value=\"[]\" \/><br \/>\n<input type=\"hidden\" name=\"_wpcf7cf_hidden_groups\" value=\"[]\" \/><br \/>\n<input type=\"hidden\" name=\"_wpcf7cf_visible_groups\" value=\"[]\" \/><br \/>\n<input type=\"hidden\" name=\"_wpcf7cf_repeaters\" value=\"[]\" \/><br \/>\n<input type=\"hidden\" name=\"_wpcf7cf_steps\" value=\"{}\" \/><br \/>\n<input type=\"hidden\" name=\"_wpcf7cf_options\" value=\"{&quot;form_id&quot;:6044,&quot;conditions&quot;:[{&quot;then_field&quot;:&quot;ilgalaikis&quot;,&quot;and_rules&quot;:[{&quot;if_field&quot;:&quot;Planas&quot;,&quot;operator&quot;:&quot;equals&quot;,&quot;if_value&quot;:&quot;Ilgalaikis&quot;}]}],&quot;settings&quot;:{&quot;animation&quot;:&quot;yes&quot;,&quot;animation_intime&quot;:200,&quot;animation_outtime&quot;:200,&quot;conditions_ui&quot;:&quot;normal&quot;,&quot;notice_dismissed&quot;:false,&quot;notice_dismissed_update-cf7-5.6.3&quot;:true}}\" \/>\n<\/div>\n<h3><center> Send an order request: <\/center><\/h3>\n<p><label> Email: *<br \/>\n    <span class=\"wpcf7-form-control-wrap\" data-name=\"your-email\"><input type=\"email\" name=\"your-email\" value=\"\" size=\"40\" class=\"wpcf7-form-control wpcf7-text wpcf7-email wpcf7-validates-as-required wpcf7-validates-as-email\" aria-required=\"true\" aria-invalid=\"false\" \/><\/span> <\/label><\/p>\n<p><label> Phone:<br \/>\n<span class=\"wpcf7-form-control-wrap\" data-name=\"telefonas\"><input type=\"tel\" name=\"telefonas\" value=\"\" size=\"40\" class=\"wpcf7-form-control wpcf7-text wpcf7-tel wpcf7-validates-as-tel\" aria-invalid=\"false\" \/><\/span> <\/label><\/p>\n<p><label> Plan: <\/label><br \/>\n<span class=\"wpcf7-form-control-wrap\" data-name=\"Planas\"><select name=\"Planas\" class=\"wpcf7-form-control wpcf7-select wpcf7-validates-as-required\" aria-required=\"true\" aria-invalid=\"false\"><option value=\"Ilgalaikis\">Long term<\/option><option value=\"Vienkartinis\">One-use<\/option><\/select><\/span><\/p>\n<div data-id=\"ilgalaikis\" data-orig_data_id=\"ilgalaikis\"  data-class=\"wpcf7cf_group\">\n<label> Number of articles per month: <\/label><br \/>\n<span class=\"wpcf7-form-control-wrap\" data-name=\"irasu-skaicius\"><select name=\"irasu-skaicius\" class=\"wpcf7-form-control wpcf7-select wpcf7-validates-as-required\" aria-required=\"true\" aria-invalid=\"false\"><option value=\"1 straipsnis \u2013 50 eur\u0173\">1 article \u2013 [+50 \u20ac]<\/option><option value=\"2 straipsniai \u2013 90 eur\u0173\">2 articles \u2013 [+90 \u20ac]<\/option><option value=\"3 straipsniai \u2013 130 eur\u0173\">3 articles \u2013 [+130 \u20ac]<\/option><option value=\"4 straipsniai \u2013 160 eur\u0173\">4 articles \u2013 [+160 \u20ac]<\/option><\/select><\/span>\n<\/div>\n<p><label> Start of work from:<\/label><br \/>\n<span class=\"wpcf7-form-control-wrap\" data-name=\"date\"><input type=\"date\" name=\"date\" value=\"\" class=\"wpcf7-form-control wpcf7-date wpcf7-validates-as-date\" aria-invalid=\"false\" \/><\/span><\/p>\n<p><label> Comment: <\/label><br \/>\n<span class=\"wpcf7-form-control-wrap\" data-name=\"komentaras\"><textarea name=\"komentaras\" cols=\"40\" rows=\"10\" class=\"wpcf7-form-control wpcf7-textarea\" aria-invalid=\"false\"><\/textarea><\/span><\/p>\n<p><span class=\"wpcf7-form-control-wrap\" data-name=\"skubus\"><span class=\"wpcf7-form-control wpcf7-checkbox\"><span class=\"wpcf7-list-item first last\"><label><input type=\"checkbox\" name=\"skubus[]\" value=\"Skubus u\u017esakymas (+30 proc.)\" \/><span class=\"wpcf7-list-item-label\">Urgent order (+30%)<\/span><\/label><\/span><\/span><\/span><\/p>\n<h6><center> We usually respond to a request within one business day. <\/center><\/p>\n<\/h6>\n<p><input type=\"submit\" value=\"Submit\" class=\"wpcf7-form-control has-spinner wpcf7-submit\" \/><\/p>\n<p style=\"display: none !important;\" class=\"akismet-fields-container\" data-prefix=\"_wpcf7_ak_\"><label>&#916;<textarea name=\"_wpcf7_ak_hp_textarea\" cols=\"45\" rows=\"8\" maxlength=\"100\"><\/textarea><\/label><input type=\"hidden\" id=\"ak_js_1\" name=\"_wpcf7_ak_js\" value=\"89\"\/><script>document.getElementById( \"ak_js_1\" ).setAttribute( \"value\", ( new Date() ).getTime() );<\/script><\/p>\n<div class=\"wpcf7-response-output\" aria-hidden=\"true\"><\/div>\n<input type=\"hidden\" name=\"trp-form-language\" value=\"en\"\/><\/form>\n<\/div>","protected":false},"featured_media":6043,"template":"","meta":{"_monsterinsights_skip_tracking":false,"_monsterinsights_sitenote_active":false,"_monsterinsights_sitenote_note":"","_monsterinsights_sitenote_category":0,"site-sidebar-layout":"default","site-content-layout":"default","ast-global-header-display":"","ast-main-header-display":"","ast-hfb-above-header-display":"","ast-hfb-below-header-display":"","ast-hfb-mobile-header-display":"","site-post-title":"","ast-breadcrumbs-content":"","ast-featured-img":"","footer-sml-layout":"","theme-transparent-header-meta":"default","adv-header-id-meta":"","stick-header-meta":"","header-above-stick-meta":"","header-main-stick-meta":"","header-below-stick-meta":""},"product_cat":[17,16,27],"product_tag":[],"aioseo_notices":[],"uagb_featured_image_src":{"full":["https:\/\/jaunaideja.lt\/wp-content\/uploads\/2023\/07\/3230320.jpg",2000,2000,false],"thumbnail":["https:\/\/jaunaideja.lt\/wp-content\/uploads\/2023\/07\/3230320-150x150.jpg",150,150,true],"medium":["https:\/\/jaunaideja.lt\/wp-content\/uploads\/2023\/07\/3230320-300x300.jpg",300,300,true],"medium_large":["https:\/\/jaunaideja.lt\/wp-content\/uploads\/2023\/07\/3230320-768x768.jpg",768,768,true],"large":["https:\/\/jaunaideja.lt\/wp-content\/uploads\/2023\/07\/3230320-1024x1024.jpg",1024,1024,true],"1536x1536":["https:\/\/jaunaideja.lt\/wp-content\/uploads\/2023\/07\/3230320-1536x1536.jpg",1536,1536,true],"2048x2048":["https:\/\/jaunaideja.lt\/wp-content\/uploads\/2023\/07\/3230320.jpg",2000,2000,false],"trp-custom-language-flag":["https:\/\/jaunaideja.lt\/wp-content\/uploads\/2023\/07\/3230320.jpg",12,12,false],"mailpoet_newsletter_max":["https:\/\/jaunaideja.lt\/wp-content\/uploads\/2023\/07\/3230320-1320x1320.jpg",1320,1320,true],"woocommerce_thumbnail":["https:\/\/jaunaideja.lt\/wp-content\/uploads\/2023\/07\/3230320-300x300.jpg",300,300,true],"woocommerce_single":["https:\/\/jaunaideja.lt\/wp-content\/uploads\/2023\/07\/3230320-600x600.jpg",600,600,true],"woocommerce_gallery_thumbnail":["https:\/\/jaunaideja.lt\/wp-content\/uploads\/2023\/07\/3230320-100x100.jpg",100,100,true],"shop_catalog":["https:\/\/jaunaideja.lt\/wp-content\/uploads\/2023\/07\/3230320-300x300.jpg",300,300,true],"shop_single":["https:\/\/jaunaideja.lt\/wp-content\/uploads\/2023\/07\/3230320-600x600.jpg",600,600,true],"shop_thumbnail":["https:\/\/jaunaideja.lt\/wp-content\/uploads\/2023\/07\/3230320-100x100.jpg",100,100,true]},"uagb_author_info":{"display_name":"Tautvydas Zaurynas","author_link":"https:\/\/jaunaideja.lt\/en\/author\/"},"uagb_comment_info":0,"uagb_excerpt":"SEO straipsni\u0173 ra\u0161ymas yra procesas, kuriuo kuriama strukt\u016brizuota informacija, skirta informuoti arba \u012fkv\u0117pti skaitytojus. Tai apima temos pasirinkim\u0105, tyrim\u0105, strukt\u016bros planavim\u0105, ra\u0161ym\u0105, redagavim\u0105 ir paskelbim\u0105. Tikslas yra pateikti ai\u0161k\u0173, \u012fdom\u0173 ir kokybi\u0161k\u0105 turin\u012f. \u2705 \u012e kain\u0105 \u012fskai\u010diuota: 800-1000 \u017eod\u017ei\u0173; Google rakta\u017eod\u017eiai; Aktualios temos suradimas; Plano sudarymas; SEO atitikimas straipsniui; Nuotrauk\u0173 pritaikymas ir panaudojimas; Kliento pa\u017einimas&hellip;","_links":{"self":[{"href":"https:\/\/jaunaideja.lt\/en\/wp-json\/wp\/v2\/product\/6039"}],"collection":[{"href":"https:\/\/jaunaideja.lt\/en\/wp-json\/wp\/v2\/product"}],"about":[{"href":"https:\/\/jaunaideja.lt\/en\/wp-json\/wp\/v2\/types\/product"}],"wp:featuredmedia":[{"embeddable":true,"href":"https:\/\/jaunaideja.lt\/en\/wp-json\/wp\/v2\/media\/6043"}],"wp:attachment":[{"href":"https:\/\/jaunaideja.lt\/en\/wp-json\/wp\/v2\/media?parent=6039"}],"wp:term":[{"taxonomy":"product_cat","embeddable":true,"href":"https:\/\/jaunaideja.lt\/en\/wp-json\/wp\/v2\/product_cat?post=6039"},{"taxonomy":"product_tag","embeddable":true,"href":"https:\/\/jaunaideja.lt\/en\/wp-json\/wp\/v2\/product_tag?post=6039"}],"curies":[{"name":"wp","href":"https:\/\/api.w.org\/{rel}","templated":true}]}}