{"id":6036,"date":"2023-06-28T15:39:57","date_gmt":"2023-06-28T13:39:57","guid":{"rendered":"https:\/\/jaunaideja.lt\/?post_type=product&#038;p=6036"},"modified":"2024-08-14T13:38:54","modified_gmt":"2024-08-14T11:38:54","slug":"socialiniu-tinklu-administravimas","status":"publish","type":"product","link":"https:\/\/jaunaideja.lt\/en\/paslauga\/social-network-administration\/","title":{"rendered":"Administration of social networks"},"content":{"rendered":"<p>Social media administration is a process that includes actions taken to manage, maintain and develop a company or organization's social media profiles and activities. It is an important activity to build a strong online presence, engage with your audience and achieve specific goals.<\/p>\n<p><strong>This administration process may include the following steps:<\/strong><\/p>\n<ol>\n<li><strong>Profile management: <\/strong>This includes creating, updating and optimizing the company or organization's social networks. This may include filling out your profile description and information, using your logo and images, adding appropriate links to your website, and other elements that reflect your company or organization's identity.<\/li>\n<li><strong>Content management:<\/strong> Effective content management is an important aspect of social media administration. This includes creative content planning, creating interesting and tailored posts, posting photos and videos, links to useful information, relevance and adaptability to different social media platforms.<\/li>\n<li><strong>Managing communication with the audience:<\/strong> Social media management involves active communication with the audience. This means responding to comments, messages and feedback, creating dialogue, answering questions and engaging visitors in discussions. This helps you connect with your audience and encourages greater engagement.<\/li>\n<li><strong>Campaign management:<\/strong> Social media administration can include campaign planning, implementation and monitoring. These can be advertising campaigns, contests, promotions or special events that encourage participation and visitor interaction. Administration may also include advertising refinement, analysis and performance tracking.<\/li>\n<li><strong>Analysis and monitoring:<\/strong> Social media management involves analyzing and monitoring results. This includes using statistical and analytical tools to measure operational efficiency, visitor interaction, engagement and results. Based on this data, decisions can be made and strategy can be changed for good results.<\/li>\n<li><strong>Creating layouts and texts:<\/strong> A uniform design layout for the social network is created, videos and other materials are also created using a uniform style. Writing texts that match your audience and the specifics of your business.<\/li>\n<li>Video editing and creation capabilities.<\/li>\n<li><strong>Creating a plan:<\/strong> The audience and your goals are taken into account and social network plans are presented for a month ahead.<\/li>\n<li>Ability to combine social networks and website administration.<\/li>\n<\/ol>\n<p>It is important to understand that social media management is a dynamic process that requires constant maintenance and adaptation according to audience needs and changes in social media platforms. Only well-managed social networks can benefit businesses and organizations by engaging and vividly communicating with their audience.<\/p>\n<p>Read more on our business blog <a title=\"LiJIA\" href=\"https:\/\/jaunaideja.lt\/en\/lijia\/\" target=\"_blank\" rel=\"noopener\">LiJIA<\/a>.<\/p>","protected":false},"excerpt":{"rendered":"<p>\u2705 Social media management is a set of activities that includes managing, creating content and communicating with the audience on social networks of a company or organization. The goal is to build a strong online presence, engage with your audience, and achieve your goals.<\/p>\n<p>\ud83d\udcb0 Price: Fixed fee of 60 euros + number of posts\/stories on social networks per month.<\/p>\n<p><strong>Prices of posts\/posts on social networks per month:<\/strong><br \/>\n1 post \/ story \u2013 15 euros;<br \/>\n2 posts \/ story - 30 euros;<br \/>\n3 posts \/ story - 40 euros;<br \/>\n4 posts \/ story - 50 euros;<br \/>\n5 posts \/ story - 58 euros;<br \/>\n6 posts \/ story - 65 euros;<br \/>\n7 posts \/ story - 70 euros;<br \/>\n8 posts \/ story - 75 euros;<\/p>\n<p><b>\u270d<span class=\"il\">\u012e<\/span>\u00a0price includes 1 post:<\/b>\u00a0Post layout, photo editing, writing text, planning posts, generating ideas, tracking statistics and publishing the post to other Facebook groups (up to 5 groups included, if more are required for an additional fee).<\/p>\n<div role=\"form\" class=\"wpcf7\" id=\"wpcf7-f6035-o1\" lang=\"lt-LT\" dir=\"ltr\">\n<div class=\"screen-reader-response\">\n<p role=\"status\" aria-live=\"polite\" aria-atomic=\"true\">\n<ul><\/ul>\n<\/div>\n<form action=\"\/en\/wp-json\/wp\/v2\/product\/6036#wpcf7-f6035-o1\" method=\"post\" class=\"wpcf7-form init\" novalidate=\"novalidate\" data-status=\"init\" data-trp-original-action=\"\/en\/wp-json\/wp\/v2\/product\/6036#wpcf7-f6035-o1\">\n<div style=\"display: none;\">\n<input type=\"hidden\" name=\"_wpcf7\" value=\"6035\" \/><br \/>\n<input type=\"hidden\" name=\"_wpcf7_version\" value=\"5.6.2\" \/><br \/>\n<input type=\"hidden\" name=\"_wpcf7_locale\" value=\"lt_LT\" \/><br \/>\n<input type=\"hidden\" name=\"_wpcf7_unit_tag\" value=\"wpcf7-f6035-o1\" \/><br \/>\n<input type=\"hidden\" name=\"_wpcf7_container_post\" value=\"0\" \/><br \/>\n<input type=\"hidden\" name=\"_wpcf7_posted_data_hash\" value=\"\" \/><br \/>\n<input type=\"hidden\" name=\"_wpcf7cf_hidden_group_fields\" value=\"[]\" \/><br \/>\n<input type=\"hidden\" name=\"_wpcf7cf_hidden_groups\" value=\"[]\" \/><br \/>\n<input type=\"hidden\" name=\"_wpcf7cf_visible_groups\" value=\"[]\" \/><br \/>\n<input type=\"hidden\" name=\"_wpcf7cf_repeaters\" value=\"[]\" \/><br \/>\n<input type=\"hidden\" name=\"_wpcf7cf_steps\" value=\"{}\" \/><br \/>\n<input type=\"hidden\" name=\"_wpcf7cf_options\" value=\"{&quot;form_id&quot;:6035,&quot;conditions&quot;:[],&quot;settings&quot;:{&quot;animation&quot;:&quot;yes&quot;,&quot;animation_intime&quot;:200,&quot;animation_outtime&quot;:200,&quot;conditions_ui&quot;:&quot;normal&quot;,&quot;notice_dismissed&quot;:false,&quot;notice_dismissed_update-cf7-5.6.3&quot;:true}}\" \/>\n<\/div>\n<h3><center> Send an order request: <\/center><\/h3>\n<p><label> Email: *<br \/>\n    <span class=\"wpcf7-form-control-wrap\" data-name=\"your-email\"><input type=\"email\" name=\"your-email\" value=\"\" size=\"40\" class=\"wpcf7-form-control wpcf7-text wpcf7-email wpcf7-validates-as-required wpcf7-validates-as-email\" aria-required=\"true\" aria-invalid=\"false\" \/><\/span> <\/label><\/p>\n<p><label> Phone:<br \/>\n<span class=\"wpcf7-form-control-wrap\" data-name=\"telefonas\"><input type=\"tel\" name=\"telefonas\" value=\"\" size=\"40\" class=\"wpcf7-form-control wpcf7-text wpcf7-tel wpcf7-validates-as-tel\" aria-invalid=\"false\" \/><\/span> <\/label><\/p>\n<p><label> Social network administration (if you choose more than one, we apply a discount): <\/label><br \/>\n<span class=\"wpcf7-form-control-wrap\" data-name=\"planas\"><span class=\"wpcf7-form-control wpcf7-checkbox wpcf7-validates-as-required\"><span class=\"wpcf7-list-item first\"><label><input type=\"checkbox\" name=\"planas[]\" value=\"Facebook ir Instagram (+60 eur\u0173\/m\u0117n)\" \/><span class=\"wpcf7-list-item-label\">Facebook and Instagram (+60 euros\/month)<\/span><\/label><\/span><span class=\"wpcf7-list-item\"><label><input type=\"checkbox\" name=\"planas[]\" value=\"Tik Tok (+50 eur\u0173\/m\u0117n)\" \/><span class=\"wpcf7-list-item-label\">Tik Tok (+50 euros\/month)<\/span><\/label><\/span><span class=\"wpcf7-list-item\"><label><input type=\"checkbox\" name=\"planas[]\" value=\"LinkedIN (+50 eur\u0173\/m\u0117n)\" \/><span class=\"wpcf7-list-item-label\">LinkedIN (+50 euros\/month)<\/span><\/label><\/span><span class=\"wpcf7-list-item last\"><label><input type=\"checkbox\" name=\"planas[]\" value=\"YouTube (+50 eur\u0173\/m\u0117n)\" \/><span class=\"wpcf7-list-item-label\">YouTube (+50 euros\/month)<\/span><\/label><\/span><\/span><\/span><\/p>\n<p><label> Posts \/ story in social medai per month: <\/label><br \/>\n<span class=\"wpcf7-form-control-wrap\" data-name=\"irasu-skaicius\"><select name=\"irasu-skaicius\" class=\"wpcf7-form-control wpcf7-select wpcf7-validates-as-required\" aria-required=\"true\" aria-invalid=\"false\"><option value=\"0 \u012fra\u0161\u0173 \/ stori\u0173 \u2013 0 eur\u0173\">0 posts \/ story - 0 euros<\/option><option value=\"1 \u012fra\u0161as \/ storis \u2013 15 eur\u0173\">1 posts \/ story - 15 euros<\/option><option value=\"2 \u012fra\u0161ai \/ storiai \u2013 30 eur\u0173\">2 post \/ story - 30 euros<\/option><option value=\"3 \u012fra\u0161ai \/ storiai \u2013 40 eur\u0173\">3 posts \/ story - 40 euros<\/option><option value=\"4 \u012fra\u0161ai \/ storiai \u2013 50 eur\u0173\">4 posts \/ story - 50 euros<\/option><option value=\"5 \u012fra\u0161ai \/ storiai \u2013 58 eurai\">5 posts \/ story - 58 euros<\/option><option value=\"6 \u012fra\u0161ai \/ storiai \u2013 65 eurai\">6 posts \/ story - 65 euros<\/option><option value=\"7 \u012fra\u0161ai \/ storiai \u2013 70 eur\u0173\">7 posts \/ story - 70 euros<\/option><option value=\"8 \u012fra\u0161ai \/ storiai \u2013 75 eurai\">8 posts \/ story - 75 euros<\/option><\/select><\/span><\/p>\n<p><label> Start of work from:<\/label><br \/>\n<span class=\"wpcf7-form-control-wrap\" data-name=\"darbo-pradzia\"><input type=\"text\" name=\"darbo-pradzia\" value=\"\" size=\"40\" class=\"wpcf7-form-control wpcf7-text\" aria-invalid=\"false\" \/><\/span><\/p>\n<p><label> Comment: <\/label><br \/>\n<span class=\"wpcf7-form-control-wrap\" data-name=\"komentaras\"><textarea name=\"komentaras\" cols=\"40\" rows=\"10\" class=\"wpcf7-form-control wpcf7-textarea\" aria-invalid=\"false\"><\/textarea><\/span><\/p>\n<h6><center> We usually respond to a request within one business day. <\/center><\/p>\n<\/h6>\n<p><input type=\"submit\" value=\"Submit\" class=\"wpcf7-form-control has-spinner wpcf7-submit\" \/><\/p>\n<p style=\"display: none !important;\" class=\"akismet-fields-container\" data-prefix=\"_wpcf7_ak_\"><label>&#916;<textarea name=\"_wpcf7_ak_hp_textarea\" cols=\"45\" rows=\"8\" maxlength=\"100\"><\/textarea><\/label><input type=\"hidden\" id=\"ak_js_1\" name=\"_wpcf7_ak_js\" value=\"187\"\/><script>document.getElementById( \"ak_js_1\" ).setAttribute( \"value\", ( new Date() ).getTime() );<\/script><\/p>\n<div class=\"wpcf7-response-output\" aria-hidden=\"true\"><\/div>\n<input type=\"hidden\" name=\"trp-form-language\" value=\"en\"\/><\/form>\n<\/div>","protected":false},"featured_media":6037,"template":"","meta":{"_monsterinsights_skip_tracking":false,"_monsterinsights_sitenote_active":false,"_monsterinsights_sitenote_note":"","_monsterinsights_sitenote_category":0,"site-sidebar-layout":"default","site-content-layout":"default","ast-global-header-display":"","ast-main-header-display":"","ast-hfb-above-header-display":"","ast-hfb-below-header-display":"","ast-hfb-mobile-header-display":"","site-post-title":"","ast-breadcrumbs-content":"","ast-featured-img":"","footer-sml-layout":"","theme-transparent-header-meta":"default","adv-header-id-meta":"","stick-header-meta":"","header-above-stick-meta":"","header-main-stick-meta":"","header-below-stick-meta":""},"product_cat":[470,47,16,27],"product_tag":[],"aioseo_notices":[],"uagb_featured_image_src":{"full":["https:\/\/jaunaideja.lt\/wp-content\/uploads\/2023\/06\/3323553.jpg",2000,2000,false],"thumbnail":["https:\/\/jaunaideja.lt\/wp-content\/uploads\/2023\/06\/3323553-150x150.jpg",150,150,true],"medium":["https:\/\/jaunaideja.lt\/wp-content\/uploads\/2023\/06\/3323553-300x300.jpg",300,300,true],"medium_large":["https:\/\/jaunaideja.lt\/wp-content\/uploads\/2023\/06\/3323553-768x768.jpg",768,768,true],"large":["https:\/\/jaunaideja.lt\/wp-content\/uploads\/2023\/06\/3323553-1024x1024.jpg",1024,1024,true],"1536x1536":["https:\/\/jaunaideja.lt\/wp-content\/uploads\/2023\/06\/3323553-1536x1536.jpg",1536,1536,true],"2048x2048":["https:\/\/jaunaideja.lt\/wp-content\/uploads\/2023\/06\/3323553.jpg",2000,2000,false],"trp-custom-language-flag":["https:\/\/jaunaideja.lt\/wp-content\/uploads\/2023\/06\/3323553.jpg",12,12,false],"mailpoet_newsletter_max":["https:\/\/jaunaideja.lt\/wp-content\/uploads\/2023\/06\/3323553-1320x1320.jpg",1320,1320,true],"woocommerce_thumbnail":["https:\/\/jaunaideja.lt\/wp-content\/uploads\/2023\/06\/3323553-300x300.jpg",300,300,true],"woocommerce_single":["https:\/\/jaunaideja.lt\/wp-content\/uploads\/2023\/06\/3323553-600x600.jpg",600,600,true],"woocommerce_gallery_thumbnail":["https:\/\/jaunaideja.lt\/wp-content\/uploads\/2023\/06\/3323553-100x100.jpg",100,100,true],"shop_catalog":["https:\/\/jaunaideja.lt\/wp-content\/uploads\/2023\/06\/3323553-300x300.jpg",300,300,true],"shop_single":["https:\/\/jaunaideja.lt\/wp-content\/uploads\/2023\/06\/3323553-600x600.jpg",600,600,true],"shop_thumbnail":["https:\/\/jaunaideja.lt\/wp-content\/uploads\/2023\/06\/3323553-100x100.jpg",100,100,true]},"uagb_author_info":{"display_name":"Tautvydas Zaurynas","author_link":"https:\/\/jaunaideja.lt\/en\/author\/"},"uagb_comment_info":0,"uagb_excerpt":"\u2705 Socialini\u0173 tinkl\u0173 administravimas yra veiksm\u0173 rinkinys, kuris apima valdym\u0105, turinio k\u016brim\u0105 ir bendravim\u0105 su auditorija \u012fmon\u0117s ar organizacijos socialiniuose tinkluose. Tikslas yra sukurti stipr\u0173 internetin\u012f buvim\u0105, s\u0105veikauti su auditorija ir pasiekti nustatytus tikslus. \ud83d\udcb0 Kain\u0105: Fiksuotas mokestis 60 eur\u0173 + \u012fra\u0161\u0173 \/ stori\u0173 socialiniuose tinkluose per m\u0117nes\u012f skai\u010dius. Kainos \u012fra\u0161\u0173 \/ stori\u0173 socialini\u0173 tinkluose&hellip;","_links":{"self":[{"href":"https:\/\/jaunaideja.lt\/en\/wp-json\/wp\/v2\/product\/6036"}],"collection":[{"href":"https:\/\/jaunaideja.lt\/en\/wp-json\/wp\/v2\/product"}],"about":[{"href":"https:\/\/jaunaideja.lt\/en\/wp-json\/wp\/v2\/types\/product"}],"wp:featuredmedia":[{"embeddable":true,"href":"https:\/\/jaunaideja.lt\/en\/wp-json\/wp\/v2\/media\/6037"}],"wp:attachment":[{"href":"https:\/\/jaunaideja.lt\/en\/wp-json\/wp\/v2\/media?parent=6036"}],"wp:term":[{"taxonomy":"product_cat","embeddable":true,"href":"https:\/\/jaunaideja.lt\/en\/wp-json\/wp\/v2\/product_cat?post=6036"},{"taxonomy":"product_tag","embeddable":true,"href":"https:\/\/jaunaideja.lt\/en\/wp-json\/wp\/v2\/product_tag?post=6036"}],"curies":[{"name":"wp","href":"https:\/\/api.w.org\/{rel}","templated":true}]}}