{"id":3838,"date":"2022-11-20T21:15:39","date_gmt":"2022-11-20T19:15:39","guid":{"rendered":"https:\/\/jaunaideja.lt\/?post_type=product&#038;p=3838"},"modified":"2024-08-14T13:39:27","modified_gmt":"2024-08-14T11:39:27","slug":"dovanu-kuponas-musu-paslaugoms-pasirenkama-suma","status":"publish","type":"product","link":"https:\/\/jaunaideja.lt\/en\/paslauga\/gift-coupon-for-our-services-amount-of-choice\/","title":{"rendered":"Gift voucher for services (optional amount)"},"content":{"rendered":"<p>\u2705 <strong>Business gift voucher<\/strong> - a great solution for a person who loves his business or wants to have one.<\/p>\n<p>\u2705 <strong>New impressions or the fulfillment of the most secret desires<\/strong> - only a small part of what popular gift vouchers offer. A gift voucher allows you to purchase digital and traditional advertisements and website development in our store for a specific amount. Whichever option you choose, you can be sure that gift certificates will give entrepreneurs the freedom to choose and fulfill their dreams or goals. This idea will appeal to everyone who appreciates practical and modern solutions. <strong>Forget the gifts that are gathering dust on the shelves <\/strong>\u2013 thanks to the coupon, the businessman will be able to invest in his beloved activity and receive a profit in the future!<\/p>","protected":false},"excerpt":{"rendered":"<p>\u2705\u00a0<strong>The price of the coupon includes:<\/strong><\/p>\n<ul>\n<li>Selected amount for shopping on the website;<\/li>\n<li>The gift voucher is cumulative with other discounts available on the website;<\/li>\n<li>The gift voucher is sent to E-mail<\/li>\n<li>The gift voucher is sent as a printable PDF file;<\/li>\n<li>Gift Voucher design as shown in pictures;<\/li>\n<li>Graphic designer, multimedia and marketing specialist consultations;<\/li>\n<li>A code of your choice or placing a special code generated by us on the design;<\/li>\n<li>The validity period of the gift coupon is 3 months;<\/li>\n<\/ul>\n<p>\u2705 <strong>We can do a special coupon design for an additional price (\u20ac14.99), the price includes:<\/strong><\/p>\n<p><strong><span><a onclick=\"read_toggle(1170678069, 'Skaityti daugiau', 'Skaityti ma\u017eiau'); return false;\" class=\"read-link\" id=\"readlink1170678069\" style=\"readlink\" href=\"#\">Read more<\/a><\/span><\/p>\n<div class=\"read_div\" id=\"read1170678069\" style=\"display: none;\"><\/strong><\/p>\n<ul>\n<li>Analysis of the information provided by you;<\/li>\n<li>Submitting the design for your evaluation;<\/li>\n<li>3 design corrections;<\/li>\n<li>Design presentation after corrections;<\/li>\n<li>Graphic designer and marketing specialist consultations;<\/li>\n<li>Preparation for the press;<\/li>\n<\/ul>\n<p><strong><\/div>\n<p><\/strong><\/p>","protected":false},"featured_media":3839,"template":"","meta":{"_monsterinsights_skip_tracking":false,"_monsterinsights_sitenote_active":false,"_monsterinsights_sitenote_note":"","_monsterinsights_sitenote_category":0,"site-sidebar-layout":"default","site-content-layout":"default","ast-global-header-display":"","ast-main-header-display":"","ast-hfb-above-header-display":"","ast-hfb-below-header-display":"","ast-hfb-mobile-header-display":"","site-post-title":"","ast-breadcrumbs-content":"","ast-featured-img":"","footer-sml-layout":"","theme-transparent-header-meta":"default","adv-header-id-meta":"","stick-header-meta":"","header-above-stick-meta":"","header-main-stick-meta":"","header-below-stick-meta":""},"product_cat":[49],"product_tag":[40,36],"aioseo_notices":[],"uagb_featured_image_src":{"full":["https:\/\/jaunaideja.lt\/wp-content\/uploads\/2022\/11\/3-dovanu-kuponas.jpg",1271,1271,false],"thumbnail":["https:\/\/jaunaideja.lt\/wp-content\/uploads\/2022\/11\/3-dovanu-kuponas-150x150.jpg",150,150,true],"medium":["https:\/\/jaunaideja.lt\/wp-content\/uploads\/2022\/11\/3-dovanu-kuponas-300x300.jpg",300,300,true],"medium_large":["https:\/\/jaunaideja.lt\/wp-content\/uploads\/2022\/11\/3-dovanu-kuponas-768x768.jpg",768,768,true],"large":["https:\/\/jaunaideja.lt\/wp-content\/uploads\/2022\/11\/3-dovanu-kuponas-1024x1024.jpg",1024,1024,true],"1536x1536":["https:\/\/jaunaideja.lt\/wp-content\/uploads\/2022\/11\/3-dovanu-kuponas.jpg",1271,1271,false],"2048x2048":["https:\/\/jaunaideja.lt\/wp-content\/uploads\/2022\/11\/3-dovanu-kuponas.jpg",1271,1271,false],"trp-custom-language-flag":["https:\/\/jaunaideja.lt\/wp-content\/uploads\/2022\/11\/3-dovanu-kuponas.jpg",12,12,false],"mailpoet_newsletter_max":["https:\/\/jaunaideja.lt\/wp-content\/uploads\/2022\/11\/3-dovanu-kuponas.jpg",1271,1271,false],"woocommerce_thumbnail":["https:\/\/jaunaideja.lt\/wp-content\/uploads\/2022\/11\/3-dovanu-kuponas-300x300.jpg",300,300,true],"woocommerce_single":["https:\/\/jaunaideja.lt\/wp-content\/uploads\/2022\/11\/3-dovanu-kuponas-600x600.jpg",600,600,true],"woocommerce_gallery_thumbnail":["https:\/\/jaunaideja.lt\/wp-content\/uploads\/2022\/11\/3-dovanu-kuponas-100x100.jpg",100,100,true],"shop_catalog":["https:\/\/jaunaideja.lt\/wp-content\/uploads\/2022\/11\/3-dovanu-kuponas-300x300.jpg",300,300,true],"shop_single":["https:\/\/jaunaideja.lt\/wp-content\/uploads\/2022\/11\/3-dovanu-kuponas-600x600.jpg",600,600,true],"shop_thumbnail":["https:\/\/jaunaideja.lt\/wp-content\/uploads\/2022\/11\/3-dovanu-kuponas-100x100.jpg",100,100,true]},"uagb_author_info":{"display_name":"Tautvydas Zaurynas","author_link":"https:\/\/jaunaideja.lt\/en\/author\/"},"uagb_comment_info":0,"uagb_excerpt":"\u2705\u00a0\u012e kupono kain\u0105 \u012fskai\u010diuota: Pasirinkta suma apsipirkimui svetain\u0117je; Dovan\u0173 kuponas sumuojasi su kitomis esan\u010diomis nuolaidomis svetain\u0117je; Atsiun\u010diama dovan\u0173 kupon\u0105 \u012f el. pa\u0161to d\u0117\u017eut\u0119; Dovan\u0173 kuponas atsiun\u010diamas PDF failu, kur\u012f galima atsispausdinti; Dovan\u0173 kupono dizainas, kaip pavaizduotas nuotraukose; Grafikos dizainerio, multimedijos ir marketingo specialisto konsultacijos; J\u016bs\u0173 i\u0161rinktas kodas arba arba m\u016bs\u0173 sugeneruoto specialus kodo u\u017ed\u0117jimas ant&hellip;","_links":{"self":[{"href":"https:\/\/jaunaideja.lt\/en\/wp-json\/wp\/v2\/product\/3838"}],"collection":[{"href":"https:\/\/jaunaideja.lt\/en\/wp-json\/wp\/v2\/product"}],"about":[{"href":"https:\/\/jaunaideja.lt\/en\/wp-json\/wp\/v2\/types\/product"}],"wp:featuredmedia":[{"embeddable":true,"href":"https:\/\/jaunaideja.lt\/en\/wp-json\/wp\/v2\/media\/3839"}],"wp:attachment":[{"href":"https:\/\/jaunaideja.lt\/en\/wp-json\/wp\/v2\/media?parent=3838"}],"wp:term":[{"taxonomy":"product_cat","embeddable":true,"href":"https:\/\/jaunaideja.lt\/en\/wp-json\/wp\/v2\/product_cat?post=3838"},{"taxonomy":"product_tag","embeddable":true,"href":"https:\/\/jaunaideja.lt\/en\/wp-json\/wp\/v2\/product_tag?post=3838"}],"curies":[{"name":"wp","href":"https:\/\/api.w.org\/{rel}","templated":true}]}}