{"id":3474,"date":"2022-10-16T11:51:55","date_gmt":"2022-10-16T11:51:55","guid":{"rendered":"https:\/\/jaunaideja.lt\/?post_type=product&#038;p=3474"},"modified":"2025-09-24T13:13:37","modified_gmt":"2025-09-24T11:13:37","slug":"skaidriu-kurimas","status":"publish","type":"product","link":"https:\/\/jaunaideja.lt\/en\/paslauga\/slide-making\/","title":{"rendered":"Creating slides"},"content":{"rendered":"<p>\u2705 Slide creation - ten is the optimal number of slides in a PowerPoint presentation when a business sends its presentations to customers.<\/p>\n<p><b>\u2705 <\/b>15 to 30 slides for a half-hour conversation.<\/p>\n<p><b>\u2705<\/b> 30 to 60 slides for an hour-long conversation.<\/p>\n<p>Creating slides is an important part of presenting information or telling a story effectively. This can be useful for presentations, training, business plans or any content for others. Here are some steps to create effective slides:<\/p>\n<ol>\n<li><strong>Set goals: <\/strong>Understand who your slides are for and what message you want to convey. This can be for informational, persuasive, educational or other purposes.<\/li>\n<li><strong>Tema:<\/strong> Clearly define the topic of your slides. Determine what message you want to convey and to whom it is intended.<\/li>\n<li><strong>Delivery structure:<\/strong> Create a structure for how your presentation or information will be delivered. This can be an introduction, background information, conclusions, or actions you want your audience to take.<\/li>\n<li><strong>Brevity and clarity:<\/strong> Be as short and direct as possible. Try not to overload one slide with too much information to maintain focus.<\/li>\n<li><strong>Minimalism:<\/strong> Don't overload with information - each slide should only contain the main point or idea. Avoid overloading information.<\/li>\n<li><strong>Clear and simple text:<\/strong> Use clear, easy-to-understand and readable text on slides. Stick to one idea per slide and use short sentences or phrases.<\/li>\n<li><strong>Visual elements:<\/strong> Use images, graphics, and illustrations to help explain your message or information. Visuals can help improve understanding and recall.<\/li>\n<li><strong>Text verification:<\/strong> Review the text to make sure it conveys your message clearly and logically. Check spelling, grammar and logic.<\/li>\n<\/ol>\n<p>Slide design is an art that requires attention to detail and a clear message. It is important to adapt to the needs of your audience and provide them with informative, visually appealing and easy-to-understand content.<\/p>\n<p>Read more on our business blog <a title=\"LiJIA\" href=\"https:\/\/jaunaideja.lt\/en\/lijia\/\" target=\"_blank\" rel=\"noopener\">LiJIA<\/a>.<\/p>","protected":false},"excerpt":{"rendered":"<p><span style=\"color: #008000;\">The price is for 5 slides.<\/span><\/p>\n<p>\ud83d\udcb0 <strong>When ordering a larger quantity:<\/strong><\/p>\n<ul>\n<li>When purchasing 6 \u2013 10 slides: 25-40 euros.<\/li>\n<li>When purchasing 11 \u2013 15 slides: 40-50 euros.<\/li>\n<li>When purchasing 16 \u2013 20 slides: 50-55 euros.<\/li>\n<li>When purchasing 21 or more slides, the price starts at 55 euros.<\/li>\n<\/ul>\n<p><span style=\"font-size: 16px;\">\u2705 A business PowerPoint presentation is\u00a0<b>a slide show presentation created using Microsoft PowerPoint software for sales or corporate purposes<\/b>. Many companies use PowerPoint presentations to make sharing information simpler and easier to understand.<\/span><\/p>\n<p><strong><span style=\"font-size: 16px;\">\u2705<\/span> We also create slides for undergraduate presentations and essays.<\/strong><\/p>\n<p><strong><span style=\"font-size: 16px;\">\u2705<\/span> The cost of creating the slides includes:<\/strong><\/p>\n<p><strong><span><a onclick=\"read_toggle(372868754, 'Skaityti daugiau', 'Skaityti ma\u017eiau'); return false;\" class=\"read-link\" id=\"readlink372868754\" style=\"readlink\" href=\"#\">Read more<\/a><\/span><\/p>\n<div class=\"read_div\" id=\"read372868754\" style=\"display: none;\"><\/strong><\/p>\n<ul>\n<li>Analysis of needs - stylistics, the desired result and the market of the area;<\/li>\n<li>User and competitor analysis;<\/li>\n<li>Post-submission design corrections;<\/li>\n<li>Graphic designer and marketing specialist consultations;<\/li>\n<li>Charts and graphs;<\/li>\n<li>PDF and PowerPoint files;<\/li>\n<\/ul>\n<p><strong><\/div>\n<p><\/strong><\/p>\n<p><strong>\ud83d\udcb8 The service is exempt from VAT (21%) and an invoice is issued (upon the customer's request).<\/strong><\/p>\n<h5>FOR WORK ORDER:<\/h5>\n<p>\u2b07\ufe0f Please fill in the enquiry form below and we will get back to you.<\/p>\n<div role=\"form\" class=\"wpcf7\" id=\"wpcf7-f3511-o1\" lang=\"lt-LT\" dir=\"ltr\">\n<div class=\"screen-reader-response\">\n<p role=\"status\" aria-live=\"polite\" aria-atomic=\"true\">\n<ul><\/ul>\n<\/div>\n<form action=\"\/en\/wp-json\/wp\/v2\/product\/3474#wpcf7-f3511-o1\" method=\"post\" class=\"wpcf7-form init\" enctype=\"multipart\/form-data\" novalidate=\"novalidate\" data-status=\"init\" data-trp-original-action=\"\/en\/wp-json\/wp\/v2\/product\/3474#wpcf7-f3511-o1\">\n<div style=\"display: none;\">\n<input type=\"hidden\" name=\"_wpcf7\" value=\"3511\" \/><br \/>\n<input type=\"hidden\" name=\"_wpcf7_version\" value=\"5.6.2\" \/><br \/>\n<input type=\"hidden\" name=\"_wpcf7_locale\" value=\"lt_LT\" \/><br \/>\n<input type=\"hidden\" name=\"_wpcf7_unit_tag\" value=\"wpcf7-f3511-o1\" \/><br \/>\n<input type=\"hidden\" name=\"_wpcf7_container_post\" value=\"0\" \/><br \/>\n<input type=\"hidden\" name=\"_wpcf7_posted_data_hash\" value=\"\" \/><br \/>\n<input type=\"hidden\" name=\"_wpcf7cf_hidden_group_fields\" value=\"[]\" \/><br \/>\n<input type=\"hidden\" name=\"_wpcf7cf_hidden_groups\" value=\"[]\" \/><br \/>\n<input type=\"hidden\" name=\"_wpcf7cf_visible_groups\" value=\"[]\" \/><br \/>\n<input type=\"hidden\" name=\"_wpcf7cf_repeaters\" value=\"[]\" \/><br \/>\n<input type=\"hidden\" name=\"_wpcf7cf_steps\" value=\"{}\" \/><br \/>\n<input type=\"hidden\" name=\"_wpcf7cf_options\" value=\"{&quot;form_id&quot;:3511,&quot;conditions&quot;:[{&quot;then_field&quot;:&quot;failas&quot;,&quot;and_rules&quot;:[{&quot;if_field&quot;:&quot;turite_teksta&quot;,&quot;operator&quot;:&quot;equals&quot;,&quot;if_value&quot;:&quot;Taip&quot;}]},{&quot;then_field&quot;:&quot;internetine_svetaine&quot;,&quot;and_rules&quot;:[{&quot;if_field&quot;:&quot;turite_teksta&quot;,&quot;operator&quot;:&quot;equals&quot;,&quot;if_value&quot;:&quot;Naudoti internetin\\u0119 svetain\\u0119&quot;}]},{&quot;then_field&quot;:&quot;nuoroda&quot;,&quot;and_rules&quot;:[{&quot;if_field&quot;:&quot;turite_teksta&quot;,&quot;operator&quot;:&quot;equals&quot;,&quot;if_value&quot;:&quot;Naudoti URL nuorod\\u0105&quot;}]},{&quot;then_field&quot;:&quot;skaidres&quot;,&quot;and_rules&quot;:[{&quot;if_field&quot;:&quot;skaidriu_skaicius_1&quot;,&quot;operator&quot;:&quot;equals&quot;,&quot;if_value&quot;:&quot;Tekst\\u0105 sutalpinti \\u012f nurodyt\\u0105 skaidri\\u0173 skai\\u010di\\u0173&quot;}]}],&quot;settings&quot;:{&quot;animation&quot;:&quot;yes&quot;,&quot;animation_intime&quot;:200,&quot;animation_outtime&quot;:200,&quot;conditions_ui&quot;:&quot;normal&quot;,&quot;notice_dismissed&quot;:false,&quot;notice_dismissed_update-cf7-5.6.3&quot;:true}}\" \/>\n<\/div>\n<h3><center> Service inquiry form:<\/center><\/h3>\n<p><label> Your e-mail:*<br \/>\n    <span class=\"wpcf7-form-control-wrap\" data-name=\"your-email\"><input type=\"email\" name=\"your-email\" value=\"\" size=\"40\" class=\"wpcf7-form-control wpcf7-text wpcf7-email wpcf7-validates-as-required wpcf7-validates-as-email\" aria-required=\"true\" aria-invalid=\"false\" \/><\/span> <\/label><\/p>\n<p><label> Do you have the text ready? <\/label><br \/>\n<span class=\"wpcf7-form-control-wrap\" data-name=\"turite_teksta\"><select name=\"turite_teksta\" class=\"wpcf7-form-control wpcf7-select\" aria-invalid=\"false\"><option value=\"Taip\">Yes<\/option><option value=\"Naudoti internetin\u0119 svetain\u0119\">Use the website<\/option><option value=\"Naudoti URL nuorod\u0105\">Use a URL link<\/option><\/select><\/span><\/p>\n<div data-id=\"internetine_svetaine\" data-orig_data_id=\"internetine_svetaine\"  data-class=\"wpcf7cf_group\">\n<label> Website URL: <\/label><br \/>\n<span class=\"wpcf7-form-control-wrap\" data-name=\"internetines_URL\"><input type=\"text\" name=\"internetines_URL\" value=\"\" size=\"40\" class=\"wpcf7-form-control wpcf7-text\" aria-invalid=\"false\" \/><\/span>\n<\/div>\n<div data-id=\"nuoroda\" data-orig_data_id=\"nuoroda\"  data-class=\"wpcf7cf_group\">\n<label> Link URL: <\/label><br \/>\n<span class=\"wpcf7-form-control-wrap\" data-name=\"nuorodos_URL\"><input type=\"text\" name=\"nuorodos_URL\" value=\"\" size=\"40\" class=\"wpcf7-form-control wpcf7-text\" aria-invalid=\"false\" \/><\/span>\n<\/div>\n<div data-id=\"failas\" data-orig_data_id=\"failas\"  data-class=\"wpcf7cf_group\">\n<label> Upload the text to be transferred to slides (.docx, PDF files):<br \/>\n    <span class=\"wpcf7-form-control-wrap\" data-name=\"failai\"><input type=\"file\" name=\"failai\" size=\"40\" class=\"wpcf7-form-control wpcf7-file\" accept=\".jpg,.jpeg,.gif,.png,.docx,.txt,.pdf\" aria-invalid=\"false\" \/><\/span> <\/label>\n<\/div>\n<p><label> Number of slides: <\/label><br \/>\n<span class=\"wpcf7-form-control-wrap\" data-name=\"skaidriu_skaicius_1\"><select name=\"skaidriu_skaicius_1\" class=\"wpcf7-form-control wpcf7-select\" aria-invalid=\"false\"><option value=\"Nuspr\u0119sti pagal tekst\u0105\">Decide by text<\/option><option value=\"Tekst\u0105 sutalpinti \u012f nurodyt\u0105 skaidri\u0173 skai\u010di\u0173\">Fit the text into the specified number of slides<\/option><\/select><\/span><\/p>\n<div data-id=\"skaidres\" data-orig_data_id=\"skaidres\"  data-class=\"wpcf7cf_group\">\n<label> Fit the text into the number of slides indicated: <\/label><br \/>\n<span class=\"wpcf7-form-control-wrap\" data-name=\"skaidriu_skaicius\"><input type=\"number\" name=\"skaidriu_skaicius\" value=\"\" class=\"wpcf7-form-control wpcf7-number wpcf7-validates-as-number\" aria-invalid=\"false\" \/><\/span>\n<\/div>\n<p><label> Use the slides to: <\/label><br \/>\n<span class=\"wpcf7-form-control-wrap\" data-name=\"skaidres_naudosite\"><input type=\"text\" name=\"skaidres_naudosite\" value=\"\" size=\"40\" class=\"wpcf7-form-control wpcf7-text\" aria-invalid=\"false\" \/><\/span><\/p>\n<p><label> Slide presentation duration (in minutes): <\/label><br \/>\n<span class=\"wpcf7-form-control-wrap\" data-name=\"pristatymo_laikas\"><input type=\"text\" name=\"pristatymo_laikas\" value=\"\" size=\"40\" class=\"wpcf7-form-control wpcf7-text\" aria-invalid=\"false\" \/><\/span><\/p>\n<p><label> Date by which slides should be created: <\/label><br \/>\n<span class=\"wpcf7-form-control-wrap\" data-name=\"date\"><input type=\"date\" name=\"date\" value=\"\" class=\"wpcf7-form-control wpcf7-date wpcf7-validates-as-date\" aria-invalid=\"false\" \/><\/span><\/p>\n<p><label> Your additional comment to the request (optional):<br \/>\n    <span class=\"wpcf7-form-control-wrap\" data-name=\"your-message\"><textarea name=\"your-message\" cols=\"40\" rows=\"10\" class=\"wpcf7-form-control wpcf7-textarea\" aria-invalid=\"false\"><\/textarea><\/span> <\/label><\/p>\n<p><span class=\"wpcf7-form-control-wrap\" data-name=\"Skubus_atlikimas\"><span class=\"wpcf7-form-control wpcf7-checkbox\"><span class=\"wpcf7-list-item first last\"><label><input type=\"checkbox\" name=\"Skubus_atlikimas[]\" value=\"Skubus atlikimas (i\u0161kart gavus apmok\u0117jim\u0105) (+30% papildomai nuo bendros sumos)\" \/><span class=\"wpcf7-list-item-label\">Priority execution (immediately upon receipt of payment) (+30% extra from the total amount)<\/span><\/label><\/span><\/span><\/span><\/p>\n<h6><center> We usually determine the number of slides and the price, and respond to your enquiry within one working day.<br \/>\n<\/center><br \/>\n<\/h6>\n<p><input type=\"submit\" value=\"Submit\" class=\"wpcf7-form-control has-spinner wpcf7-submit\" \/><\/p>\n<p style=\"display: none !important;\" class=\"akismet-fields-container\" data-prefix=\"_wpcf7_ak_\"><label>&#916;<textarea name=\"_wpcf7_ak_hp_textarea\" cols=\"45\" rows=\"8\" maxlength=\"100\"><\/textarea><\/label><input type=\"hidden\" id=\"ak_js_1\" name=\"_wpcf7_ak_js\" value=\"179\"\/><script>document.getElementById( \"ak_js_1\" ).setAttribute( \"value\", ( new Date() ).getTime() );<\/script><\/p>\n<div class=\"wpcf7-response-output\" aria-hidden=\"true\"><\/div>\n<input type=\"hidden\" name=\"trp-form-language\" value=\"en\"\/><\/form>\n<\/div>","protected":false},"featured_media":5041,"template":"","meta":{"_monsterinsights_skip_tracking":false,"_monsterinsights_sitenote_active":false,"_monsterinsights_sitenote_note":"","_monsterinsights_sitenote_category":0,"site-sidebar-layout":"default","site-content-layout":"default","ast-global-header-display":"","ast-main-header-display":"","ast-hfb-above-header-display":"","ast-hfb-below-header-display":"","ast-hfb-mobile-header-display":"","site-post-title":"","ast-breadcrumbs-content":"","ast-featured-img":"","footer-sml-layout":"","theme-transparent-header-meta":"default","adv-header-id-meta":"","stick-header-meta":"","header-above-stick-meta":"","header-main-stick-meta":"","header-below-stick-meta":""},"product_cat":[432],"product_tag":[45,44],"aioseo_notices":[],"uagb_featured_image_src":{"full":["https:\/\/jaunaideja.lt\/wp-content\/uploads\/2022\/10\/PowerPoint-2019-is-here-Whats-New-e1671816753655.png",1099,1077,false],"thumbnail":["https:\/\/jaunaideja.lt\/wp-content\/uploads\/2022\/10\/PowerPoint-2019-is-here-Whats-New-e1671816753655-150x150.png",150,150,true],"medium":["https:\/\/jaunaideja.lt\/wp-content\/uploads\/2022\/10\/PowerPoint-2019-is-here-Whats-New-e1671816753655-300x294.png",300,294,true],"medium_large":["https:\/\/jaunaideja.lt\/wp-content\/uploads\/2022\/10\/PowerPoint-2019-is-here-Whats-New-e1671816753655-768x753.png",768,753,true],"large":["https:\/\/jaunaideja.lt\/wp-content\/uploads\/2022\/10\/PowerPoint-2019-is-here-Whats-New-e1671816753655-1024x1004.png",1024,1004,true],"1536x1536":["https:\/\/jaunaideja.lt\/wp-content\/uploads\/2022\/10\/PowerPoint-2019-is-here-Whats-New-1536x745.png",1536,745,true],"2048x2048":["https:\/\/jaunaideja.lt\/wp-content\/uploads\/2022\/10\/PowerPoint-2019-is-here-Whats-New-2048x994.png",2048,994,true],"trp-custom-language-flag":["https:\/\/jaunaideja.lt\/wp-content\/uploads\/2022\/10\/PowerPoint-2019-is-here-Whats-New-e1671816753655.png",12,12,false],"mailpoet_newsletter_max":["https:\/\/jaunaideja.lt\/wp-content\/uploads\/2022\/10\/PowerPoint-2019-is-here-Whats-New-1320x640.png",1320,640,true],"woocommerce_thumbnail":["https:\/\/jaunaideja.lt\/wp-content\/uploads\/2022\/10\/PowerPoint-2019-is-here-Whats-New-e1671816753655-300x300.png",300,300,true],"woocommerce_single":["https:\/\/jaunaideja.lt\/wp-content\/uploads\/2022\/10\/PowerPoint-2019-is-here-Whats-New-e1671816753655-600x588.png",600,588,true],"woocommerce_gallery_thumbnail":["https:\/\/jaunaideja.lt\/wp-content\/uploads\/2022\/10\/PowerPoint-2019-is-here-Whats-New-e1671816753655-100x100.png",100,100,true],"shop_catalog":["https:\/\/jaunaideja.lt\/wp-content\/uploads\/2022\/10\/PowerPoint-2019-is-here-Whats-New-e1671816753655-300x300.png",300,300,true],"shop_single":["https:\/\/jaunaideja.lt\/wp-content\/uploads\/2022\/10\/PowerPoint-2019-is-here-Whats-New-e1671816753655-600x588.png",600,588,true],"shop_thumbnail":["https:\/\/jaunaideja.lt\/wp-content\/uploads\/2022\/10\/PowerPoint-2019-is-here-Whats-New-e1671816753655-100x100.png",100,100,true]},"uagb_author_info":{"display_name":"Tautvydas Zaurynas","author_link":"https:\/\/jaunaideja.lt\/en\/author\/"},"uagb_comment_info":0,"uagb_excerpt":"Kaina nurodyta u\u017e 5 skaidres. \ud83d\udcb0 U\u017esisakant didesn\u012f skai\u010di\u0173: Perkant 6 \u2013 10 skaidri\u0173: 25-40 eur\u0173. Perkant 11 \u2013 15 skaidri\u0173: 40-50 eur\u0173. Perkant 16 \u2013 20 skaidri\u0173: 50-55 eur\u0173. Perkant 21 ir daugiau skaidri\u0173 nuo 55 eur\u0173. \u2705 Verslo \u201ePowerPoint\u201c\u00a0pristatymas yra\u00a0skaidri\u0173 demonstravimo pristatymas, sukurtas naudojant \u201eMicrosoft PowerPoint\u201c\u00a0programin\u0119 \u012frang\u0105 pardavimo ar \u012fmon\u0117s tikslams. Daugelis \u012fmoni\u0173&hellip;","_links":{"self":[{"href":"https:\/\/jaunaideja.lt\/en\/wp-json\/wp\/v2\/product\/3474"}],"collection":[{"href":"https:\/\/jaunaideja.lt\/en\/wp-json\/wp\/v2\/product"}],"about":[{"href":"https:\/\/jaunaideja.lt\/en\/wp-json\/wp\/v2\/types\/product"}],"wp:featuredmedia":[{"embeddable":true,"href":"https:\/\/jaunaideja.lt\/en\/wp-json\/wp\/v2\/media\/5041"}],"wp:attachment":[{"href":"https:\/\/jaunaideja.lt\/en\/wp-json\/wp\/v2\/media?parent=3474"}],"wp:term":[{"taxonomy":"product_cat","embeddable":true,"href":"https:\/\/jaunaideja.lt\/en\/wp-json\/wp\/v2\/product_cat?post=3474"},{"taxonomy":"product_tag","embeddable":true,"href":"https:\/\/jaunaideja.lt\/en\/wp-json\/wp\/v2\/product_tag?post=3474"}],"curies":[{"name":"wp","href":"https:\/\/api.w.org\/{rel}","templated":true}]}}