{"id":3328,"date":"2022-09-28T21:10:41","date_gmt":"2022-09-28T21:10:41","guid":{"rendered":"https:\/\/jaunaideja.lt\/?post_type=product&#038;p=3328"},"modified":"2024-08-14T13:41:18","modified_gmt":"2024-08-14T11:41:18","slug":"turinio-kurimo-planas","status":"publish","type":"product","link":"https:\/\/jaunaideja.lt\/en\/paslauga\/content-creation-plan\/","title":{"rendered":"Content creation plan"},"content":{"rendered":"<p>\u2705 Turinio k\u016brimo planas reikalingas \u2013 kai atsid\u016bsti, \u017ei\u016bri \u012f laikrod\u012f, murmi sau, <strong>throw paper<\/strong> from the table<strong> you walk nervously<\/strong> around the room or office, and sometimes you end it all by slamming the door? OK, maybe not that much drama, but would you like to do that? Because you planned until 3:30 p.m. today. to create a content idea, but it's 5:15 p.m. and you've been staring at a blinking marker on a virtual blank piece of paper for over an hour. <strong>No thoughts<\/strong>. <strong>Let us help!<\/strong> <strong>Don't waste your time<\/strong> thinking <strong>you'd rather spend that time<\/strong> to our inventions <strong>to implement the idea<\/strong>.<\/p>\n<p>\u2705 But hundreds, maybe even, have already been written on many topics <strong>thousands of records<\/strong>. Therefore, we understand that it is a difficult thing, because you want to <strong>stand out from the competition<\/strong> need a professional<strong> content creation analytics.<\/strong><\/p>\n<p>Content creation has many benefits on both a personal and business level. Here are some of the main benefits of content creation:<\/p>\n<ol>\n<li><strong>Audience engagement:<\/strong> Quality content can attract and engage your audience. It helps to attract attention, form a connection and create a channel of communication with your audience.<\/li>\n<li><strong>Building authority and expertise:<\/strong> By providing useful information, in-depth analysis or good practical tricks, you can increase your business or personal authority and recognition as an expert in your field.<\/li>\n<li><strong>Market positioning:<\/strong> Quality content helps you stand out from the competition, allows you to create unique value and helps you better market your product or service.<\/li>\n<li><strong>SEO optimization:<\/strong> Properly optimized and quality content can help you rank better in search engines, increase your website's visibility and drive more organic traffic.<\/li>\n<li><strong>Customer loyalty:<\/strong> By providing valuable and constantly updated content, you can strengthen relationships with existing customers, attract new ones and increase customer loyalty.<\/li>\n<li><strong>Improving business results:<\/strong> Successful content creation can help drive conversions, sales, subscriptions, or any other desired action your business may be aiming for.<\/li>\n<li><strong>Welcome to the community:<\/strong> With social media, quality content allows you to connect with your community, answer questions and issues, and interact with your audience.<\/li>\n<\/ol>\n<p>Content creation can have many positive consequences for business or personal goals. It is a valuable tool that allows you to build relationships with your audience, deliver value and achieve business goals.<\/p>\n<p>Read more on our business blog <a title=\"LiJIA\" href=\"http:\/\/www.lijia.lt\/\" target=\"_blank\" rel=\"noopener\">LiJIA<\/a>.<\/p>","protected":false},"excerpt":{"rendered":"<p><strong>Do you have ideas on how to surprise, interest, attract or find your customer in digital communication?<\/strong><\/p>\n<p><strong>We have a solution!<\/strong> We offer you marketing\/programmer services. This is the best combination for thinking or creating ideas in the digital world.<\/p>\n<p>\u2705 <strong>The cost of content creation ideas includes:<\/strong><\/p>\n<p><strong><span><a onclick=\"read_toggle(1665041208, 'Skaityti daugiau', 'Skaityti ma\u017eiau'); return false;\" class=\"read-link\" id=\"readlink1665041208\" style=\"readlink\" href=\"#\">Read more<\/a><\/span><\/p>\n<div class=\"read_div\" id=\"read1665041208\" style=\"display: none;\"><\/strong><\/p>\n<ul>\n<li>Analysis of needs - stylistics, the desired result and the market of the area;<\/li>\n<li>User and competitor analysis;<\/li>\n<li>Analysis of your communication networks and advice;<\/li>\n<li>Selection of the most appropriate communication channels;<\/li>\n<li>Selection of the most appropriate content for your business (videos, texts, etc.);<\/li>\n<li>4-8 content ideas that would be relevant to your customers;<\/li>\n<li>Video and text content that would interest your client;<\/li>\n<li>2-3 advertising company ideas;<\/li>\n<li>Sending a PDF and WORD file to your e-mail;<\/li>\n<li>Marketing specialist consultations;<\/li>\n<\/ul>\n<p><strong><\/div>\n<p><\/strong><\/p>\n<p>\ud83d\udcb8 The service is exempt from VAT (21%) and an invoice is issued (upon the customer's request).<\/p>","protected":false},"featured_media":3329,"template":"","meta":{"_monsterinsights_skip_tracking":false,"_monsterinsights_sitenote_active":false,"_monsterinsights_sitenote_note":"","_monsterinsights_sitenote_category":0,"site-sidebar-layout":"default","site-content-layout":"default","ast-global-header-display":"","ast-main-header-display":"","ast-hfb-above-header-display":"","ast-hfb-below-header-display":"","ast-hfb-mobile-header-display":"","site-post-title":"","ast-breadcrumbs-content":"","ast-featured-img":"","footer-sml-layout":"","theme-transparent-header-meta":"default","adv-header-id-meta":"","stick-header-meta":"","header-above-stick-meta":"","header-main-stick-meta":"","header-below-stick-meta":""},"product_cat":[20],"product_tag":[],"aioseo_notices":[],"uagb_featured_image_src":{"full":["https:\/\/jaunaideja.lt\/wp-content\/uploads\/2022\/09\/turinio-idejos.jpg",1625,1250,false],"thumbnail":["https:\/\/jaunaideja.lt\/wp-content\/uploads\/2022\/09\/turinio-idejos-150x150.jpg",150,150,true],"medium":["https:\/\/jaunaideja.lt\/wp-content\/uploads\/2022\/09\/turinio-idejos-300x231.jpg",300,231,true],"medium_large":["https:\/\/jaunaideja.lt\/wp-content\/uploads\/2022\/09\/turinio-idejos-768x591.jpg",768,591,true],"large":["https:\/\/jaunaideja.lt\/wp-content\/uploads\/2022\/09\/turinio-idejos-1024x788.jpg",1024,788,true],"1536x1536":["https:\/\/jaunaideja.lt\/wp-content\/uploads\/2022\/09\/turinio-idejos-1536x1182.jpg",1536,1182,true],"2048x2048":["https:\/\/jaunaideja.lt\/wp-content\/uploads\/2022\/09\/turinio-idejos.jpg",1625,1250,false],"trp-custom-language-flag":["https:\/\/jaunaideja.lt\/wp-content\/uploads\/2022\/09\/turinio-idejos.jpg",16,12,false],"mailpoet_newsletter_max":["https:\/\/jaunaideja.lt\/wp-content\/uploads\/2022\/09\/turinio-idejos-1320x1015.jpg",1320,1015,true],"woocommerce_thumbnail":["https:\/\/jaunaideja.lt\/wp-content\/uploads\/2022\/09\/turinio-idejos-300x300.jpg",300,300,true],"woocommerce_single":["https:\/\/jaunaideja.lt\/wp-content\/uploads\/2022\/09\/turinio-idejos-600x462.jpg",600,462,true],"woocommerce_gallery_thumbnail":["https:\/\/jaunaideja.lt\/wp-content\/uploads\/2022\/09\/turinio-idejos-100x100.jpg",100,100,true],"shop_catalog":["https:\/\/jaunaideja.lt\/wp-content\/uploads\/2022\/09\/turinio-idejos-300x300.jpg",300,300,true],"shop_single":["https:\/\/jaunaideja.lt\/wp-content\/uploads\/2022\/09\/turinio-idejos-600x462.jpg",600,462,true],"shop_thumbnail":["https:\/\/jaunaideja.lt\/wp-content\/uploads\/2022\/09\/turinio-idejos-100x100.jpg",100,100,true]},"uagb_author_info":{"display_name":"Tautvydas Zaurynas","author_link":"https:\/\/jaunaideja.lt\/en\/author\/"},"uagb_comment_info":0,"uagb_excerpt":"Nebeturite id\u0117j\u0173 kaip nustebinti, sudominti, pritraukti ar surasti savo klient\u0105 skaitmenin\u0117je komunikacijoje? Turime sprendim\u0105! Si\u016blome Jums marketingo \/ programuotojo paslaugas. Tai yra geriausias derinys galvojant arba kuriant id\u0117jas skaitmeniniame pasaulyje. \u2705 Turinio k\u016brimo id\u0117j\u0173 kain\u0105 \u012fskai\u010diuota: [read more] Poreiki\u0173 analizavimas \u2013 stilistika, siekiamas rezultatas ir srities rinka; Vartotoj\u0173 ir konkurent\u0173 analizavimas; J\u016bs\u0173 komunikacijos tinkl\u0173 analizavimas&hellip;","_links":{"self":[{"href":"https:\/\/jaunaideja.lt\/en\/wp-json\/wp\/v2\/product\/3328"}],"collection":[{"href":"https:\/\/jaunaideja.lt\/en\/wp-json\/wp\/v2\/product"}],"about":[{"href":"https:\/\/jaunaideja.lt\/en\/wp-json\/wp\/v2\/types\/product"}],"wp:featuredmedia":[{"embeddable":true,"href":"https:\/\/jaunaideja.lt\/en\/wp-json\/wp\/v2\/media\/3329"}],"wp:attachment":[{"href":"https:\/\/jaunaideja.lt\/en\/wp-json\/wp\/v2\/media?parent=3328"}],"wp:term":[{"taxonomy":"product_cat","embeddable":true,"href":"https:\/\/jaunaideja.lt\/en\/wp-json\/wp\/v2\/product_cat?post=3328"},{"taxonomy":"product_tag","embeddable":true,"href":"https:\/\/jaunaideja.lt\/en\/wp-json\/wp\/v2\/product_tag?post=3328"}],"curies":[{"name":"wp","href":"https:\/\/api.w.org\/{rel}","templated":true}]}}