{"id":3318,"date":"2022-09-27T21:20:57","date_gmt":"2022-09-27T21:20:57","guid":{"rendered":"https:\/\/jaunaideja.lt\/?post_type=product&#038;p=3318"},"modified":"2024-08-14T13:42:11","modified_gmt":"2024-08-14T11:42:11","slug":"duomenu-analize-verslo-idejai","status":"publish","type":"product","link":"https:\/\/jaunaideja.lt\/en\/paslauga\/data-analysis-business-ideas\/","title":{"rendered":"Data analysis before starting a business"},"content":{"rendered":"<p>\u2705 <strong>Why is data analysis important?<\/strong> At the end of another day in the early twenty-first century, online humanity will leave behind<strong> eight trillion gigabytes of data.<\/strong> This staggering amount of information <strong>quantity may reveal<\/strong> about us - our fears, <strong>desires, behaviour,<\/strong> conscious and unconscious decisions - more than we can imagine, from the most mundane to the most profound knowledge of the human psyche that was unimaginable just twenty years ago. It can<strong> helping businesses understand<\/strong>what people are missing, how interested they are and <strong>how much they can pay for it.<\/strong><\/p>\n<p>\u2705 Every day we are faced with <strong>big data<\/strong>\u00a0and their influence is growing.<\/p>\n<p>\u2705 Recently, Big Data has become one of the most fashionable and popular terms in the world. And with good reason.<strong> Current opportunities<\/strong> collecting and organising data has made business more powerful by providing ever greater opportunities and <strong>allows you to create<\/strong> getting better <strong>new products.<\/strong><\/p>\n<p>\u2705 <strong>Analysis of<\/strong> big business data, <strong>Available at<\/strong> recognise <strong>business problems,<\/strong> them <strong>solve<\/strong> and use your mathematical knowledge to provide new insights. Business giants and smaller companies alike are investing in big data management.<\/p>\n<p>\u2705 We'll collect the data and turn it into information to help you put it to good use so you can <strong>take decisions<\/strong> and<strong> build a business<\/strong> or products.<\/p>\n<p>\u2705 <strong>It's important not to get lost<\/strong> in big data <strong>available at<\/strong> and select the most appropriate ones, <strong>Therefore<\/strong> important <strong>trust professionals<\/strong> and this one <strong>leave the work to them.<\/strong><\/p>\n<p>\u2705 <strong>Technology will intertwine<\/strong> with human life, and it's even more areas<strong> encourage you to digitise your business.<\/strong><\/p>\n<p>\u2705 Data analysis before starting a business is important in order to implement a successful business idea.<\/p>\n<p>\u2705 Data analysis is an important tool that can provide valuable information and deep insight into the market, customer needs and business potential. This allows you to avoid mistakes and help your business get off to a successful start.<\/p>\n<p>You can read or view more information on our business blog <a title=\"LiJIA\" href=\"https:\/\/jaunaideja.lt\/en\/lijia\/\" target=\"_blank\" rel=\"noopener\">LiJIA<\/a> (Lithuanian Junior Idea Association).<\/p>","protected":false},"excerpt":{"rendered":"<p><strong>Have a business idea but don't know if it can be successful?<\/strong><\/p>\n<p>\u2705 After the analysis, you will be able to decide whether it makes sense to enter the market, how much it would cost to start a business, and what your market outlook is.<\/p>\n<p>\u2705 We will analyse the data using Google and social media data.<\/p>\n<p>\u2705 We will collect the data and turn it into information that we will help you to use in a useful way, so that you can make decisions about whether or not your business\/products are worth building.<\/p>\n<p>\u2705 <strong>Data analysis price included:<\/strong><\/p>\n<p><strong><span><a onclick=\"read_toggle(1280654608, 'Skaityti daugiau', 'Skaityti ma\u017eiau'); return false;\" class=\"read-link\" id=\"readlink1280654608\" style=\"readlink\" href=\"#\">Read more<\/a><\/span><\/p>\n<div class=\"read_div\" id=\"read1280654608\" style=\"display: none;\"><\/strong><\/p>\n<ul>\n<li>Needs analysis - the outcome to be achieved and the market for the area;<\/li>\n<li>Analysis of consumers and competitors (number of competitors online);<\/li>\n<li>Determining your website's preliminary position on the internet;<\/li>\n<li>Identifying competition on social networks;<\/li>\n<li>Paid advertising rates and the budget you need to increase your sales (the cost depends on competition on the internet and social networks);<\/li>\n<li>Determine the number of people who would search for your business services\/products online;<\/li>\n<li>Determine the most appropriate region, time period, type of search and category expansion to grow your sales;<\/li>\n<li>Whether the product or service is in your customer's interest;<\/li>\n<li>Whether the product or service solves a common customer problem;<\/li>\n<li>How difficult it is to find your products\/services on the local market;<\/li>\n<li>Strengths and weaknesses of your online business compared to competitors;<\/li>\n<li>What would be the budget needed to enter the market lightly, moderately or strongly (price is influenced by the strength of competitors);<\/li>\n<\/ul>\n<p><strong><\/div>\n<p><\/strong><\/p>\n<p>\u2757 We recommend the service for people who have a business idea, but don't know if the idea can be profitable and what the prospects are in cyberspace.<\/p>\n<p><strong>\ud83d\udcb8 The service is exempt from VAT (21%) and an invoice is issued (upon the customer's request).<\/strong><\/p>","protected":false},"featured_media":3321,"template":"","meta":{"_monsterinsights_skip_tracking":false,"_monsterinsights_sitenote_active":false,"_monsterinsights_sitenote_note":"","_monsterinsights_sitenote_category":0,"site-sidebar-layout":"default","site-content-layout":"default","ast-global-header-display":"","ast-main-header-display":"","ast-hfb-above-header-display":"","ast-hfb-below-header-display":"","ast-hfb-mobile-header-display":"","site-post-title":"","ast-breadcrumbs-content":"","ast-featured-img":"","footer-sml-layout":"","theme-transparent-header-meta":"default","adv-header-id-meta":"","stick-header-meta":"","header-above-stick-meta":"","header-main-stick-meta":"","header-below-stick-meta":""},"product_cat":[20],"product_tag":[45,44],"aioseo_notices":[],"uagb_featured_image_src":{"full":["https:\/\/jaunaideja.lt\/wp-content\/uploads\/2022\/09\/Untitled-1.jpg",1280,800,false],"thumbnail":["https:\/\/jaunaideja.lt\/wp-content\/uploads\/2022\/09\/Untitled-1-150x150.jpg",150,150,true],"medium":["https:\/\/jaunaideja.lt\/wp-content\/uploads\/2022\/09\/Untitled-1-300x188.jpg",300,188,true],"medium_large":["https:\/\/jaunaideja.lt\/wp-content\/uploads\/2022\/09\/Untitled-1-768x480.jpg",768,480,true],"large":["https:\/\/jaunaideja.lt\/wp-content\/uploads\/2022\/09\/Untitled-1-1024x640.jpg",1024,640,true],"1536x1536":["https:\/\/jaunaideja.lt\/wp-content\/uploads\/2022\/09\/Untitled-1.jpg",1280,800,false],"2048x2048":["https:\/\/jaunaideja.lt\/wp-content\/uploads\/2022\/09\/Untitled-1.jpg",1280,800,false],"trp-custom-language-flag":["https:\/\/jaunaideja.lt\/wp-content\/uploads\/2022\/09\/Untitled-1.jpg",18,12,false],"mailpoet_newsletter_max":["https:\/\/jaunaideja.lt\/wp-content\/uploads\/2022\/09\/Untitled-1.jpg",1280,800,false],"woocommerce_thumbnail":["https:\/\/jaunaideja.lt\/wp-content\/uploads\/2022\/09\/Untitled-1-300x300.jpg",300,300,true],"woocommerce_single":["https:\/\/jaunaideja.lt\/wp-content\/uploads\/2022\/09\/Untitled-1-600x375.jpg",600,375,true],"woocommerce_gallery_thumbnail":["https:\/\/jaunaideja.lt\/wp-content\/uploads\/2022\/09\/Untitled-1-100x100.jpg",100,100,true],"shop_catalog":["https:\/\/jaunaideja.lt\/wp-content\/uploads\/2022\/09\/Untitled-1-300x300.jpg",300,300,true],"shop_single":["https:\/\/jaunaideja.lt\/wp-content\/uploads\/2022\/09\/Untitled-1-600x375.jpg",600,375,true],"shop_thumbnail":["https:\/\/jaunaideja.lt\/wp-content\/uploads\/2022\/09\/Untitled-1-100x100.jpg",100,100,true]},"uagb_author_info":{"display_name":"Tautvydas Zaurynas","author_link":"https:\/\/jaunaideja.lt\/en\/author\/"},"uagb_comment_info":0,"uagb_excerpt":"Turite verslo id\u0117ja, bet ne\u017einote ar ji gali b\u016bti s\u0117kminga? \u2705 Atlikus analiz\u0119, gal\u0117site nuspr\u0119sti ar apsimoka \u017eengti \u012f rink\u0105, kiek kainuot\u0173 prad\u0117ti versl\u0105 ir kokia prognozuojama J\u016bs\u0173 rinkos perspektyva. \u2705 Atliksime duomen\u0173 analiz\u0119 pasitelkia \u201eGoogle\" ir socialini\u0173 tinkl\u0173 duomenis. \u2705 Mes surinksime duomenis ir paversime informacija, kuria pad\u0117sime panaudoti naudingai, kad j\u016bs gal\u0117tum\u0117te priimti&hellip;","_links":{"self":[{"href":"https:\/\/jaunaideja.lt\/en\/wp-json\/wp\/v2\/product\/3318"}],"collection":[{"href":"https:\/\/jaunaideja.lt\/en\/wp-json\/wp\/v2\/product"}],"about":[{"href":"https:\/\/jaunaideja.lt\/en\/wp-json\/wp\/v2\/types\/product"}],"wp:featuredmedia":[{"embeddable":true,"href":"https:\/\/jaunaideja.lt\/en\/wp-json\/wp\/v2\/media\/3321"}],"wp:attachment":[{"href":"https:\/\/jaunaideja.lt\/en\/wp-json\/wp\/v2\/media?parent=3318"}],"wp:term":[{"taxonomy":"product_cat","embeddable":true,"href":"https:\/\/jaunaideja.lt\/en\/wp-json\/wp\/v2\/product_cat?post=3318"},{"taxonomy":"product_tag","embeddable":true,"href":"https:\/\/jaunaideja.lt\/en\/wp-json\/wp\/v2\/product_tag?post=3318"}],"curies":[{"name":"wp","href":"https:\/\/api.w.org\/{rel}","templated":true}]}}