{"id":3317,"date":"2022-09-27T20:33:56","date_gmt":"2022-09-27T20:33:56","guid":{"rendered":"https:\/\/jaunaideja.lt\/?post_type=product&#038;p=3317"},"modified":"2024-08-14T13:42:29","modified_gmt":"2024-08-14T11:42:29","slug":"sukio-kurimas","status":"publish","type":"product","link":"https:\/\/jaunaideja.lt\/en\/paslauga\/slogan-creating\/","title":{"rendered":"Creating a slogan"},"content":{"rendered":"<p><strong>\u2705 Creating a slogan is<\/strong> a short description of your <strong>mission statement<\/strong>: it should<strong> Attract<\/strong> Your customers, encouraging them to become curious and willing to work with you. You can have the best website, the best product, even the best team... but if nobody knows about it, it will seem like it doesn't even exist.<\/p>\n<p><strong>\u2705 <\/strong>That's why great slogans have <strong>trigger emotions<\/strong>as well as tell the audience about working with you <strong>benefits<\/strong> - so that they want to work with you themselves.<\/p>\n<p><strong>\u2705 <\/strong>The slogan is an important part of that process. It can<strong> be displayed<\/strong> On the side of your product boxes,<strong> next to the logo,<\/strong> on social media,<strong> in traditional advertising<\/strong>at the end of videos, in articles, etc.<\/p>\n<p>Creating a slogan can have many benefits for both a business and a brand or event campaign. Here are some benefits:<\/p>\n<ol>\n<li><strong>Ease of delivery:<\/strong> A slogan can briefly and clearly convey the essence of a business, brand or campaign. This makes it easier to understand who you are and what message you want to convey.<\/li>\n<li><strong>The power of recall:<\/strong> A well-crafted slogan can be memorable, helping a product or event stand out from other competitors.<\/li>\n<li><strong>Audience engagement:<\/strong> A well-crafted slogan can attract attention and arouse the interest of the audience. This can make people want to know more about the business or product.<\/li>\n<li><strong>Brand recognition:<\/strong> A slogan can become part of a brand, increasing market recognition and creating a common theme for advertising campaigns.<\/li>\n<li><strong>Emotional connection:<\/strong> When a slogan captures the essence of a brand or event, it can evoke emotions and contribute to a stronger attachment to the business or product.<\/li>\n<li><strong>Call to action:<\/strong> A tagline can be useful for encouraging your audience to take the desired action, such as buying a product, joining an event, or learning about a service.<\/li>\n<li><strong>Communication concentration:<\/strong> This allows you to focus on the essential message without including redundant information and convey your message clearly and comprehensibly.<\/li>\n<\/ol>\n<p>A slogan can be a powerful tool in positioning a brand or campaign in the market. It is a short, memorable and clear phrase that can have a great impact on the image and the audience. It is important to create a slogan that reflects your essence well and attracts the target audience.<\/p>\n<p>Read more on our business blog <a title=\"LiJIA\" href=\"https:\/\/jaunaideja.lt\/en\/lijia\/\" target=\"_blank\" rel=\"noopener\">LiJIA<\/a>.<\/p>","protected":false},"excerpt":{"rendered":"<p><strong>\u2705 Slogan -<\/strong> a phrase, word or expression that describes what an organisation does and what its business intentions are. A brand slogan should attract attention, enrich and strengthen the name and differentiate it from other competitors;<\/p>\n<p><strong>\u2705 <\/strong>A slogan reflects a company's positioning or reputation message and is therefore indispensable for any self-respecting company;<\/p>\n<p><strong>\u2705 <\/strong>At least 5 slogan options are available based on the nature of your business and your company's vision, mission and values;<\/p>\n<p><strong>\u2705 The price includes:<\/strong><\/p>\n<p><strong><span><a onclick=\"read_toggle(304488479, 'Skaityti daugiau', 'Skaityti ma\u017eiau'); return false;\" class=\"read-link\" id=\"readlink304488479\" style=\"readlink\" href=\"#\">Read more<\/a><\/span><\/p>\n<div class=\"read_div\" id=\"read304488479\" style=\"display: none;\"><\/strong><\/p>\n<ul>\n<li>Analysing your performance;<\/li>\n<li>Customer segmentation;<\/li>\n<li>Analysis of needs - stylistics, the desired result and the market of the area;<\/li>\n<li>User and competitor analysis;<\/li>\n<li>Checking that no more of this slogan is created;<\/li>\n<li><strong>Submission of at least 5 variations of the slogan;<\/strong><\/li>\n<li>The swings range from the youthful and adventurous to the robust;<\/li>\n<li>A short explanation of each slogan;<\/li>\n<li>Language choice (LT or EN);<\/li>\n<\/ul>\n<p><strong><\/div>\n<p><\/strong><\/p>\n<p><strong>\ud83d\udcb8 The service is exempt from VAT (21%) and an invoice is issued (upon the customer's request).<\/strong><\/p>","protected":false},"featured_media":3322,"template":"","meta":{"_monsterinsights_skip_tracking":false,"_monsterinsights_sitenote_active":false,"_monsterinsights_sitenote_note":"","_monsterinsights_sitenote_category":0,"site-sidebar-layout":"default","site-content-layout":"default","ast-global-header-display":"","ast-main-header-display":"","ast-hfb-above-header-display":"","ast-hfb-below-header-display":"","ast-hfb-mobile-header-display":"","site-post-title":"","ast-breadcrumbs-content":"","ast-featured-img":"","footer-sml-layout":"","theme-transparent-header-meta":"default","adv-header-id-meta":"","stick-header-meta":"","header-above-stick-meta":"","header-main-stick-meta":"","header-below-stick-meta":""},"product_cat":[20],"product_tag":[45,44],"aioseo_notices":[],"uagb_featured_image_src":{"full":["https:\/\/jaunaideja.lt\/wp-content\/uploads\/2022\/09\/Sukis.jpg",1604,1123,false],"thumbnail":["https:\/\/jaunaideja.lt\/wp-content\/uploads\/2022\/09\/Sukis-150x150.jpg",150,150,true],"medium":["https:\/\/jaunaideja.lt\/wp-content\/uploads\/2022\/09\/Sukis-300x210.jpg",300,210,true],"medium_large":["https:\/\/jaunaideja.lt\/wp-content\/uploads\/2022\/09\/Sukis-768x538.jpg",768,538,true],"large":["https:\/\/jaunaideja.lt\/wp-content\/uploads\/2022\/09\/Sukis-1024x717.jpg",1024,717,true],"1536x1536":["https:\/\/jaunaideja.lt\/wp-content\/uploads\/2022\/09\/Sukis-1536x1075.jpg",1536,1075,true],"2048x2048":["https:\/\/jaunaideja.lt\/wp-content\/uploads\/2022\/09\/Sukis.jpg",1604,1123,false],"trp-custom-language-flag":["https:\/\/jaunaideja.lt\/wp-content\/uploads\/2022\/09\/Sukis.jpg",18,12,false],"mailpoet_newsletter_max":["https:\/\/jaunaideja.lt\/wp-content\/uploads\/2022\/09\/Sukis-1320x924.jpg",1320,924,true],"woocommerce_thumbnail":["https:\/\/jaunaideja.lt\/wp-content\/uploads\/2022\/09\/Sukis-300x300.jpg",300,300,true],"woocommerce_single":["https:\/\/jaunaideja.lt\/wp-content\/uploads\/2022\/09\/Sukis-600x420.jpg",600,420,true],"woocommerce_gallery_thumbnail":["https:\/\/jaunaideja.lt\/wp-content\/uploads\/2022\/09\/Sukis-100x100.jpg",100,100,true],"shop_catalog":["https:\/\/jaunaideja.lt\/wp-content\/uploads\/2022\/09\/Sukis-300x300.jpg",300,300,true],"shop_single":["https:\/\/jaunaideja.lt\/wp-content\/uploads\/2022\/09\/Sukis-600x420.jpg",600,420,true],"shop_thumbnail":["https:\/\/jaunaideja.lt\/wp-content\/uploads\/2022\/09\/Sukis-100x100.jpg",100,100,true]},"uagb_author_info":{"display_name":"Tautvydas Zaurynas","author_link":"https:\/\/jaunaideja.lt\/en\/author\/"},"uagb_comment_info":0,"uagb_excerpt":"\u2705 \u0160\u016bkis \u2013 tai fraz\u0117, \u017eodis ar posakis, nusakantis, k\u0105 organizacija veikia ir kokie verslo ketinimai. Prek\u0117s \u017eenklo \u0161\u016bkis turi pritraukti d\u0117mes\u012f, praturtinti ir sustiprinti vard\u0105 bei i\u0161skirti i\u0161 kit\u0173 konkurent\u0173; \u2705 \u0160\u016bkis atspindi \u012fmon\u0117s pozicionavimo ar reputacijos \u017einut\u0119, tod\u0117l yra b\u016btinas bet kuriai save gerbian\u010diai \u012fmonei; \u2705 Pagal J\u016bs\u0173 veiklos pob\u016bd\u012f ir \u012fmon\u0117s vizij\u0105,&hellip;","_links":{"self":[{"href":"https:\/\/jaunaideja.lt\/en\/wp-json\/wp\/v2\/product\/3317"}],"collection":[{"href":"https:\/\/jaunaideja.lt\/en\/wp-json\/wp\/v2\/product"}],"about":[{"href":"https:\/\/jaunaideja.lt\/en\/wp-json\/wp\/v2\/types\/product"}],"wp:featuredmedia":[{"embeddable":true,"href":"https:\/\/jaunaideja.lt\/en\/wp-json\/wp\/v2\/media\/3322"}],"wp:attachment":[{"href":"https:\/\/jaunaideja.lt\/en\/wp-json\/wp\/v2\/media?parent=3317"}],"wp:term":[{"taxonomy":"product_cat","embeddable":true,"href":"https:\/\/jaunaideja.lt\/en\/wp-json\/wp\/v2\/product_cat?post=3317"},{"taxonomy":"product_tag","embeddable":true,"href":"https:\/\/jaunaideja.lt\/en\/wp-json\/wp\/v2\/product_tag?post=3317"}],"curies":[{"name":"wp","href":"https:\/\/api.w.org\/{rel}","templated":true}]}}