{"id":3314,"date":"2022-09-27T15:26:04","date_gmt":"2022-09-27T15:26:04","guid":{"rendered":"https:\/\/jaunaideja.lt\/?post_type=product&#038;p=3314"},"modified":"2024-08-14T13:42:54","modified_gmt":"2024-08-14T11:42:54","slug":"komunikacijos-planas","status":"publish","type":"product","link":"https:\/\/jaunaideja.lt\/en\/paslauga\/communication-plan\/","title":{"rendered":"Communication plan"},"content":{"rendered":"<p>\u2705<strong> Communication plan<\/strong> \u2013 labai svarbus norit atrasti savo tikslin\u012f klient\u0105 did\u017eiuliame informacijos ir reklamos sklaidos pasaulyje. Norint atrasti savo tikslin\u012f klient\u0105 rekomenduojame atlikti analizes, kurios padeda nustatyti, kokia informacija pasitiki ir labiausiai naudoja J\u016bs\u0173 klientas. Informacijos \u0161iais laikais \u017emon\u0117s ie\u0161ko skaitmenin\u0117s paie\u0161kos b\u016bdu. Tod\u0117l reklam\u0105 rekomenduojame skleisti, tais sklaidos b\u016bdais, kurie labiausiai gal\u0117tu jums sugeneruoti tikslin\u012f klient\u0105. Nors ir radus tinkama sklaidos b\u016bd\u0105, atsiranda kita problema, kaip sudominti klient\u0105 ir i\u0161siskirti i\u0161 konkurent\u0173 pasirinkus t\u0105 pat\u012f sklaidos b\u016bd\u0105. Atsakymas paprastas, k\u016brybingos id\u0117jos ir laiku reklamuojama savo prek\u0117 ar paslauga.<\/p>\n<p>\u2705 Finding the right time to launch your advertising company is very important, because your customers have problems that you can solve, you just need to know when your customers have those problems. This is helped by analyses, which also help to save money, as the customer is already visiting you to solve a problem, not to look at the goods or services you offer, which generates a higher return on investment.<\/p>\n<p><strong>A communication plan has various advantages and benefits in both business and personal contexts:<\/strong><\/p>\n<ol>\n<li><strong>Strategic directions and clarity of goals:<\/strong> A communication plan helps to clearly define communication goals, directions and priorities. This brings clarity to the entire communication strategy.<\/li>\n<li><strong>Effective use of resources:<\/strong> With a clear communication plan, you can rationally use available resources, including budget, human resources and time, thereby maximizing efficiency.<\/li>\n<li><strong>Audience orientation:<\/strong> A plan helps you better understand your audience \u2013 their needs, preferences and behaviors. This way you can adapt your communication strategy to fit your audience's expectations.<\/li>\n<li><strong>Coherence of concerted actions and steps:<\/strong> A communication plan aligns different activities, tactics and strategies so that they work in a coordinated manner and deliver greater value.<\/li>\n<li><strong>Clear results and accountability:<\/strong> Having a plan makes it easier to measure and evaluate your communication efforts, because the goals and indicators you set out allow you to clearly measure the results you've achieved.<\/li>\n<li><strong>Team coordination:<\/strong> A communication plan allows the entire team or company personnel to understand the overall strategy and goals, improving cooperation and coordination.<\/li>\n<li><strong>Adaptation and development:<\/strong> Periodically reviewing and improving your communication plan allows you to adapt to changing market conditions and trends so that your strategy is always effective.<\/li>\n<\/ol>\n<p>A communication plan is a valuable tool that helps you organize and manage your communication efforts, ensuring that those efforts are directed toward clearly defined goals and produce the desired results. It helps to reach the audience more effectively, maintain a positive brand image and achieve business goals.<\/p>\n<p>Read more on our business blog <a title=\"LiJIA\" href=\"https:\/\/jaunaideja.lt\/en\/lijia\/\" target=\"_blank\" rel=\"noopener\">LiJIA<\/a>.<\/p>","protected":false},"excerpt":{"rendered":"<p>\u2705 Komunikacijos planas skirtas sud\u0117lioti \u012fmon\u0117s, asmens komunikacij\u0105 skaitmenin\u0117je erdv\u0117je. Komunikacijos planas apima komunikacijos veiksmus socialiniuose tinkluose ir interneto svetain\u0117se.<\/p>\n<p>Komunikacijos plan\u0105 sudaro komunikuojamos \u017einut\u0117s, komunikacijos priemon\u0117s, tikslai, kainos, prognozuojama nauda ir tikslas.<\/p>\n<p>\u2705 <strong>Included in the plan price:<\/strong><\/p>\n<p><strong><span><a onclick=\"read_toggle(1457517021, 'Skaityti daugiau', 'Skaityti ma\u017eiau'); return false;\" class=\"read-link\" id=\"readlink1457517021\" style=\"readlink\" href=\"#\">Read more<\/a><\/span><\/p>\n<div class=\"read_div\" id=\"read1457517021\" style=\"display: none;\"><\/strong><\/p>\n<ul>\n<li>Choosing the right social media channels for your business target audience;<\/li>\n<li>Determining the most effective digital advertising methods for your business;<\/li>\n<li>Setting the best time to run ads;<\/li>\n<li>The benefits of paid advertising for your business;<\/li>\n<li>Website analysis to increase customer engagement;<\/li>\n<li>Advertising ideas;<\/li>\n<li>Prognozuojama nauda ir tikslai;<\/li>\n<li>Calculating the approximate budget for the entire advertising campaign;<\/li>\n<li>Komunikuojamos \u017einut\u0117s;<\/li>\n<\/ul>\n<p><strong><\/div>\n<p><\/strong><\/p>\n<p><strong>\ud83d\udcb8 The service is exempt from VAT (21%) and an invoice is issued (upon the customer's request).<\/strong><\/p>","protected":false},"featured_media":3325,"template":"","meta":{"_monsterinsights_skip_tracking":false,"_monsterinsights_sitenote_active":false,"_monsterinsights_sitenote_note":"","_monsterinsights_sitenote_category":0,"site-sidebar-layout":"default","site-content-layout":"default","ast-global-header-display":"","ast-main-header-display":"","ast-hfb-above-header-display":"","ast-hfb-below-header-display":"","ast-hfb-mobile-header-display":"","site-post-title":"","ast-breadcrumbs-content":"","ast-featured-img":"","footer-sml-layout":"","theme-transparent-header-meta":"default","adv-header-id-meta":"","stick-header-meta":"","header-above-stick-meta":"","header-main-stick-meta":"","header-below-stick-meta":""},"product_cat":[20],"product_tag":[45,43,44],"aioseo_notices":[],"uagb_featured_image_src":{"full":["https:\/\/jaunaideja.lt\/wp-content\/uploads\/2022\/09\/Komunikacijos-planas.jpg",2187,1250,false],"thumbnail":["https:\/\/jaunaideja.lt\/wp-content\/uploads\/2022\/09\/Komunikacijos-planas-150x150.jpg",150,150,true],"medium":["https:\/\/jaunaideja.lt\/wp-content\/uploads\/2022\/09\/Komunikacijos-planas-300x171.jpg",300,171,true],"medium_large":["https:\/\/jaunaideja.lt\/wp-content\/uploads\/2022\/09\/Komunikacijos-planas-768x439.jpg",768,439,true],"large":["https:\/\/jaunaideja.lt\/wp-content\/uploads\/2022\/09\/Komunikacijos-planas-1024x585.jpg",1024,585,true],"1536x1536":["https:\/\/jaunaideja.lt\/wp-content\/uploads\/2022\/09\/Komunikacijos-planas-1536x878.jpg",1536,878,true],"2048x2048":["https:\/\/jaunaideja.lt\/wp-content\/uploads\/2022\/09\/Komunikacijos-planas-2048x1171.jpg",2048,1171,true],"trp-custom-language-flag":["https:\/\/jaunaideja.lt\/wp-content\/uploads\/2022\/09\/Komunikacijos-planas.jpg",18,10,false],"mailpoet_newsletter_max":["https:\/\/jaunaideja.lt\/wp-content\/uploads\/2022\/09\/Komunikacijos-planas-1320x754.jpg",1320,754,true],"woocommerce_thumbnail":["https:\/\/jaunaideja.lt\/wp-content\/uploads\/2022\/09\/Komunikacijos-planas-300x300.jpg",300,300,true],"woocommerce_single":["https:\/\/jaunaideja.lt\/wp-content\/uploads\/2022\/09\/Komunikacijos-planas-600x343.jpg",600,343,true],"woocommerce_gallery_thumbnail":["https:\/\/jaunaideja.lt\/wp-content\/uploads\/2022\/09\/Komunikacijos-planas-100x100.jpg",100,100,true],"shop_catalog":["https:\/\/jaunaideja.lt\/wp-content\/uploads\/2022\/09\/Komunikacijos-planas-300x300.jpg",300,300,true],"shop_single":["https:\/\/jaunaideja.lt\/wp-content\/uploads\/2022\/09\/Komunikacijos-planas-600x343.jpg",600,343,true],"shop_thumbnail":["https:\/\/jaunaideja.lt\/wp-content\/uploads\/2022\/09\/Komunikacijos-planas-100x100.jpg",100,100,true]},"uagb_author_info":{"display_name":"Tautvydas Zaurynas","author_link":"https:\/\/jaunaideja.lt\/en\/author\/"},"uagb_comment_info":0,"uagb_excerpt":"\u2705 Komunikacijos planas skirtas sud\u0117lioti \u012fmon\u0117s, asmens komunikacij\u0105 skaitmenin\u0117je erdv\u0117je. Komunikacijos planas apima komunikacijos veiksmus socialiniuose tinkluose ir interneto svetain\u0117se. Komunikacijos plan\u0105 sudaro komunikuojamos \u017einut\u0117s, komunikacijos priemon\u0117s, tikslai, kainos, prognozuojama nauda ir tikslas. \u2705 \u012e plano kain\u0105 \u012fskai\u010diuota: [read more] Tinkamiausi\u0173 socialini\u0173 tinkl\u0173 kanal\u0173 parinkimas pagal J\u016bs\u0173 verslo tikslin\u0119 auditorij\u0105; Efektyviausios skaitmenin\u0117s reklamos b\u016bd\u0173 nustatymas&hellip;","_links":{"self":[{"href":"https:\/\/jaunaideja.lt\/en\/wp-json\/wp\/v2\/product\/3314"}],"collection":[{"href":"https:\/\/jaunaideja.lt\/en\/wp-json\/wp\/v2\/product"}],"about":[{"href":"https:\/\/jaunaideja.lt\/en\/wp-json\/wp\/v2\/types\/product"}],"wp:featuredmedia":[{"embeddable":true,"href":"https:\/\/jaunaideja.lt\/en\/wp-json\/wp\/v2\/media\/3325"}],"wp:attachment":[{"href":"https:\/\/jaunaideja.lt\/en\/wp-json\/wp\/v2\/media?parent=3314"}],"wp:term":[{"taxonomy":"product_cat","embeddable":true,"href":"https:\/\/jaunaideja.lt\/en\/wp-json\/wp\/v2\/product_cat?post=3314"},{"taxonomy":"product_tag","embeddable":true,"href":"https:\/\/jaunaideja.lt\/en\/wp-json\/wp\/v2\/product_tag?post=3314"}],"curies":[{"name":"wp","href":"https:\/\/api.w.org\/{rel}","templated":true}]}}