{"id":3310,"date":"2022-09-27T10:21:53","date_gmt":"2022-09-27T10:21:53","guid":{"rendered":"https:\/\/jaunaideja.lt\/?post_type=product&#038;p=3310"},"modified":"2025-04-14T08:42:23","modified_gmt":"2025-04-14T06:42:23","slug":"rasto-darbo-taisymas","status":"publish","type":"product","link":"https:\/\/jaunaideja.lt\/en\/paslauga\/writing-work-correction\/","title":{"rendered":"Correction of written work according to (methodical) requirements"},"content":{"rendered":"<p>\u2705 Correction of written work while preparing the following research papers:<\/p>\n<ul>\n<li>References;<\/li>\n<li>Course work;<\/li>\n<li>Practical\/project work;<\/li>\n<li>Homework;<\/li>\n<li>Laboratory work;<\/li>\n<li>Practice reports;<\/li>\n<li>Bachelor's thesis;<\/li>\n<li>Master theses;<\/li>\n<li>Final projects;<\/li>\n<\/ul>\n<p><strong>\u2705 Methodological requirements<\/strong> - are the institution's requirements for written work. This is a very important consideration when assessing your written work. If you don't do this, you will receive a low grade.<\/p>\n<p>\u2705 We work to all your requirements and Higher Education requirements.<\/p>\n<p>\u2705 Figures, charts, graphs and other illustrations can be included at your request.<\/p>\n<p>\u2705 The work is submitted in the format of your choice.<\/p>\n<p>\u2705 We have a strict confidentiality policy for our clients and their work, which reliably protects our clients' privacy.<\/p>\n<p>Proofreading - It is important to follow certain methodological requirements depending on the style, subject or institution your paper is intended for. Here are some general methodological requirements that often apply to writing:<\/p>\n<ul>\n<li><strong>Format:<\/strong> Most written work is usually written in 12-point Times New Roman font with 1.5 line spacing. However, there are specific requirements to consider, which may vary by institution or field of study.<\/li>\n<li><strong>Headings and titles:<\/strong> We ensure that your work has clear headings and titles to separate chapters or thematic sections. Requirements may require the inclusion of a title page with information about the author, the title of the work, etc.<\/li>\n<li><strong>Citation and references:<\/strong> If you use quotations or information from other sources, you must cite them properly according to the required citation styles, such as APA, MLA, Chicago styles. It is also necessary to provide a bibliography with all sources used.<\/li>\n<li><strong>Content structure:<\/strong> The content of the work must be structured in logical parts that begin with the introduction, continue with the main content and end with the conclusions.<\/li>\n<li><strong>Page numbering and formatting:<\/strong> We check whether the pages are numbered correctly and whether the formatting of the pages meets the requirements.<\/li>\n<li><strong>And there are many other methodological requirements that are specified.<\/strong><\/li>\n<\/ul>\n<p>Each writing assignment may have its own unique style or requirements, so it is important to carefully read and follow the specific methodological guidelines to ensure that your assignment meets the specific requirements.<\/p>\n<p>Read more on our business blog <a title=\"LiJIA\" href=\"https:\/\/jaunaideja.lt\/en\/lijia\/\" target=\"_blank\" rel=\"noopener\">LiJIA<\/a>.<\/p>","protected":false},"excerpt":{"rendered":"<div class=\"elementor-element elementor-element-21c9565 elementor-widget elementor-widget-heading animated fadeInUp\" data-id=\"21c9565\" data-element_type=\"widget\" data-settings=\"{&quot;_animation&quot;:&quot;fadeInUp&quot;}\" data-widget_type=\"heading.default\">\n<div class=\"elementor-widget-container\">\n<h3>Price:<\/h3>\n<\/div>\n<\/div>\n<div class=\"elementor-element elementor-element-76cbce7 elementor-widget elementor-widget-text-editor animated fadeInUp\" data-id=\"76cbce7\" data-element_type=\"widget\" data-settings=\"{&quot;_animation&quot;:&quot;fadeInUp&quot;}\" data-widget_type=\"text-editor.default\">\n<div class=\"elementor-widget-container\">\n<ul>\n<li>Pages 1-5 \u2013 9.99 Eur;<\/li>\n<li>6 \u2013 10 pages \u2013 14.99 EUR;<\/li>\n<li>11 \u2013 20 pages \u2013 1.49 EUR \/ 1 page;<\/li>\n<li>21 \u2013 30 pages \u2013 1.29 Eur \/ 1 page;<\/li>\n<li>31 \u2013 50 pages \u2013 1.09 Eur \/ 1 page;<\/li>\n<li>51 \u2013 70 pages \u2013 0.89 Eur \/ 1 page;<\/li>\n<li>Volume greater than 71 pages \u2013 0.79 EUR \/ 1 page;<\/li>\n<\/ul>\n<p>* Price is preliminary, subject to change after reviewing your work.<\/p>\n<p>*An exact price will be provided after reviewing your booking request.<\/p>\n<div class=\"elementor-element elementor-element-89d88b0 elementor-widget elementor-widget-heading animated fadeInUp\" data-id=\"89d88b0\" data-element_type=\"widget\" data-settings=\"{&quot;_animation&quot;:&quot;fadeInUp&quot;}\" data-widget_type=\"heading.default\">\n<div class=\"elementor-widget-container\">\n<p>\u2705 <strong>The service includes:\u00a0<\/strong><\/p>\n<p><strong><span><a onclick=\"read_toggle(1553365494, 'Skaityti daugiau', 'Skaityti ma\u017eiau'); return false;\" class=\"read-link\" id=\"readlink1553365494\" style=\"readlink\" href=\"#\">Read more<\/a><\/span><\/p>\n<div class=\"read_div\" id=\"read1553365494\" style=\"display: none;\"><\/strong><\/p>\n<ul>\n<li>Correcting your written work according to methodological requirements - all formatting, content, title, introductory parts, page numbering, spaces, paragraphs, text size, presentation of tables and figures, bibliography, appendices, etc.;<\/li>\n<li>Confidentiality;<\/li>\n<li>Not using your works for other works;<\/li>\n<li>Consultation on weekdays;<\/li>\n<li>Correction of the work, after your inspection and comments;<\/li>\n<li>Correcting the work again, after the comments of the work supervisors about the inconsistencies in the methodological requirements;<\/li>\n<\/ul>\n<p><strong><\/div>\n<p><\/strong><\/p>\n<p>\ud83d\udce2 Urgent completion of work and correction of already written work (part of work) is possible.<\/p>\n<p>\ud83d\udcb0 When buying for the same group, we apply a discount!<\/p>\n<p>\ud83d\udcdd We recommend not to try to do anything yourself, because sometimes it takes us longer to correct your mistakes than we would have done ourselves, so we will not be able to offer the cheapest option for services.<\/p>\n<p>\ud83c\udf93 The works are corrected by persons who have completed their master's degree.<\/p>\n<p>\u2757 We do not write texts and do not correct spelling, punctuation, grammar, lexicon, syntax and style errors.<\/p>\n<p><strong>\ud83d\udcb8 The service is not subject to VAT (21%).<\/strong><\/p>\n<h5>FOR WORK ORDER:<\/h5>\n<p>\ud83d\udd3d Fill out the request form below and we will contact you with the final price and time of the work.<\/p>\n<div role=\"form\" class=\"wpcf7\" id=\"wpcf7-f3312-o1\" lang=\"lt-LT\" dir=\"ltr\">\n<div class=\"screen-reader-response\">\n<p role=\"status\" aria-live=\"polite\" aria-atomic=\"true\">\n<ul><\/ul>\n<\/div>\n<form action=\"\/en\/wp-json\/wp\/v2\/product\/3310#wpcf7-f3312-o1\" method=\"post\" class=\"wpcf7-form init\" enctype=\"multipart\/form-data\" novalidate=\"novalidate\" data-status=\"init\" data-trp-original-action=\"\/en\/wp-json\/wp\/v2\/product\/3310#wpcf7-f3312-o1\">\n<div style=\"display: none;\">\n<input type=\"hidden\" name=\"_wpcf7\" value=\"3312\" \/><br \/>\n<input type=\"hidden\" name=\"_wpcf7_version\" value=\"5.6.2\" \/><br \/>\n<input type=\"hidden\" name=\"_wpcf7_locale\" value=\"lt_LT\" \/><br \/>\n<input type=\"hidden\" name=\"_wpcf7_unit_tag\" value=\"wpcf7-f3312-o1\" \/><br \/>\n<input type=\"hidden\" name=\"_wpcf7_container_post\" value=\"0\" \/><br \/>\n<input type=\"hidden\" name=\"_wpcf7_posted_data_hash\" value=\"\" \/><br \/>\n<input type=\"hidden\" name=\"_wpcf7cf_hidden_group_fields\" value=\"[]\" \/><br \/>\n<input type=\"hidden\" name=\"_wpcf7cf_hidden_groups\" value=\"[]\" \/><br \/>\n<input type=\"hidden\" name=\"_wpcf7cf_visible_groups\" value=\"[]\" \/><br \/>\n<input type=\"hidden\" name=\"_wpcf7cf_repeaters\" value=\"[]\" \/><br \/>\n<input type=\"hidden\" name=\"_wpcf7cf_steps\" value=\"{}\" \/><br \/>\n<input type=\"hidden\" name=\"_wpcf7cf_options\" value=\"{&quot;form_id&quot;:3312,&quot;conditions&quot;:[{&quot;then_field&quot;:&quot;-1&quot;,&quot;and_rules&quot;:[{&quot;if_field&quot;:&quot;-1&quot;,&quot;operator&quot;:&quot;equals&quot;,&quot;if_value&quot;:&quot;Produkto nuotrauk\\u0173 paruo\\u0161imas&quot;}]},{&quot;then_field&quot;:&quot;-1&quot;,&quot;and_rules&quot;:[{&quot;if_field&quot;:&quot;-1&quot;,&quot;operator&quot;:&quot;equals&quot;,&quot;if_value&quot;:&quot;Nuotrauk\\u0173 fotografavimas ir paruo\\u0161imas&quot;}]}],&quot;settings&quot;:{&quot;animation&quot;:&quot;yes&quot;,&quot;animation_intime&quot;:200,&quot;animation_outtime&quot;:200,&quot;conditions_ui&quot;:&quot;normal&quot;,&quot;notice_dismissed&quot;:false,&quot;notice_dismissed_update-cf7-5.6.3&quot;:true}}\" \/>\n<\/div>\n<h3><center> Writing assignment request:<\/center><\/p>\n<\/h3>\n<p><label> Your e-mail:*<br \/>\n<span class=\"wpcf7-form-control-wrap\" data-name=\"your-email\"><input type=\"email\" name=\"your-email\" value=\"\" size=\"40\" class=\"wpcf7-form-control wpcf7-text wpcf7-email wpcf7-validates-as-required wpcf7-validates-as-email\" aria-required=\"true\" aria-invalid=\"false\" \/><\/span> <\/label><\/p>\n<p><label> Your written work:* <\/label><br \/>\n<span class=\"wpcf7-form-control-wrap\" data-name=\"rasto_darbas\"><input type=\"file\" name=\"rasto_darbas\" size=\"40\" class=\"wpcf7-form-control wpcf7-file wpcf7-validates-as-required\" accept=\".docx,.doc,.txt,.pdf\" aria-required=\"true\" aria-invalid=\"false\" \/><\/span><\/p>\n<p><label> Methodological guidance from your institution:* <\/label><br \/>\n<span class=\"wpcf7-form-control-wrap\" data-name=\"metodiniai_nurodymai\"><input type=\"file\" name=\"metodiniai_nurodymai\" size=\"40\" class=\"wpcf7-form-control wpcf7-file wpcf7-validates-as-required\" accept=\".docx,.doc,.txt,.pdf\" aria-required=\"true\" aria-invalid=\"false\" \/><\/span><\/p>\n<p><label> Date by which we must send the corrected work: <\/label><br \/>\n<span class=\"wpcf7-form-control-wrap\" data-name=\"date\"><input type=\"date\" name=\"date\" value=\"\" class=\"wpcf7-form-control wpcf7-date wpcf7-validates-as-date\" aria-invalid=\"false\" \/><\/span><\/p>\n<p><label> Your comment (optional):<br \/>\n    <span class=\"wpcf7-form-control-wrap\" data-name=\"your-message\"><textarea name=\"your-message\" cols=\"40\" rows=\"10\" class=\"wpcf7-form-control wpcf7-textarea\" aria-invalid=\"false\"><\/textarea><\/span> <\/label><\/p>\n<p><span class=\"wpcf7-form-control-wrap\" data-name=\"Skubus_atlikimas\"><span class=\"wpcf7-form-control wpcf7-checkbox\"><span class=\"wpcf7-list-item first last\"><label><input type=\"checkbox\" name=\"Skubus_atlikimas[]\" value=\"Skubus atlikimas (i\u0161kart gavus apmok\u0117jim\u0105) (+30% papildomai nuo bendros sumos)\" \/><span class=\"wpcf7-list-item-label\">Priority execution (immediately upon receipt of payment) (+30% extra from the total amount)<\/span><\/label><\/span><\/span><\/span><\/p>\n<h6><center> We will provide a price depending on the number of pages and the quality of the written work (we respond within one working day).<br \/>\n<\/center><br \/>\n<\/h6>\n<p><input type=\"submit\" value=\"Submit\" class=\"wpcf7-form-control has-spinner wpcf7-submit\" \/><\/p>\n<p style=\"display: none !important;\" class=\"akismet-fields-container\" data-prefix=\"_wpcf7_ak_\"><label>&#916;<textarea name=\"_wpcf7_ak_hp_textarea\" cols=\"45\" rows=\"8\" maxlength=\"100\"><\/textarea><\/label><input type=\"hidden\" id=\"ak_js_1\" name=\"_wpcf7_ak_js\" value=\"242\"\/><script>document.getElementById( \"ak_js_1\" ).setAttribute( \"value\", ( new Date() ).getTime() );<\/script><\/p>\n<div class=\"wpcf7-response-output\" aria-hidden=\"true\"><\/div>\n<input type=\"hidden\" name=\"trp-form-language\" value=\"en\"\/><\/form>\n<\/div>\n<\/div>\n<\/div>\n<\/div>\n<\/div>","protected":false},"featured_media":3311,"template":"","meta":{"_monsterinsights_skip_tracking":false,"_monsterinsights_sitenote_active":false,"_monsterinsights_sitenote_note":"","_monsterinsights_sitenote_category":0,"site-sidebar-layout":"default","site-content-layout":"default","ast-global-header-display":"","ast-main-header-display":"","ast-hfb-above-header-display":"","ast-hfb-below-header-display":"","ast-hfb-mobile-header-display":"","site-post-title":"","ast-breadcrumbs-content":"","ast-featured-img":"","footer-sml-layout":"","theme-transparent-header-meta":"default","adv-header-id-meta":"","stick-header-meta":"","header-above-stick-meta":"","header-main-stick-meta":"","header-below-stick-meta":""},"product_cat":[432],"product_tag":[],"aioseo_notices":[],"uagb_featured_image_src":{"full":["https:\/\/jaunaideja.lt\/wp-content\/uploads\/2022\/09\/2451014.jpg",1999,1838,false],"thumbnail":["https:\/\/jaunaideja.lt\/wp-content\/uploads\/2022\/09\/2451014-150x150.jpg",150,150,true],"medium":["https:\/\/jaunaideja.lt\/wp-content\/uploads\/2022\/09\/2451014-300x276.jpg",300,276,true],"medium_large":["https:\/\/jaunaideja.lt\/wp-content\/uploads\/2022\/09\/2451014-768x706.jpg",768,706,true],"large":["https:\/\/jaunaideja.lt\/wp-content\/uploads\/2022\/09\/2451014-1024x942.jpg",1024,942,true],"1536x1536":["https:\/\/jaunaideja.lt\/wp-content\/uploads\/2022\/09\/2451014-1536x1412.jpg",1536,1412,true],"2048x2048":["https:\/\/jaunaideja.lt\/wp-content\/uploads\/2022\/09\/2451014.jpg",1999,1838,false],"trp-custom-language-flag":["https:\/\/jaunaideja.lt\/wp-content\/uploads\/2022\/09\/2451014.jpg",13,12,false],"mailpoet_newsletter_max":["https:\/\/jaunaideja.lt\/wp-content\/uploads\/2022\/09\/2451014-1320x1214.jpg",1320,1214,true],"woocommerce_thumbnail":["https:\/\/jaunaideja.lt\/wp-content\/uploads\/2022\/09\/2451014-300x300.jpg",300,300,true],"woocommerce_single":["https:\/\/jaunaideja.lt\/wp-content\/uploads\/2022\/09\/2451014-600x552.jpg",600,552,true],"woocommerce_gallery_thumbnail":["https:\/\/jaunaideja.lt\/wp-content\/uploads\/2022\/09\/2451014-100x100.jpg",100,100,true],"shop_catalog":["https:\/\/jaunaideja.lt\/wp-content\/uploads\/2022\/09\/2451014-300x300.jpg",300,300,true],"shop_single":["https:\/\/jaunaideja.lt\/wp-content\/uploads\/2022\/09\/2451014-600x552.jpg",600,552,true],"shop_thumbnail":["https:\/\/jaunaideja.lt\/wp-content\/uploads\/2022\/09\/2451014-100x100.jpg",100,100,true]},"uagb_author_info":{"display_name":"Tautvydas Zaurynas","author_link":"https:\/\/jaunaideja.lt\/en\/author\/"},"uagb_comment_info":0,"uagb_excerpt":"Kaina: 1-5 psl. apimtis \u2013 9,99 Eur; 6 \u2013 10 psl. apimtis \u2013 14,99 Eur; 11 \u2013 20 psl. apimtis \u2013 1,49 Eur \/ 1 psl.; 21 \u2013 30 psl. apimtis \u2013 1,29 Eur \/ 1 psl.; 31 \u2013 50 psl. apimtis \u2013 1,09 Eur \/ 1 psl.; 51 \u2013 70 psl. apimtis \u2013 0,89&hellip;","_links":{"self":[{"href":"https:\/\/jaunaideja.lt\/en\/wp-json\/wp\/v2\/product\/3310"}],"collection":[{"href":"https:\/\/jaunaideja.lt\/en\/wp-json\/wp\/v2\/product"}],"about":[{"href":"https:\/\/jaunaideja.lt\/en\/wp-json\/wp\/v2\/types\/product"}],"wp:featuredmedia":[{"embeddable":true,"href":"https:\/\/jaunaideja.lt\/en\/wp-json\/wp\/v2\/media\/3311"}],"wp:attachment":[{"href":"https:\/\/jaunaideja.lt\/en\/wp-json\/wp\/v2\/media?parent=3310"}],"wp:term":[{"taxonomy":"product_cat","embeddable":true,"href":"https:\/\/jaunaideja.lt\/en\/wp-json\/wp\/v2\/product_cat?post=3310"},{"taxonomy":"product_tag","embeddable":true,"href":"https:\/\/jaunaideja.lt\/en\/wp-json\/wp\/v2\/product_tag?post=3310"}],"curies":[{"name":"wp","href":"https:\/\/api.w.org\/{rel}","templated":true}]}}