{"id":3309,"date":"2022-09-28T20:30:24","date_gmt":"2022-09-28T20:30:24","guid":{"rendered":"https:\/\/jaunaideja.lt\/?post_type=product&#038;p=3309"},"modified":"2024-08-14T13:41:55","modified_gmt":"2024-08-14T11:41:55","slug":"maketai-ant-drabuziu","status":"publish","type":"product","link":"https:\/\/jaunaideja.lt\/en\/paslauga\/layouts-on-clothes\/","title":{"rendered":"Mockups on clothes"},"content":{"rendered":"<p>\u2705 <strong>Mockups on clothes<\/strong><b> <\/b>covers a much wider range of creativity than just putting up a logo or a sign. We are talking about <strong>unconventional design solutions<\/strong> on clothing, both in terms of the range of colours and the amount of colour.<\/p>\n<p>Creating mockups on clothes or apparel can bring many benefits both on a personal and business level:<\/p>\n<ol>\n<li><strong>Individuality and uniqueness:<\/strong> Mockups allow you to create unique and exclusive designs on clothes that reflect your personality, style or brand.<\/li>\n<li><strong>Brand promotion:<\/strong> In the case of a business, mockups on clothing can be a great way to promote your brand. This allows you to spread your brand and increase the visibility of your business.<\/li>\n<li><strong>Creative expression:<\/strong> Designing on clothes is a creative process that allows you to express your creativity and design skills.<\/li>\n<li><strong>Highlighting personal style:<\/strong> Help highlight your personal style and stand out from the crowd by choosing unique clothes with your layouts.<\/li>\n<li><strong>Corporate events and team spirit:<\/strong> Many companies use mockups on clothes at their events or in internal communication to strengthen team spirit and identification with the company.<\/li>\n<li><strong>Business Growth:<\/strong> In business, mockups on clothing can be used as part of a branding strategy to help attract customers and promote your brand.<\/li>\n<li><strong>Development of new markets:<\/strong> Apparel design can be a valuable tool to attract new audiences and expand the market by drawing attention to original and distinctive designs.<\/li>\n<\/ol>\n<p>Mockups on clothing can be a valuable way to express your creative aspirations, personal style or business branding, as well as attract attention, promote your brand and create unique clothing designs. Designing on clothes or apparel can be a creative and eye-catching way to add individuality and uniqueness to your outfit.<\/p>\n<p>Read more on our business blog <a title=\"LiJIA\" href=\"http:\/\/www.lijia.lt\/\" target=\"_blank\" rel=\"noopener\">LiJIA<\/a>.<\/p>","protected":false},"excerpt":{"rendered":"<p>\u2705 <strong>You have a company<\/strong> Want to add more than just a logo to your workwear with a distinctive minimalist design? Or maybe <strong>bachelor or bachelorette party soon<\/strong> and you want to surprise the groom or the bride with an exclusive design with your inscription and photo? We don't forget <strong>and you want to surprise the groom or the bride with an exclusive design with your inscription and photo? We don't forget<\/strong> who needs an interesting gift, or maybe you want to surprise those around you?<\/p>\n<p><strong>We have an offer for you,<\/strong> mock-ups of the garments with your inscription, photo or image and the possibility to organise the production process.<\/p>\n<p>\u2705 <strong>The price of clothes layout includes:<\/strong><\/p>\n<p><strong><span><a onclick=\"read_toggle(2014742515, 'Skaityti daugiau', 'Skaityti ma\u017eiau'); return false;\" class=\"read-link\" id=\"readlink2014742515\" style=\"readlink\" href=\"#\">Read more<\/a><\/span><\/p>\n<div class=\"read_div\" id=\"read2014742515\" style=\"display: none;\"><\/strong><\/p>\n<ul>\n<li>Design production according to your needs;<\/li>\n<li>Adaptation of colors, sizes, quality to the design;<\/li>\n<li>Design corrections after delivery;<\/li>\n<li>Selecting the right material according to your order information;<\/li>\n<li>Organization of production taking into account your allocated budget;<\/li>\n<\/ul>\n<p><strong><\/div>\n<p><\/strong><\/p>\n<p><strong>\u2705 We can also offer a printing company for an additional price (\u20ac4.99), the price includes:<\/strong><\/p>\n<p><strong><span><a onclick=\"read_toggle(1842042827, 'Skaityti daugiau', 'Skaityti ma\u017eiau'); return false;\" class=\"read-link\" id=\"readlink1842042827\" style=\"readlink\" href=\"#\">Read more<\/a><\/span><\/p>\n<div class=\"read_div\" id=\"read1842042827\" style=\"display: none;\"><\/strong><\/p>\n<ul>\n<li>Setting the printing method most likely to achieve the desired goal;<\/li>\n<li>Finding a printing company, combining price and quality taking into account your product (whole basket);<\/li>\n<li>E-mail preparation of a letter, which you should only forward to the selected printing company, which will issue you an invoice for the services;<\/li>\n<\/ul>\n<p><strong>\ud83d\udcb3 You should pay the invoice directly to the printing company.<\/strong><\/p>\n<p><strong>\ud83d\udd3d You can find the approximate prices for printing invitations in the description below.<\/strong><\/p>\n<p><strong><\/div>\n<p><\/strong><\/p>\n<p>\ud83d\udca1 <strong>Don't have an idea? <\/strong>No problem, in the order form below, provide the text and additional necessary information and taking into account your information <strong>we will come up with an idea and perform the service.<\/strong><\/p>\n<p><strong>\ud83d\udcb8 The layout service is exempt from VAT (21%) and invoices are issued (upon the customer's request).<\/strong><\/p>","protected":false},"featured_media":3368,"template":"","meta":{"_monsterinsights_skip_tracking":false,"_monsterinsights_sitenote_active":false,"_monsterinsights_sitenote_note":"","_monsterinsights_sitenote_category":0,"site-sidebar-layout":"default","site-content-layout":"default","ast-global-header-display":"","ast-main-header-display":"","ast-hfb-above-header-display":"","ast-hfb-below-header-display":"","ast-hfb-mobile-header-display":"","site-post-title":"","ast-breadcrumbs-content":"","ast-featured-img":"","footer-sml-layout":"","theme-transparent-header-meta":"default","adv-header-id-meta":"","stick-header-meta":"","header-above-stick-meta":"","header-main-stick-meta":"","header-below-stick-meta":""},"product_cat":[16,26],"product_tag":[45,44],"aioseo_notices":[],"uagb_featured_image_src":{"full":["https:\/\/jaunaideja.lt\/wp-content\/uploads\/2022\/09\/maike.jpg",1472,1001,false],"thumbnail":["https:\/\/jaunaideja.lt\/wp-content\/uploads\/2022\/09\/maike-150x150.jpg",150,150,true],"medium":["https:\/\/jaunaideja.lt\/wp-content\/uploads\/2022\/09\/maike-300x204.jpg",300,204,true],"medium_large":["https:\/\/jaunaideja.lt\/wp-content\/uploads\/2022\/09\/maike-768x522.jpg",768,522,true],"large":["https:\/\/jaunaideja.lt\/wp-content\/uploads\/2022\/09\/maike-1024x696.jpg",1024,696,true],"1536x1536":["https:\/\/jaunaideja.lt\/wp-content\/uploads\/2022\/09\/maike.jpg",1472,1001,false],"2048x2048":["https:\/\/jaunaideja.lt\/wp-content\/uploads\/2022\/09\/maike.jpg",1472,1001,false],"trp-custom-language-flag":["https:\/\/jaunaideja.lt\/wp-content\/uploads\/2022\/09\/maike.jpg",18,12,false],"mailpoet_newsletter_max":["https:\/\/jaunaideja.lt\/wp-content\/uploads\/2022\/09\/maike-1320x898.jpg",1320,898,true],"woocommerce_thumbnail":["https:\/\/jaunaideja.lt\/wp-content\/uploads\/2022\/09\/maike-300x300.jpg",300,300,true],"woocommerce_single":["https:\/\/jaunaideja.lt\/wp-content\/uploads\/2022\/09\/maike-600x408.jpg",600,408,true],"woocommerce_gallery_thumbnail":["https:\/\/jaunaideja.lt\/wp-content\/uploads\/2022\/09\/maike-100x100.jpg",100,100,true],"shop_catalog":["https:\/\/jaunaideja.lt\/wp-content\/uploads\/2022\/09\/maike-300x300.jpg",300,300,true],"shop_single":["https:\/\/jaunaideja.lt\/wp-content\/uploads\/2022\/09\/maike-600x408.jpg",600,408,true],"shop_thumbnail":["https:\/\/jaunaideja.lt\/wp-content\/uploads\/2022\/09\/maike-100x100.jpg",100,100,true]},"uagb_author_info":{"display_name":"Tautvydas Zaurynas","author_link":"https:\/\/jaunaideja.lt\/en\/author\/"},"uagb_comment_info":0,"uagb_excerpt":"\u2705 Turite \u012fmon\u0119 ir norite savo darbo drabu\u017eius papuo\u0161ti ne tik logotipu, bet ir i\u0161skirtiniu minimalistiniu dizainu? O gal greitai bernvakaris arba mergvakaris ir norite jaunik\u012f ar nuotak\u0105 nustebinti i\u0161skirtinu dizainu su J\u016bs\u0173 u\u017era\u0161u ir nuotrauk\u0105? Nepamir\u0161tame ir vakar\u0117lio arba gimtadienio, kuriam reikia \u012fdomios dovanos, o gal pats norite nustebinti aplinkinius? Turime jums pasi\u016blym\u0105, maketai&hellip;","_links":{"self":[{"href":"https:\/\/jaunaideja.lt\/en\/wp-json\/wp\/v2\/product\/3309"}],"collection":[{"href":"https:\/\/jaunaideja.lt\/en\/wp-json\/wp\/v2\/product"}],"about":[{"href":"https:\/\/jaunaideja.lt\/en\/wp-json\/wp\/v2\/types\/product"}],"wp:featuredmedia":[{"embeddable":true,"href":"https:\/\/jaunaideja.lt\/en\/wp-json\/wp\/v2\/media\/3368"}],"wp:attachment":[{"href":"https:\/\/jaunaideja.lt\/en\/wp-json\/wp\/v2\/media?parent=3309"}],"wp:term":[{"taxonomy":"product_cat","embeddable":true,"href":"https:\/\/jaunaideja.lt\/en\/wp-json\/wp\/v2\/product_cat?post=3309"},{"taxonomy":"product_tag","embeddable":true,"href":"https:\/\/jaunaideja.lt\/en\/wp-json\/wp\/v2\/product_tag?post=3309"}],"curies":[{"name":"wp","href":"https:\/\/api.w.org\/{rel}","templated":true}]}}