{"id":3278,"date":"2022-09-26T10:19:27","date_gmt":"2022-09-26T10:19:27","guid":{"rendered":"https:\/\/jaunaideja.lt\/?post_type=product&#038;p=3278"},"modified":"2024-08-14T13:43:22","modified_gmt":"2024-08-14T11:43:22","slug":"socialinio-tinklo-karuseles","status":"publish","type":"product","link":"https:\/\/jaunaideja.lt\/en\/paslauga\/social-network-carousels\/","title":{"rendered":"Social network carousels"},"content":{"rendered":"<p>\u2705<strong> Socialinio tinklo karusel\u0117s yra<\/strong> <b>\u012fra\u0161as, kuriame yra daugiau nei viena nuotrauka ar vaizdo \u012fra\u0161as, kur\u012f naudotojai gali per\u017ei\u016br\u0117ti per telefono program\u0105 braukdami kair\u0117n<\/b>.\u00a0Stalini\u0173 kompiuteri\u0173 naudotojai gali per\u017ei\u016br\u0117ti karusel\u0117s \u012fra\u0161\u0105 spustel\u0117dami rodykl\u0117s mygtuk\u0105 \u012fra\u0161o de\u0161in\u0117je.\u00a0Pagalvokite apie tai kaip apie \u012fra\u0161\u0173 skaidri\u0173 demonstracij\u0105, kuri\u0105 vartotojai gali valdyti rankiniu b\u016bdu.<\/p>\n<p>\u2705 Using data collected from 2021 January 1 until 2022 on February 28, we analyzed more than 44 million Instagram feed posts (excluding scrolls) and we found: <b>Social carousel posts have the highest average engagement rate of any feed post type<\/b>.\u00a0Vaizd\u0173 vidutinis \u012ftraukimo rodiklis yra \u0161iek tiek didesnis nei vaizdo \u012fra\u0161\u0173 tiekimo \u012fra\u0161\u0173 (i\u0161skyrus ritinius).<\/p>\n<p>\u2705 <strong>Social network carousels<\/strong><b> \u2013 \u012fra\u0161ai yra geresni \u012ftraukimui nei bet koks kitas Instagram turinio tipas<\/b>. Ties\u0105 sakant, neseniai atliktas tyrimas parod\u0117, kad \u201eInstagram\u201c \u012fra\u0161as, kuriame yra kelios nuotraukos, da\u017eniausiai b\u016bna s\u0117kmingesnis nei tas, kuriame yra tik viena nuotrauka ar vaizdo \u012fra\u0161as.<\/p>\n<p>Socialinio tinklo karusel\u0117 yra turinio formatas, leid\u017eiantis \u012fd\u0117ti daugyb\u0119 skirting\u0173 paveiksl\u0117li\u0173 arba vaizdo \u012fra\u0161\u0173 \u012f vien\u0105 skaidr\u0119, kuri\u0105 vartotojai gali slinkti, kad pamatyt\u0173 vis\u0105 turin\u012f. \u0160is funkcionalumas yra prieinamas \u012fvairiuose socialiniuose tinkluose, tokiuose kaip Instagram, Facebook, LinkedIn ar Twitter, ir yra geras b\u016bdas pristatyti skirtingus produktus, paslaugas, istorijas ar id\u0117jas.<\/p>\n<p>Kai kuri\u0173 pagrindini\u0173 \u017eingsni\u0173, kaip kurti socialinio tinklo karusel\u0119:<\/p>\n<p>Temos ar pasakojimo suk\u016brimas: Nuspr\u0119skite, kok\u012f turin\u012f norite perteikti karusel\u0117je. Galite sukurti pasakojim\u0105, pristatyti produkt\u0173 serij\u0105, parodyti veiklos eiga, paskleisti id\u0117jas arba sukurti informatyv\u0173 vadov\u0105.<\/p>\n<p>Kvietimas veiksmui: Kiekvienoje skaidr\u0117je \u012ftraukite ai\u0161k\u0173 kvietim\u0105 veiksmui (CTA &#8211; Call to Action). Tai gali b\u016bti nuoroda \u012f j\u016bs\u0173 svetain\u0119, produkt\u0105, paslaug\u0105 arba kvietimas \u012f veiksm\u0105, kaip &#8220;Spustel\u0117kite \u010dia&#8221;, &#8220;Su\u017einokite daugiau&#8221; ir pan.<\/p>\n<p>Socialinio tinklo karusel\u0117 yra puikus b\u016bdas pritraukti d\u0117mes\u012f ir suteikti vartotojams daugiau informacijos per vien\u0105 skaidr\u0119, tuo pa\u010diu leisdami jiems aktyviai dalyvauti per\u017ei\u016brint turin\u012f.<\/p>\n<p>Read more on our business blog <a title=\"LiJIA\" href=\"https:\/\/jaunaideja.lt\/en\/lijia\/\" target=\"_blank\" rel=\"noopener\">LiJIA<\/a>.<\/p>","protected":false},"excerpt":{"rendered":"<p>\u2705<strong> The price of social network carousel layout includes:<\/strong><\/p>\n<ul>\n<li>Analysis of needs - stylistics, the desired result and the market of the area;<\/li>\n<li>User and competitor analysis;<\/li>\n<li>Design layout;<\/li>\n<li>Post-submission design corrections;<\/li>\n<li>Graphic designer and marketing specialist consultations;<\/li>\n<\/ul>\n<p><img class=\"emoji\" role=\"img\" draggable=\"false\" src=\"https:\/\/s.w.org\/images\/core\/emoji\/14.0.0\/svg\/1f4a1.svg\" alt=\"\ud83d\udca1\" \/>\u00a0<strong>Don't have an idea?<\/strong> No problem, in the order form below, provide the text and additional necessary information and taking into account your information <strong>we will come up with an idea and perform the service.<br \/>\n<\/strong><\/p>\n<p><strong>\ud83d\udcb8 The service is exempt from VAT (21%) and an invoice is issued (upon the customer's request).<\/strong><\/p>\n<p>\u270d\ufe0f Please pay attention to grammar and punctuation errors when specifying the text, as we are not responsible for this! Possibility to correct errors in the order before the start of work.<\/p>","protected":false},"featured_media":3303,"template":"","meta":{"_monsterinsights_skip_tracking":false,"_monsterinsights_sitenote_active":false,"_monsterinsights_sitenote_note":"","_monsterinsights_sitenote_category":0,"site-sidebar-layout":"default","site-content-layout":"default","ast-global-header-display":"","ast-main-header-display":"","ast-hfb-above-header-display":"","ast-hfb-below-header-display":"","ast-hfb-mobile-header-display":"","site-post-title":"","ast-breadcrumbs-content":"","ast-featured-img":"","footer-sml-layout":"","theme-transparent-header-meta":"default","adv-header-id-meta":"","stick-header-meta":"","header-above-stick-meta":"","header-main-stick-meta":"","header-below-stick-meta":""},"product_cat":[47,16,27],"product_tag":[],"aioseo_notices":[],"uagb_featured_image_src":{"full":["https:\/\/jaunaideja.lt\/wp-content\/uploads\/2022\/09\/Instgram-karusele.jpg",1560,1080,false],"thumbnail":["https:\/\/jaunaideja.lt\/wp-content\/uploads\/2022\/09\/Instgram-karusele-150x150.jpg",150,150,true],"medium":["https:\/\/jaunaideja.lt\/wp-content\/uploads\/2022\/09\/Instgram-karusele-300x208.jpg",300,208,true],"medium_large":["https:\/\/jaunaideja.lt\/wp-content\/uploads\/2022\/09\/Instgram-karusele-768x532.jpg",768,532,true],"large":["https:\/\/jaunaideja.lt\/wp-content\/uploads\/2022\/09\/Instgram-karusele-1024x709.jpg",1024,709,true],"1536x1536":["https:\/\/jaunaideja.lt\/wp-content\/uploads\/2022\/09\/Instgram-karusele-1536x1063.jpg",1536,1063,true],"2048x2048":["https:\/\/jaunaideja.lt\/wp-content\/uploads\/2022\/09\/Instgram-karusele.jpg",1560,1080,false],"trp-custom-language-flag":["https:\/\/jaunaideja.lt\/wp-content\/uploads\/2022\/09\/Instgram-karusele.jpg",18,12,false],"mailpoet_newsletter_max":["https:\/\/jaunaideja.lt\/wp-content\/uploads\/2022\/09\/Instgram-karusele-1320x914.jpg",1320,914,true],"woocommerce_thumbnail":["https:\/\/jaunaideja.lt\/wp-content\/uploads\/2022\/09\/Instgram-karusele-300x300.jpg",300,300,true],"woocommerce_single":["https:\/\/jaunaideja.lt\/wp-content\/uploads\/2022\/09\/Instgram-karusele-600x415.jpg",600,415,true],"woocommerce_gallery_thumbnail":["https:\/\/jaunaideja.lt\/wp-content\/uploads\/2022\/09\/Instgram-karusele-100x100.jpg",100,100,true],"shop_catalog":["https:\/\/jaunaideja.lt\/wp-content\/uploads\/2022\/09\/Instgram-karusele-300x300.jpg",300,300,true],"shop_single":["https:\/\/jaunaideja.lt\/wp-content\/uploads\/2022\/09\/Instgram-karusele-600x415.jpg",600,415,true],"shop_thumbnail":["https:\/\/jaunaideja.lt\/wp-content\/uploads\/2022\/09\/Instgram-karusele-100x100.jpg",100,100,true]},"uagb_author_info":{"display_name":"Tautvydas Zaurynas","author_link":"https:\/\/jaunaideja.lt\/en\/author\/"},"uagb_comment_info":0,"uagb_excerpt":"\u2705 \u012e socialinio tinklo karusel\u0117s maketavimo kain\u0105 \u012fskai\u010diuota: Poreiki\u0173 analizavimas \u2013 stilistika, siekiamas rezultatas ir srities rinka; Vartotoj\u0173 ir konkurent\u0173 analizavimas; Dizaino maketavimas; Korekcijos po pateikimo dizaino; Grafikos dizainerio ir marketingo specialisto konsultacijos; \u00a0Neturite id\u0117jos? Ne problema, apa\u010dioje esan\u010dioje u\u017esakymo formoje pateikite tekst\u0105 ir papildom\u0105 reikiam\u0105 informacija ir atsi\u017evelgdami \u012f J\u016bs\u0173 informacij\u0105 sugalvosime id\u0117ja ir&hellip;","_links":{"self":[{"href":"https:\/\/jaunaideja.lt\/en\/wp-json\/wp\/v2\/product\/3278"}],"collection":[{"href":"https:\/\/jaunaideja.lt\/en\/wp-json\/wp\/v2\/product"}],"about":[{"href":"https:\/\/jaunaideja.lt\/en\/wp-json\/wp\/v2\/types\/product"}],"wp:featuredmedia":[{"embeddable":true,"href":"https:\/\/jaunaideja.lt\/en\/wp-json\/wp\/v2\/media\/3303"}],"wp:attachment":[{"href":"https:\/\/jaunaideja.lt\/en\/wp-json\/wp\/v2\/media?parent=3278"}],"wp:term":[{"taxonomy":"product_cat","embeddable":true,"href":"https:\/\/jaunaideja.lt\/en\/wp-json\/wp\/v2\/product_cat?post=3278"},{"taxonomy":"product_tag","embeddable":true,"href":"https:\/\/jaunaideja.lt\/en\/wp-json\/wp\/v2\/product_tag?post=3278"}],"curies":[{"name":"wp","href":"https:\/\/api.w.org\/{rel}","templated":true}]}}