{"id":3274,"date":"2022-09-25T21:05:16","date_gmt":"2022-09-25T21:05:16","guid":{"rendered":"https:\/\/jaunaideja.lt\/?post_type=product&#038;p=3274"},"modified":"2024-08-14T13:45:56","modified_gmt":"2024-08-14T11:45:56","slug":"vestuviniu-kvietimu-maketavimas","status":"publish","type":"product","link":"https:\/\/jaunaideja.lt\/en\/paslauga\/wedding-invitation-layout\/","title":{"rendered":"Wedding invitation layout"},"content":{"rendered":"<p>\u2705 <strong>Wedding invitation layout<\/strong><strong>\u00a0is the highlight of your celebration<\/strong>. Thanks to the unique design<strong> you will create a wonderful atmosphere<\/strong> from the first impression - an invitation. Choosing an invitation is not just work, it is pleasant and warm <strong>indelible memory<\/strong> which comes back when you look at it. <strong>Memories are priceless.<\/strong> Just like your unique holiday.<\/p>\n<p>Layout of wedding invitations is an important accent that reflects the atmosphere and style of the celebration. Various designs can be customized according to the needs and tastes of the youngsters. Here are some steps to create a wedding invitation layout:<\/p>\n<ol>\n<li><strong>Set the style:<\/strong> what style you want to reflect. It can be classic, modern, themed, elegant or any specific theme. Colors, fonts and design should reflect this style.<\/li>\n<li><strong>Contents:<\/strong> It is important to include relevant information such as names, wedding dates, location, time and any other special wishes or instructions for guests.<\/li>\n<li><strong>Text formatting:<\/strong> Make sure the text is clear, readable and understandable.<\/li>\n<li><strong>Add additional items:<\/strong> You can add special extras such as borders, frames, envelope decor or artificial flowers to give the invitation more elegance or personality.<\/li>\n<li><strong>Test and review:<\/strong> Before printing your invitations, make sure they meet your expectations. Check that all the details are correct and that the layout looks the way you want it to.<\/li>\n<li><strong>Printing and shipping:<\/strong> Choose a quality printing company if you are going to print invitations. You can also choose an online invitation or a handmade one, depending on your preferences and capabilities. Please note the time required for printing and delivery to allow sufficient time for any possible corrections or changes.<\/li>\n<\/ol>\n<p>Designing wedding invitations is a creative process that allows you to reflect your unique style and create a special accent for your celebration. It is important to follow the requirements, but also to let your creativity shine in this important matter.<\/p>\n<p>Read more on our business blog <a title=\"LiJIA\" href=\"https:\/\/jaunaideja.lt\/en\/lijia\/\" target=\"_blank\" rel=\"noopener\">LiJIA<\/a>.<\/p>","protected":false},"excerpt":{"rendered":"<p><strong>\u2705 The price includes the layout of wedding invitations:<\/strong><\/p>\n<ul>\n<li>Design layout according to customer needs;<\/li>\n<li>Post-submission design corrections;<\/li>\n<li>Graphic designer and marketing specialist consultations;<\/li>\n<li>Preparation for the press;<\/li>\n<\/ul>\n<p><strong>\u2705 We can also offer a printing company for an additional price (\u20ac4.99), the price includes:<\/strong><\/p>\n<p><strong><span><a onclick=\"read_toggle(116695859, 'Skaityti daugiau', 'Skaityti ma\u017eiau'); return false;\" class=\"read-link\" id=\"readlink116695859\" style=\"readlink\" href=\"#\">Read more<\/a><\/span><\/p>\n<div class=\"read_div\" id=\"read116695859\" style=\"display: none;\"><\/strong><\/p>\n<ul>\n<li>Setting the printing method most likely to achieve the desired goal;<\/li>\n<li>Finding a printing company, combining price and quality based on your product (whole cart);<\/li>\n<\/ul>\n<p><strong>\ud83d\udcb3 You should pay the invoice directly to the printing company.<\/strong><\/p>\n<p><strong>\u2b07\ufe0f Approximate invitation printing prices can be found in the description below.<\/strong><\/p>\n<p><strong><\/div>\n<p><\/strong><\/p>\n<p>\ud83d\udca1\u00a0<strong>Don't have an idea?<\/strong> No problem, in the order form below, provide the text and additional necessary information and taking into account your information <strong>we will come up with an idea and perform the service.<br \/>\n<\/strong><\/p>\n<p><strong>\ud83d\udcb8  VAT (21%) tax is not applicable to the layout service (it is applicable to the printing service) and invoices are issued (upon the customer's request).<\/strong><\/p>","protected":false},"featured_media":3277,"template":"","meta":{"_monsterinsights_skip_tracking":false,"_monsterinsights_sitenote_active":false,"_monsterinsights_sitenote_note":"","_monsterinsights_sitenote_category":0,"site-sidebar-layout":"default","site-content-layout":"default","ast-global-header-display":"","ast-main-header-display":"","ast-hfb-above-header-display":"","ast-hfb-below-header-display":"","ast-hfb-mobile-header-display":"","site-post-title":"","ast-breadcrumbs-content":"","ast-featured-img":"","footer-sml-layout":"","theme-transparent-header-meta":"default","adv-header-id-meta":"","stick-header-meta":"","header-above-stick-meta":"","header-main-stick-meta":"","header-below-stick-meta":""},"product_cat":[48],"product_tag":[],"aioseo_notices":[],"uagb_featured_image_src":{"full":["https:\/\/jaunaideja.lt\/wp-content\/uploads\/2022\/09\/vestuvinis-maketas.jpg",1560,1040,false],"thumbnail":["https:\/\/jaunaideja.lt\/wp-content\/uploads\/2022\/09\/vestuvinis-maketas-150x150.jpg",150,150,true],"medium":["https:\/\/jaunaideja.lt\/wp-content\/uploads\/2022\/09\/vestuvinis-maketas-300x200.jpg",300,200,true],"medium_large":["https:\/\/jaunaideja.lt\/wp-content\/uploads\/2022\/09\/vestuvinis-maketas-768x512.jpg",768,512,true],"large":["https:\/\/jaunaideja.lt\/wp-content\/uploads\/2022\/09\/vestuvinis-maketas-1024x683.jpg",1024,683,true],"1536x1536":["https:\/\/jaunaideja.lt\/wp-content\/uploads\/2022\/09\/vestuvinis-maketas-1536x1024.jpg",1536,1024,true],"2048x2048":["https:\/\/jaunaideja.lt\/wp-content\/uploads\/2022\/09\/vestuvinis-maketas.jpg",1560,1040,false],"trp-custom-language-flag":["https:\/\/jaunaideja.lt\/wp-content\/uploads\/2022\/09\/vestuvinis-maketas.jpg",18,12,false],"mailpoet_newsletter_max":["https:\/\/jaunaideja.lt\/wp-content\/uploads\/2022\/09\/vestuvinis-maketas-1320x880.jpg",1320,880,true],"woocommerce_thumbnail":["https:\/\/jaunaideja.lt\/wp-content\/uploads\/2022\/09\/vestuvinis-maketas-300x300.jpg",300,300,true],"woocommerce_single":["https:\/\/jaunaideja.lt\/wp-content\/uploads\/2022\/09\/vestuvinis-maketas-600x400.jpg",600,400,true],"woocommerce_gallery_thumbnail":["https:\/\/jaunaideja.lt\/wp-content\/uploads\/2022\/09\/vestuvinis-maketas-100x100.jpg",100,100,true],"shop_catalog":["https:\/\/jaunaideja.lt\/wp-content\/uploads\/2022\/09\/vestuvinis-maketas-300x300.jpg",300,300,true],"shop_single":["https:\/\/jaunaideja.lt\/wp-content\/uploads\/2022\/09\/vestuvinis-maketas-600x400.jpg",600,400,true],"shop_thumbnail":["https:\/\/jaunaideja.lt\/wp-content\/uploads\/2022\/09\/vestuvinis-maketas-100x100.jpg",100,100,true]},"uagb_author_info":{"display_name":"Tautvydas Zaurynas","author_link":"https:\/\/jaunaideja.lt\/en\/author\/"},"uagb_comment_info":0,"uagb_excerpt":"\u2705 \u012e kain\u0105 vestuvini\u0173 kvietim\u0173 maketavimas \u012fskai\u010diuota: Dizaino maketavimas pagal kliento poreikius; Korekcijos po pateikimo dizaino; Grafikos dizainerio ir marketingo specialisto konsultacijas; Paruo\u0161imo darbai spaudai; \u2705 Taip pat galime u\u017e papildom\u0105 kain\u0105 (4,99 \u20ac) pasi\u016blyti spausdinimo \u012fmon\u0119, \u012f kain\u0105 \u012fskai\u010diuota: [read more] Spausdinimo b\u016bdo nustatymas labiausiai leisiantis pasiekti norim\u0105 tiksl\u0105; Spausdinimo \u012fmon\u0117s suradimas, derinant kain\u0105&hellip;","_links":{"self":[{"href":"https:\/\/jaunaideja.lt\/en\/wp-json\/wp\/v2\/product\/3274"}],"collection":[{"href":"https:\/\/jaunaideja.lt\/en\/wp-json\/wp\/v2\/product"}],"about":[{"href":"https:\/\/jaunaideja.lt\/en\/wp-json\/wp\/v2\/types\/product"}],"wp:featuredmedia":[{"embeddable":true,"href":"https:\/\/jaunaideja.lt\/en\/wp-json\/wp\/v2\/media\/3277"}],"wp:attachment":[{"href":"https:\/\/jaunaideja.lt\/en\/wp-json\/wp\/v2\/media?parent=3274"}],"wp:term":[{"taxonomy":"product_cat","embeddable":true,"href":"https:\/\/jaunaideja.lt\/en\/wp-json\/wp\/v2\/product_cat?post=3274"},{"taxonomy":"product_tag","embeddable":true,"href":"https:\/\/jaunaideja.lt\/en\/wp-json\/wp\/v2\/product_tag?post=3274"}],"curies":[{"name":"wp","href":"https:\/\/api.w.org\/{rel}","templated":true}]}}