{"id":3267,"date":"2022-09-23T20:47:16","date_gmt":"2022-09-23T20:47:16","guid":{"rendered":"https:\/\/jaunaideja.lt\/?post_type=product&#038;p=3267"},"modified":"2024-08-14T13:46:14","modified_gmt":"2024-08-14T11:46:14","slug":"produkto-nuotrauku-paruosimas","status":"publish","type":"product","link":"https:\/\/jaunaideja.lt\/en\/paslauga\/product-photos-preparation\/","title":{"rendered":"Preparation of product photos"},"content":{"rendered":"<p><span style=\"vertical-align: inherit;\">\u2705<strong> Preparation of product photos<\/strong> - will allow you to display high-quality, professionally created photos on your website, which will lead to more traffic and sales.<\/span><\/p>\n<p><strong><span style=\"vertical-align: inherit;\">\u2705 <\/span>High resolution photos suitable for print and online use. <\/strong>All photographed product photos are provided to the customer in 300 DPI resolution, in JPEG format and are perfect for print or online use.<\/p>\n<p><strong><span style=\"vertical-align: inherit;\">\u2705 <\/span>Photo editing. <\/strong>Each product photo is carefully edited with graphic editing software. To ensure the brightness of the photo, we adjust the color balance, brightness, contrast of the photos and remove dust residues, fluff and visible scratches.<\/p>\n<p>&nbsp;<\/p>","protected":false},"excerpt":{"rendered":"<p><strong>\u20ac4.99 \/ cropping of 1 photo and changing the background to the selected color;<\/strong><\/p>\n<p><strong>\u20ac9.99 \/ cropping 1 photo and changing the background to modern* \/ catwalk**;<\/strong><\/p>\n<p><strong>\u20ac14.99 \/ taking 1 photo and changing the background to the selected color;<\/strong><\/p>\n<p><strong>\u20ac14.99 \/ taking 1 photo and changing the background to a modern one* \/ catwalk**;<\/strong><\/p>\n<p><em>* An example of a modern style in the second photo.<\/em><\/p>\n<p><em>** Example of catwalk style in the third photo.<\/em><\/p>\n<p><strong><img class=\"emoji\" role=\"img\" draggable=\"false\" src=\"https:\/\/s.w.org\/images\/core\/emoji\/14.0.0\/svg\/2705.svg\" alt=\"\u2705\" \/> The service includes:<\/strong><\/p>\n<p><strong><span><a onclick=\"read_toggle(2131650703, 'Skaityti daugiau', 'Skaityti ma\u017eiau'); return false;\" class=\"read-link\" id=\"readlink2131650703\" style=\"readlink\" href=\"#\">Read more<\/a><\/span><\/p>\n<div class=\"read_div\" id=\"read2131650703\" style=\"display: none;\"><\/strong><\/p>\n<ul>\n<li>Analysis of needs - stylistics, the desired result and the market of the area;<\/li>\n<li>User and competitor analysis;<\/li>\n<li>Removing the background of the photo (turning it to white);<\/li>\n<li>Color corrections;<\/li>\n<li>Graphic designer and marketing specialist consultations;<\/li>\n<\/ul>\n<p><strong><\/div>\n<p><\/strong><\/p>\n<p>\u2757 Photos must be of high quality;<\/p>\n<p>\ud83d\udca1 We can also professionally photograph your product for an additional price. You should send the products to the postal machine and after the photo session, we will send the products back (you paid the prices of the postal machine). For such an order, please fill out the form below indicating the quantity of products and the desired number of photos per product.<\/p>\n<p><strong>\ud83d\udcb8 The service is exempt from VAT (21%) and an invoice is issued (upon the customer's request).<\/strong><\/p>\n<h5>FOR WORK ORDER:<\/h5>\n<p><img class=\"emoji\" role=\"img\" draggable=\"false\" src=\"https:\/\/s.w.org\/images\/core\/emoji\/14.0.0\/svg\/2b07.svg\" alt=\"\u2b07\ufe0f\" \/> Fill out the form below and we will contact you.<\/p>\n<div role=\"form\" class=\"wpcf7\" id=\"wpcf7-f3269-o1\" lang=\"lt-LT\" dir=\"ltr\">\n<div class=\"screen-reader-response\">\n<p role=\"status\" aria-live=\"polite\" aria-atomic=\"true\">\n<ul><\/ul>\n<\/div>\n<form action=\"\/en\/wp-json\/wp\/v2\/product\/3267#wpcf7-f3269-o1\" method=\"post\" class=\"wpcf7-form init\" novalidate=\"novalidate\" data-status=\"init\" data-trp-original-action=\"\/en\/wp-json\/wp\/v2\/product\/3267#wpcf7-f3269-o1\">\n<div style=\"display: none;\">\n<input type=\"hidden\" name=\"_wpcf7\" value=\"3269\" \/><br \/>\n<input type=\"hidden\" name=\"_wpcf7_version\" value=\"5.6.2\" \/><br \/>\n<input type=\"hidden\" name=\"_wpcf7_locale\" value=\"lt_LT\" \/><br \/>\n<input type=\"hidden\" name=\"_wpcf7_unit_tag\" value=\"wpcf7-f3269-o1\" \/><br \/>\n<input type=\"hidden\" name=\"_wpcf7_container_post\" value=\"0\" \/><br \/>\n<input type=\"hidden\" name=\"_wpcf7_posted_data_hash\" value=\"\" \/><br \/>\n<input type=\"hidden\" name=\"_wpcf7cf_hidden_group_fields\" value=\"[]\" \/><br \/>\n<input type=\"hidden\" name=\"_wpcf7cf_hidden_groups\" value=\"[]\" \/><br \/>\n<input type=\"hidden\" name=\"_wpcf7cf_visible_groups\" value=\"[]\" \/><br \/>\n<input type=\"hidden\" name=\"_wpcf7cf_repeaters\" value=\"[]\" \/><br \/>\n<input type=\"hidden\" name=\"_wpcf7cf_steps\" value=\"{}\" \/><br \/>\n<input type=\"hidden\" name=\"_wpcf7cf_options\" value=\"{&quot;form_id&quot;:3269,&quot;conditions&quot;:[{&quot;then_field&quot;:&quot;paruosimas&quot;,&quot;and_rules&quot;:[{&quot;if_field&quot;:&quot;Pasirinkimas&quot;,&quot;operator&quot;:&quot;equals&quot;,&quot;if_value&quot;:&quot;Produkto nuotrauk\\u0173 paruo\\u0161imas&quot;}]},{&quot;then_field&quot;:&quot;fotografamivas&quot;,&quot;and_rules&quot;:[{&quot;if_field&quot;:&quot;Pasirinkimas&quot;,&quot;operator&quot;:&quot;equals&quot;,&quot;if_value&quot;:&quot;Nuotrauk\\u0173 fotografavimas ir paruo\\u0161imas&quot;}]},{&quot;then_field&quot;:&quot;spalva_fono&quot;,&quot;and_rules&quot;:[{&quot;if_field&quot;:&quot;stilius&quot;,&quot;operator&quot;:&quot;equals&quot;,&quot;if_value&quot;:&quot;Spalvotas fonas&quot;}]}],&quot;settings&quot;:{&quot;animation&quot;:&quot;yes&quot;,&quot;animation_intime&quot;:200,&quot;animation_outtime&quot;:200,&quot;conditions_ui&quot;:&quot;normal&quot;,&quot;notice_dismissed&quot;:false,&quot;notice_dismissed_update-cf7-5.6.3&quot;:true}}\" \/>\n<\/div>\n<h3><center> Service inquiry form:<\/center><\/h3>\n<p><label> Email: *<br \/>\n    <span class=\"wpcf7-form-control-wrap\" data-name=\"your-email\"><input type=\"email\" name=\"your-email\" value=\"\" size=\"40\" class=\"wpcf7-form-control wpcf7-text wpcf7-email wpcf7-validates-as-required wpcf7-validates-as-email\" aria-required=\"true\" aria-invalid=\"false\" \/><\/span> <\/label><\/p>\n<h4> Select the desired service:<\/p>\n<\/h4>\n<p><span class=\"wpcf7-form-control-wrap\" data-name=\"Pasirinkimas\"><span class=\"wpcf7-form-control wpcf7-radio\"><span class=\"wpcf7-list-item first\"><label><input type=\"radio\" name=\"Pasirinkimas\" value=\"Produkto nuotrauk\u0173 paruo\u0161imas\" checked=\"checked\" \/><span class=\"wpcf7-list-item-label\">Preparation of product photos<\/span><\/label><\/span><span class=\"wpcf7-list-item last\"><label><input type=\"radio\" name=\"Pasirinkimas\" value=\"Nuotrauk\u0173 fotografavimas ir paruo\u0161imas\" \/><span class=\"wpcf7-list-item-label\">Photographing and preparation<\/span><\/label><\/span><\/span><\/span><\/p>\n<p><label> Photo style: <\/label><br \/>\n<span class=\"wpcf7-form-control-wrap\" data-name=\"stilius\"><span class=\"wpcf7-form-control wpcf7-radio\"><span class=\"wpcf7-list-item first\"><label><input type=\"radio\" name=\"stilius\" value=\"Baltas fonas\" checked=\"checked\" \/><span class=\"wpcf7-list-item-label\">White background<\/span><\/label><\/span><span class=\"wpcf7-list-item\"><label><input type=\"radio\" name=\"stilius\" value=\"Spalvotas fonas\" \/><span class=\"wpcf7-list-item-label\">Colored background<\/span><\/label><\/span><span class=\"wpcf7-list-item\"><label><input type=\"radio\" name=\"stilius\" value=\"Modernus\" \/><span class=\"wpcf7-list-item-label\">Modern<\/span><\/label><\/span><span class=\"wpcf7-list-item last\"><label><input type=\"radio\" name=\"stilius\" value=\"Podiumo\" \/><span class=\"wpcf7-list-item-label\">Podium<\/span><\/label><\/span><\/span><\/span><\/p>\n<div data-id=\"spalva_fono\" data-orig_data_id=\"spalva_fono\"  data-class=\"wpcf7cf_group\">\n<label> Background color: <\/label><br \/>\n<span class=\"wpcf7-form-control-wrap\" data-name=\"spalva\"><input type=\"text\" name=\"spalva\" value=\"\" size=\"40\" class=\"wpcf7-form-control wpcf7-text\" aria-invalid=\"false\" \/><\/span>\n<\/div>\n<div data-id=\"paruosimas\" data-orig_data_id=\"paruosimas\"  data-class=\"wpcf7cf_group\">\n<label> Pictures:* <\/label><br \/>\n<span class=\"wpcf7-form-control-wrap\" data-name=\"Nuotrauka\"><input type=\"file\" size=\"40\" class=\"wpcf7-form-control wpcf7-drag-n-drop-file d-none\" aria-required=\"true\" aria-invalid=\"false\" multiple=\"multiple\" data-name=\"Nuotrauka\" data-type=\"jpg|jpeg|gif|png|CR2|img|eps|pdf\" data-min=\"1\" data-max=\"10\" data-id=\"3269\" data-version=\"free version 1.3.6.4\" accept=\".jpg, .jpeg, .gif, .png, .CR2, .img, .eps, .pdf\" \/><\/span><\/p>\n<\/div>\n<div data-id=\"fotografamivas\" data-orig_data_id=\"fotografamivas\"  data-class=\"wpcf7cf_group\">\n<label> Number of products: <\/label><br \/>\n<span class=\"wpcf7-form-control-wrap\" data-name=\"Produktskaiius\"><input type=\"number\" name=\"Produktskaiius\" value=\"\" class=\"wpcf7-form-control wpcf7-number wpcf7-validates-as-number\" aria-invalid=\"false\" \/><\/span><\/p>\n<p><label> Number of photos for each product: <\/label><br \/>\n<span class=\"wpcf7-form-control-wrap\" data-name=\"Produktnuotraukukiekis\"><input type=\"number\" name=\"Produktnuotraukukiekis\" value=\"\" class=\"wpcf7-form-control wpcf7-number wpcf7-validates-as-number\" aria-invalid=\"false\" \/><\/span>\n<\/div>\n<p><label> Your additional comment to the request (optional):<br \/>\n    <span class=\"wpcf7-form-control-wrap\" data-name=\"your-message\"><textarea name=\"your-message\" cols=\"40\" rows=\"10\" class=\"wpcf7-form-control wpcf7-textarea\" aria-invalid=\"false\"><\/textarea><\/span> <\/label><\/p>\n<p><span class=\"wpcf7-form-control-wrap\" data-name=\"Skubus_atlikimas\"><span class=\"wpcf7-form-control wpcf7-checkbox\"><span class=\"wpcf7-list-item first last\"><label><input type=\"checkbox\" name=\"Skubus_atlikimas[]\" value=\"Skubus atlikimas (i\u0161kart gavus apmok\u0117jim\u0105) (+30% papildomai nuo bendros sumos)\" \/><span class=\"wpcf7-list-item-label\">Priority execution (immediately upon receipt of payment) (+30% extra from the total amount)<\/span><\/label><\/span><\/span><\/span><\/p>\n<h6><center> We will provide the price depending on the quantity of products and the number of photos (when ordering a large quantity \u2192 we give a discount). <\/center><\/p>\n<\/h6>\n<p><input type=\"submit\" value=\"Submit\" class=\"wpcf7-form-control has-spinner wpcf7-submit\" \/><\/p>\n<p style=\"display: none !important;\" class=\"akismet-fields-container\" data-prefix=\"_wpcf7_ak_\"><label>&#916;<textarea name=\"_wpcf7_ak_hp_textarea\" cols=\"45\" rows=\"8\" maxlength=\"100\"><\/textarea><\/label><input type=\"hidden\" id=\"ak_js_1\" name=\"_wpcf7_ak_js\" value=\"146\"\/><script>document.getElementById( \"ak_js_1\" ).setAttribute( \"value\", ( new Date() ).getTime() );<\/script><\/p>\n<div class=\"wpcf7-response-output\" aria-hidden=\"true\"><\/div>\n<input type=\"hidden\" name=\"trp-form-language\" value=\"en\"\/><\/form>\n<\/div>","protected":false},"featured_media":3271,"template":"","meta":{"_monsterinsights_skip_tracking":false,"_monsterinsights_sitenote_active":false,"_monsterinsights_sitenote_note":"","_monsterinsights_sitenote_category":0,"site-sidebar-layout":"default","site-content-layout":"default","ast-global-header-display":"","ast-main-header-display":"","ast-hfb-above-header-display":"","ast-hfb-below-header-display":"","ast-hfb-mobile-header-display":"","site-post-title":"","ast-breadcrumbs-content":"","ast-featured-img":"","footer-sml-layout":"","theme-transparent-header-meta":"default","adv-header-id-meta":"","stick-header-meta":"","header-above-stick-meta":"","header-main-stick-meta":"","header-below-stick-meta":""},"product_cat":[47,16,27],"product_tag":[45],"aioseo_notices":[],"uagb_featured_image_src":{"full":["https:\/\/jaunaideja.lt\/wp-content\/uploads\/2022\/09\/5_g4c2ljphihdbr4-1.jpg",824,669,false],"thumbnail":["https:\/\/jaunaideja.lt\/wp-content\/uploads\/2022\/09\/5_g4c2ljphihdbr4-1-150x150.jpg",150,150,true],"medium":["https:\/\/jaunaideja.lt\/wp-content\/uploads\/2022\/09\/5_g4c2ljphihdbr4-1-300x244.jpg",300,244,true],"medium_large":["https:\/\/jaunaideja.lt\/wp-content\/uploads\/2022\/09\/5_g4c2ljphihdbr4-1-768x624.jpg",768,624,true],"large":["https:\/\/jaunaideja.lt\/wp-content\/uploads\/2022\/09\/5_g4c2ljphihdbr4-1.jpg",824,669,false],"1536x1536":["https:\/\/jaunaideja.lt\/wp-content\/uploads\/2022\/09\/5_g4c2ljphihdbr4-1.jpg",824,669,false],"2048x2048":["https:\/\/jaunaideja.lt\/wp-content\/uploads\/2022\/09\/5_g4c2ljphihdbr4-1.jpg",824,669,false],"trp-custom-language-flag":["https:\/\/jaunaideja.lt\/wp-content\/uploads\/2022\/09\/5_g4c2ljphihdbr4-1.jpg",15,12,false],"mailpoet_newsletter_max":["https:\/\/jaunaideja.lt\/wp-content\/uploads\/2022\/09\/5_g4c2ljphihdbr4-1.jpg",824,669,false],"woocommerce_thumbnail":["https:\/\/jaunaideja.lt\/wp-content\/uploads\/2022\/09\/5_g4c2ljphihdbr4-1-300x300.jpg",300,300,true],"woocommerce_single":["https:\/\/jaunaideja.lt\/wp-content\/uploads\/2022\/09\/5_g4c2ljphihdbr4-1-600x487.jpg",600,487,true],"woocommerce_gallery_thumbnail":["https:\/\/jaunaideja.lt\/wp-content\/uploads\/2022\/09\/5_g4c2ljphihdbr4-1-100x100.jpg",100,100,true],"shop_catalog":["https:\/\/jaunaideja.lt\/wp-content\/uploads\/2022\/09\/5_g4c2ljphihdbr4-1-300x300.jpg",300,300,true],"shop_single":["https:\/\/jaunaideja.lt\/wp-content\/uploads\/2022\/09\/5_g4c2ljphihdbr4-1-600x487.jpg",600,487,true],"shop_thumbnail":["https:\/\/jaunaideja.lt\/wp-content\/uploads\/2022\/09\/5_g4c2ljphihdbr4-1-100x100.jpg",100,100,true]},"uagb_author_info":{"display_name":"Tautvydas Zaurynas","author_link":"https:\/\/jaunaideja.lt\/en\/author\/"},"uagb_comment_info":0,"uagb_excerpt":"4.99 \u20ac \/ 1 nuotraukos i\u0161kirpimas ir fono pakeitimas \u012f pasirinkta spalv\u0105; 9.99 \u20ac \/ 1 nuotraukos i\u0161kirpimas ir fono pakeitimas \u012f modern\u0173* \/ podiumo**; 14.99 \u20ac \/ 1 nuotraukos fotografavimas ir fono pakeitimas \u012f pasirinkta spalv\u0105; 14.99 \u20ac \/ 1 nuotraukos fotografavimas ir fono pakeitimas \u012f modern\u0173* \/ podiumo**; * Modernaus stiliaus pavyzdys antroje&hellip;","_links":{"self":[{"href":"https:\/\/jaunaideja.lt\/en\/wp-json\/wp\/v2\/product\/3267"}],"collection":[{"href":"https:\/\/jaunaideja.lt\/en\/wp-json\/wp\/v2\/product"}],"about":[{"href":"https:\/\/jaunaideja.lt\/en\/wp-json\/wp\/v2\/types\/product"}],"wp:featuredmedia":[{"embeddable":true,"href":"https:\/\/jaunaideja.lt\/en\/wp-json\/wp\/v2\/media\/3271"}],"wp:attachment":[{"href":"https:\/\/jaunaideja.lt\/en\/wp-json\/wp\/v2\/media?parent=3267"}],"wp:term":[{"taxonomy":"product_cat","embeddable":true,"href":"https:\/\/jaunaideja.lt\/en\/wp-json\/wp\/v2\/product_cat?post=3267"},{"taxonomy":"product_tag","embeddable":true,"href":"https:\/\/jaunaideja.lt\/en\/wp-json\/wp\/v2\/product_tag?post=3267"}],"curies":[{"name":"wp","href":"https:\/\/api.w.org\/{rel}","templated":true}]}}