{"id":3213,"date":"2022-09-15T19:40:38","date_gmt":"2022-09-15T19:40:38","guid":{"rendered":"https:\/\/jaunaideja.lt\/?post_type=product&#038;p=3213"},"modified":"2024-08-14T13:47:53","modified_gmt":"2024-08-14T11:47:53","slug":"duomenu-pildymo-sistema","status":"publish","type":"product","link":"https:\/\/jaunaideja.lt\/en\/paslauga\/data-filling-system\/","title":{"rendered":"Data filling system"},"content":{"rendered":"<p><span style=\"vertical-align: inherit;\"><span style=\"vertical-align: inherit;\">\u2705 <strong>Data filling system<\/strong> \u2013 \u201cAbility to be more efficient <\/span><span style=\"vertical-align: inherit;\">and <\/span><strong><span style=\"vertical-align: inherit;\">exchange information more precisely<\/span><\/strong><span style=\"vertical-align: inherit;\"> should bring more reliability to supply chain operations and <\/span><strong><span style=\"vertical-align: inherit;\">suma\u017einti u\u017esakym\u0173 i\u0161laida<\/span><span style=\"vertical-align: inherit;\">s<\/span><\/strong><span style=\"vertical-align: inherit;\"><strong>.\u201c <\/strong>(A. Harrison, R.Van Hoek, H.Skipworth, 2018)<\/span><\/span><span style=\"vertical-align: inherit;\"><span style=\"vertical-align: inherit;\">.<\/span><\/span><\/p>\n<p><span style=\"vertical-align: inherit;\"><span style=\"vertical-align: inherit;\">\u2705 The best way to simplify paper data exchange is <\/span><\/span><strong><span style=\"vertical-align: inherit;\"><span style=\"vertical-align: inherit;\">electronic data exchange,<\/span><\/span><\/strong><span style=\"vertical-align: inherit;\"><span style=\"vertical-align: inherit;\"> which \"enables standardized electronic document versions to replace paper document processes\" (A. Harrison, R. Van Hoek, H. Skipworth, 2018).<\/span><\/span><\/p>\n<p><span style=\"vertical-align: inherit;\"><span style=\"vertical-align: inherit;\">\u2705 The most important thing in creating a data filling system is <\/span><\/span><strong><span style=\"vertical-align: inherit;\"><span style=\"vertical-align: inherit;\">without making it complicated<\/span><\/span><\/strong><span style=\"vertical-align: inherit;\"><span style=\"vertical-align: inherit;\"> both sides. <\/span><span style=\"vertical-align: inherit;\">\"A system is complex when it is difficult to determine its overall behavior even when almost all information about its components and their relationships is available\" (A. Harrison, R. Van Hoek, H. Skipworth, 2018)<\/span><\/span><\/p>\n<p><span style=\"vertical-align: inherit;\"><span style=\"vertical-align: inherit;\">\u2705 Systems <\/span><\/span><strong><span style=\"vertical-align: inherit;\"><span style=\"vertical-align: inherit;\">performs administrative work<\/span><\/span><\/strong><span style=\"vertical-align: inherit;\"><span style=\"vertical-align: inherit;\"> , it is checked whether all the fields are complete or whether there is a user identification and whether the data corresponds to the filling time. <\/span><span style=\"vertical-align: inherit;\">Also, the system ensures high-quality readability, so it is possible to replace process administration services in the filling.<\/span><\/span><\/p>\n<p><span style=\"vertical-align: inherit;\"><span style=\"vertical-align: inherit;\">\u2705 Knowing <\/span><\/span><strong><span style=\"vertical-align: inherit;\"><span style=\"vertical-align: inherit;\">the customer's needs are necessary<\/span><\/span><\/strong><span style=\"vertical-align: inherit;\"><span style=\"vertical-align: inherit;\"> structural plan of the system, the main purpose of which <\/span><\/span><strong><span style=\"vertical-align: inherit;\"><span style=\"vertical-align: inherit;\">quick to understand and easy to navigate.<\/span><\/span><\/strong><\/p>\n<p><span style=\"vertical-align: inherit;\"><span style=\"vertical-align: inherit;\">\u2705 Design is a very important part of the system because <\/span><\/span><strong><span style=\"vertical-align: inherit;\"><span style=\"vertical-align: inherit;\">with the help of design we can understand and accelerate the process of understanding. <\/span><\/span><\/strong><span style=\"vertical-align: inherit;\"><span style=\"vertical-align: inherit;\">Therefore, \"Equipment design should be multifunctional and not require special skills. <\/span><span style=\"vertical-align: inherit;\">Minimal effort, low tiring, convenient and efficient use.\" (V. Jar\u017eemsksi, G. Jakubauskas, A. Ma\u010diulis 2012). <\/span><span style=\"vertical-align: inherit;\">It is also important \"that the main company's corporate style elements are repeated on the website - logo, dominant colors, illustrations, selected font. <\/span><span style=\"vertical-align: inherit;\">The overall image must correspond to the company's culture\" (G. Ginkevi\u010de, 2021).<\/span><\/span><\/p>\n<p><span style=\"vertical-align: inherit;\"><span style=\"vertical-align: inherit;\">\u2705 Taking into account that users can fill and <\/span><\/span><strong><span style=\"vertical-align: inherit;\"><span style=\"vertical-align: inherit;\">save your reports<\/span><\/span><\/strong><span style=\"vertical-align: inherit;\"><span style=\"vertical-align: inherit;\"> and but extend <\/span><\/span><strong><span style=\"vertical-align: inherit;\"><span style=\"vertical-align: inherit;\">old filling<\/span><\/span><\/strong><span style=\"vertical-align: inherit;\"><span style=\"vertical-align: inherit;\"> a plugin is used, thanks to which users can log into their day to supplement their reports from any device and every day. <\/span><span style=\"vertical-align: inherit;\">Finish filling out the document and click \"Save\" to add, the details are not deleted even after switching the site again. <\/span><span style=\"vertical-align: inherit;\">By pressing together \"Send\" all <\/span><\/span><strong><span style=\"vertical-align: inherit;\"><span style=\"vertical-align: inherit;\">the data is sent to the specified e-mail address. <\/span><span style=\"vertical-align: inherit;\">pa\u0161t\u0105 (ir saugomi sistemoje)<\/span><\/span><\/strong><span style=\"vertical-align: inherit;\"><span style=\"vertical-align: inherit;\"> , and the data fields are cleared and the report can be restarted.<\/span><\/span><\/p>\n<p>We also offer services: systems and <a href=\"https:\/\/jaunaideja.lt\/en\/paslauga\/website-administration\/\" target=\"_blank\" rel=\"noopener\">website administration<\/a>.<\/p>\n<p>Read more on our business blog <a title=\"LiJIA\" href=\"http:\/\/www.lijia.lt\/\" target=\"_blank\" rel=\"noopener\">LiJIA<\/a>.<\/p>","protected":false},"excerpt":{"rendered":"<p><strong><span style=\"vertical-align: inherit;\"><span style=\"vertical-align: inherit;\">\u2705 The data filling system includes:<\/span><\/span><\/strong><\/p>\n<ul>\n<li><span style=\"vertical-align: inherit;\"><span style=\"vertical-align: inherit;\">Personal accounts;<\/span><\/span><\/li>\n<li><span style=\"vertical-align: inherit;\"><span style=\"vertical-align: inherit;\">Registration of new users;<\/span><\/span><\/li>\n<li><span style=\"vertical-align: inherit;\"><span style=\"vertical-align: inherit;\">The possibility to make the personal account active only after confirmation by the administrator;<\/span><\/span><\/li>\n<li>Filling out forms that can be converted into PDF files and sent directly to the specified e-mail;<\/li>\n<li>Create an opportunity for users to sign an electronic signature with their finger at the end of the forms;<\/li>\n<li>Users could add or take photos when filling out reports;<\/li>\n<li>Checking the forms, whether the information is entered correctly and whether all the fields of the form are filled in;<\/li>\n<li>Showing errors if the information is incorrectly filled in and instructions on how to correct the error;<\/li>\n<\/ul>\n<p><strong><span><a onclick=\"read_toggle(185299299, 'Skaityti daugiau', 'Skaityti ma\u017eiau'); return false;\" class=\"read-link\" id=\"readlink185299299\" style=\"readlink\" href=\"#\">Read more<\/a><\/span><\/p>\n<div class=\"read_div\" id=\"read185299299\" style=\"display: none;\"><\/strong><\/p>\n<ul>\n<li>Generation of forms into a PDF table (additional annual fee of about 60 euros);<\/li>\n<li>Automatic calculations (additional fee may apply depending on the amount of calculations);<\/li>\n<li>Are all form fields filled in;<\/li>\n<li>Date selection box;<\/li>\n<li>SSL certificate;<\/li>\n<li>Data protection;<\/li>\n<li>The interactivity of the forms, after the user selects one of the options, only the questions belonging to that choice would appear further down;<\/li>\n<li>Collect and analyze created forms;<\/li>\n<li>Informational pages with information useful to users;<\/li>\n<li>Ability to see all completed forms for the administrator or a selected person;<\/li>\n<li>Identification of registered drivers, you do not need to fill in your name, surname, etc.;<\/li>\n<li>Forms can be saved and the user can extend the report to another day without losing data;<\/li>\n<li>Interactive map;<\/li>\n<li>Adaptation for mobile and stationary devices;<\/li>\n<li>Page translation;<\/li>\n<li>Training to use the system;<\/li>\n<li>3 months free system consultation;<\/li>\n<li>1 year system maintenance to be available online;<\/li>\n<li>Training to change the system password;<\/li>\n<li>email signing a document guaranteeing that we will not disclose your business data and will not use the system as an example for other customers;<\/li>\n<\/ul>\n<p><strong><\/div>\n<p><\/strong><\/p>\n<p><strong>\ud83d\udcb8 The service is exempt from VAT (21%) and an invoice is issued (upon the customer's request).<\/strong><\/p>\n<h5>FOR WORK ORDER:<\/h5>\n<p><span style=\"vertical-align: inherit;\"><span style=\"vertical-align: inherit;\">\ud83d\udd3d Fill out the form below and we will contact you.<\/span><\/span><\/p>\n<p><span style=\"vertical-align: inherit;\"><span style=\"vertical-align: inherit;\"><\/p>\n<div role=\"form\" class=\"wpcf7\" id=\"wpcf7-f3258-o1\" lang=\"lt-LT\" dir=\"ltr\">\n<div class=\"screen-reader-response\">\n<p role=\"status\" aria-live=\"polite\" aria-atomic=\"true\">\n<ul><\/ul>\n<\/div>\n<form action=\"\/en\/wp-json\/wp\/v2\/product\/3213#wpcf7-f3258-o1\" method=\"post\" class=\"wpcf7-form init\" enctype=\"multipart\/form-data\" novalidate=\"novalidate\" data-status=\"init\" data-trp-original-action=\"\/en\/wp-json\/wp\/v2\/product\/3213#wpcf7-f3258-o1\">\n<div style=\"display: none;\">\n<input type=\"hidden\" name=\"_wpcf7\" value=\"3258\" \/><br \/>\n<input type=\"hidden\" name=\"_wpcf7_version\" value=\"5.6.2\" \/><br \/>\n<input type=\"hidden\" name=\"_wpcf7_locale\" value=\"lt_LT\" \/><br \/>\n<input type=\"hidden\" name=\"_wpcf7_unit_tag\" value=\"wpcf7-f3258-o1\" \/><br \/>\n<input type=\"hidden\" name=\"_wpcf7_container_post\" value=\"0\" \/><br \/>\n<input type=\"hidden\" name=\"_wpcf7_posted_data_hash\" value=\"\" \/><br \/>\n<input type=\"hidden\" name=\"_wpcf7cf_hidden_group_fields\" value=\"[]\" \/><br \/>\n<input type=\"hidden\" name=\"_wpcf7cf_hidden_groups\" value=\"[]\" \/><br \/>\n<input type=\"hidden\" name=\"_wpcf7cf_visible_groups\" value=\"[]\" \/><br \/>\n<input type=\"hidden\" name=\"_wpcf7cf_repeaters\" value=\"[]\" \/><br \/>\n<input type=\"hidden\" name=\"_wpcf7cf_steps\" value=\"{}\" \/><br \/>\n<input type=\"hidden\" name=\"_wpcf7cf_options\" value=\"{&quot;form_id&quot;:3258,&quot;conditions&quot;:[],&quot;settings&quot;:{&quot;animation&quot;:&quot;yes&quot;,&quot;animation_intime&quot;:200,&quot;animation_outtime&quot;:200,&quot;conditions_ui&quot;:&quot;normal&quot;,&quot;notice_dismissed&quot;:false,&quot;notice_dismissed_update-cf7-5.6.3&quot;:true}}\" \/>\n<\/div>\n<div id=\"formos\">\n<h3><center> Service inquiry form:<\/div>\n<p><\/center><br \/>\n<\/h3>\n<p><label> Your e-mail:*<br \/>\n    <span class=\"wpcf7-form-control-wrap\" data-name=\"your-email\"><input type=\"email\" name=\"your-email\" value=\"\" size=\"40\" class=\"wpcf7-form-control wpcf7-text wpcf7-email wpcf7-validates-as-required wpcf7-validates-as-email\" aria-required=\"true\" aria-invalid=\"false\" \/><\/span> <\/label><\/p>\n<p><label> Business Name: <\/label><br \/>\n<span class=\"wpcf7-form-control-wrap\" data-name=\"verslopavadinimas\"><input type=\"text\" name=\"verslopavadinimas\" value=\"\" size=\"40\" class=\"wpcf7-form-control wpcf7-text\" aria-invalid=\"false\" \/><\/span><\/p>\n<p><label> Description of the desired system: <\/label><br \/>\n<span class=\"wpcf7-form-control-wrap\" data-name=\"Produktoapraymas\"><textarea name=\"Produktoapraymas\" cols=\"40\" rows=\"10\" class=\"wpcf7-form-control wpcf7-textarea\" aria-invalid=\"false\"><\/textarea><\/span><\/p>\n<p><label> The main goal of the system: <\/label><br \/>\n<span class=\"wpcf7-form-control-wrap\" data-name=\"sistemostikslas\"><input type=\"text\" name=\"sistemostikslas\" value=\"\" size=\"40\" class=\"wpcf7-form-control wpcf7-text\" aria-invalid=\"false\" \/><\/span><\/p>\n<p><label> Budget: <\/label><br \/>\n<span class=\"wpcf7-form-control-wrap\" data-name=\"biudzetas\"><input type=\"text\" name=\"biudzetas\" value=\"\" size=\"40\" class=\"wpcf7-form-control wpcf7-text\" aria-invalid=\"false\" \/><\/span><\/p>\n<p><label> Date by which the system should be implemented: <\/label><br \/>\n<span class=\"wpcf7-form-control-wrap\" data-name=\"date\"><input type=\"date\" name=\"date\" value=\"\" class=\"wpcf7-form-control wpcf7-date wpcf7-validates-as-date\" aria-invalid=\"false\" \/><\/span><\/p>\n<p><span class=\"wpcf7-form-control-wrap\" data-name=\"Skubus_atlikimas\"><span class=\"wpcf7-form-control wpcf7-checkbox\"><span class=\"wpcf7-list-item first last\"><label><input type=\"checkbox\" name=\"Skubus_atlikimas[]\" value=\"Skubus atlikimas (i\u0161kart gavus apmok\u0117jim\u0105) (+30% papildomai nuo bendros sumos)\" \/><span class=\"wpcf7-list-item-label\">Priority execution (immediately upon receipt of payment) (+30% extra from the total amount)<\/span><\/label><\/span><\/span><\/span><\/p>\n<p><label> You can upload a project description (.docx file):<br \/>\n    <span class=\"wpcf7-form-control-wrap\" data-name=\"failai\"><input type=\"file\" name=\"failai\" size=\"40\" class=\"wpcf7-form-control wpcf7-file\" accept=\".jpg,.jpeg,.gif,.png,.docx,.txt,.pdf\" aria-invalid=\"false\" \/><\/span> <\/label><\/p>\n<h6><center> We usually set a price and respond to your inquiry within one business day. <\/center><\/p>\n<\/h6>\n<p><input type=\"submit\" value=\"Submit\" class=\"wpcf7-form-control has-spinner wpcf7-submit\" \/><\/p>\n<p style=\"display: none !important;\" class=\"akismet-fields-container\" data-prefix=\"_wpcf7_ak_\"><label>&#916;<textarea name=\"_wpcf7_ak_hp_textarea\" cols=\"45\" rows=\"8\" maxlength=\"100\"><\/textarea><\/label><input type=\"hidden\" id=\"ak_js_1\" name=\"_wpcf7_ak_js\" value=\"117\"\/><script>document.getElementById( \"ak_js_1\" ).setAttribute( \"value\", ( new Date() ).getTime() );<\/script><\/p>\n<div class=\"wpcf7-response-output\" aria-hidden=\"true\"><\/div>\n<input type=\"hidden\" name=\"trp-form-language\" value=\"en\"\/><\/form>\n<\/div>\n<p><\/span><\/span><\/p>","protected":false},"featured_media":3262,"template":"","meta":{"_monsterinsights_skip_tracking":false,"_monsterinsights_sitenote_active":false,"_monsterinsights_sitenote_note":"","_monsterinsights_sitenote_category":0,"site-sidebar-layout":"default","site-content-layout":"default","ast-global-header-display":"","ast-main-header-display":"","ast-hfb-above-header-display":"","ast-hfb-below-header-display":"","ast-hfb-mobile-header-display":"","site-post-title":"","ast-breadcrumbs-content":"","ast-featured-img":"","footer-sml-layout":"","theme-transparent-header-meta":"default","adv-header-id-meta":"","stick-header-meta":"","header-above-stick-meta":"","header-main-stick-meta":"","header-below-stick-meta":""},"product_cat":[17],"product_tag":[],"aioseo_notices":[],"uagb_featured_image_src":{"full":["https:\/\/jaunaideja.lt\/wp-content\/uploads\/2022\/09\/application-form-information-employment-concept-1-scaled.jpg",2560,2196,false],"thumbnail":["https:\/\/jaunaideja.lt\/wp-content\/uploads\/2022\/09\/application-form-information-employment-concept-1-150x150.jpg",150,150,true],"medium":["https:\/\/jaunaideja.lt\/wp-content\/uploads\/2022\/09\/application-form-information-employment-concept-1-300x257.jpg",300,257,true],"medium_large":["https:\/\/jaunaideja.lt\/wp-content\/uploads\/2022\/09\/application-form-information-employment-concept-1-768x659.jpg",768,659,true],"large":["https:\/\/jaunaideja.lt\/wp-content\/uploads\/2022\/09\/application-form-information-employment-concept-1-1024x879.jpg",1024,879,true],"1536x1536":["https:\/\/jaunaideja.lt\/wp-content\/uploads\/2022\/09\/application-form-information-employment-concept-1-1536x1318.jpg",1536,1318,true],"2048x2048":["https:\/\/jaunaideja.lt\/wp-content\/uploads\/2022\/09\/application-form-information-employment-concept-1-2048x1757.jpg",2048,1757,true],"trp-custom-language-flag":["https:\/\/jaunaideja.lt\/wp-content\/uploads\/2022\/09\/application-form-information-employment-concept-1-scaled.jpg",14,12,false],"mailpoet_newsletter_max":["https:\/\/jaunaideja.lt\/wp-content\/uploads\/2022\/09\/application-form-information-employment-concept-1-1320x1132.jpg",1320,1132,true],"woocommerce_thumbnail":["https:\/\/jaunaideja.lt\/wp-content\/uploads\/2022\/09\/application-form-information-employment-concept-1-300x300.jpg",300,300,true],"woocommerce_single":["https:\/\/jaunaideja.lt\/wp-content\/uploads\/2022\/09\/application-form-information-employment-concept-1-600x515.jpg",600,515,true],"woocommerce_gallery_thumbnail":["https:\/\/jaunaideja.lt\/wp-content\/uploads\/2022\/09\/application-form-information-employment-concept-1-100x100.jpg",100,100,true],"shop_catalog":["https:\/\/jaunaideja.lt\/wp-content\/uploads\/2022\/09\/application-form-information-employment-concept-1-300x300.jpg",300,300,true],"shop_single":["https:\/\/jaunaideja.lt\/wp-content\/uploads\/2022\/09\/application-form-information-employment-concept-1-600x515.jpg",600,515,true],"shop_thumbnail":["https:\/\/jaunaideja.lt\/wp-content\/uploads\/2022\/09\/application-form-information-employment-concept-1-100x100.jpg",100,100,true]},"uagb_author_info":{"display_name":"Tautvydas Zaurynas","author_link":"https:\/\/jaunaideja.lt\/en\/author\/"},"uagb_comment_info":0,"uagb_excerpt":"\u2705 Duomen\u0173 pildymo sistem\u0105 \u012fskai\u010diuota: Asmenin\u0117s paskyros; Nauj\u0173j\u0173 vartotoj\u0173 registracija; Galimyb\u0117 tik patvirtinus administratoriui asmenin\u0119 paskyr\u0105 padaryti aktyvi\u0105; Form\u0173 pildymas, kurios gali b\u016bt\u0173 paver\u010diamos \u012f PDF failus ir tiesiai siun\u010diamos \u012f nurodyt\u0105 elektronin\u012f pa\u0161t\u0105; Form\u0173 pabaigoje sukurti galimyb\u0119 vartotojams pasira\u0161yti elektronin\u012f para\u0161\u0105 pir\u0161tu; Pildant ataskaitas vartotojai gal\u0117t\u0173 prid\u0117ti arba nufotografuoti nuotraukas; Form\u0173 tikrinimas ar informacija&hellip;","_links":{"self":[{"href":"https:\/\/jaunaideja.lt\/en\/wp-json\/wp\/v2\/product\/3213"}],"collection":[{"href":"https:\/\/jaunaideja.lt\/en\/wp-json\/wp\/v2\/product"}],"about":[{"href":"https:\/\/jaunaideja.lt\/en\/wp-json\/wp\/v2\/types\/product"}],"wp:featuredmedia":[{"embeddable":true,"href":"https:\/\/jaunaideja.lt\/en\/wp-json\/wp\/v2\/media\/3262"}],"wp:attachment":[{"href":"https:\/\/jaunaideja.lt\/en\/wp-json\/wp\/v2\/media?parent=3213"}],"wp:term":[{"taxonomy":"product_cat","embeddable":true,"href":"https:\/\/jaunaideja.lt\/en\/wp-json\/wp\/v2\/product_cat?post=3213"},{"taxonomy":"product_tag","embeddable":true,"href":"https:\/\/jaunaideja.lt\/en\/wp-json\/wp\/v2\/product_tag?post=3213"}],"curies":[{"name":"wp","href":"https:\/\/api.w.org\/{rel}","templated":true}]}}