{"id":3211,"date":"2022-09-15T14:29:39","date_gmt":"2022-09-15T14:29:39","guid":{"rendered":"https:\/\/jaunaideja.lt\/?post_type=product&#038;p=3211"},"modified":"2024-08-14T13:57:11","modified_gmt":"2024-08-14T11:57:11","slug":"socialiniu-tinklu-istoriju-maketavimas","status":"publish","type":"product","link":"https:\/\/jaunaideja.lt\/en\/paslauga\/social-network-story-layout\/","title":{"rendered":"Social media story layout"},"content":{"rendered":"<p><span style=\"vertical-align: inherit;\"><span style=\"vertical-align: inherit;\">\u2705 Layout of stories in social media <\/span><\/span><strong><span style=\"vertical-align: inherit;\"><span style=\"vertical-align: inherit;\">is a function<\/span><\/span><\/strong><span style=\"vertical-align: inherit;\"><span style=\"vertical-align: inherit;\">, where the user tells a story or provides status information in the form of time-limited clips from road traffic sequences.<\/span><\/span><\/p>\n<p><span style=\"vertical-align: inherit;\"><span style=\"vertical-align: inherit;\">\u2705 Why are social media stories so popular? <\/span><\/span><br \/>\n<strong><span style=\"vertical-align: inherit;\"><span style=\"vertical-align: inherit;\">Real-time events are more interesting than past events.<\/span><\/span><\/strong><\/p>\n<p><span style=\"vertical-align: inherit;\"><span style=\"vertical-align: inherit;\">\u2705 It doesn't matter if the goal is to increase <\/span><\/span><strong><span style=\"vertical-align: inherit;\"><span style=\"vertical-align: inherit;\">brand awareness,<\/span><\/span><\/strong><span style=\"vertical-align: inherit;\"><span style=\"vertical-align: inherit;\"> tell your story or <\/span><\/span><strong><span style=\"vertical-align: inherit;\"><span style=\"vertical-align: inherit;\">to present<\/span><\/span><\/strong><span style=\"vertical-align: inherit;\"><span style=\"vertical-align: inherit;\"> new concept, you are in the right place!<\/span><\/span><\/p>\n<p><span style=\"vertical-align: inherit;\"><span style=\"vertical-align: inherit;\">\u2705 Social media stories empower brands <\/span><\/span><strong><span style=\"vertical-align: inherit;\"><span style=\"vertical-align: inherit;\">improve your social media tools<\/span><\/span><\/strong><span style=\"vertical-align: inherit;\"><span style=\"vertical-align: inherit;\"> and create a consistent design that resonates with your audience. <\/span><span style=\"vertical-align: inherit;\">Both agencies and startups can find their own individual solutions.<\/span><\/span><\/p>\n<p>Social media story layouts are an ephemeral content format that must be adapted for mobile content consumption and meet the requirements of specific platforms. Here are some tips for creating an engaging and effective social media story layout:<\/p>\n<ol>\n<li><strong>Understanding platform requirements:<\/strong> Different social media platforms have different sizes and formatting requirements for stories. Be sure your content is platform-specific.<\/li>\n<li><strong>Brevity and directness:<\/strong> Social media stories are fleeting, so it's important to be direct and keep your message short. Try to make it clear and treatable.<\/li>\n<li><strong>Photo and video editing:<\/strong> Using special applications or filters, edit photos or videos to make them look attractive and unique.<\/li>\n<li><strong>Interactivity:<\/strong> Add interactive elements such as links, polls, questions, stickers or other platform features to encourage active audience participation.<\/li>\n<li><strong>Brandbook<\/strong>: Make sure your brand or identity is clearly recognizable. Use your brand's colors, logo or unique styles.<\/li>\n<li><strong>Quality content:<\/strong> Provide high-quality content that will be interesting and useful to your audience. This could be exclusive content, behind-the-scenes photos, product launches, and more.<\/li>\n<\/ol>\n<p>Social media stories allow you to communicate directly with your audience and can help increase your community's awareness of your product, service or content. Therefore, it is important to create interesting and customized content that attracts attention and encourages interaction.<\/p>\n<p>Read more on our business blog <a title=\"LiJIA\" href=\"https:\/\/jaunaideja.lt\/en\/lijia\/\" target=\"_blank\" rel=\"noopener\">LiJIA<\/a>.<\/p>","protected":false},"excerpt":{"rendered":"<p>\u2705\u00a0<strong><span style=\"vertical-align: inherit;\"><span style=\"vertical-align: inherit;\">The layout price includes:<\/span><\/span><\/strong><\/p>\n<ul>\n<li><span style=\"vertical-align: inherit;\"><span style=\"vertical-align: inherit;\">Analysis of needs - stylistics, the desired result and the market of the area;<\/span><\/span><\/li>\n<li><span style=\"vertical-align: inherit;\"><span style=\"vertical-align: inherit;\">Analyzing the market and competitors;<\/span><\/span><\/li>\n<li><span style=\"vertical-align: inherit;\"><span style=\"vertical-align: inherit;\">Exclusive, unique and modern design;<\/span><\/span><\/li>\n<li><span style=\"vertical-align: inherit;\"><span style=\"vertical-align: inherit;\">Post-submission design corrections;<\/span><\/span><\/li>\n<li><span style=\"vertical-align: inherit;\"><span style=\"vertical-align: inherit;\">Graphic designer and marketing specialist consultations;<\/span><\/span><\/li>\n<\/ul>\n<p>\ud83d\udca1 <strong>Don't have an idea?<\/strong> No problem, in the order form below, provide the text and additional necessary information and taking into account your information <strong>we will come up with an idea and perform the service.<\/strong><\/p>\n<p><strong><span style=\"vertical-align: inherit;\"><span style=\"vertical-align: inherit;\">\ud83d\udcb8 The services are not subject to VAT (21%) and an invoice is issued (upon the customer's request).<\/span><\/span><\/strong><\/p>\n<p>\u270d\ufe0f Please pay attention to grammar and punctuation errors when specifying the text, as we are not responsible for this! Possibility to correct errors in the order before the start of work.<\/p>","protected":false},"featured_media":3264,"template":"","meta":{"_monsterinsights_skip_tracking":false,"_monsterinsights_sitenote_active":false,"_monsterinsights_sitenote_note":"","_monsterinsights_sitenote_category":0,"site-sidebar-layout":"default","site-content-layout":"default","ast-global-header-display":"","ast-main-header-display":"","ast-hfb-above-header-display":"","ast-hfb-below-header-display":"","ast-hfb-mobile-header-display":"","site-post-title":"","ast-breadcrumbs-content":"","ast-featured-img":"","footer-sml-layout":"","theme-transparent-header-meta":"default","adv-header-id-meta":"","stick-header-meta":"","header-above-stick-meta":"","header-main-stick-meta":"","header-below-stick-meta":""},"product_cat":[47,16,27],"product_tag":[45],"aioseo_notices":[],"uagb_featured_image_src":{"full":["https:\/\/jaunaideja.lt\/wp-content\/uploads\/2022\/09\/STORY-JI-1-1-scaled-e1663929000704.jpg",2470,1918,false],"thumbnail":["https:\/\/jaunaideja.lt\/wp-content\/uploads\/2022\/09\/STORY-JI-1-1-scaled-e1663929000704-150x150.jpg",150,150,true],"medium":["https:\/\/jaunaideja.lt\/wp-content\/uploads\/2022\/09\/STORY-JI-1-1-scaled-e1663929000704-300x233.jpg",300,233,true],"medium_large":["https:\/\/jaunaideja.lt\/wp-content\/uploads\/2022\/09\/STORY-JI-1-1-scaled-e1663929000704-768x596.jpg",768,596,true],"large":["https:\/\/jaunaideja.lt\/wp-content\/uploads\/2022\/09\/STORY-JI-1-1-scaled-e1663929000704-1024x795.jpg",1024,795,true],"1536x1536":["https:\/\/jaunaideja.lt\/wp-content\/uploads\/2022\/09\/STORY-JI-1-1-scaled-e1663929000704-1536x1193.jpg",1536,1193,true],"2048x2048":["https:\/\/jaunaideja.lt\/wp-content\/uploads\/2022\/09\/STORY-JI-1-1-scaled-e1663929000704-2048x1590.jpg",2048,1590,true],"trp-custom-language-flag":["https:\/\/jaunaideja.lt\/wp-content\/uploads\/2022\/09\/STORY-JI-1-1-scaled-e1663929000704.jpg",15,12,false],"mailpoet_newsletter_max":["https:\/\/jaunaideja.lt\/wp-content\/uploads\/2022\/09\/STORY-JI-1-1-scaled-e1663929000704-1320x1025.jpg",1320,1025,true],"woocommerce_thumbnail":["https:\/\/jaunaideja.lt\/wp-content\/uploads\/2022\/09\/STORY-JI-1-1-scaled-e1663929000704-300x300.jpg",300,300,true],"woocommerce_single":["https:\/\/jaunaideja.lt\/wp-content\/uploads\/2022\/09\/STORY-JI-1-1-scaled-e1663929000704-600x466.jpg",600,466,true],"woocommerce_gallery_thumbnail":["https:\/\/jaunaideja.lt\/wp-content\/uploads\/2022\/09\/STORY-JI-1-1-scaled-e1663929000704-100x100.jpg",100,100,true],"shop_catalog":["https:\/\/jaunaideja.lt\/wp-content\/uploads\/2022\/09\/STORY-JI-1-1-scaled-e1663929000704-300x300.jpg",300,300,true],"shop_single":["https:\/\/jaunaideja.lt\/wp-content\/uploads\/2022\/09\/STORY-JI-1-1-scaled-e1663929000704-600x466.jpg",600,466,true],"shop_thumbnail":["https:\/\/jaunaideja.lt\/wp-content\/uploads\/2022\/09\/STORY-JI-1-1-scaled-e1663929000704-100x100.jpg",100,100,true]},"uagb_author_info":{"display_name":"Tautvydas Zaurynas","author_link":"https:\/\/jaunaideja.lt\/en\/author\/"},"uagb_comment_info":0,"uagb_excerpt":"\u2705\u00a0\u012e maketavimo kain\u0105 \u012fskai\u010diuota: Poreiki\u0173 analizavimas \u2013 stilistika, siekiamas rezultatas ir srities rinka; Rinkos ir konkurent\u0173 analizavimas; I\u0161skirtinis, unikalus ir \u0161iuolaiki\u0161kas dizainas; Korekcijos po pateikimo dizaino; Grafikos dizainerio ir marketingo specialisto konsultacijos; \ud83d\udca1 Neturite id\u0117jos? Ne problema, apa\u010dioje esan\u010dioje u\u017esakymo formoje pateikite tekst\u0105 ir papildom\u0105 reikiam\u0105 informacija ir atsi\u017evelgdami \u012f J\u016bs\u0173 informacij\u0105 sugalvosime id\u0117ja ir&hellip;","_links":{"self":[{"href":"https:\/\/jaunaideja.lt\/en\/wp-json\/wp\/v2\/product\/3211"}],"collection":[{"href":"https:\/\/jaunaideja.lt\/en\/wp-json\/wp\/v2\/product"}],"about":[{"href":"https:\/\/jaunaideja.lt\/en\/wp-json\/wp\/v2\/types\/product"}],"wp:featuredmedia":[{"embeddable":true,"href":"https:\/\/jaunaideja.lt\/en\/wp-json\/wp\/v2\/media\/3264"}],"wp:attachment":[{"href":"https:\/\/jaunaideja.lt\/en\/wp-json\/wp\/v2\/media?parent=3211"}],"wp:term":[{"taxonomy":"product_cat","embeddable":true,"href":"https:\/\/jaunaideja.lt\/en\/wp-json\/wp\/v2\/product_cat?post=3211"},{"taxonomy":"product_tag","embeddable":true,"href":"https:\/\/jaunaideja.lt\/en\/wp-json\/wp\/v2\/product_tag?post=3211"}],"curies":[{"name":"wp","href":"https:\/\/api.w.org\/{rel}","templated":true}]}}