{"id":3210,"date":"2022-09-15T14:27:18","date_gmt":"2022-09-15T12:27:18","guid":{"rendered":"https:\/\/jaunaideja.lt\/?post_type=product&#038;p=3210"},"modified":"2025-05-07T08:49:26","modified_gmt":"2025-05-07T06:49:26","slug":"reels-montavimas","status":"publish","type":"product","link":"https:\/\/jaunaideja.lt\/en\/paslauga\/reels-mounting\/","title":{"rendered":"TikTok, Instagram and Youtube reels"},"content":{"rendered":"<p>\u2705<strong> Editing reels<\/strong> - after the success of TikTok, many social networks also followed the same direction. Therefore, this format of video sharing is on the wave and social networks in competition with each other highly value and support such content.<\/p>\n<p>\u2705 <strong>Installation of \"TikTok\" reels<\/strong> is a social media platform, <strong>designed to create<\/strong>, share and discover short videos.<\/p>\n<p><strong>\u2705 Why micro or short videos for social media?<\/strong><\/p>\n<p class=\" translation-block\">Did you know that repurposed micro videos are making their mark on Instagram Reels, TikTok, and YouTube? <strong>Micro content is the new trend in social media. <\/strong>Not only is it easy to look at and interact with, but the search engine algorithm loves it.<\/strong> Leveraging content allows you to maximize <strong>the return on your content investment.<\/strong><\/p>\n<p><strong>\u2705 <\/strong>You must be familiar with\u00a0<strong>Hormozi<\/strong>\u00a0,\u00a0<strong>Ryanpineda<\/strong>\u00a0,\u00a0<strong>Grant Cardone<\/strong>\u00a0and\u00a0<strong>Gary Vee<\/strong> videos and want a similar look and feel to what you want to give your new content or even <strong>change long content to short content.<\/strong> Amazing! You have come to the right place.<\/p>\n<p>\u2705 <strong>Users enjoy<\/strong> Enjoy your time on TikTok <strong>unique found content<\/strong> and feel safe expressing their content. All of this helps explain why TikTok is what it is<strong> popular.<\/strong> Users even <strong>evaluates more positively<\/strong> content from companies and brands on TikTok compared to other platforms.<\/p>\n<p>\u2705 2022 month of January. approximately <strong>57 percent<\/strong> The number of TikTok users worldwide was female. In comparison, male users of the popular social video platform accounted for approx <strong>43 percent<\/strong> of all users.<\/p>\n<p>\u2705 \u201e<strong>There are a lot of older people on TikTok.<\/strong> There are people who <strong>50-60 years old<\/strong> and uses TikTok. <strong>only a matter of time<\/strong> when will the TikTok audience adapt to your audience demographics. Not only that, it's not bad to have and <strong>younger followers.<\/strong><\/p>\n<p>You can read and view more information about reels installation in our business blog <a title=\"LiJIA\" href=\"https:\/\/jaunaideja.lt\/en\/lijia\/\" target=\"_blank\" rel=\"noopener\">LiJIA<\/a> (Lithuanian Junior Idea Association).<\/p>","protected":false},"excerpt":{"rendered":"<p>\u2705<strong> Footage will be ready:<\/strong> vertically (1080\u00d71980), which is a format suitable for use on a TikTok account, as well as on Facebook, Instagram and YouTube reels.<\/p>\n<p>\u2705 <strong>The price of the work includes:<\/strong><\/p>\n<ul>\n<li>Video in high quality;<\/li>\n<li><strong>Transcription;<\/strong><\/li>\n<li>Soundtrack (if needed);<\/li>\n<li>Special effects;<\/li>\n<li>Embedded subtitles;<\/li>\n<\/ul>\n<p><strong><span><a onclick=\"read_toggle(1732232007, 'Skaityti daugiau', 'Skaityti ma\u017eiau'); return false;\" class=\"read-link\" id=\"readlink1732232007\" style=\"readlink\" href=\"#\">Read more<\/a><\/span><\/p>\n<div class=\"read_div\" id=\"read1732232007\" style=\"display: none;\"><\/strong><\/p>\n<ul>\n<li>Color classification;<\/li>\n<li>Speed up or slow down the video;<\/li>\n<li>Moving text with image;<\/li>\n<li>Adding videos depending on the content;<\/li>\n<li>Emoji depending on the text;<\/li>\n<li>Interactivity;<\/li>\n<li>Training on how to upload a video to a social network;<\/li>\n<li>Add logo or contact details at the end;<\/li>\n<\/ul>\n<p><strong><\/div>\n<p><\/strong><\/p>\n<p><strong>\u2757 Video material must be sent shot vertically (1080\u00d71980).<\/strong><\/p>\n<p>\ud83d\udca1<strong> Got an idea but no video content?<\/strong><\/p>\n<p><strong><span><a onclick=\"read_toggle(1104838429, 'Skaityti daugiau', 'Skaityti ma\u017eiau'); return false;\" class=\"read-link\" id=\"readlink1104838429\" style=\"readlink\" href=\"#\">Read more<\/a><\/span><\/p>\n<div class=\"read_div\" id=\"read1104838429\" style=\"display: none;\"><\/strong><\/p>\n<p><strong>No problem<\/strong>, fill out the form below (\"Send your question\/project\") describing your activity and the idea of the content you want (or a sample URL) and<strong> we will film and implement the idea at an affordable price <\/strong>(providing the price of the entire work in advance).<\/p>\n<p><strong>\ud83d\udca1 Don't want other people's faces in your channel?<\/strong><\/p>\n<p><strong>Not a problem either<\/strong>, we can do dynamic video editing where the videos used change depending on <strong>text meanings.<\/strong> At the bottom of the order form, you will have the opportunity to choose such an option.<\/p>\n<p><strong><\/div>\n<p><\/strong><\/p>\n<p>\ud83d\udcdd The possibility of cooperation and <strong>make monthly plans<\/strong>, where we would determine the number of video installs per month <strong>(by applying the discount).<\/strong> You can choose this option by filling out the order form below.<\/p>\n<p>\ud83c\udfa5 <strong>You are creating long content<\/strong> on YouTube and want to show the trailer\/s of the most interesting places on social networks? Fill out the form below (\"Send your question\/project\") with a description<strong> the length of the video, the number of desired trailers and the running time,<\/strong> and we will provide the final price. We respond within one working day.<\/p>\n<p><strong>\ud83d\udccc After ordering, we will send instructions to your e-mail on how to send\/upload video material to us.<\/strong><\/p>\n<p><strong>\ud83d\udcb8 The service is exempt from VAT (21%) and an invoice is issued (upon the customer's request).<\/strong><\/p>","protected":false},"featured_media":3257,"template":"","meta":{"_monsterinsights_skip_tracking":false,"_monsterinsights_sitenote_active":false,"_monsterinsights_sitenote_note":"","_monsterinsights_sitenote_category":0,"site-sidebar-layout":"default","site-content-layout":"default","ast-global-header-display":"","ast-main-header-display":"","ast-hfb-above-header-display":"","ast-hfb-below-header-display":"","ast-hfb-mobile-header-display":"","site-post-title":"","ast-breadcrumbs-content":"","ast-featured-img":"","footer-sml-layout":"","theme-transparent-header-meta":"default","adv-header-id-meta":"","stick-header-meta":"","header-above-stick-meta":"","header-main-stick-meta":"","header-below-stick-meta":""},"product_cat":[47,16,27,34],"product_tag":[],"aioseo_notices":[],"uagb_featured_image_src":{"full":["https:\/\/jaunaideja.lt\/wp-content\/uploads\/2022\/09\/194.jpg",2000,2000,false],"thumbnail":["https:\/\/jaunaideja.lt\/wp-content\/uploads\/2022\/09\/194-150x150.jpg",150,150,true],"medium":["https:\/\/jaunaideja.lt\/wp-content\/uploads\/2022\/09\/194-300x300.jpg",300,300,true],"medium_large":["https:\/\/jaunaideja.lt\/wp-content\/uploads\/2022\/09\/194-768x768.jpg",768,768,true],"large":["https:\/\/jaunaideja.lt\/wp-content\/uploads\/2022\/09\/194-1024x1024.jpg",1024,1024,true],"1536x1536":["https:\/\/jaunaideja.lt\/wp-content\/uploads\/2022\/09\/194-1536x1536.jpg",1536,1536,true],"2048x2048":["https:\/\/jaunaideja.lt\/wp-content\/uploads\/2022\/09\/194.jpg",2000,2000,false],"trp-custom-language-flag":["https:\/\/jaunaideja.lt\/wp-content\/uploads\/2022\/09\/194.jpg",12,12,false],"mailpoet_newsletter_max":["https:\/\/jaunaideja.lt\/wp-content\/uploads\/2022\/09\/194-1320x1320.jpg",1320,1320,true],"woocommerce_thumbnail":["https:\/\/jaunaideja.lt\/wp-content\/uploads\/2022\/09\/194-300x300.jpg",300,300,true],"woocommerce_single":["https:\/\/jaunaideja.lt\/wp-content\/uploads\/2022\/09\/194-600x600.jpg",600,600,true],"woocommerce_gallery_thumbnail":["https:\/\/jaunaideja.lt\/wp-content\/uploads\/2022\/09\/194-100x100.jpg",100,100,true],"shop_catalog":["https:\/\/jaunaideja.lt\/wp-content\/uploads\/2022\/09\/194-300x300.jpg",300,300,true],"shop_single":["https:\/\/jaunaideja.lt\/wp-content\/uploads\/2022\/09\/194-600x600.jpg",600,600,true],"shop_thumbnail":["https:\/\/jaunaideja.lt\/wp-content\/uploads\/2022\/09\/194-100x100.jpg",100,100,true]},"uagb_author_info":{"display_name":"Tautvydas Zaurynas","author_link":"https:\/\/jaunaideja.lt\/en\/author\/"},"uagb_comment_info":0,"uagb_excerpt":"\u2705 Filmuota med\u017eiaga bus paruo\u0161ta: vertikaliai (1080x1980), kurio formatas tinkamas naudoti \u201eTikTok'o\u201c paskyroje, taip pat \u201eFacebook\u201c, \u201eInstagram\u201c ir \u201eYouTube\u201c reels'ose. \u2705 \u012e montavimo kain\u0105 \u012fskai\u010diuota: Vaizdo \u012fra\u0161as auk\u0161tos kokyb\u0117s; Transkripcija; Garso takelis (jei reikia); Specialieji efektai; \u012eterpti subtitrai; [read more] Spalv\u0173 klasifikavimas; Vaizdo \u012fra\u0161o greitinimas arba l\u0117tinimas; Judantis tekstas su vaizdu; Vaizdo \u012fra\u0161\u0173 prid\u0117jimas, priklausomai&hellip;","_links":{"self":[{"href":"https:\/\/jaunaideja.lt\/en\/wp-json\/wp\/v2\/product\/3210"}],"collection":[{"href":"https:\/\/jaunaideja.lt\/en\/wp-json\/wp\/v2\/product"}],"about":[{"href":"https:\/\/jaunaideja.lt\/en\/wp-json\/wp\/v2\/types\/product"}],"wp:featuredmedia":[{"embeddable":true,"href":"https:\/\/jaunaideja.lt\/en\/wp-json\/wp\/v2\/media\/3257"}],"wp:attachment":[{"href":"https:\/\/jaunaideja.lt\/en\/wp-json\/wp\/v2\/media?parent=3210"}],"wp:term":[{"taxonomy":"product_cat","embeddable":true,"href":"https:\/\/jaunaideja.lt\/en\/wp-json\/wp\/v2\/product_cat?post=3210"},{"taxonomy":"product_tag","embeddable":true,"href":"https:\/\/jaunaideja.lt\/en\/wp-json\/wp\/v2\/product_tag?post=3210"}],"curies":[{"name":"wp","href":"https:\/\/api.w.org\/{rel}","templated":true}]}}