{"id":3209,"date":"2022-09-15T13:27:53","date_gmt":"2022-09-15T13:27:53","guid":{"rendered":"https:\/\/jaunaideja.lt\/?post_type=product&#038;p=3209"},"modified":"2024-08-14T13:57:41","modified_gmt":"2024-08-14T11:57:41","slug":"virselio-maketavimas-socialiniams-tinklams","status":"publish","type":"product","link":"https:\/\/jaunaideja.lt\/en\/paslauga\/cover-layout-for-social-networks\/","title":{"rendered":"Cover layout for social networks"},"content":{"rendered":"<p>\u2705 <strong>Cover layout <\/strong>is a picture on Facebook profile. Unlike a profile photo, a cover photo <strong>there is a big banner,<\/strong> <strong>introducing visitors<\/strong> with a person or brand.<\/p>\n<p>\u2705 Your cover is here <strong>the first thing anyone who logs in sees<\/strong> to your social network, so it should be immediately understandable<strong>,<\/strong> tur\u0117ti ai\u0161k\u0173 ry\u0161\u012f su jumis ir nesukelti joki\u0173 klaiding\u0173 interpretacij\u0173.<\/p>\n<p>\u2705 For some, a Facebook cover photo is just the photo that adorns the top of your page. For others, it's a great way <strong>increase your brand awareness<\/strong> and spread the word about your company on the world's most used social network.<\/p>\n<p>Cover layout for social networks is important because it is the first thing people see when they visit your profile. Here are some tips for creating a quality cover mockup for social media:<\/p>\n<ol>\n<li><strong>Appropriate format and size:<\/strong> Different social networks have different cover sizes and requirements. Before creating a cover, check the requirements of your specific network.<\/li>\n<li><strong>A clear topic or message:<\/strong> The cover should clearly convey the theme of your profile or content. It can be a visual element that represents your activity or a short message that describes your profile.<\/li>\n<li><strong>Use of text:<\/strong> If you use text, make sure it's clear, legible, and doesn't add visual noise to the cover. The text should be short, informative and reflect your message.<\/li>\n<li><strong>Testing and review:<\/strong> Before you publish your cover, make sure it looks good and meets your expectations. Check how it looks on different device resolutions.<\/li>\n<\/ol>\n<p>Cover design \u2013 It's important to understand your audience and create content that will grab attention and communicate your uniqueness or important information. This is your calling card on social media, so be creative and pay attention to details.<\/p>\n<p>Read more on our business blog <a title=\"LiJIA\" href=\"https:\/\/jaunaideja.lt\/en\/lijia\/\" target=\"_blank\" rel=\"noopener\">LiJIA<\/a>.<\/p>","protected":false},"excerpt":{"rendered":"<p><strong>\u2705 The cover creation service includes:<\/strong><\/p>\n<ul>\n<li style=\"list-style-type: none;\">\n<ul>\n<li>Analysis of needs - stylistics, the desired result and the market of the area;<\/li>\n<li>User and competitor analysis;<\/li>\n<li>Customization of the cover for mobile and stationary devices;<\/li>\n<li>3 corrections;<\/li>\n<li>After approval of the final layout of the cover, it is prepared and delivered in all necessary formats;<\/li>\n<li>Graphic designer and marketing specialist consultations;<\/li>\n<\/ul>\n<\/li>\n<\/ul>\n<p>\ud83d\udca1\u00a0<strong>Don't have an idea?<\/strong> No problem, in the order form below, provide the text and additional necessary information and taking into account your information <strong>we will come up with an idea and perform the service.<br \/>\n<\/strong><\/p>\n<p><strong>\ud83d\udcb8 The service is exempt from VAT (21%) and an invoice is issued (upon the customer's request).<\/strong><\/p>\n<p>\u270d\ufe0f Please pay attention to grammar and punctuation errors when specifying the text, as we are not responsible for this! Possibility to correct errors in the order before the start of work.<\/p>","protected":false},"featured_media":3333,"template":"","meta":{"_monsterinsights_skip_tracking":false,"_monsterinsights_sitenote_active":false,"_monsterinsights_sitenote_note":"","_monsterinsights_sitenote_category":0,"site-sidebar-layout":"default","site-content-layout":"default","ast-global-header-display":"","ast-main-header-display":"","ast-hfb-above-header-display":"","ast-hfb-below-header-display":"","ast-hfb-mobile-header-display":"","site-post-title":"","ast-breadcrumbs-content":"","ast-featured-img":"","footer-sml-layout":"","theme-transparent-header-meta":"default","adv-header-id-meta":"","stick-header-meta":"","header-above-stick-meta":"","header-main-stick-meta":"","header-below-stick-meta":""},"product_cat":[47,16,27],"product_tag":[45,43,44],"aioseo_notices":[],"uagb_featured_image_src":{"full":["https:\/\/jaunaideja.lt\/wp-content\/uploads\/2022\/09\/virselis1.jpg",2084,1488,false],"thumbnail":["https:\/\/jaunaideja.lt\/wp-content\/uploads\/2022\/09\/virselis1-150x150.jpg",150,150,true],"medium":["https:\/\/jaunaideja.lt\/wp-content\/uploads\/2022\/09\/virselis1-300x214.jpg",300,214,true],"medium_large":["https:\/\/jaunaideja.lt\/wp-content\/uploads\/2022\/09\/virselis1-768x548.jpg",768,548,true],"large":["https:\/\/jaunaideja.lt\/wp-content\/uploads\/2022\/09\/virselis1-1024x731.jpg",1024,731,true],"1536x1536":["https:\/\/jaunaideja.lt\/wp-content\/uploads\/2022\/09\/virselis1-1536x1097.jpg",1536,1097,true],"2048x2048":["https:\/\/jaunaideja.lt\/wp-content\/uploads\/2022\/09\/virselis1-2048x1462.jpg",2048,1462,true],"trp-custom-language-flag":["https:\/\/jaunaideja.lt\/wp-content\/uploads\/2022\/09\/virselis1.jpg",18,12,false],"mailpoet_newsletter_max":["https:\/\/jaunaideja.lt\/wp-content\/uploads\/2022\/09\/virselis1-1320x942.jpg",1320,942,true],"woocommerce_thumbnail":["https:\/\/jaunaideja.lt\/wp-content\/uploads\/2022\/09\/virselis1-300x300.jpg",300,300,true],"woocommerce_single":["https:\/\/jaunaideja.lt\/wp-content\/uploads\/2022\/09\/virselis1-600x428.jpg",600,428,true],"woocommerce_gallery_thumbnail":["https:\/\/jaunaideja.lt\/wp-content\/uploads\/2022\/09\/virselis1-100x100.jpg",100,100,true],"shop_catalog":["https:\/\/jaunaideja.lt\/wp-content\/uploads\/2022\/09\/virselis1-300x300.jpg",300,300,true],"shop_single":["https:\/\/jaunaideja.lt\/wp-content\/uploads\/2022\/09\/virselis1-600x428.jpg",600,428,true],"shop_thumbnail":["https:\/\/jaunaideja.lt\/wp-content\/uploads\/2022\/09\/virselis1-100x100.jpg",100,100,true]},"uagb_author_info":{"display_name":"Tautvydas Zaurynas","author_link":"https:\/\/jaunaideja.lt\/en\/author\/"},"uagb_comment_info":0,"uagb_excerpt":"\u2705 \u012e vir\u0161elio k\u016brimo paslaug\u0105 \u012feina: Poreiki\u0173 analizavimas \u2013 stilistika, siekiamas rezultatas ir srities rinka; Vartotoj\u0173 ir konkurent\u0173 analizavimas; Vir\u0161elio pritaikymas mobiliesiems ir stacionariems \u012frenginiams; 3 korekcijos; Patvirtinus galutin\u012f vir\u0161elio maket\u0105, suruo\u0161iama ir atiduodama visais reikalingais formatais; Grafikos dizainerio ir marketingo specialisto konsultacijos; \ud83d\udca1\u00a0Neturite id\u0117jos? Ne problema, apa\u010dioje esan\u010dioje u\u017esakymo formoje pateikite tekst\u0105 ir papildom\u0105&hellip;","_links":{"self":[{"href":"https:\/\/jaunaideja.lt\/en\/wp-json\/wp\/v2\/product\/3209"}],"collection":[{"href":"https:\/\/jaunaideja.lt\/en\/wp-json\/wp\/v2\/product"}],"about":[{"href":"https:\/\/jaunaideja.lt\/en\/wp-json\/wp\/v2\/types\/product"}],"wp:featuredmedia":[{"embeddable":true,"href":"https:\/\/jaunaideja.lt\/en\/wp-json\/wp\/v2\/media\/3333"}],"wp:attachment":[{"href":"https:\/\/jaunaideja.lt\/en\/wp-json\/wp\/v2\/media?parent=3209"}],"wp:term":[{"taxonomy":"product_cat","embeddable":true,"href":"https:\/\/jaunaideja.lt\/en\/wp-json\/wp\/v2\/product_cat?post=3209"},{"taxonomy":"product_tag","embeddable":true,"href":"https:\/\/jaunaideja.lt\/en\/wp-json\/wp\/v2\/product_tag?post=3209"}],"curies":[{"name":"wp","href":"https:\/\/api.w.org\/{rel}","templated":true}]}}