{"id":5828,"date":"2023-02-09T12:53:17","date_gmt":"2023-02-09T12:53:17","guid":{"rendered":"https:\/\/jaunaideja.lt\/?page_id=5828"},"modified":"2023-02-09T15:34:18","modified_gmt":"2023-02-09T15:34:18","slug":"pinigu-grazinimo-politika","status":"publish","type":"page","link":"https:\/\/jaunaideja.lt\/en\/money-back-policy\/","title":{"rendered":"Refund Policy"},"content":{"rendered":"<div data-elementor-type=\"wp-page\" data-elementor-id=\"5828\" class=\"elementor elementor-5828\">\n\t\t\t\t\t\t\t\t\t<section class=\"elementor-section elementor-top-section elementor-element elementor-element-1f29b81e elementor-section-boxed elementor-section-height-default elementor-section-height-default\" data-id=\"1f29b81e\" data-element_type=\"section\">\n\t\t\t\t\t\t<div class=\"elementor-container elementor-column-gap-default\">\n\t\t\t\t\t<div class=\"elementor-column elementor-col-100 elementor-top-column elementor-element elementor-element-7e6c0028\" data-id=\"7e6c0028\" data-element_type=\"column\">\n\t\t\t<div class=\"elementor-widget-wrap elementor-element-populated\">\n\t\t\t\t\t\t\t\t<div class=\"elementor-element elementor-element-69eda46d elementor-widget elementor-widget-text-editor\" data-id=\"69eda46d\" data-element_type=\"widget\" data-widget_type=\"text-editor.default\">\n\t\t\t\t<div class=\"elementor-widget-container\">\n\t\t\t<style>\/*! elementor - v3.7.8 - 02-10-2022 *\/\n.elementor-widget-text-editor.elementor-drop-cap-view-stacked .elementor-drop-cap{background-color:#818a91;color:#fff}.elementor-widget-text-editor.elementor-drop-cap-view-framed .elementor-drop-cap{color:#818a91;border:3px solid;background-color:transparent}.elementor-widget-text-editor:not(.elementor-drop-cap-view-default) .elementor-drop-cap{margin-top:8px}.elementor-widget-text-editor:not(.elementor-drop-cap-view-default) .elementor-drop-cap-letter{width:1em;height:1em}.elementor-widget-text-editor .elementor-drop-cap{float:left;text-align:center;line-height:1;font-size:50px}.elementor-widget-text-editor .elementor-drop-cap-letter{display:inline-block}<\/style>\t\t\t\t<p>1. Refund<\/p><p>1.1. If the buyer declares within 14 days that the promotional goods do not meet the usual quality requirements for these goods and the Seller confirms, the money will be returned within 5 working days.<\/p><p>1.2. The buyer has the right within 14 working days to request repair or remake of products created by advertising means.<\/p><p>1.3. The seller is not responsible for the deterioration of the quality of multimedia goods, if the customer or persons to whom the customer transferred the goods used them for purposes other than those for which such goods are normally used, did not comply with the requirements specified in the instructions.<\/p><p>1.4. The service will not be changed, defects will not be removed free of charge, and money will not be refunded if the defects in the service occurred due to the customer's violation of the rules for using or storing the product.<\/p><p>1.5. In order to return the service(s) based on the first point of the rules on the return of goods, the buyer can do so within 14 (fourteen) calendar days from the day the service was provided to the buyer by informing the seller using the means of communication specified in the contact section, indicating the name of the returned service, the order number and the reasons for the return.<\/p><p>1.6. The seller deletes work files from the computer after 14 (fourteen) calendar days from the day of delivery of promotional services to the buyer.<\/p>\t\t\t\t\t\t<\/div>\n\t\t\t\t<\/div>\n\t\t\t\t\t<\/div>\n\t\t<\/div>\n\t\t\t\t\t\t\t<\/div>\n\t\t<\/section>\n\t\t\t\t\t\t\t<\/div>","protected":false},"excerpt":{"rendered":"<p>1. Pinig\u0173 gra\u017einimas 1.1. Pirk\u0117jui parei\u0161kus per 14 dien\u0173, kad reklamos prek\u0117s neatitinka \u0161ioms prek\u0117ms keliamus \u012fprastus kokybinius reikalavimus ir Pardav\u0117jui patvirtinus, pinigai gra\u017einami per 5 darbo dienas. 1.2. Pirk\u0117jas turi teis\u0119 per 14 darbo dien\u0173 pra\u0161yti pataisyti arba perdaryti reklamos priemoni\u0173 sukurtus produktus. 1.3. Pardav\u0117jas n\u0117ra atsakingas u\u017e multimedijos preki\u0173 kokyb\u0117s pablog\u0117jim\u0105, jei klientas &hellip;<\/p>\n<p class=\"read-more\"> <a class=\"\" href=\"https:\/\/jaunaideja.lt\/en\/money-back-policy\/\"> <span class=\"screen-reader-text\">Refund Policy<\/span> Read More &raquo;<\/a><\/p>","protected":false},"author":1,"featured_media":0,"parent":0,"menu_order":0,"comment_status":"closed","ping_status":"closed","template":"","meta":{"_monsterinsights_skip_tracking":false,"_monsterinsights_sitenote_active":false,"_monsterinsights_sitenote_note":"","_monsterinsights_sitenote_category":0,"site-sidebar-layout":"default","site-content-layout":"default","ast-global-header-display":"","ast-main-header-display":"","ast-hfb-above-header-display":"","ast-hfb-below-header-display":"","ast-hfb-mobile-header-display":"","site-post-title":"","ast-breadcrumbs-content":"","ast-featured-img":"","footer-sml-layout":"","theme-transparent-header-meta":"","adv-header-id-meta":"","stick-header-meta":"","header-above-stick-meta":"","header-main-stick-meta":"","header-below-stick-meta":""},"aioseo_notices":[],"uagb_featured_image_src":{"full":false,"thumbnail":false,"medium":false,"medium_large":false,"large":false,"1536x1536":false,"2048x2048":false,"trp-custom-language-flag":false,"mailpoet_newsletter_max":false,"woocommerce_thumbnail":false,"woocommerce_single":false,"woocommerce_gallery_thumbnail":false,"shop_catalog":false,"shop_single":false,"shop_thumbnail":false},"uagb_author_info":{"display_name":"Tautvydas Zaurynas","author_link":"https:\/\/jaunaideja.lt\/en\/author\/taucius109gmail-com\/"},"uagb_comment_info":0,"uagb_excerpt":"1. Pinig\u0173 gra\u017einimas 1.1. Pirk\u0117jui parei\u0161kus per 14 dien\u0173, kad reklamos prek\u0117s neatitinka \u0161ioms prek\u0117ms keliamus \u012fprastus kokybinius reikalavimus ir Pardav\u0117jui patvirtinus, pinigai gra\u017einami per 5 darbo dienas. 1.2. Pirk\u0117jas turi teis\u0119 per 14 darbo dien\u0173 pra\u0161yti pataisyti arba perdaryti reklamos priemoni\u0173 sukurtus produktus. 1.3. Pardav\u0117jas n\u0117ra atsakingas u\u017e multimedijos preki\u0173 kokyb\u0117s pablog\u0117jim\u0105, jei klientas&hellip;","_links":{"self":[{"href":"https:\/\/jaunaideja.lt\/en\/wp-json\/wp\/v2\/pages\/5828"}],"collection":[{"href":"https:\/\/jaunaideja.lt\/en\/wp-json\/wp\/v2\/pages"}],"about":[{"href":"https:\/\/jaunaideja.lt\/en\/wp-json\/wp\/v2\/types\/page"}],"author":[{"embeddable":true,"href":"https:\/\/jaunaideja.lt\/en\/wp-json\/wp\/v2\/users\/1"}],"replies":[{"embeddable":true,"href":"https:\/\/jaunaideja.lt\/en\/wp-json\/wp\/v2\/comments?post=5828"}],"version-history":[{"count":12,"href":"https:\/\/jaunaideja.lt\/en\/wp-json\/wp\/v2\/pages\/5828\/revisions"}],"predecessor-version":[{"id":5865,"href":"https:\/\/jaunaideja.lt\/en\/wp-json\/wp\/v2\/pages\/5828\/revisions\/5865"}],"wp:attachment":[{"href":"https:\/\/jaunaideja.lt\/en\/wp-json\/wp\/v2\/media?parent=5828"}],"curies":[{"name":"wp","href":"https:\/\/api.w.org\/{rel}","templated":true}]}}