{"id":3764,"date":"2022-11-16T15:01:59","date_gmt":"2022-11-16T15:01:59","guid":{"rendered":"https:\/\/jaunaideja.lt\/?page_id=3764"},"modified":"2023-01-31T18:05:20","modified_gmt":"2023-01-31T18:05:20","slug":"svetaines-patikra","status":"publish","type":"page","link":"https:\/\/jaunaideja.lt\/en\/websites-check\/","title":{"rendered":"Site inspection"},"content":{"rendered":"<div data-elementor-type=\"wp-page\" data-elementor-id=\"3764\" class=\"elementor elementor-3764\">\n\t\t\t\t\t\t\t\t\t<section class=\"elementor-section elementor-top-section elementor-element elementor-element-3cc2ce18 elementor-section-height-min-height elementor-section-content-middle elementor-reverse-mobile elementor-section-items-stretch elementor-section-boxed elementor-section-height-default\" data-id=\"3cc2ce18\" data-element_type=\"section\" data-settings=\"{&quot;background_background&quot;:&quot;gradient&quot;,&quot;shape_divider_bottom&quot;:&quot;mountains&quot;,&quot;shape_divider_top&quot;:&quot;drops&quot;}\">\n\t\t\t\t\t<div class=\"elementor-shape elementor-shape-top\" data-negative=\"false\">\n\t\t\t<svg xmlns=\"http:\/\/www.w3.org\/2000\/svg\" height=\"100%\" viewbox=\"0 0 283.5 27.8\" preserveaspectratio=\"xMidYMax slice\">\n\t<path class=\"elementor-shape-fill\" d=\"M0 0v1.4c.6.7 1.1 1.4 1.4 2 2 3.8 2.2 6.6 1.8 10.8-.3 3.3-2.4 9.4 0 12.3 1.7 2 3.7 1.4 4.6-.9 1.4-3.8-.7-8.2-.6-12 .1-3.7 3.2-5.5 6.9-4.9 4 .6 4.8 4 4.9 7.4.1 1.8-1.1 7 0 8.5.6.8 1.6 1.2 2.4.5 1.4-1.1.1-5.4.1-6.9.1-3.7.3-8.6 4.1-10.5 5-2.5 6.2 1.6 5.4 5.6-.4 1.7-1 9.2 2.9 6.3 1.5-1.1.7-3.5.5-4.9-.4-2.4-.4-4.3 1-6.5.9-1.4 2.4-3.1 4.2-3 2.4.1 2.7 2.2 4 3.7 1.5 1.8 1.8 2.2 3 .1 1.1-1.9 1.2-2.8 3.6-3.3 1.3-.3 4.8-1.4 5.9-.5 1.5 1.1.6 2.8.4 4.3-.2 1.1-.6 4 1.8 3.4 1.7-.4-.3-4.1.6-5.6 1.3-2.2 5.8-1.4 7 .5 1.3 2.1.5 5.8.1 8.1s-1.2 5-.6 7.4c1.3 5.1 4.4.9 4.3-2.4-.1-4.4-2-8.8-.5-13 .9-2.4 4.6-6.6 7.7-4.5 2.7 1.8.5 7.8.2 10.3-.2 1.7-.8 4.6.2 6.2.9 1.4 2 1.5 2.6-.3.5-1.5-.9-4.5-1-6.1-.2-1.7-.4-3.7.2-5.4 1.8-5.6 3.5 2.4 6.3.6 1.4-.9 4.3-9.4 6.1-3.1.6 2.2-1.3 7.8.7 8.9 4.2 2.3 1.5-7.1 2.2-8 3.1-4 4.7 3.8 6.1 4.1 3.1.7 2.8-7.9 8.1-4.5 1.7 1.1 2.9 3.3 3.2 5.2.4 2.2-1 4.5-.6 6.6 1 4.3 4.4 1.5 4.4-1.7 0-2.7-3-8.3 1.4-9.1 4.4-.9 7.3 3.5 7.8 6.9.3 2-1.5 10.9 1.3 11.3 4.1.6-3.2-15.7 4.8-15.8 4.7-.1 2.8 4.1 3.9 6.6 1 2.4 2.1 1 2.3-.8.3-1.9-.9-3.2 1.3-4.3 5.9-2.9 5.9 5.4 5.5 8.5-.3 2-1.7 8.4 2 8.1 6.9-.5-2.8-16.9 4.8-18.7 4.7-1.2 6.1 3.6 6.3 7.1.1 1.7-1.2 8.1.6 9.1 3.5 2 1.9-7 2-8.4.2-4 1.2-9.6 6.4-9.8 4.7-.2 3.2 4.6 2.7 7.5-.4 2.2 1.3 8.6 3.8 4.4 1.1-1.9-.3-4.1-.3-6 0-1.7.4-3.2 1.3-4.6 1-1.6 2.9-3.5 5.1-2.9 2.5.6 2.3 4.1 4.1 4.9 1.9.8 1.6-.9 2.3-2.1 1.2-2.1 2.1-2.1 4.4-2.4 1.4-.2 3.6-1.5 4.9-.5 2.3 1.7-.7 4.4.1 6.5.6 1.5 2.1 1.7 2.8.3.7-1.4-1.1-3.4-.3-4.8 1.4-2.5 6.2-1.2 7.2 1 2.3 4.8-3.3 12-.2 16.3 3 4.1 3.9-2.8 3.8-4.8-.4-4.3-2.1-8.9 0-13.1 1.3-2.5 5.9-5.7 7.9-2.4 2 3.2-1.3 9.8-.8 13.4.5 4.4 3.5 3.3 2.7-.8-.4-1.9-2.4-10 .6-11.1 3.7-1.4 2.8 7.2 6.5.4 2.2-4.1 4.9-3.1 5.2 1.2.1 1.5-.6 3.1-.4 4.6.2 1.9 1.8 3.7 3.3 1.3 1-1.6-2.6-10.4 2.9-7.3 2.6 1.5 1.6 6.5 4.8 2.7 1.3-1.5 1.7-3.6 4-3.7 2.2-.1 4 2.3 4.8 4.1 1.3 2.9-1.5 8.4.9 10.3 4.2 3.3 3-5.5 2.7-6.9-.6-3.9 1-7.2 5.5-5 4.1 2.1 4.3 7.7 4.1 11.6 0 .8-.6 9.5 2.5 5.2 1.2-1.7-.1-7.7.1-9.6.3-2.9 1.2-5.5 4.3-6.2 4.5-1 7.7 1.5 7.4 5.8-.2 3.5-1.8 7.7-.5 11.1 1 2.7 3.6 2.8 5 .2 1.6-3.1 0-8.3-.4-11.6-.4-4.2-.2-7 1.8-10.8 0 0-.1.1-.1.2-.2.4-.3.7-.4.8v.1c-.1.2-.1.2 0 0v-.1l.4-.8c0-.1.1-.1.1-.2.2-.4.5-.8.8-1.2V0H0zM282.7 3.4z\"\/>\n<\/svg>\t\t<\/div>\n\t\t\t\t<div class=\"elementor-shape elementor-shape-bottom\" data-negative=\"false\">\n\t\t\t<svg xmlns=\"http:\/\/www.w3.org\/2000\/svg\" viewbox=\"0 0 1000 100\" preserveaspectratio=\"none\">\n\t<path class=\"elementor-shape-fill\" opacity=\"0.33\" d=\"M473,67.3c-203.9,88.3-263.1-34-320.3,0C66,119.1,0,59.7,0,59.7V0h1000v59.7 c0,0-62.1,26.1-94.9,29.3c-32.8,3.3-62.8-12.3-75.8-22.1C806,49.6,745.3,8.7,694.9,4.7S492.4,59,473,67.3z\"\/>\n\t<path class=\"elementor-shape-fill\" opacity=\"0.66\" d=\"M734,67.3c-45.5,0-77.2-23.2-129.1-39.1c-28.6-8.7-150.3-10.1-254,39.1 s-91.7-34.4-149.2,0C115.7,118.3,0,39.8,0,39.8V0h1000v36.5c0,0-28.2-18.5-92.1-18.5C810.2,18.1,775.7,67.3,734,67.3z\"\/>\n\t<path class=\"elementor-shape-fill\" d=\"M766.1,28.9c-200-57.5-266,65.5-395.1,19.5C242,1.8,242,5.4,184.8,20.6C128,35.8,132.3,44.9,89.9,52.5C28.6,63.7,0,0,0,0 h1000c0,0-9.9,40.9-83.6,48.1S829.6,47,766.1,28.9z\"\/>\n<\/svg>\t\t<\/div>\n\t\t\t\t\t<div class=\"elementor-container elementor-column-gap-no\">\n\t\t\t\t\t<div class=\"elementor-column elementor-col-100 elementor-top-column elementor-element elementor-element-3570e94\" data-id=\"3570e94\" data-element_type=\"column\">\n\t\t\t<div class=\"elementor-widget-wrap elementor-element-populated\">\n\t\t\t\t\t\t\t\t<section class=\"elementor-section elementor-inner-section elementor-element elementor-element-5ad6a773 elementor-section-boxed elementor-section-height-default elementor-section-height-default\" data-id=\"5ad6a773\" data-element_type=\"section\">\n\t\t\t\t\t\t<div class=\"elementor-container elementor-column-gap-default\">\n\t\t\t\t\t<div class=\"elementor-column elementor-col-100 elementor-inner-column elementor-element elementor-element-540b4b0e\" data-id=\"540b4b0e\" data-element_type=\"column\">\n\t\t\t<div class=\"elementor-widget-wrap elementor-element-populated\">\n\t\t\t\t\t\t\t\t<div class=\"elementor-element elementor-element-65b56bb elementor-widget elementor-widget-premium-contact-form\" data-id=\"65b56bb\" data-element_type=\"widget\" data-widget_type=\"premium-contact-form.default\">\n\t\t\t\t<div class=\"elementor-widget-container\">\n\t\t\t\n\t\t\t<div class=\"premium-cf7-container\">\n\t\t\t\t<div role=\"form\" class=\"wpcf7\" id=\"wpcf7-f3756-o1\" lang=\"lt-LT\" dir=\"ltr\">\n<div class=\"screen-reader-response\"><p role=\"status\" aria-live=\"polite\" aria-atomic=\"true\"><\/p> <ul><\/ul><\/div>\n<form action=\"\/en\/wp-json\/wp\/v2\/pages\/3764#wpcf7-f3756-o1\" method=\"post\" class=\"wpcf7-form init\" novalidate=\"novalidate\" data-status=\"init\" data-trp-original-action=\"\/en\/wp-json\/wp\/v2\/pages\/3764#wpcf7-f3756-o1\">\n<div style=\"display: none;\">\n<input type=\"hidden\" name=\"_wpcf7\" value=\"3756\" \/>\n<input type=\"hidden\" name=\"_wpcf7_version\" value=\"5.6.2\" \/>\n<input type=\"hidden\" name=\"_wpcf7_locale\" value=\"lt_LT\" \/>\n<input type=\"hidden\" name=\"_wpcf7_unit_tag\" value=\"wpcf7-f3756-o1\" \/>\n<input type=\"hidden\" name=\"_wpcf7_container_post\" value=\"0\" \/>\n<input type=\"hidden\" name=\"_wpcf7_posted_data_hash\" value=\"\" \/>\n<input type=\"hidden\" name=\"_wpcf7cf_hidden_group_fields\" value=\"[]\" \/>\n<input type=\"hidden\" name=\"_wpcf7cf_hidden_groups\" value=\"[]\" \/>\n<input type=\"hidden\" name=\"_wpcf7cf_visible_groups\" value=\"[]\" \/>\n<input type=\"hidden\" name=\"_wpcf7cf_repeaters\" value=\"[]\" \/>\n<input type=\"hidden\" name=\"_wpcf7cf_steps\" value=\"{}\" \/>\n<input type=\"hidden\" name=\"_wpcf7cf_options\" value=\"{&quot;form_id&quot;:3756,&quot;conditions&quot;:[{&quot;then_field&quot;:&quot;facebookg&quot;,&quot;and_rules&quot;:[{&quot;if_field&quot;:&quot;socialiniai&quot;,&quot;operator&quot;:&quot;equals&quot;,&quot;if_value&quot;:&quot;Facebook&quot;}]},{&quot;then_field&quot;:&quot;instagramg&quot;,&quot;and_rules&quot;:[{&quot;if_field&quot;:&quot;socialiniai&quot;,&quot;operator&quot;:&quot;equals&quot;,&quot;if_value&quot;:&quot;Instagram&quot;}]},{&quot;then_field&quot;:&quot;linkeding&quot;,&quot;and_rules&quot;:[{&quot;if_field&quot;:&quot;socialiniai&quot;,&quot;operator&quot;:&quot;equals&quot;,&quot;if_value&quot;:&quot;LinkedIn&quot;}]},{&quot;then_field&quot;:&quot;youtubeg&quot;,&quot;and_rules&quot;:[{&quot;if_field&quot;:&quot;socialiniai&quot;,&quot;operator&quot;:&quot;equals&quot;,&quot;if_value&quot;:&quot;YouTube&quot;}]},{&quot;then_field&quot;:&quot;tiktokg&quot;,&quot;and_rules&quot;:[{&quot;if_field&quot;:&quot;socialiniai&quot;,&quot;operator&quot;:&quot;equals&quot;,&quot;if_value&quot;:&quot;TikTok&quot;}]},{&quot;then_field&quot;:&quot;twitterg&quot;,&quot;and_rules&quot;:[{&quot;if_field&quot;:&quot;socialiniai&quot;,&quot;operator&quot;:&quot;equals&quot;,&quot;if_value&quot;:&quot;Twitter&quot;}]}],&quot;settings&quot;:{&quot;animation&quot;:&quot;yes&quot;,&quot;animation_intime&quot;:200,&quot;animation_outtime&quot;:200,&quot;conditions_ui&quot;:&quot;normal&quot;,&quot;notice_dismissed&quot;:false,&quot;notice_dismissed_update-cf7-5.6.3&quot;:true}}\" \/>\n<\/div>\n<h3><center> We will review your website and social networks (free of charge) <\/center><\/h3>\n<p><label> After the review, we will provide recommendations and reasons why and what services should be ordered from the New Idea page to increase awareness, sales and customer engagement. <\/label><\/p>\n<p><label> Email: *<br \/>\n    <span class=\"wpcf7-form-control-wrap\" data-name=\"your-email\"><input type=\"email\" name=\"your-email\" value=\"\" size=\"40\" class=\"wpcf7-form-control wpcf7-text wpcf7-email wpcf7-validates-as-required wpcf7-validates-as-email\" aria-required=\"true\" aria-invalid=\"false\" \/><\/span> <\/label><\/p>\n<p><label> Business Name: <\/label><br \/>\n<span class=\"wpcf7-form-control-wrap\" data-name=\"pavadinimas\"><input type=\"text\" name=\"pavadinimas\" value=\"\" size=\"40\" class=\"wpcf7-form-control wpcf7-text wpcf7-validates-as-required\" aria-required=\"true\" aria-invalid=\"false\" \/><\/span><\/p>\n<p><label> Briefly about your business: <\/label><br \/>\n<span class=\"wpcf7-form-control-wrap\" data-name=\"apie_versla\"><textarea name=\"apie_versla\" cols=\"40\" rows=\"10\" class=\"wpcf7-form-control wpcf7-textarea\" aria-invalid=\"false\"><\/textarea><\/span><\/p>\n<p><label> Website URL: (optional) <\/label><br \/>\n<span class=\"wpcf7-form-control-wrap\" data-name=\"svetaine\"><input type=\"url\" name=\"svetaine\" value=\"\" size=\"40\" class=\"wpcf7-form-control wpcf7-text wpcf7-url wpcf7-validates-as-url\" aria-invalid=\"false\" \/><\/span><\/p>\n<p><label> Available social networks: <\/label><br \/>\n<span class=\"wpcf7-form-control-wrap\" data-name=\"socialiniai\"><span class=\"wpcf7-form-control wpcf7-checkbox\"><span class=\"wpcf7-list-item first\"><label><input type=\"checkbox\" name=\"socialiniai[]\" value=\"Facebook\" \/><span class=\"wpcf7-list-item-label\">Facebook<\/span><\/label><\/span><span class=\"wpcf7-list-item\"><label><input type=\"checkbox\" name=\"socialiniai[]\" value=\"Instagram\" \/><span class=\"wpcf7-list-item-label\">Instagram<\/span><\/label><\/span><span class=\"wpcf7-list-item\"><label><input type=\"checkbox\" name=\"socialiniai[]\" value=\"LinkedIn\" \/><span class=\"wpcf7-list-item-label\">LinkedIn<\/span><\/label><\/span><span class=\"wpcf7-list-item\"><label><input type=\"checkbox\" name=\"socialiniai[]\" value=\"YouTube\" \/><span class=\"wpcf7-list-item-label\">YouTube<\/span><\/label><\/span><span class=\"wpcf7-list-item\"><label><input type=\"checkbox\" name=\"socialiniai[]\" value=\"TikTok\" \/><span class=\"wpcf7-list-item-label\">TikTok<\/span><\/label><\/span><span class=\"wpcf7-list-item last\"><label><input type=\"checkbox\" name=\"socialiniai[]\" value=\"Twitter\" \/><span class=\"wpcf7-list-item-label\">Twitter<\/span><\/label><\/span><\/span><\/span><\/p>\n<div data-id=\"facebookg\" data-orig_data_id=\"facebookg\"  data-class=\"wpcf7cf_group\">\n<label> Facebook URL: (neb\u016btina) <\/label><br \/>\n<span class=\"wpcf7-form-control-wrap\" data-name=\"facebook\"><input type=\"url\" name=\"facebook\" value=\"\" size=\"40\" class=\"wpcf7-form-control wpcf7-text wpcf7-url wpcf7-validates-as-url\" aria-invalid=\"false\" \/><\/span>\n<\/div>\n<div data-id=\"instagramg\" data-orig_data_id=\"instagramg\"  data-class=\"wpcf7cf_group\">\n<label> Instagram URL: (neb\u016btina) <\/label><br \/>\n<span class=\"wpcf7-form-control-wrap\" data-name=\"instagram\"><input type=\"url\" name=\"instagram\" value=\"\" size=\"40\" class=\"wpcf7-form-control wpcf7-text wpcf7-url wpcf7-validates-as-url\" aria-invalid=\"false\" \/><\/span>\n<\/div>\n<div data-id=\"linkeding\" data-orig_data_id=\"linkeding\"  data-class=\"wpcf7cf_group\">\n<label> LinkedIn URL: (neb\u016btina) <\/label><br \/>\n<span class=\"wpcf7-form-control-wrap\" data-name=\"linkedin\"><input type=\"url\" name=\"linkedin\" value=\"\" size=\"40\" class=\"wpcf7-form-control wpcf7-text wpcf7-url wpcf7-validates-as-url\" aria-invalid=\"false\" \/><\/span>\n<\/div>\n<div data-id=\"youtubeg\" data-orig_data_id=\"youtubeg\"  data-class=\"wpcf7cf_group\">\n<label> YouTube URL: (neb\u016btina) <\/label><br \/>\n<span class=\"wpcf7-form-control-wrap\" data-name=\"youtube\"><input type=\"url\" name=\"youtube\" value=\"\" size=\"40\" class=\"wpcf7-form-control wpcf7-text wpcf7-url wpcf7-validates-as-url\" aria-invalid=\"false\" \/><\/span>\n<\/div>\n<div data-id=\"tiktokg\" data-orig_data_id=\"tiktokg\"  data-class=\"wpcf7cf_group\">\n<label> TikTok URL: (neb\u016btina) <\/label><br \/>\n<span class=\"wpcf7-form-control-wrap\" data-name=\"tiktok\"><input type=\"url\" name=\"tiktok\" value=\"\" size=\"40\" class=\"wpcf7-form-control wpcf7-text wpcf7-url wpcf7-validates-as-url\" aria-invalid=\"false\" \/><\/span>\n<\/div>\n<div data-id=\"twitterg\" data-orig_data_id=\"twitterg\"  data-class=\"wpcf7cf_group\">\n<label> Twitter URL: (neb\u016btina) <\/label><br \/>\n<span class=\"wpcf7-form-control-wrap\" data-name=\"twitter\"><input type=\"url\" name=\"twitter\" value=\"\" size=\"40\" class=\"wpcf7-form-control wpcf7-text wpcf7-url wpcf7-validates-as-url\" aria-invalid=\"false\" \/><\/span>\n<\/div>\n<h6><center> We can do a lot together - LET'S GROW TOGETHER <\/center> <\/p>\n<\/h6>\n<p><input type=\"submit\" value=\"Submit\" class=\"wpcf7-form-control has-spinner wpcf7-submit\" \/><\/p>\n<p style=\"display: none !important;\" class=\"akismet-fields-container\" data-prefix=\"_wpcf7_ak_\"><label>&#916;<textarea name=\"_wpcf7_ak_hp_textarea\" cols=\"45\" rows=\"8\" maxlength=\"100\"><\/textarea><\/label><input type=\"hidden\" id=\"ak_js_1\" name=\"_wpcf7_ak_js\" value=\"211\"\/><script>document.getElementById( \"ak_js_1\" ).setAttribute( \"value\", ( new Date() ).getTime() );<\/script><\/p><div class=\"wpcf7-response-output\" aria-hidden=\"true\"><\/div><input type=\"hidden\" name=\"trp-form-language\" value=\"en\"\/><\/form><\/div>\t\t\t<\/div>\n\n\t\t\t\t\t<\/div>\n\t\t\t\t<\/div>\n\t\t\t\t\t<\/div>\n\t\t<\/div>\n\t\t\t\t\t\t\t<\/div>\n\t\t<\/section>\n\t\t\t\t\t<\/div>\n\t\t<\/div>\n\t\t\t\t\t\t\t<\/div>\n\t\t<\/section>\n\t\t\t\t\t\t\t<\/div>","protected":false},"excerpt":{"rendered":"<p>Ap\u017ei\u016br\u0117sime J\u016bs\u0173 internetin\u012f puslap\u012f ir socialinius tinklus Ap\u017ei\u016br\u0117j\u0119 internetin\u012f puslap\u012f ir socialinius tinklus pateiksime rekomendacijos ir prie\u017eastis, kod\u0117l ir kokias paslaugas vert\u0117t\u0173 u\u017esisakyti i\u0161 m\u016bs\u0173. J\u016bs\u0173 el. pa\u0161tas:* Verslo pavadinimas:* Trumpai apie versl\u0105: Internetinio puslapio URL: (neb\u016btina) Turimi socialiniai tinklai: FacebookInstagramLinkedInYouTubeTikTokTwitter Facebook URL: (neb\u016btina) Instagram URL: (neb\u016btina) LinkedIn URL: (neb\u016btina) YouTube URL: (neb\u016btina) TikTok URL: &hellip;<\/p>\n<p class=\"read-more\"> <a class=\"\" href=\"https:\/\/jaunaideja.lt\/en\/websites-check\/\"> <span class=\"screen-reader-text\">Site inspection<\/span> Read More &raquo;<\/a><\/p>","protected":false},"author":1,"featured_media":0,"parent":0,"menu_order":0,"comment_status":"closed","ping_status":"closed","template":"","meta":{"_monsterinsights_skip_tracking":false,"_monsterinsights_sitenote_active":false,"_monsterinsights_sitenote_note":"","_monsterinsights_sitenote_category":0,"site-sidebar-layout":"no-sidebar","site-content-layout":"page-builder","ast-global-header-display":"","ast-main-header-display":"","ast-hfb-above-header-display":"","ast-hfb-below-header-display":"","ast-hfb-mobile-header-display":"","site-post-title":"disabled","ast-breadcrumbs-content":"","ast-featured-img":"disabled","footer-sml-layout":"","theme-transparent-header-meta":"","adv-header-id-meta":"","stick-header-meta":"","header-above-stick-meta":"","header-main-stick-meta":"","header-below-stick-meta":""},"aioseo_notices":[],"uagb_featured_image_src":{"full":false,"thumbnail":false,"medium":false,"medium_large":false,"large":false,"1536x1536":false,"2048x2048":false,"trp-custom-language-flag":false,"mailpoet_newsletter_max":false,"woocommerce_thumbnail":false,"woocommerce_single":false,"woocommerce_gallery_thumbnail":false,"shop_catalog":false,"shop_single":false,"shop_thumbnail":false},"uagb_author_info":{"display_name":"Tautvydas Zaurynas","author_link":"https:\/\/jaunaideja.lt\/en\/author\/taucius109gmail-com\/"},"uagb_comment_info":0,"uagb_excerpt":"Ap\u017ei\u016br\u0117sime J\u016bs\u0173 internetin\u012f puslap\u012f ir socialinius tinklus Ap\u017ei\u016br\u0117j\u0119 internetin\u012f puslap\u012f ir socialinius tinklus pateiksime rekomendacijos ir prie\u017eastis, kod\u0117l ir kokias paslaugas vert\u0117t\u0173 u\u017esisakyti i\u0161 m\u016bs\u0173. J\u016bs\u0173 el. pa\u0161tas:* Verslo pavadinimas:* Trumpai apie versl\u0105: Internetinio puslapio URL: (neb\u016btina) Turimi socialiniai tinklai: FacebookInstagramLinkedInYouTubeTikTokTwitter Facebook URL: (neb\u016btina) Instagram URL: (neb\u016btina) LinkedIn URL: (neb\u016btina) YouTube URL: (neb\u016btina) TikTok URL:&hellip;","_links":{"self":[{"href":"https:\/\/jaunaideja.lt\/en\/wp-json\/wp\/v2\/pages\/3764"}],"collection":[{"href":"https:\/\/jaunaideja.lt\/en\/wp-json\/wp\/v2\/pages"}],"about":[{"href":"https:\/\/jaunaideja.lt\/en\/wp-json\/wp\/v2\/types\/page"}],"author":[{"embeddable":true,"href":"https:\/\/jaunaideja.lt\/en\/wp-json\/wp\/v2\/users\/1"}],"replies":[{"embeddable":true,"href":"https:\/\/jaunaideja.lt\/en\/wp-json\/wp\/v2\/comments?post=3764"}],"version-history":[{"count":22,"href":"https:\/\/jaunaideja.lt\/en\/wp-json\/wp\/v2\/pages\/3764\/revisions"}],"predecessor-version":[{"id":4666,"href":"https:\/\/jaunaideja.lt\/en\/wp-json\/wp\/v2\/pages\/3764\/revisions\/4666"}],"wp:attachment":[{"href":"https:\/\/jaunaideja.lt\/en\/wp-json\/wp\/v2\/media?parent=3764"}],"curies":[{"name":"wp","href":"https:\/\/api.w.org\/{rel}","templated":true}]}}