{"id":3464,"date":"2022-10-16T10:04:35","date_gmt":"2022-10-16T10:04:35","guid":{"rendered":"https:\/\/jaunaideja.lt\/?page_id=3464"},"modified":"2024-02-20T20:20:46","modified_gmt":"2024-02-20T18:20:46","slug":"dokumentu-redagavimas","status":"publish","type":"page","link":"https:\/\/jaunaideja.lt\/en\/document-editing\/","title":{"rendered":"Editing of documents"},"content":{"rendered":"<div data-elementor-type=\"wp-page\" data-elementor-id=\"3464\" class=\"elementor elementor-3464\">\n\t\t\t\t\t\t\t\t\t<section class=\"elementor-section elementor-top-section elementor-element elementor-element-b0536f0 elementor-section-boxed elementor-section-height-default elementor-section-height-default\" data-id=\"b0536f0\" data-element_type=\"section\" data-settings=\"{&quot;background_background&quot;:&quot;classic&quot;}\">\n\t\t\t\t\t\t\t<div class=\"elementor-background-overlay\"><\/div>\n\t\t\t\t\t\t\t<div class=\"elementor-container elementor-column-gap-default\">\n\t\t\t\t\t<div class=\"elementor-column elementor-col-50 elementor-top-column elementor-element elementor-element-828a03b\" data-id=\"828a03b\" data-element_type=\"column\">\n\t\t\t<div class=\"elementor-widget-wrap elementor-element-populated\">\n\t\t\t\t\t\t\t\t<div class=\"elementor-element elementor-element-fdaa463 elementor-widget elementor-widget-spacer\" data-id=\"fdaa463\" data-element_type=\"widget\" data-widget_type=\"spacer.default\">\n\t\t\t\t<div class=\"elementor-widget-container\">\n\t\t\t<style>\/*! elementor - v3.7.8 - 02-10-2022 *\/\n.elementor-column .elementor-spacer-inner{height:var(--spacer-size)}.e-container{--container-widget-width:100%}.e-container>.elementor-widget-spacer{width:var(--container-widget-width,var(--spacer-size));-ms-flex-item-align:stretch;align-self:stretch;-ms-flex-negative:0;flex-shrink:0}.e-container>.elementor-widget-spacer>.elementor-widget-container,.e-container>.elementor-widget-spacer>.elementor-widget-container>.elementor-spacer{height:100%}.e-container>.elementor-widget-spacer>.elementor-widget-container>.elementor-spacer>.elementor-spacer-inner{height:var(--container-widget-height,var(--spacer-size))}<\/style>\t\t<div class=\"elementor-spacer\">\n\t\t\t<div class=\"elementor-spacer-inner\"><\/div>\n\t\t<\/div>\n\t\t\t\t<\/div>\n\t\t\t\t<\/div>\n\t\t\t\t<div class=\"elementor-element elementor-element-113551a elementor-widget elementor-widget-heading\" data-id=\"113551a\" data-element_type=\"widget\" data-widget_type=\"heading.default\">\n\t\t\t\t<div class=\"elementor-widget-container\">\n\t\t\t<style>\/*! elementor - v3.7.8 - 02-10-2022 *\/\n.elementor-heading-title{padding:0;margin:0;line-height:1}.elementor-widget-heading .elementor-heading-title[class*=elementor-size-]>a{color:inherit;font-size:inherit;line-height:inherit}.elementor-widget-heading .elementor-heading-title.elementor-size-small{font-size:15px}.elementor-widget-heading .elementor-heading-title.elementor-size-medium{font-size:19px}.elementor-widget-heading .elementor-heading-title.elementor-size-large{font-size:29px}.elementor-widget-heading .elementor-heading-title.elementor-size-xl{font-size:39px}.elementor-widget-heading .elementor-heading-title.elementor-size-xxl{font-size:59px}<\/style><h2 class=\"elementor-heading-title elementor-size-default\">Editing of documents<\/h2>\t\t<\/div>\n\t\t\t\t<\/div>\n\t\t\t\t<div class=\"elementor-element elementor-element-6e794cb elementor-widget elementor-widget-text-editor\" data-id=\"6e794cb\" data-element_type=\"widget\" data-widget_type=\"text-editor.default\">\n\t\t\t\t<div class=\"elementor-widget-container\">\n\t\t\t<style>\/*! elementor - v3.7.8 - 02-10-2022 *\/\n.elementor-widget-text-editor.elementor-drop-cap-view-stacked .elementor-drop-cap{background-color:#818a91;color:#fff}.elementor-widget-text-editor.elementor-drop-cap-view-framed .elementor-drop-cap{color:#818a91;border:3px solid;background-color:transparent}.elementor-widget-text-editor:not(.elementor-drop-cap-view-default) .elementor-drop-cap{margin-top:8px}.elementor-widget-text-editor:not(.elementor-drop-cap-view-default) .elementor-drop-cap-letter{width:1em;height:1em}.elementor-widget-text-editor .elementor-drop-cap{float:left;text-align:center;line-height:1;font-size:50px}.elementor-widget-text-editor .elementor-drop-cap-letter{display:inline-block}<\/style>\t\t\t\t<p>Adhering to style and methodological guidelines<\/p>\t\t\t\t\t\t<\/div>\n\t\t\t\t<\/div>\n\t\t\t\t\t<\/div>\n\t\t<\/div>\n\t\t\t\t<div class=\"elementor-column elementor-col-50 elementor-top-column elementor-element elementor-element-5b2b19c\" data-id=\"5b2b19c\" data-element_type=\"column\">\n\t\t\t<div class=\"elementor-widget-wrap elementor-element-populated\">\n\t\t\t\t\t\t\t\t<div class=\"elementor-element elementor-element-6e78213 premium-lottie-svg elementor-widget elementor-widget-premium-lottie\" data-id=\"6e78213\" data-element_type=\"widget\" data-settings=\"{&quot;lottie_file&quot;:{&quot;url&quot;:&quot;http:\\\/\\\/jaunaideja.lt\\\/wp-content\\\/uploads\\\/2022\\\/10\\\/117004-folder-open-morphing-animation.json&quot;,&quot;id&quot;:3466,&quot;alt&quot;:&quot;&quot;,&quot;source&quot;:&quot;library&quot;}}\" data-widget_type=\"premium-lottie.default\">\n\t\t\t\t<div class=\"elementor-widget-container\">\n\t\t\t\r\n\t\t<div class=\"premium-lottie-animation\" data-lottie-url=\"http:\/\/jaunaideja.lt\/wp-content\/uploads\/2022\/10\/117004-folder-open-morphing-animation.json\" data-lottie-loop=\"true\" data-lottie-reverse=\"\" data-lottie-hover=\"\" data-lottie-speed=\"1\" data-lottie-render=\"svg\">\r\n\t\t\t\t\t<\/div>\r\n\r\n\t\t\t\t<\/div>\n\t\t\t\t<\/div>\n\t\t\t\t\t<\/div>\n\t\t<\/div>\n\t\t\t\t\t\t\t<\/div>\n\t\t<\/section>\n\t\t\t\t<section class=\"elementor-section elementor-top-section elementor-element elementor-element-84ec40f elementor-section-boxed elementor-section-height-default elementor-section-height-default\" data-id=\"84ec40f\" data-element_type=\"section\">\n\t\t\t\t\t\t<div class=\"elementor-container elementor-column-gap-default\">\n\t\t\t\t\t<div class=\"elementor-column elementor-col-100 elementor-top-column elementor-element elementor-element-701145a\" data-id=\"701145a\" data-element_type=\"column\">\n\t\t\t<div class=\"elementor-widget-wrap elementor-element-populated\">\n\t\t\t\t\t\t\t\t<div class=\"elementor-element elementor-element-1e6a301 elementor-widget elementor-widget-heading\" data-id=\"1e6a301\" data-element_type=\"widget\" data-widget_type=\"heading.default\">\n\t\t\t\t<div class=\"elementor-widget-container\">\n\t\t\t<h2 class=\"elementor-heading-title elementor-size-default\">Services offered<\/h2>\t\t<\/div>\n\t\t\t\t<\/div>\n\t\t\t\t\t<\/div>\n\t\t<\/div>\n\t\t\t\t\t\t\t<\/div>\n\t\t<\/section>\n\t\t\t\t<section class=\"elementor-section elementor-top-section elementor-element elementor-element-924196a elementor-section-boxed elementor-section-height-default elementor-section-height-default\" data-id=\"924196a\" data-element_type=\"section\">\n\t\t\t\t\t\t<div class=\"elementor-container elementor-column-gap-default\">\n\t\t\t\t\t<div class=\"elementor-column elementor-col-100 elementor-top-column elementor-element elementor-element-3054edd\" data-id=\"3054edd\" data-element_type=\"column\">\n\t\t\t<div class=\"elementor-widget-wrap elementor-element-populated\">\n\t\t\t\t\t\t\t\t<div class=\"elementor-element elementor-element-5ecf58e premium-woo-product-align-center elementor-widget elementor-widget-premium-woo-products\" data-id=\"5ecf58e\" data-element_type=\"widget\" data-widget_type=\"premium-woo-products.grid-1\">\n\t\t\t\t<div class=\"elementor-widget-container\">\n\t\t\t<div class=\"premium-woo-metro-style1 premium-woocommerce premium-woo-products-grid premium-woo-skin-grid-1 premium-woo-query-custom\" data-page-id=\"3464\" data-skin=\"grid_1\" data-quick-view=\"\"><div class=\"premium-woo-products-inner premium-woo-product__hover-swap\"><ul class=\"products columns-3\">\n\r\n<li class=\"post-3474 product first instock shipping-taxable product-type-external\">\r\n\t<div class=\"premium-woo-product-wrapper\">\r\n\t\t<div class=\"premium-woo-product-thumbnail\"><a href=\"https:\/\/jaunaideja.lt\/en\/paslauga\/slide-making\/\" class=\"woocommerce-LoopProduct-link woocommerce-loop-product__link\"><img src=\"https:\/\/jaunaideja.lt\/wp-content\/uploads\/2022\/10\/PowerPoint-2019-is-here-Whats-New-e1671816753655-600x588.png\"><\/a><\/div><div class=\"premium-woo-products-details-wrap\">\t\t\t<span class=\"premium-woo-product-category\">\r\n\t\t\t\tEditing of documents\t\t\t<\/span>\r\n\t\t\t<a href=\"https:\/\/jaunaideja.lt\/en\/paslauga\/slide-making\/\" class=\"premium-woo-product__link\"><h2 class=\"woocommerce-loop-product__title\">Creating slides<\/h2><\/a>\n\t<span class=\"price\"><span class=\"woocommerce-Price-amount amount\"><bdi>24,99&nbsp;<span class=\"woocommerce-Price-currencySymbol\">&euro;<\/span><\/bdi><\/span><\/span>\n<div class=\"premium-woo-atc-button\" ><a class=\"button\" href=\"https:\/\/jaunaideja.lt\/en\/paslauga\/slide-making\/\" data-no-translation=\"\" data-trp-gettext=\"\">Select properties<\/a><\/div><\/div>\t<\/div>\r\n<\/li>\r\n\r\n<li class=\"post-3310 product  instock shipping-taxable product-type-external\">\r\n\t<div class=\"premium-woo-product-wrapper\">\r\n\t\t<div class=\"premium-woo-product-thumbnail\"><a href=\"https:\/\/jaunaideja.lt\/en\/paslauga\/writing-work-correction\/\" class=\"woocommerce-LoopProduct-link woocommerce-loop-product__link\"><img src=\"https:\/\/jaunaideja.lt\/wp-content\/uploads\/2022\/09\/2451014-600x552.jpg\"><\/a><\/div><div class=\"premium-woo-products-details-wrap\">\t\t\t<span class=\"premium-woo-product-category\">\r\n\t\t\t\tEditing of documents\t\t\t<\/span>\r\n\t\t\t<a href=\"https:\/\/jaunaideja.lt\/en\/paslauga\/writing-work-correction\/\" class=\"premium-woo-product__link\"><h2 class=\"woocommerce-loop-product__title\">Correction of written work according to (methodical) requirements<\/h2><\/a>\n\t<span class=\"price\"><span class=\"woocommerce-Price-amount amount\"><bdi>14,99&nbsp;<span class=\"woocommerce-Price-currencySymbol\">&euro;<\/span><\/bdi><\/span><\/span>\n<div class=\"premium-woo-atc-button\" ><a class=\"button\" href=\"https:\/\/jaunaideja.lt\/en\/paslauga\/writing-work-correction\/\" data-no-translation=\"\" data-trp-gettext=\"\">Select properties<\/a><\/div><\/div>\t<\/div>\r\n<\/li>\r\n<\/ul>\n<\/div><\/div>\t\t<\/div>\n\t\t\t\t<\/div>\n\t\t\t\t\t<\/div>\n\t\t<\/div>\n\t\t\t\t\t\t\t<\/div>\n\t\t<\/section>\n\t\t\t\t\t\t\t<\/div>","protected":false},"excerpt":{"rendered":"<p>Dokument\u0173 redagavimas Laikantis stiliaus ir metodini\u0173 nurodym\u0173 Si\u016blomos paslaugos Dokument\u0173 redagavimas Skaidri\u0173 k\u016brimas 4,99&nbsp;\u20ac Pasirinkti savybes Dokument\u0173 redagavimas Ra\u0161to darbo taisymas pagal (metodinius) reikalavimus 14,99&nbsp;\u20ac Pasirinkti savybes<\/p>","protected":false},"author":1,"featured_media":0,"parent":0,"menu_order":0,"comment_status":"closed","ping_status":"closed","template":"elementor_header_footer","meta":{"_monsterinsights_skip_tracking":false,"_monsterinsights_sitenote_active":false,"_monsterinsights_sitenote_note":"","_monsterinsights_sitenote_category":0,"site-sidebar-layout":"default","site-content-layout":"plain-container","ast-global-header-display":"","ast-main-header-display":"","ast-hfb-above-header-display":"","ast-hfb-below-header-display":"","ast-hfb-mobile-header-display":"","site-post-title":"disabled","ast-breadcrumbs-content":"","ast-featured-img":"disabled","footer-sml-layout":"","theme-transparent-header-meta":"default","adv-header-id-meta":"","stick-header-meta":"","header-above-stick-meta":"","header-main-stick-meta":"","header-below-stick-meta":""},"aioseo_notices":[],"uagb_featured_image_src":{"full":false,"thumbnail":false,"medium":false,"medium_large":false,"large":false,"1536x1536":false,"2048x2048":false,"trp-custom-language-flag":false,"mailpoet_newsletter_max":false,"woocommerce_thumbnail":false,"woocommerce_single":false,"woocommerce_gallery_thumbnail":false,"shop_catalog":false,"shop_single":false,"shop_thumbnail":false},"uagb_author_info":{"display_name":"Tautvydas Zaurynas","author_link":"https:\/\/jaunaideja.lt\/en\/author\/taucius109gmail-com\/"},"uagb_comment_info":0,"uagb_excerpt":"Dokument\u0173 redagavimas Laikantis stiliaus ir metodini\u0173 nurodym\u0173 Si\u016blomos paslaugos Dokument\u0173 redagavimas Skaidri\u0173 k\u016brimas 4,99&nbsp;\u20ac Pasirinkti savybes Dokument\u0173 redagavimas Ra\u0161to darbo taisymas pagal (metodinius) reikalavimus 14,99&nbsp;\u20ac Pasirinkti savybes","_links":{"self":[{"href":"https:\/\/jaunaideja.lt\/en\/wp-json\/wp\/v2\/pages\/3464"}],"collection":[{"href":"https:\/\/jaunaideja.lt\/en\/wp-json\/wp\/v2\/pages"}],"about":[{"href":"https:\/\/jaunaideja.lt\/en\/wp-json\/wp\/v2\/types\/page"}],"author":[{"embeddable":true,"href":"https:\/\/jaunaideja.lt\/en\/wp-json\/wp\/v2\/users\/1"}],"replies":[{"embeddable":true,"href":"https:\/\/jaunaideja.lt\/en\/wp-json\/wp\/v2\/comments?post=3464"}],"version-history":[{"count":36,"href":"https:\/\/jaunaideja.lt\/en\/wp-json\/wp\/v2\/pages\/3464\/revisions"}],"predecessor-version":[{"id":8434,"href":"https:\/\/jaunaideja.lt\/en\/wp-json\/wp\/v2\/pages\/3464\/revisions\/8434"}],"wp:attachment":[{"href":"https:\/\/jaunaideja.lt\/en\/wp-json\/wp\/v2\/media?parent=3464"}],"curies":[{"name":"wp","href":"https:\/\/api.w.org\/{rel}","templated":true}]}}